{"id":9374,"date":"2024-08-12T11:43:04","date_gmt":"2024-08-12T14:43:04","guid":{"rendered":"https:\/\/portalbiocursos.com.br\/?post_type=product&#038;p=9374"},"modified":"2025-04-10T11:39:42","modified_gmt":"2025-04-10T14:39:42","slug":"pos-graduacao-em-ergonomia-fisioterapia-do-trabalho-dupla-certificacao","status":"publish","type":"product","link":"https:\/\/portalbiocursos.com.br\/index.php\/produto\/pos-graduacao-em-ergonomia-fisioterapia-do-trabalho-dupla-certificacao\/","title":{"rendered":"P\u00f3s-Gradua\u00e7\u00e3o em Ergonomia + Fisioterapia do Trabalho (Dupla Certifica\u00e7\u00e3o)"},"content":{"rendered":"","protected":false},"excerpt":{"rendered":"<p><strong>P\u00f3s Gradua\u00e7\u00e3o (Lato Sensu)<\/strong><\/p>\n<p><strong>\u00a0<\/strong><\/p>\n<p><strong>Ergonomia: Produto e Processo e Fisioterapia do Trabalho<\/strong><\/p>\n<p><strong>Turma 06<\/strong><\/p>\n<p><strong>\u00a0<\/strong><\/p>\n<p>Portaria MEC 1.671\/2000<\/p>\n<p><strong>Instituto de Ensino Superior Blauro Cardoso de Mattos &#8211; <\/strong><strong>FASERRA<\/strong><\/p>\n<p><strong>\u00a0<\/strong><\/p>\n<p><strong>Descri\u00e7\u00e3o<\/strong><\/p>\n<p>Devido ao n\u00famero grande de empresas na regi\u00e3o de Manaus e \u00e0 crescente necessidade de procedimentos especiais, tais como avalia\u00e7\u00f5es ergon\u00f4micas, programas preventivos e corretivos, melhoria de produtos e processos, dentre outros, vem sendo crescente a necessidade de profissionais altamente qualificados. O curso de especializa\u00e7\u00e3o em Ergonomia acontece na Bio Cursos desde 2010 e \u00e9 de grande valia para a regi\u00e3o e para a Institui\u00e7\u00e3o, principalmente pela integra\u00e7\u00e3o que proporciona com \u00e1reas multiprofissionais, tais como engenharia, fisioterapia, administra\u00e7\u00e3o, educa\u00e7\u00e3o f\u00edsica, medicina, terapia ocupacional, direito, psicologia, dentre outras.<\/p>\n<p>Em virtude do expressivo n\u00famero de afastamentos e acidentes do trabalho ocorridos em diversas organiza\u00e7\u00f5es nacionais e multinacionais, um grande n\u00famero de acidentados e com incapacidades funcionais s\u00e3o provenientes da n\u00e3o objetiva\u00e7\u00e3o ergon\u00f4mica. Assim como in\u00fameras perdas no processo e m\u00e1 projeta\u00e7\u00f5es de produto tamb\u00e9m o s\u00e3o. Com isso, as organiza\u00e7\u00f5es v\u00eam enfrentando uma triste realidade: um n\u00famero crescente de afastamentos, de indeniza\u00e7\u00f5es, absente\u00edsmo, descontrole por parte dos departamentos de recursos humanos, sa\u00fade e seguran\u00e7a do trabalho, e que consequentemente acarreta em preju\u00edzo, perda de moral e produtividade.<\/p>\n<p>Para colaborar na resolu\u00e7\u00e3o destes problemas, atrav\u00e9s da minimiza\u00e7\u00e3o, elimina\u00e7\u00e3o e controle de itens em ergonomia, o mercado atual necessita cada vez mais da forma\u00e7\u00e3o de especialistas na \u00e1rea.<\/p>\n<p>&nbsp;<\/p>\n<p><strong>Conte\u00fado Program\u00e1tico:<\/strong><\/p>\n<ul>\n<li>Introdu\u00e7\u00e3o a Ergonomia, Ergonomia de Concep\u00e7\u00e3o, An\u00e1lise Ergon\u00f4mica Preliminar;<\/li>\n<li>Avalia\u00e7\u00e3o de Riscos e Conforto Ambiental;<\/li>\n<li>Fisiologia, Biomec\u00e2nica Ocupacional, Antropometria;<\/li>\n<li>An\u00e1lise Ergon\u00f4mica do Trabalho I <strong>(Certifica\u00e7\u00e3o Extra);<\/strong><\/li>\n<li>An\u00e1lise Ergon\u00f4mica do Trabalho II <strong>(Certifica\u00e7\u00e3o Extra);<\/strong><\/li>\n<li>Metodologia do Trabalho e da Produ\u00e7\u00e3o Cient\u00edfica;<\/li>\n<li>Psicologia Organizacional e do Trabalho;<\/li>\n<li>Gest\u00e3o em Sa\u00fade e Seguran\u00e7a do Trabalho;<\/li>\n<li>Acessibilidade e Projetos de Inser\u00e7\u00e3o de Pessoas com Defici\u00eancia no Trabalho;<\/li>\n<li>CIF aplicada a Fisioterapia do Trabalho\/Ergonomia, Gest\u00e3o de Absente\u00edsmo e Gest\u00e3o de Retorno ao Trabalho;<\/li>\n<li>Ergonomia Cognitiva, Aspectos Psicossociais do Trabalhador;<\/li>\n<li>Ergonomia Forense: Per\u00edcia e Assist\u00eancia T\u00e9cnica em Ergonomia; <strong>(Certifica\u00e7\u00e3o Extra);<\/strong><\/li>\n<li>Ferramentas de Mensura\u00e7\u00e3o da Dor no Ambiente Laboral<\/li>\n<li>Administra\u00e7\u00e3o e Marketing no Servi\u00e7os de Ergonomia;<\/li>\n<li>Ferramentas e M\u00e9todos de Avalia\u00e7\u00e3o Ergon\u00f4mica I;<\/li>\n<li>Ferramentas e M\u00e9todos de Avalia\u00e7\u00e3o Ergon\u00f4mica II;<\/li>\n<li>Gerenciamento Ergon\u00f4mico e Comit\u00eas de Ergonomia;<\/li>\n<li>Laborat\u00f3rio em Ergonomia;<\/li>\n<li>Desenvolvimento de Programa de Qualidade de vida no Trabalho, Gest\u00e3o da Gin\u00e1stica Laboral;<\/li>\n<li>Ambulat\u00f3rio de Fisioterapia do Trabalho: Sistema de Controle e Indicadores; Sistema \u00danico de Sa\u00fade: SUS;<\/li>\n<li>Patologias do Trabalho, Avalia\u00e7\u00e3o Cin\u00e9tica Fucional;<\/li>\n<li>Per\u00edcia Fisioterap\u00eautica.<\/li>\n<\/ul>\n<p>&nbsp;<\/p>\n<p><strong>Obs.: O conte\u00fado program\u00e1tico est\u00e1 sujeito a altera\u00e7\u00f5es, visando \u00e0 otimiza\u00e7\u00e3o do curso.<\/strong><\/p>\n<p>&nbsp;<\/p>\n<p><strong>Corpo Docente:<\/strong><\/p>\n<ul>\n<li><strong>Leandro Melo, <\/strong>Especialista<\/li>\n<li><strong>Andr\u00e9 Filgueira, <\/strong>Especialista<\/li>\n<li><strong>Josiel Ribeiro, <\/strong>Mestre<\/li>\n<li><strong>Andreza de Paula Silva, <\/strong>Especialista<\/li>\n<li><strong>Luhan Andrade, <\/strong>Mestre<\/li>\n<li><strong>Ioni Cardoso Correa, <\/strong>Especialista<\/li>\n<li><strong>Cristiany Monserra Barata da Costa Freitas, <\/strong>Especialista<\/li>\n<li><strong>Gleice Baia, <\/strong>Especialista<\/li>\n<li><strong>Leandro Salam, <\/strong>Especialista<\/li>\n<\/ul>\n<p><strong>\u00a0<\/strong><\/p>\n<p><strong>Obs.:<\/strong><strong> O corpo docente poder\u00e1 sofrer altera\u00e7\u00f5es no decorrer do curso, por\u00e9m a Bio Cursos se compromete em manter o mesmo n\u00edvel dos professores que necessitarem ser substitu\u00eddos.<\/strong><\/p>\n<p><strong>\u00a0<\/strong><\/p>\n<p><strong>Coordena\u00e7\u00e3o<\/strong><\/p>\n<p><strong>Prof\u00ba Dr. Lu\u00eds Ferreira Monteiro Neto (SP)<\/strong><\/p>\n<ul>\n<li>Fisioterapeuta \u2013 Unisalesiano-Lins<\/li>\n<li>Educador F\u00edsico \u2013 FEFISA<\/li>\n<li>Biom\u00e9dico Esteta<\/li>\n<li>Doutor em Ci\u00eancias da Sa\u00fade \u2013 FAMERP<\/li>\n<li>Mestre em Engenharia Biom\u00e9dica \u2013 UNIVAP<\/li>\n<li>P\u00f3s-gradua\u00e7\u00e3o em Est\u00e9tica avan\u00e7ada<\/li>\n<li>Especialista em Bases e M\u00e9todos de Avalia\u00e7\u00e3o Biomec\u00e2nica do Movimento Humano \u2013 Salesiano<\/li>\n<li>Atua\u00e7\u00e3o como doc\u00eancia a mais de 24 anos<\/li>\n<li>CO-autor do CD Laserterapia para fisioterapia<\/li>\n<li>Autor do Cap\u00edtulo Realidade Virtual em Reabilita\u00e7\u00e3o do Livro Fisioterapia Neurol\u00f3gica \u2013 Manole 2011<\/li>\n<li>Autor do Cap\u00edtulo Fotogrametria computadorizada aplicada na avalia\u00e7\u00e3o facial, Livro Cicatrizes de Acne da avalia\u00e7\u00e3o ao tratamento \u2013 CR8, 2018<\/li>\n<li>Autor do Cap\u00edtulo Crochetagem Mioaponeur\u00f3tica, livro Abordagens terap\u00eauticas em sequelas de queimaduras- Est\u00e9tica Expert 2019<\/li>\n<li>Forma\u00e7\u00f5es internacionais em CMA<\/li>\n<li>Forma\u00e7\u00e3o Internacional em IASTM<\/li>\n<li>Forma\u00e7\u00e3o em Manipula\u00e7\u00e3o fascial e visceral<\/li>\n<li>Idealizador do M\u00e9todo Myofascial Release e das Marcas Ventosa Miofascial, Myotools e MioGun<\/li>\n<li>Ministra cursos na \u00e1rea de pesquisa da f\u00e1scia a mais de 14 anos<\/li>\n<\/ul>\n<p>&nbsp;<\/p>\n<p><strong>P\u00fablico-Alvo:<\/strong><\/p>\n<p>Fisioterapeutas<\/p>\n<p>&nbsp;<\/p>\n<p><strong>Data:<\/strong><\/p>\n<p>06, 07, 08 e 09 de Maio 2024 (2\u00ba m\u00f3dulo)<\/p>\n<p><strong>\u00a0<\/strong><\/p>\n<p><strong>Carga Hor\u00e1ria: <\/strong><\/p>\n<p>440h\/aula<\/p>\n<p>&nbsp;<\/p>\n<p><strong>Hor\u00e1rios<\/strong><\/p>\n<p>Segunda a quinta-feira: 18h30 \u00e0s 22h30<\/p>\n<p>(1x por m\u00eas)<\/p>\n<p>&nbsp;<\/p>\n<p><strong>\u00a0<\/strong><\/p>\n<p><strong>Dura\u00e7\u00e3o: <\/strong><\/p>\n<p>22 m\u00f3dulos<\/p>\n<p><strong>\u00a0<\/strong><\/p>\n<p><strong>Local: Manaus-AM &#8211;<\/strong> Sede da Bio Cursos \u2013 R. Rio Javari, 10 \u2013 Conj. Vieiralves \u2013 (atr\u00e1s do McDonald&#8217;s da Av. Djalma Batista)<\/p>\n<p><strong>\u00a0<\/strong><\/p>\n<p><strong>Investimento<\/strong><\/p>\n<p><strong>TAXA DE MATR\u00cdCULA: R$ 250,00<\/strong><\/p>\n<p>&nbsp;<\/p>\n<p><strong>Escolha uma das 4 op\u00e7\u00f5es de parcelamentos das mensalidades no boleto:<\/strong><\/p>\n<ul>\n<li>18x R$ 915,00<\/li>\n<li>24x R$ 705,00<\/li>\n<li>30x R$ 590,00<\/li>\n<li>36x R$ 515,00<\/li>\n<\/ul>\n<p>&nbsp;<\/p>\n<p>Obs.: J\u00e1 est\u00e3o inclusos nas mensalidades acima o desconto pontualidade para o aluno que efetuar o pagamento at\u00e9 a data de vencimento do boleto<\/p>\n<p><strong>\u00a0<\/strong><\/p>\n<p><strong>Documentos necess\u00e1rios<\/strong><\/p>\n<p>Os documentos devem ser escaneados e enviados por e-mail: \u00a0\u00a0\u00a0\u00a0pedagogico@portalbiocursos.com.br<\/p>\n<ul>\n<li>CPF<\/li>\n<li>RG ou Carteira Profissional (n\u00e3o ser\u00e1 aceito CNH)<\/li>\n<li>T\u00edtulo de Eleitor<\/li>\n<li>Certid\u00e3o de Nascimento ou Casamento<\/li>\n<li>Comprovante de Resid\u00eancia atualizado<\/li>\n<li>Diploma e Hist\u00f3rico da Gradua\u00e7\u00e3o (frente e verso)<\/li>\n<li>Documento Militar (se homem)<\/li>\n<li>Foto 3&#215;4<\/li>\n<\/ul>\n<p><strong>\u00a0<\/strong><\/p>\n<p><strong>Observa\u00e7\u00f5es<\/strong><\/p>\n<ul>\n<li>Emiss\u00e3o de certificado por IES cadastrada junto ao Minist\u00e9rio da Educa\u00e7\u00e3o;<\/li>\n<li>A primeira mensalidade ser\u00e1 at\u00e9 no dia 30 do m\u00eas de in\u00edcio da P\u00f3s;<\/li>\n<li>Ap\u00f3s o pagamento da primeira mensalidade, os pr\u00f3ximos vencimentos ser\u00e3o sempre no dia 30 de cada m\u00eas;<\/li>\n<li>Em caso de desist\u00eancia da P\u00f3s-Gradua\u00e7\u00e3o, at\u00e9 sete dias da realiza\u00e7\u00e3o do pagamento da taxa de matr\u00edcula ser\u00e1 restitu\u00eddo 100% do valor da taxa, ap\u00f3s sete dias, ser\u00e1 restitu\u00eddo 30% do valor, e ap\u00f3s o in\u00edcio do primeiro m\u00f3dulo n\u00e3o haver\u00e1 devolu\u00e7\u00e3o em car\u00e1ter de despesas administrativas;<\/li>\n<li>A organiza\u00e7\u00e3o se reserva do direito de adiar ou cancelar o curso caso n\u00e3o haja o n\u00famero suficiente de participantes para sua realiza\u00e7\u00e3o;<\/li>\n<li>A Bio Cursos n\u00e3o se responsabiliza em restituir valores de transportes ou hospedagem caso o curso seja cancelado.<\/li>\n<\/ul>\n<p><strong>\u00a0<\/strong><\/p>\n<p><strong>\u00a0<\/strong><\/p>\n<p><strong>\u00a0<\/strong><\/p>\n<p><strong>Informa\u00e7\u00f5es e Matr\u00edculas<\/strong><\/p>\n<p><strong>(92) 3584-0031 \/ (92) 99331-5863 (Vivo) <\/strong><\/p>\n<p><strong>Consultora Comercial: Nathali Silva<\/strong><\/p>\n<p><a href=\"mailto:atendimento1@portalbiocursos.com.br\">atendimento1@portalbiocursos.com.br<\/a><\/p>\n<p>https:\/\/www.portalbiocursos.com.br\/<\/p>\n<p>&nbsp;<\/p>\n<p>As matr\u00edculas tamb\u00e9m poder\u00e3o ser efetuadas por dep\u00f3sito\/transfer\u00eancia para uma das contas abaixo ou PIX para a conta do Banco do Brasil (ap\u00f3s o pagamento enviar o comprovante via E-mail ou WhatsApp):<\/p>\n<p>&nbsp;<\/p>\n<table width=\"564\">\n<tbody>\n<tr>\n<td width=\"185\"><strong>Chave PIX: <\/strong><\/p>\n<p>272.865.438-73<\/p>\n<p><strong>CAIXA<\/strong><\/p>\n<p>Ag\u00eancia: 2897<\/p>\n<p>Tipo de conta: 001<\/p>\n<p>Conta Corrente: 00001377-5<\/p>\n<p>Andr\u00e9 Barbosa Rigato<\/p>\n<p>CPF: 272.865.438-73<\/td>\n<td width=\"191\"><strong>BRADESCO<\/strong><\/p>\n<p>Ag\u00eancia: 38<\/p>\n<p>Conta Corrente: 13541-0<\/p>\n<p>Andr\u00e9 Barbosa Rigato<\/p>\n<p>CPF: 272.865.438-73<\/td>\n<td width=\"188\"><strong>BANCO DO BRASIL<\/strong><\/p>\n<p>Ag\u00eancia: 1197-5<\/p>\n<p>Conta Corrente: 48.340-0<\/p>\n<p>Bio Cursos<\/td>\n<\/tr>\n<\/tbody>\n<\/table>\n<p>&nbsp;<\/p>\n<p>&nbsp;<\/p>\n","protected":false},"featured_media":9377,"comment_status":"open","ping_status":"closed","template":"","meta":[],"product_cat":[21],"product_tag":[611],"class_list":{"0":"post-9374","1":"product","2":"type-product","3":"status-publish","4":"has-post-thumbnail","6":"product_cat-pos-graduacoes","7":"product_tag-pos-graduacao-em-ergonomia-fisioterapia-do-trabalho-dupla-certificacao","9":"first","10":"instock","11":"shipping-taxable","12":"purchasable","13":"product-type-simple"},"_links":{"self":[{"href":"https:\/\/portalbiocursos.com.br\/index.php\/wp-json\/wp\/v2\/product\/9374","targetHints":{"allow":["GET"]}}],"collection":[{"href":"https:\/\/portalbiocursos.com.br\/index.php\/wp-json\/wp\/v2\/product"}],"about":[{"href":"https:\/\/portalbiocursos.com.br\/index.php\/wp-json\/wp\/v2\/types\/product"}],"replies":[{"embeddable":true,"href":"https:\/\/portalbiocursos.com.br\/index.php\/wp-json\/wp\/v2\/comments?post=9374"}],"version-history":[{"count":1,"href":"https:\/\/portalbiocursos.com.br\/index.php\/wp-json\/wp\/v2\/product\/9374\/revisions"}],"predecessor-version":[{"id":9378,"href":"https:\/\/portalbiocursos.com.br\/index.php\/wp-json\/wp\/v2\/product\/9374\/revisions\/9378"}],"wp:featuredmedia":[{"embeddable":true,"href":"https:\/\/portalbiocursos.com.br\/index.php\/wp-json\/wp\/v2\/media\/9377"}],"wp:attachment":[{"href":"https:\/\/portalbiocursos.com.br\/index.php\/wp-json\/wp\/v2\/media?parent=9374"}],"wp:term":[{"taxonomy":"product_cat","embeddable":true,"href":"https:\/\/portalbiocursos.com.br\/index.php\/wp-json\/wp\/v2\/product_cat?post=9374"},{"taxonomy":"product_tag","embeddable":true,"href":"https:\/\/portalbiocursos.com.br\/index.php\/wp-json\/wp\/v2\/product_tag?post=9374"}],"curies":[{"name":"wp","href":"https:\/\/api.w.org\/{rel}","templated":true}]}}