{"id":89,"date":"2022-11-19T12:21:27","date_gmt":"2022-11-19T15:21:27","guid":{"rendered":"https:\/\/portalbiocursos.com.br\/?post_type=product&#038;p=89"},"modified":"2024-02-01T12:17:10","modified_gmt":"2024-02-01T15:17:10","slug":"pos-graduacao-em-procedimentos-intradermicos-e-alta-tecnologia-aplicada-a-estetica","status":"publish","type":"product","link":"https:\/\/portalbiocursos.com.br\/index.php\/produto\/pos-graduacao-em-procedimentos-intradermicos-e-alta-tecnologia-aplicada-a-estetica\/","title":{"rendered":"P\u00f3s-Gradua\u00e7\u00e3o em Procedimentos Intrad\u00e9rmicos e Alta Tecnologia aplicada \u00e0 Est\u00e9tica"},"content":{"rendered":"<h3><strong>Turma 4<\/strong><\/h3>\n<h3><strong>\u00a0<\/strong><strong>Descri\u00e7\u00e3o<\/strong><\/h3>\n<p>O curso de p\u00f3s-gradua\u00e7\u00e3o <em>lato sensu\u00a0em <\/em>Procedimentos Intrad\u00e9rmicos e Alta Tecnologia aplicada \u00e0 Est\u00e9tica est\u00e1 sendo proposto para atender \u00e0s necessidades dos tecn\u00f3logos em est\u00e9tica, preparando, capacitando e desenvolvendo t\u00e9cnicas voltadas \u00e0 \u00e1rea de intrad\u00e9rmicos e alta tecnologia em est\u00e9tica com habilidade, seguran\u00e7a e compet\u00eancia. Com amplo embasamento te\u00f3rico e pr\u00e1tico para que o profissional entenda melhor os mecanismos de a\u00e7\u00e3o de cada procedimento a ser realizado.<\/p>\n","protected":false},"excerpt":{"rendered":"<h3><strong>Conte\u00fado Program\u00e1tico<\/strong><\/h3>\n<ul>\n<li>Anatomofisiologia e Altera\u00e7\u00f5es Dermatofisiol\u00f3gicas<\/li>\n<li>Alta Tecnologia aplicada \u00e0 Est\u00e9tica (Ondas de Choque, Radiofrequ\u00eancia, Criolip\u00f3lise e Criofrequ\u00eancia)<\/li>\n<li>Avalia\u00e7\u00e3o e Semiologia em Disfun\u00e7\u00f5es Est\u00e9tica<\/li>\n<li>Bio\u00e9tica, Biosseguran\u00e7a e Primeiros Socorros Aplicados \u00e0 Est\u00e9tica<\/li>\n<li>Carboxiterapia Corporal e Facial Aplicados \u00e0 Est\u00e9tica<\/li>\n<li>Cosmetologia Avan\u00e7ada e Rotina Cosmetologica Domiciliar<\/li>\n<li>Hidrolipoclasia Aplicada \u00e0 Est\u00e9tica e Procedimentos Est\u00e9ticos Injet\u00e1veis para Microvasos (PEIM)<\/li>\n<li>Indu\u00e7\u00e3o Percut\u00e2nea de Col\u00e1geno atrav\u00e9s de Microles\u00f5es Controladas (Microagulhamento)<\/li>\n<li>Intradermoterapia Corporal e Facial Aplicada \u00e0 Est\u00e9tica<\/li>\n<li>Luz Intensa Pulsada, LED e Laser: Aplica\u00e7\u00e3o da Luz Est\u00e9tica<\/li>\n<li>Metodologia do Trabalho Cient\u00edfico &#8211; EAD<\/li>\n<li>Nutri\u00e7\u00e3o Aplicada \u00e0 Est\u00e9tica<\/li>\n<li>Ozonioterapia aplicada \u00e0 Est\u00e9tica<\/li>\n<li>Peelings Mec\u00e2nicos, Qu\u00edmicos e Enzim\u00e1ticos aplicados na Est\u00e9tica<\/li>\n<li>Tricologia e Terapias Capilares Avan\u00e7adas<\/li>\n<li>Procedimentos com Toxina Botul\u00ednica e Preenchimento Facial<\/li>\n<\/ul>\n<p><strong>Obs.: O conte\u00fado program\u00e1tico est\u00e1 sujeito a altera\u00e7\u00f5es, visando \u00e0 otimiza\u00e7\u00e3o do curso.<\/strong><\/p>\n<p>&nbsp;<\/p>\n<h3><strong>Corpo Docente<\/strong><\/h3>\n<p>&#8211; Adria Yared Sadala, Mestra (AM))<\/p>\n<p>&#8211; Adriana Miranda Azevedo, Mestra (AM)<\/p>\n<p>&#8211; Camila Viana, Especialista (AM)<\/p>\n<p>&#8211; Celival Oliveira, Especialista (AM)<br \/>\n&#8211; Leonardo Alessandro da Silva Batista, Especialista (AM)<\/p>\n<p>&#8211; Suzana Lisboa, Especialista (AM)<br \/>\n&#8211; Tatiana da Costa Jansen, Doutora (AM)<\/p>\n<p>&#8211; Tha\u00eds Caroline Lima, Especialista (AM)<\/p>\n<p>&#8211; Demais Professores Convidados<\/p>\n<p><strong>* O corpo docente poder\u00e1 sofrer altera\u00e7\u00f5es no decorrer do curso, por\u00e9m a Bio Cursos se compromete em manter o mesmo n\u00edvel dos professores que necessitarem ser substitu\u00eddos<\/strong><\/p>\n<p><strong>\u00a0<\/strong><\/p>\n<h3><strong>Coordena\u00e7\u00e3o<\/strong><\/h3>\n<h3><strong>Prof\u00ba Dr. Lu\u00eds Ferreira Monteiro Neto (SP)<\/strong><\/h3>\n<ul>\n<li>Fisioterapeuta \u2013 Unisalesiano-Lins \u2013 e Educador F\u00edsico \u2013 FEFISA<\/li>\n<li>Especialista em Bases e M\u00e9todos de Avalia\u00e7\u00e3o Biomec\u00e2nica do Movimento Humano \u2013 Salesiano<\/li>\n<li>P\u00f3s-gradua\u00e7\u00e3o em Est\u00e9tica avan\u00e7ada<\/li>\n<li>Mestre em Engenharia Biom\u00e9dica \u2013 UNIVAP<\/li>\n<li>Doutor em Ci\u00eancias da Sa\u00fade \u2013 FAMERP<\/li>\n<li>Atua\u00e7\u00e3o como doc\u00eancia a mais de 24 anos<\/li>\n<li>CO-autor do CD Laserterapia para fisioterapia<\/li>\n<li>Autor do Cap\u00edtulo Realidade Virtual em Reabilita\u00e7\u00e3o do Livro Fisioterapia Neurol\u00f3gica \u2013 Manole 2011<\/li>\n<li>Autor do Cap\u00edtulo Fotogrametria computadorizada aplicada na avalia\u00e7\u00e3o facial, Livro Cicatrizes de Acne da avalia\u00e7\u00e3o ao tratamento \u2013 CR8, 2018<\/li>\n<li>Autor do Cap\u00edtulo Crochetagem Mioaponeur\u00f3tica, livro Abordagens terap\u00eauticas em sequelas de queimaduras- Est\u00e9tica Expert 2019<\/li>\n<li>Forma\u00e7\u00f5es internacionais em CMA<\/li>\n<li>Forma\u00e7\u00e3o Internacional em IASTM<\/li>\n<li>Forma\u00e7\u00e3o em Manipula\u00e7\u00e3o fascial e visceral<\/li>\n<li>Idealizador do M\u00e9todo Myofascial Release e das Marcas Ventosa Miofascial, Myotools e MioGun<\/li>\n<li>Ministra cursos na \u00e1rea de pesquisa da f\u00e1scia a mais de 14 anos<\/li>\n<\/ul>\n<p><strong>\u00a0<\/strong><\/p>\n<h3><strong>P\u00fablico-Alvo<\/strong><\/h3>\n<p>Tecn\u00f3logos em Est\u00e9tica<\/p>\n<p>&nbsp;<\/p>\n<h3><strong>In\u00edcio<\/strong><\/h3>\n<p>10, 11, 12 e 13 de ABRIL de 2023<\/p>\n<p><strong>\u00a0<\/strong><\/p>\n<h3><strong>Hor\u00e1rios<\/strong><\/h3>\n<p>Segunda a quinta-feira: 18h30 \u00e0s 22h30<\/p>\n<p>(1 m\u00f3dulo por m\u00eas)<\/p>\n<p><strong>\u00a0<\/strong><\/p>\n<h3><strong>Dura\u00e7\u00e3o<\/strong><\/h3>\n<p>16 m\u00f3dulos<\/p>\n<p>&nbsp;<\/p>\n<h3><strong>Carga Hor\u00e1ria<\/strong><\/h3>\n<p>368h\/aula<\/p>\n<p>&nbsp;<\/p>\n<h3><strong>Local<\/strong><\/h3>\n<p><strong>Manaus\/AM:<\/strong> Sede da Bio Cursos \u2013 Rua Rio Javari, n. 170 \u2013 Conj. Vieiralves (atr\u00e1s do McDonald&#8217;s da Av. Djalma Batista)<\/p>\n<p><strong>\u00a0<\/strong><\/p>\n<h3><strong>Investimento<\/strong><\/h3>\n<p><strong>TAXA DE MATR\u00cdCULA: R$ 250,00<\/strong><\/p>\n<p><strong>Escolha uma das 4 op\u00e7\u00f5es de parcelamentos das mensalidades no boleto ou cart\u00e3o de cr\u00e9dito recorrente:<\/strong><\/p>\n<ul>\n<li><strong>18x R$ 640,00<\/strong><\/li>\n<li><strong>24x R$ 490,00<\/strong><\/li>\n<li><strong>30x R$ 400,00<\/strong><\/li>\n<li><strong>36x R$ 350,00<\/strong><\/li>\n<\/ul>\n<p><strong>Obs.: J\u00e1 est\u00e3o inclusos nas mensalidades acima o desconto pontualidade para o aluno que efetuar o pagamento at\u00e9 a data de vencimento do boleto.<\/strong><\/p>\n<p>&nbsp;<\/p>\n<h3><strong>Documentos necess\u00e1rios<\/strong><\/h3>\n<p>Os documentos devem ser escaneados e enviados por e-mail: atendimento2@portalbiocursos.com.br<\/p>\n<ul>\n<li>CPF<\/li>\n<li>RG ou Carteira Profissional (n\u00e3o ser\u00e1 aceito CNH)<\/li>\n<li>T\u00edtulo de Eleitor<\/li>\n<li>Certid\u00e3o de Nascimento ou Casamento<\/li>\n<li>Comprovante de Resid\u00eancia atualizado<\/li>\n<li>Diploma e Hist\u00f3rico da Gradua\u00e7\u00e3o (frente e verso)<\/li>\n<li>Documento Militar (se homem)<\/li>\n<li>Foto 3&#215;4<\/li>\n<\/ul>\n<p>&nbsp;<\/p>\n<h3><strong>Observa\u00e7\u00f5es<\/strong><\/h3>\n<ul>\n<li>Emiss\u00e3o de certificado por IES cadastrada junto ao Minist\u00e9rio da Educa\u00e7\u00e3o;<\/li>\n<li>Os vencimentos das mensalidades ser\u00e3o sempre no dia 30 de cada m\u00eas;<\/li>\n<li>Em caso de desist\u00eancia da P\u00f3s-Gradua\u00e7\u00e3o, n\u00e3o haver\u00e1 devolu\u00e7\u00e3o da taxa de matr\u00edcula em car\u00e1ter de despesas administrativas;<\/li>\n<li>A organiza\u00e7\u00e3o se reserva do direito de adiar ou cancelar o curso caso n\u00e3o haja o n\u00famero suficiente de participantes para sua realiza\u00e7\u00e3o;<\/li>\n<li>A Bio Cursos n\u00e3o se responsabiliza em restituir valores de transportes ou hospedagem caso o curso seja cancelado.<\/li>\n<\/ul>\n<p><strong>\u00a0<\/strong><\/p>\n<h2><strong>Informa\u00e7\u00f5es e Matr\u00edculas<\/strong><\/h2>\n<p><strong>(92) 3584-0031 \/ (92) 98130-4434 (Vivo) <\/strong><\/p>\n<p><strong>Consultora Comercial: Jessika Gomes<\/strong><\/p>\n<p><a href=\"mailto:contato@portalbiocursos.com.br\">contato@portalbiocursos.com.br<\/a><\/p>\n<p><a href=\"https:\/\/www.portalbiocursos.com.br\/\">https:\/\/www.portalbiocursos.com.br\/<\/a><\/p>\n<p>&nbsp;<\/p>\n","protected":false},"featured_media":7779,"comment_status":"open","ping_status":"closed","template":"","meta":[],"product_cat":[21],"product_tag":[39,24,30,29,23,22,173,159,38,40],"class_list":{"0":"post-89","1":"product","2":"type-product","3":"status-publish","4":"has-post-thumbnail","6":"product_cat-pos-graduacoes","7":"product_tag-alta-tecnologia-aplicada-a-estetica","8":"product_tag-amazonas","9":"product_tag-especializacao","10":"product_tag-estetica","11":"product_tag-manaus","12":"product_tag-pos-graduacao","13":"product_tag-pos-graduacao-em-procedimentos-intradermicos-e-alta-tecnologia-aplicada-a-estetica","14":"product_tag-pos-graduacao-procedimentos-intradermicos-e-alta-tecnologia-aplicada-a-estetica","15":"product_tag-procedimentos-intradermicos","16":"product_tag-tecnologo-em-estetica","18":"first","19":"instock","20":"shipping-taxable","21":"purchasable","22":"product-type-simple"},"_links":{"self":[{"href":"https:\/\/portalbiocursos.com.br\/index.php\/wp-json\/wp\/v2\/product\/89","targetHints":{"allow":["GET"]}}],"collection":[{"href":"https:\/\/portalbiocursos.com.br\/index.php\/wp-json\/wp\/v2\/product"}],"about":[{"href":"https:\/\/portalbiocursos.com.br\/index.php\/wp-json\/wp\/v2\/types\/product"}],"replies":[{"embeddable":true,"href":"https:\/\/portalbiocursos.com.br\/index.php\/wp-json\/wp\/v2\/comments?post=89"}],"version-history":[{"count":3,"href":"https:\/\/portalbiocursos.com.br\/index.php\/wp-json\/wp\/v2\/product\/89\/revisions"}],"predecessor-version":[{"id":1358,"href":"https:\/\/portalbiocursos.com.br\/index.php\/wp-json\/wp\/v2\/product\/89\/revisions\/1358"}],"wp:featuredmedia":[{"embeddable":true,"href":"https:\/\/portalbiocursos.com.br\/index.php\/wp-json\/wp\/v2\/media\/7779"}],"wp:attachment":[{"href":"https:\/\/portalbiocursos.com.br\/index.php\/wp-json\/wp\/v2\/media?parent=89"}],"wp:term":[{"taxonomy":"product_cat","embeddable":true,"href":"https:\/\/portalbiocursos.com.br\/index.php\/wp-json\/wp\/v2\/product_cat?post=89"},{"taxonomy":"product_tag","embeddable":true,"href":"https:\/\/portalbiocursos.com.br\/index.php\/wp-json\/wp\/v2\/product_tag?post=89"}],"curies":[{"name":"wp","href":"https:\/\/api.w.org\/{rel}","templated":true}]}}