{"id":8798,"date":"2024-05-29T16:43:38","date_gmt":"2024-05-29T19:43:38","guid":{"rendered":"https:\/\/portalbiocursos.com.br\/?post_type=product&#038;p=8798"},"modified":"2024-06-19T14:33:07","modified_gmt":"2024-06-19T17:33:07","slug":"fisioterapia-em-ortopedia-e-traumatologia-terapia-manual-boa-vista-rr-2","status":"publish","type":"product","link":"https:\/\/portalbiocursos.com.br\/index.php\/produto\/fisioterapia-em-ortopedia-e-traumatologia-terapia-manual-boa-vista-rr-2\/","title":{"rendered":"Fisioterapia em Ortopedia e Traumatologia &#8211; Terapia Manual (Boa Vista\/RR)"},"content":{"rendered":"<p>A P\u00f3s-Gradua\u00e7\u00e3o em Ortopedia e Traumatologia traz como objeto principal o enfoque em Terapia Manual, tornando o curso muito mais interessante e pr\u00e1tico. Conhecer as diversas t\u00e9cnicas de Terapia Manual \u00e9 atualmente uma exig\u00eancia para que o fisioterapeuta que atua na \u00e1rea de Ortopedia se destaque no mercado de trabalho. A proposta da P\u00f3s \u00e9 realmente direcionar o profissional para que ele tenha sucesso em seus atendimentos.<br \/>\nO enfoque ser\u00e1 no que se tem utilizado nas rotinas de atendimento para a avalia\u00e7\u00e3o e o tratamento das patologias ortop\u00e9dicas. As aulas pr\u00e1ticas permitir\u00e3o o desenvolvimento de habilidades como: avaliar, programar objetivos e executar condutas fisioterap\u00eauticas. Ser\u00e3o abordados os principais m\u00e9todos de tratamento. Aliados \u00e0 grande experi\u00eancia de nossos Professores e \u00e0 estrutura f\u00edsica de excel\u00eancia da Bio Cursos, o resultado s\u00f3 poderia ser mais de uma dezena de cursos montados e profissionais preparados para a teoria e a pr\u00e1tica.<\/p>\n","protected":false},"excerpt":{"rendered":"<p>A P\u00f3s-Gradua\u00e7\u00e3o em Ortopedia e Traumatologia traz como objeto principal o enfoque em Terapia Manual, tornando o curso muito mais interessante e pr\u00e1tico. Conhecer as diversas t\u00e9cnicas de Terapia Manual \u00e9 atualmente uma exig\u00eancia para que o fisioterapeuta que atua na \u00e1rea de Ortopedia se destaque no mercado de trabalho. A proposta da P\u00f3s \u00e9 [&hellip;]<\/p>\n","protected":false},"featured_media":8959,"comment_status":"open","ping_status":"closed","template":"","meta":[],"product_cat":[21],"product_tag":[265],"class_list":{"0":"post-8798","1":"product","2":"type-product","3":"status-publish","4":"has-post-thumbnail","6":"product_cat-pos-graduacoes","7":"product_tag-pos-graduacao-em-ortopedia-e-traumatologia-terapia-manual-boa-vista-rr","9":"first","10":"instock","11":"shipping-taxable","12":"purchasable","13":"product-type-simple"},"_links":{"self":[{"href":"https:\/\/portalbiocursos.com.br\/index.php\/wp-json\/wp\/v2\/product\/8798","targetHints":{"allow":["GET"]}}],"collection":[{"href":"https:\/\/portalbiocursos.com.br\/index.php\/wp-json\/wp\/v2\/product"}],"about":[{"href":"https:\/\/portalbiocursos.com.br\/index.php\/wp-json\/wp\/v2\/types\/product"}],"replies":[{"embeddable":true,"href":"https:\/\/portalbiocursos.com.br\/index.php\/wp-json\/wp\/v2\/comments?post=8798"}],"version-history":[{"count":1,"href":"https:\/\/portalbiocursos.com.br\/index.php\/wp-json\/wp\/v2\/product\/8798\/revisions"}],"predecessor-version":[{"id":8958,"href":"https:\/\/portalbiocursos.com.br\/index.php\/wp-json\/wp\/v2\/product\/8798\/revisions\/8958"}],"wp:featuredmedia":[{"embeddable":true,"href":"https:\/\/portalbiocursos.com.br\/index.php\/wp-json\/wp\/v2\/media\/8959"}],"wp:attachment":[{"href":"https:\/\/portalbiocursos.com.br\/index.php\/wp-json\/wp\/v2\/media?parent=8798"}],"wp:term":[{"taxonomy":"product_cat","embeddable":true,"href":"https:\/\/portalbiocursos.com.br\/index.php\/wp-json\/wp\/v2\/product_cat?post=8798"},{"taxonomy":"product_tag","embeddable":true,"href":"https:\/\/portalbiocursos.com.br\/index.php\/wp-json\/wp\/v2\/product_tag?post=8798"}],"curies":[{"name":"wp","href":"https:\/\/api.w.org\/{rel}","templated":true}]}}