{"id":7386,"date":"2024-01-04T17:38:52","date_gmt":"2024-01-04T20:38:52","guid":{"rendered":"https:\/\/portalbiocursos.com.br\/?post_type=product&#038;p=7386"},"modified":"2024-09-23T10:52:34","modified_gmt":"2024-09-23T13:52:34","slug":"pos-graduacao-em-ortopedia-e-traumatologia-terapia-manual-semanal","status":"publish","type":"product","link":"https:\/\/portalbiocursos.com.br\/index.php\/produto\/pos-graduacao-em-ortopedia-e-traumatologia-terapia-manual-semanal\/","title":{"rendered":"P\u00f3s-Gradua\u00e7\u00e3o em Ortopedia e Traumatologia &#8211; Terapia Manual (Semanal)"},"content":{"rendered":"","protected":false},"excerpt":{"rendered":"<p><strong>Reabilita\u00e7\u00e3o em Ortopedia e Traumatologia com \u00eanfase em Terapia Manual Semanal<\/strong><\/p>\n<p><strong>Turma 04<\/strong><\/p>\n<p><strong>\u00a0<\/strong><\/p>\n<p><strong>Descri\u00e7\u00e3o<\/strong><\/p>\n<p>A P\u00f3s-Gradua\u00e7\u00e3o em Ortopedia e Traumatologia traz como objeto principal o enfoque em Terapia Manual, tornando o curso muito mais interessante e pr\u00e1tico. Conhecer as diversas t\u00e9cnicas de Terapia Manual \u00e9 atualmente uma exig\u00eancia para que o fisioterapeuta que atua na \u00e1rea de Ortopedia se destaque no mercado de trabalho. A proposta da P\u00f3s \u00e9 realmente direcionar o profissional para que ele tenha sucesso em seus atendimentos.<\/p>\n<p>O enfoque ser\u00e1 no que se tem utilizado nas rotinas de atendimento para a avalia\u00e7\u00e3o e o tratamento das patologias ortop\u00e9dicas. As aulas pr\u00e1ticas permitir\u00e3o o desenvolvimento de habilidades como: avaliar, programar objetivos e executar condutas fisioterap\u00eauticas. Ser\u00e3o abordados os principais m\u00e9todos de tratamento. Aliados \u00e0 grande experi\u00eancia de nossos Professores e \u00e0 estrutura f\u00edsica de excel\u00eancia da Bio Cursos, o resultado s\u00f3 poderia ser mais de uma dezena de cursos montados e profissionais preparados para a teoria e a pr\u00e1tica.<\/p>\n<p>&nbsp;<\/p>\n<p><strong>Conte\u00fado Program\u00e1tico<\/strong><\/p>\n<ul>\n<li><strong>Anatomia e Anatomia Palpat\u00f3ria para Fisioterapeutas<\/strong><\/li>\n<li><strong>Bandagem Funcional nas Disfun\u00e7\u00f5es Ortotraum\u00e1ticas (Certifica\u00e7\u00e3o Extra)<\/strong><\/li>\n<li><strong>Estabiliza\u00e7\u00e3o Segmentar Vertebral (Certifica\u00e7\u00e3o Extra)<\/strong><\/li>\n<li><strong>Conceito Maitland aplicado aos Membros Superiores e Inferiores<\/strong><\/li>\n<li><strong>Dry Needling<\/strong><\/li>\n<li><strong>Metodologia da Pesquisa e Produ\u00e7\u00e3o Cient\u00edfica<\/strong><\/li>\n<li><strong>Mobiliza\u00e7\u00e3o Miofascial Manual <\/strong><\/li>\n<li><strong>Mobiliza\u00e7\u00e3o Miofascial por Instrumento<\/strong><\/li>\n<li><strong>Mobiliza\u00e7\u00e3o Neural<\/strong><\/li>\n<li><strong>Osteopatia I &#8211; Aplicada nas Les\u00f5es Ortop\u00e9dicas<\/strong><\/li>\n<li><strong>Osteopatia II &#8211; nas Disfun\u00e7\u00f5es da Coluna Vertebral<\/strong><\/li>\n<li><strong>Osteopatia III &#8211; Aplicada nas Disfun\u00e7\u00f5es de Sacro<\/strong><\/li>\n<li><strong>Quiropraxia aplicada em Ortopedia e Traumatologia<\/strong><\/li>\n<li><strong>Recursos Fisioterap\u00eauticos em Ortopedia e Traumatologia<\/strong><\/li>\n<li><strong>Avalia\u00e7\u00e3o e Testes Ortop\u00e9dicos Avan\u00e7ados<\/strong><\/li>\n<li><strong>Ventosaterapia (Certifica\u00e7\u00e3o Extra)<\/strong><\/li>\n<\/ul>\n<p>&nbsp;<\/p>\n<p>&nbsp;<\/p>\n<p><strong>Obs.: O conte\u00fado program\u00e1tico est\u00e1 sujeito a altera\u00e7\u00f5es, visando \u00e0 otimiza\u00e7\u00e3o do curso.<\/strong><\/p>\n<p>&nbsp;<\/p>\n<p><strong>Corpo Docente<\/strong><\/p>\n<p>&#8211; F\u00e1bio Oliveira Maciel, Doutor (AM)<\/p>\n<p>&#8211; Kleber Prado Liberal Rodrigues, Mestre (AM)<\/p>\n<p>&#8211; Thiago Emmanuel Cordeiro de Souza, Especialista (AM)<\/p>\n<p>&#8211; Douglas Silva Ataide, Mestre (AM)<\/p>\n<p>&#8211; Elton Ara\u00fajo da Silva, Especialista (AM)<\/p>\n<p>&#8211; Alex Kimura da Silva, Especialista (AM)<\/p>\n<p>&#8211; Filipe Batista, Especialista (AM)<\/p>\n<p>&#8211; Hercules Moraes de Mattos, Mestre (AM)<\/p>\n<p>&#8211; Rog\u00e9rio Olmedija de Ara\u00fajo, Mestre (AM)<\/p>\n<p>&#8211; Demais Professores Convidados<\/p>\n<p><strong>* O corpo docente poder\u00e1 sofrer altera\u00e7\u00f5es no decorrer do curso, por\u00e9m a Bio Cursos se compromete em manter o mesmo n\u00edvel dos professores que necessitarem ser substitu\u00eddos<\/strong><\/p>\n<p><strong>Coordena\u00e7\u00e3o<\/strong><\/p>\n<p><strong>Lu\u00eds Ferreira Monteiro Neto, Doutor (SP)<\/strong><\/p>\n<ul>\n<li>Fisioterapeuta \u2013 Unisalesiano-Lins<\/li>\n<li>Educador F\u00edsico \u2013 FEFISA<\/li>\n<li>Biom\u00e9dico Esteta<\/li>\n<li>Doutor em Ci\u00eancias da Sa\u00fade \u2013 FAMERP<\/li>\n<li>Mestre em Engenharia Biom\u00e9dica \u2013 UNIVAP<\/li>\n<li>P\u00f3s-gradua\u00e7\u00e3o em Est\u00e9tica avan\u00e7ada<\/li>\n<li>Especialista em Bases e M\u00e9todos de Avalia\u00e7\u00e3o Biomec\u00e2nica do Movimento Humano \u2013 Salesiano<\/li>\n<li>Atua\u00e7\u00e3o como doc\u00eancia a mais de 24 anos<\/li>\n<li>CO-autor do CD Laserterapia para fisioterapia<\/li>\n<li>Autor do Cap\u00edtulo Realidade Virtual em Reabilita\u00e7\u00e3o do Livro Fisioterapia Neurol\u00f3gica \u2013 Manole 2011<\/li>\n<li>Autor do Cap\u00edtulo Fotogrametria computadorizada aplicada na avalia\u00e7\u00e3o facial, Livro Cicatrizes de Acne da avalia\u00e7\u00e3o ao tratamento \u2013 CR8, 2018<\/li>\n<li>Autor do Cap\u00edtulo Crochetagem Mioaponeur\u00f3tica, livro Abordagens terap\u00eauticas em sequelas de queimaduras- Est\u00e9tica Expert 2019<\/li>\n<li>Forma\u00e7\u00f5es internacionais em CMA<\/li>\n<li>Forma\u00e7\u00e3o Internacional em IASTM<\/li>\n<li>Forma\u00e7\u00e3o em Manipula\u00e7\u00e3o fascial e visceral<\/li>\n<li>Idealizador do M\u00e9todo Myofascial Release e das Marcas Ventosa Miofascial, Myotools e MioGun<\/li>\n<li>Ministra cursos na \u00e1rea de pesquisa da f\u00e1scia a mais de 14 anos<\/li>\n<\/ul>\n<p><strong>\u00a0<\/strong><\/p>\n<p><strong>P\u00fablico-Alvo<\/strong><\/p>\n<p>Fisioterapeutas<\/p>\n<p>&nbsp;<\/p>\n<p><strong>Data<\/strong><\/p>\n<p>11, 12, 13 e 14 de Mar\u00e7o de 2024<\/p>\n<p>&nbsp;<\/p>\n<p><strong>Hor\u00e1rios<\/strong><\/p>\n<p>Segunda a quinta-feira: 18h30 \u00e0s 22h30<\/p>\n<p>(1x por m\u00eas)<\/p>\n<p>&nbsp;<\/p>\n<p><strong>Dura\u00e7\u00e3o<\/strong><\/p>\n<p>16 m\u00f3dulos<\/p>\n<p>&nbsp;<\/p>\n<p><strong>Carga Hor\u00e1ria<\/strong><\/p>\n<p>368h\/aula<\/p>\n<p>&nbsp;<\/p>\n<p><strong>Local<\/strong><\/p>\n<p><strong>Manaus\/AM<\/strong><strong> &#8211;<\/strong> Sede da Bio Cursos \u2013 R. Rio Javari, 170 \u2013 Conj. Vieiralves (atr\u00e1s do McDonald&#8217;s da Av. Djalma Batista)<\/p>\n<p>&nbsp;<\/p>\n<p><strong>Investimento<\/strong><\/p>\n<p><strong>TAXA DE MATR\u00cdCULA: R$ 250,00<\/strong><\/p>\n<p>&nbsp;<\/p>\n<p><strong>Escolha uma das 4 op\u00e7\u00f5es de parcelamentos das mensalidades no boleto ou cart\u00e3o de cr\u00e9dito recorrente:<\/strong><\/p>\n<ul>\n<li><strong>18x R$ 640,00<\/strong><\/li>\n<li><strong>24x R$ 490,00<\/strong><\/li>\n<li><strong>30x R$ 420,00<\/strong><\/li>\n<li><strong>36x R$ 380,00<\/strong><\/li>\n<\/ul>\n<p>&nbsp;<\/p>\n<p>Obs.: Est\u00e3o inclusos nas mensalidades acima o desconto pontualidade para o aluno (a) que efetuar o pagamento at\u00e9 a data de vencimento do boleto<\/p>\n<p><strong>\u00a0<\/strong><\/p>\n<p><strong>Documentos necess\u00e1rios<\/strong><\/p>\n<p>Os documentos devem ser escaneados e enviados por e-mail: atendimento2@portalbiocursos.com.br<\/p>\n<ul>\n<li>CPF<\/li>\n<li>RG ou Carteira Profissional (n\u00e3o ser\u00e1 aceito CNH)<\/li>\n<li>T\u00edtulo de Eleitor<\/li>\n<li>Certid\u00e3o de Nascimento ou Casamento<\/li>\n<li>Comprovante de Resid\u00eancia atualizado<\/li>\n<li>Diploma<\/li>\n<li>Hist\u00f3rico da Gradua\u00e7\u00e3o<\/li>\n<li>Documento Militar (se homem)<\/li>\n<li>Foto 3&#215;4<\/li>\n<\/ul>\n<p>&nbsp;<\/p>\n<p><strong>Observa\u00e7\u00f5es<\/strong><\/p>\n<ul>\n<li>Emiss\u00e3o de certificado por IES cadastrada junto ao Minist\u00e9rio da Educa\u00e7\u00e3o;<\/li>\n<li>A primeira mensalidade pode ser\u00e1 at\u00e9 no dia 30 do m\u00eas de in\u00edcio da P\u00f3s;<\/li>\n<li>Ap\u00f3s o pagamento da primeira mensalidade, os pr\u00f3ximos vencimentos ser\u00e3o sempre no dia 30 de cada m\u00eas;<\/li>\n<li>Em caso de desist\u00eancia da P\u00f3s-Gradua\u00e7\u00e3o, at\u00e9 sete dias da realiza\u00e7\u00e3o do pagamento da taxa de matr\u00edcula ser\u00e1 restitu\u00eddo 100% do valor da taxa, ap\u00f3s sete dias, ser\u00e1 restitu\u00eddo 30% do valor, e ap\u00f3s o in\u00edcio do primeiro m\u00f3dulo n\u00e3o haver\u00e1 devolu\u00e7\u00e3o em car\u00e1ter de despesas administrativas;<\/li>\n<li>A organiza\u00e7\u00e3o se reserva do direito de adiar ou cancelar o curso caso n\u00e3o haja o n\u00famero suficiente de participantes para sua realiza\u00e7\u00e3o;<\/li>\n<li>A Bio Cursos n\u00e3o se responsabiliza em restituir valores de transportes ou hospedagem caso o curso seja cancelado.<\/li>\n<\/ul>\n<p>&nbsp;<\/p>\n<p><strong>Informa\u00e7\u00f5es e Matr\u00edculas<\/strong><\/p>\n<p><strong>(92) 3584-0031 \/ (92) 99331-5863 (Vivo) <\/strong><\/p>\n<p><strong>Consultora Comercial: Nathali Silva<\/strong><\/p>\n<p><a href=\"mailto:atendimento1@portalbiocursos.com.br\">atendimento1@portalbiocursos.com.br<\/a><\/p>\n<p>https:\/\/www.portalbiocursos.com.br\/<\/p>\n","protected":false},"featured_media":7750,"comment_status":"open","ping_status":"closed","template":"","meta":[],"product_cat":[21],"product_tag":[483],"class_list":{"0":"post-7386","1":"product","2":"type-product","3":"status-publish","4":"has-post-thumbnail","6":"product_cat-pos-graduacoes","7":"product_tag-pos-graduacao-em-ortopedia-e-traumatologia-terapia-manual-semanal","9":"first","10":"instock","11":"shipping-taxable","12":"purchasable","13":"product-type-simple"},"_links":{"self":[{"href":"https:\/\/portalbiocursos.com.br\/index.php\/wp-json\/wp\/v2\/product\/7386","targetHints":{"allow":["GET"]}}],"collection":[{"href":"https:\/\/portalbiocursos.com.br\/index.php\/wp-json\/wp\/v2\/product"}],"about":[{"href":"https:\/\/portalbiocursos.com.br\/index.php\/wp-json\/wp\/v2\/types\/product"}],"replies":[{"embeddable":true,"href":"https:\/\/portalbiocursos.com.br\/index.php\/wp-json\/wp\/v2\/comments?post=7386"}],"version-history":[{"count":1,"href":"https:\/\/portalbiocursos.com.br\/index.php\/wp-json\/wp\/v2\/product\/7386\/revisions"}],"predecessor-version":[{"id":7388,"href":"https:\/\/portalbiocursos.com.br\/index.php\/wp-json\/wp\/v2\/product\/7386\/revisions\/7388"}],"wp:featuredmedia":[{"embeddable":true,"href":"https:\/\/portalbiocursos.com.br\/index.php\/wp-json\/wp\/v2\/media\/7750"}],"wp:attachment":[{"href":"https:\/\/portalbiocursos.com.br\/index.php\/wp-json\/wp\/v2\/media?parent=7386"}],"wp:term":[{"taxonomy":"product_cat","embeddable":true,"href":"https:\/\/portalbiocursos.com.br\/index.php\/wp-json\/wp\/v2\/product_cat?post=7386"},{"taxonomy":"product_tag","embeddable":true,"href":"https:\/\/portalbiocursos.com.br\/index.php\/wp-json\/wp\/v2\/product_tag?post=7386"}],"curies":[{"name":"wp","href":"https:\/\/api.w.org\/{rel}","templated":true}]}}