{"id":70,"date":"2022-11-19T12:12:41","date_gmt":"2022-11-19T15:12:41","guid":{"rendered":"https:\/\/portalbiocursos.com.br\/?post_type=product&#038;p=70"},"modified":"2024-01-31T11:38:33","modified_gmt":"2024-01-31T14:38:33","slug":"pos-graduacao-em-acupuntura","status":"publish","type":"product","link":"https:\/\/portalbiocursos.com.br\/index.php\/produto\/pos-graduacao-em-acupuntura\/","title":{"rendered":"P\u00f3s-Gradua\u00e7\u00e3o em Acupuntura"},"content":{"rendered":"<p><strong>Turma 26<\/strong><\/p>\n<p><strong>Descri\u00e7\u00e3o<\/strong><\/p>\n<p>As evid\u00eancias dos benef\u00edcios da Acupuntura s\u00e3o comprovadas pela Organiza\u00e7\u00e3o Mundial de Sa\u00fade.\u00a0 No documento <em>\u201cAcupuncture: Review and analysis of reports on controlled clinical trials\u201d<\/em>, publicado no ano de 2002, a OMS exp\u00f5e o resultado de 25 anos de pesquisa em renomadas Institui\u00e7\u00f5es, demonstrando que 41 patologias respondem de forma eficaz ao tratamento pela Acupuntura. Baseada no Tao\u00edsmo e no Qi, energia vital, nascida h\u00e1 mais de 5 mil anos na China, a Acupuntura vem rompendo barreiras tamb\u00e9m no Ocidente, pois os seus benef\u00edcios e o seu mecanismo de funcionamento t\u00eam sido evidenciados atrav\u00e9s de pesquisas cient\u00edficas.<\/p>\n<p>O nosso curso, pioneiro em Manaus, tradicionalmente respeita as suas premissas, tanto \u00e9 que temos grupos de Professores e alunos que v\u00e3o estudar na China anualmente. Mas tamb\u00e9m valoriza a contribui\u00e7\u00e3o da ci\u00eancia atrav\u00e9s dos anos. Nesse \u00ednterim, o nosso curso objetiva: permitir a forma\u00e7\u00e3o de especialistas em Acupuntura abrangendo as diversas \u00e1reas de sa\u00fade; oferecer conhecimentos da medicina tradicional oriental como complemento \u00e0 atua\u00e7\u00e3o da Acupuntura; possibilitar ao aluno a compreens\u00e3o geral do funcionamento do corpo humano, bem como as causas e o desenvolvimento das doen\u00e7as segundo a medicina tradicional oriental e permitir a inter-rela\u00e7\u00e3o entre as t\u00e9cnicas de Acupuntura e as demais t\u00e9cnicas espec\u00edficas das diversas profiss\u00f5es da sa\u00fade.<\/p>\n","protected":false},"excerpt":{"rendered":"<p><strong>Conte\u00fado Program\u00e1tico<\/strong><\/p>\n<ul>\n<li>Introdu\u00e7\u00e3o \u00e0 Medicina Tradicional Chinesa: Hist\u00f3ria, Tao\u00edsmo, Livros Cl\u00e1ssicos, Tao Te Ching, I Ching<\/li>\n<li>Fundamentos da Medicina Tradicional Chinesa: Teoria Yin Yang, Wu Xing (5 etapas), Subst\u00e2ncias Fundamentais, Zang Fu, \u00d3rg\u00e3os Extraordin\u00e1rios<\/li>\n<li>Fisiopatologia na Medicina Tradicional Chinesa: A Origem das Desarmonias (Causas) e Identifica\u00e7\u00e3o de Padr\u00f5es<\/li>\n<li>Sistema Jing Luo (Canais e Colaterais): A grande e a pequena circula\u00e7\u00e3o; Descri\u00e7\u00e3o e Trajeto de Meridianos Principais, Distintos, Lo e Tend\u00edneos; Meridianos Maravilhosos<\/li>\n<li>Biosseguran\u00e7a e Materiais: Agulhas, Magnetos, Ventosas, Laser, Moxabust\u00e3o e Eletroacupuntura<\/li>\n<li>Estudos dos Acupontos: categoria de pontos (Shu, Arauto, Alarme, Luo, etc); Pontos dos Meridianos: P, IG, E, BP<\/li>\n<li>Estudo dos Acupuntos: C, ID, B, R, CS, TA, VB, F<\/li>\n<li><strong>Diagn\u00f3stico na Medicina Tradicional Chinesa: Palpa\u00e7\u00e3o, Pulsologia, Inspe\u00e7\u00e3o, Inspe\u00e7\u00e3o da l\u00edngua, Ausculta, Olfa\u00e7\u00e3o e Anamnese (Certifica\u00e7\u00e3o Extra)<\/strong><\/li>\n<li>Microssistema I: Aur\u00edculoacupuntura e Podopuntura<\/li>\n<li>Microssistema II: Manopuntura de Korio Sooji e Craniopuntura de Yamamoto<\/li>\n<li>Diagn\u00f3sticos e Tratamentos Modernos na Medicina Tradicional Chinesa: Ryoduraku, Introdu\u00e7\u00e3o \u00e0s Frequ\u00eancias, Wegatest<\/li>\n<li><strong>Spiral Taping, Gua Sha e Shu-Mo<\/strong> <strong>(Certifica\u00e7\u00e3o Extra)<\/strong><\/li>\n<li>Astrologia, Acupuntura Dermato-Est\u00e9tica<\/li>\n<\/ul>\n<ul>\n<li>Metodologia da Pesquisa e Produ\u00e7\u00e3o Cient\u00edfica &#8211; EAD<\/li>\n<\/ul>\n<ul>\n<li><strong>Fitoterapia e Diet\u00e9tica na Medicina Tradicional Chinesa<\/strong> <strong>(Certifica\u00e7\u00e3o Extra)<\/strong><\/li>\n<li>Especialidades em Acupuntura I: Emerg\u00eancias, Neurologia, Gineco-Obstetricia e Pediatria<\/li>\n<li>Especialidades em Acupuntura II: Cardiologia, Pneumologia, Traumato-Ortopedia e Desportiva<\/li>\n<li><strong>Ventosaterapia aplicada a Medicina Tradicional Chinesa<\/strong><\/li>\n<\/ul>\n<p><strong>Obs.: O conte\u00fado program\u00e1tico est\u00e1 sujeito a altera\u00e7\u00f5es, visando \u00e0 otimiza\u00e7\u00e3o do curso<\/strong><\/p>\n<p>&nbsp;<\/p>\n<p><strong>Est\u00e1gio<\/strong><\/p>\n<p>Obrigat\u00f3rio a partir do 8\u00ba M\u00f3dulo e encerrado at\u00e9 o 18\u00ba m\u00f3dulo. A pr\u00e1tica acontecer\u00e1 em local determinado pela Bio Cursos com o supervisor destinado pela empresa. Est\u00e1gio acontecer\u00e1 em 2 dias da semana no per\u00edodo da noite (podem acontecer altera\u00e7\u00f5es com aviso h\u00e1 tempo de programa\u00e7\u00e3o de supervisor, alunos e pacientes). Interessados n\u00e3o residentes em Manaus dever\u00e3o entrar em contato para mais informa\u00e7\u00f5es sobre o est\u00e1gio.<\/p>\n<p>&nbsp;<\/p>\n<p><strong>Resolu\u00e7\u00f5es<\/strong><\/p>\n<p>Os diversos conselhos profissionais da sa\u00fade, pela aus\u00eancia de legisla\u00e7\u00e3o normatizando e regulamentando a pr\u00e1tica da Acupuntura no Brasil para seus profissionais, editou Resolu\u00e7\u00f5es para que a forma\u00e7\u00e3o e o exerc\u00edcio possam ocorrer sem que a sociedade esteja exposta a dolo social, para estabelecer e determinar regras quanto ao corpo docente, carga hor\u00e1ria m\u00ednima e conte\u00fado program\u00e1tico do exerc\u00edcio espec\u00edfico de cada profiss\u00e3o.<\/p>\n<p><strong>\u00a0<\/strong><\/p>\n<p><strong>CFBM \u2013 Conselho Federal de Biomedicina <\/strong><\/p>\n<p>Resolu\u00e7\u00e3o CFBM n\u00ba 02, de 03\/02\/86<\/p>\n<p>Resolu\u00e7\u00e3o CFBM n\u00ba 02, de 25\/03\/1995<\/p>\n<p><strong>CFF \u2013 <\/strong><strong>Conselho Federal de Farm\u00e1cia<br \/>\n<\/strong>Resolu\u00e7\u00e3o CFF n\u00ba 353, de 23\/08\/2000<\/p>\n<p>Resolu\u00e7\u00e3o CFF n\u00ba 516, de 2009<\/p>\n<p>&nbsp;<\/p>\n<p><strong>CFFa \u2013 Conselho Federal de Fonoaudiologia<\/strong><\/p>\n<p>Resolu\u00e7\u00e3o CFFa n\u00b0 272, de 20\/04\/2001<\/p>\n<p>&nbsp;<\/p>\n<p><strong>CFMV \u2013 Conselho Federal de Medicina Veterin\u00e1ria <\/strong><\/p>\n<p>Resolu\u00e7\u00e3o CFMV n\u00ba 756, de 2003<\/p>\n<p><strong><br \/>\nCFP \u2013 Conselho Federal de Psicologia <\/strong><\/p>\n<p>Resolu\u00e7\u00e3o CFP n\u00b0 005, de 24\/05\/2002<\/p>\n<p><strong><br \/>\nCOFEN \u2013 Conselho Federal de Enfermagem <\/strong><\/p>\n<p>Resolu\u00e7\u00e3o COFEN n\u00ba 197, de 19\/03\/1997 &#8211; revogada<\/p>\n<p>Resolu\u00e7\u00e3o COFEN n\u00ba 283, de 05\/08\/2003 \u2013 revogada<\/p>\n<p>Resolu\u00e7\u00e3o COFEN n\u00ba 326\/2008<\/p>\n<p><strong><br \/>\nCOFFITO \u2013 Conselho Federal de Fisioterapia e Terapia Ocupacional <\/strong><\/p>\n<p>Resolu\u00e7\u00e3o COFFITO n\u00ba 060, de 29\/10\/1985<\/p>\n<p>Resolu\u00e7\u00e3o COFFITO n\u00ba 097, de 22\/04\/1988<\/p>\n<p>Resolu\u00e7\u00e3o COFFITO n\u00ba 201, de 24\/06\/1999 Resolu\u00e7\u00e3o COFFITO n\u00ba 219, de 14\/12\/2000 Resolu\u00e7\u00e3o COFFITO n\u00ba 221, de 23\/05\/2001<\/p>\n<p>Resolu\u00e7\u00e3o COFFITO n\u00ba 108, de 05\/06\/2001<\/p>\n<p>Resolu\u00e7\u00e3o COFFITO n\u00ba 325, de 23\/03\/2007<\/p>\n<p>Resolu\u00e7\u00e3o COFFITO n\u00ba 393 2011 \u2013 Fisioterapeutas<\/p>\n<p>Resolu\u00e7\u00e3o COFFITO n\u00ba 405 2011 \u2013 Terapeutas Ocupacionais<\/p>\n<p>&nbsp;<\/p>\n<p><strong>CONFEF \u2013 Conselho Federal de Educa\u00e7\u00e3o F\u00edsica <\/strong><\/p>\n<p>Resolu\u00e7\u00e3o CONFEF n\u00ba 069, de 16\/12\/2003<\/p>\n<p><strong>CFO &#8211; Conselho Federal de Odontologia\u00a0<\/strong><\/p>\n<p>Resolu\u00e7\u00e3o CFO n\u00ba 160, de 02\/10\/2015<\/p>\n<p><strong>Portarias do Minist\u00e9rio da Sa\u00fade<\/strong><\/p>\n<p>O Minist\u00e9rio da Sa\u00fade editou duas portarias criando e normatizando o exerc\u00edcio das Pr\u00e1ticas Integrativas e Complementares. A portaria 971 regulamentou o exerc\u00edcio multiprofissional dessas pr\u00e1ticas no SUS (Sistema \u00danico de Sa\u00fade), e a Portaria 853 estabeleceu a tabela de honor\u00e1rios.<\/p>\n<p><strong>\u00a0<\/strong><\/p>\n<p><strong>Portaria MS n\u00ba 971, de 03\/05\/2006 <\/strong><\/p>\n<p><strong>Portaria MS n\u00ba 853, de 17\/11\/2006<\/strong><\/p>\n<p>&nbsp;<\/p>\n<h3><strong>Corpo Docente<\/strong><\/h3>\n<p><strong><br \/>\n<\/strong>&#8211; Cynthya Cybelle Barros Souza, Especialista (AM)<\/p>\n<p>&#8211; Danilo Nunes de Aguiar, Mestre (GO)<\/p>\n<p>&#8211; Elton Ara\u00fajo da Silva, Especialista (AM)<\/p>\n<p>&#8211; Fernanda Ezilda Rodrigues, Especialista (AM)<\/p>\n<p>&#8211; Fernando Macedo Carvalho, Especialista (GO)<\/p>\n<p>&#8211; Ismael dos Passos Costa Pinheiro J\u00fanior, Doutor (GO)<\/p>\n<p>&#8211; Juliana Cristina Pereira Fraiz Alves, Especialista (AM)<\/p>\n<p>&#8211; Paulo Adrian Assun\u00e7\u00e3o, Mestre (AM)<\/p>\n<p>&#8211; Pedro Ivo Marini Tahan, Mestre (GO)<\/p>\n<p>&#8211; Rafael Lopes e Oliveira, Doutor, (AM)<\/p>\n<p>&#8211; Renata Mayumi, Especialista (AM)<\/p>\n<p>&#8211; Demais professores convidados<\/p>\n<p><strong>Obs.: \u00a0<\/strong><strong>O corpo docente poder\u00e1 sofrer altera\u00e7\u00f5es no decorrer do curso, por\u00e9m a Bio Cursos se compromete em manter o mesmo n\u00edvel dos professores que necessitarem ser substitu\u00eddos<\/strong><\/p>\n<p>&nbsp;<\/p>\n<h3><strong>Coordena\u00e7\u00e3o<\/strong><\/h3>\n<p><strong>Ismael dos Passos Costa Pinheiro J\u00fanior, Doutor (GO)<\/strong><\/p>\n<ul>\n<li>Doutor em Medicina Chinesa<\/li>\n<li>Graduado em Ci\u00eancias M\u00e9dicas e Ci\u00eancias Biol\u00f3gicas, Patologista Cl\u00ednico<\/li>\n<li>Autor dos Livros: \u201cO Interst\u00edcio Celular &#8211; Onde a Medicina Chinesa e a Medicina Ocidental se Encontram\u201d e \u201cO Parac\u00e9rebro &#8211; Novo Horizontes para Medicina<\/li>\n<li>Membro da World Federation of Acupuncture Societies (China) e membro da GP TMC Research Association (China)<\/li>\n<li>Diretor da Cl\u00ednica Medicina Chinesa Brasil<\/li>\n<li>Possui experi\u00eancia e resist\u00eancia no Hospital e Centro Internacional de Pesquisas de Medicina Chinesa em Tianjin University, hospital de Beijing e Hospital de Dali na China<\/li>\n<\/ul>\n<p><strong>\u00a0<\/strong><\/p>\n<h3><strong>P\u00fablico-Alvo<\/strong><\/h3>\n<p>Profissionais graduados da \u00e1rea da sa\u00fade\u00a0(vide resolu\u00e7\u00f5es dos conselhos de classe acima)<\/p>\n<h3><strong>In\u00edcio:<\/strong><\/h3>\n<p>14 e 15 de Abril de 2023<\/p>\n<p><strong>\u00a0<\/strong><strong>Hor\u00e1rios<\/strong><\/p>\n<p>Sexta-feira: 18:00 \u00e0s 23:00<br \/>\nS\u00e1bado: 08:00 \u00e0s 20:00 (com intervalo para almo\u00e7o)<\/p>\n<p><strong>\u00a0<\/strong><strong>Dura\u00e7\u00e3o<\/strong><\/p>\n<p>18 m\u00f3dulos<\/p>\n<h3><strong>Carga Hor\u00e1ria<\/strong><\/h3>\n<p>1.240 horas\/aula<\/p>\n<h3><strong>Local<\/strong><\/h3>\n<p><strong>Manaus\/AM &#8211;<\/strong> Sede da Bio Cursos \u2013 R. Rio Javari, 170 \u2013 Conj. Vieiralves (atr\u00e1s do McDonald&#8217;s da Av. Djalma Batista)<\/p>\n<p>&nbsp;<\/p>\n<h3><strong>Investimento<\/strong><\/h3>\n<p><strong>TAXA DE MATR\u00cdCULA: R$ 250,00<\/strong><\/p>\n<p><strong>Escolha uma das 4 op\u00e7\u00f5es de parcelamentos das mensalidades no boleto ou cart\u00e3o de cr\u00e9dito recorrente:<\/strong><\/p>\n<ul>\n<li><strong>18x R$ 730,00<\/strong><\/li>\n<li><strong>24x R$ 550,00<\/strong><\/li>\n<li><strong>30x R$ 450,00<\/strong><\/li>\n<li><strong>36x R$ 390,00<\/strong><\/li>\n<\/ul>\n<p><strong>Obs.: Est\u00e3o inclusos nas mensalidades acima o desconto pontualidade para o aluno (a) que efetuar o pagamento at\u00e9 a data de vencimento do boleto.<\/strong><\/p>\n<p>&nbsp;<\/p>\n<h3><strong>Documentos necess\u00e1rios<\/strong><\/h3>\n<p>Os documentos devem ser escaneados e enviados por e-mail: atendimento2@portalbiocursos.com.br<\/p>\n<ul>\n<li>CPF<\/li>\n<li>RG ou Carteira Profissional (n\u00e3o ser\u00e1 aceito CNH)<\/li>\n<li>T\u00edtulo de Eleitor<\/li>\n<li>Certid\u00e3o de Nascimento ou Casamento<\/li>\n<li>Comprovante de Resid\u00eancia atualizado<\/li>\n<li>Diploma e Hist\u00f3rico da Gradua\u00e7\u00e3o<\/li>\n<li>Documento Militar (se homem)<\/li>\n<li>Foto 3&#215;4<\/li>\n<\/ul>\n<p>&nbsp;<\/p>\n<h3><strong>Observa\u00e7\u00f5es<\/strong><\/h3>\n<ul>\n<li>Emiss\u00e3o de certificado por IES cadastrada junto ao Minist\u00e9rio da Educa\u00e7\u00e3o;<\/li>\n<li>Os vencimentos das mensalidades ser\u00e3o sempre no dia 30 de cada m\u00eas;<\/li>\n<li>Em caso de desist\u00eancia da P\u00f3s-Gradua\u00e7\u00e3o, n\u00e3o haver\u00e1 devolu\u00e7\u00e3o da taxa de matr\u00edcula em car\u00e1ter de despesas administrativas;<\/li>\n<li>A organiza\u00e7\u00e3o se reserva do direito de adiar ou cancelar o curso caso n\u00e3o haja o n\u00famero suficiente de participantes para sua realiza\u00e7\u00e3o;<\/li>\n<li>A Bio Cursos n\u00e3o se responsabiliza em restituir valores de transportes ou hospedagem caso o curso seja cancelado.<\/li>\n<\/ul>\n<h2><strong>Informa\u00e7\u00f5es e Matr\u00edculas<\/strong><\/h2>\n<p>(92) 3584-0031\/(92) 99331-5863<\/p>\n<p><strong>Consultora Comercial: Nathali Silva<\/strong><\/p>\n<p>Link direto para WhatsApp:<a href=\"https:\/\/api.whatsapp.com\/send?phone=5592993315863&amp;text=consultoraNathali\">https:\/\/whats.link\/consultoranathali<\/a><\/p>\n<p><a href=\"mailto:atendimento1@portalbiocursos.com.br\">atendimento1@portalbiocursos.com.br<\/a><\/p>\n","protected":false},"featured_media":7746,"comment_status":"open","ping_status":"closed","template":"","meta":[],"product_cat":[21],"product_tag":[36,37,24,30,23,22,161],"class_list":{"0":"post-70","1":"product","2":"type-product","3":"status-publish","4":"has-post-thumbnail","6":"product_cat-pos-graduacoes","7":"product_tag-acupuntura","8":"product_tag-acupunturista","9":"product_tag-amazonas","10":"product_tag-especializacao","11":"product_tag-manaus","12":"product_tag-pos-graduacao","13":"product_tag-pos-graduacao-em-acupuntura","15":"first","16":"instock","17":"shipping-taxable","18":"purchasable","19":"product-type-simple"},"_links":{"self":[{"href":"https:\/\/portalbiocursos.com.br\/index.php\/wp-json\/wp\/v2\/product\/70","targetHints":{"allow":["GET"]}}],"collection":[{"href":"https:\/\/portalbiocursos.com.br\/index.php\/wp-json\/wp\/v2\/product"}],"about":[{"href":"https:\/\/portalbiocursos.com.br\/index.php\/wp-json\/wp\/v2\/types\/product"}],"replies":[{"embeddable":true,"href":"https:\/\/portalbiocursos.com.br\/index.php\/wp-json\/wp\/v2\/comments?post=70"}],"version-history":[{"count":5,"href":"https:\/\/portalbiocursos.com.br\/index.php\/wp-json\/wp\/v2\/product\/70\/revisions"}],"predecessor-version":[{"id":1346,"href":"https:\/\/portalbiocursos.com.br\/index.php\/wp-json\/wp\/v2\/product\/70\/revisions\/1346"}],"wp:featuredmedia":[{"embeddable":true,"href":"https:\/\/portalbiocursos.com.br\/index.php\/wp-json\/wp\/v2\/media\/7746"}],"wp:attachment":[{"href":"https:\/\/portalbiocursos.com.br\/index.php\/wp-json\/wp\/v2\/media?parent=70"}],"wp:term":[{"taxonomy":"product_cat","embeddable":true,"href":"https:\/\/portalbiocursos.com.br\/index.php\/wp-json\/wp\/v2\/product_cat?post=70"},{"taxonomy":"product_tag","embeddable":true,"href":"https:\/\/portalbiocursos.com.br\/index.php\/wp-json\/wp\/v2\/product_tag?post=70"}],"curies":[{"name":"wp","href":"https:\/\/api.w.org\/{rel}","templated":true}]}}