{"id":6926,"date":"2024-01-04T09:14:00","date_gmt":"2024-01-04T12:14:00","guid":{"rendered":"https:\/\/portalbiocursos.com.br\/?post_type=product&#038;p=6926"},"modified":"2024-02-27T11:48:42","modified_gmt":"2024-02-27T14:48:42","slug":"pos-graduacao-em-ergonomia","status":"publish","type":"product","link":"https:\/\/portalbiocursos.com.br\/index.php\/produto\/pos-graduacao-em-ergonomia\/","title":{"rendered":"P\u00f3s-Gradua\u00e7\u00e3o em Ergonomia"},"content":{"rendered":"<p>Devido ao n\u00famero grande de empresas na regi\u00e3o de Manaus e \u00e0 crescente necessidade de procedimentos especiais, tais como avalia\u00e7\u00f5es ergon\u00f4micas, programas preventivos e corretivos, melhoria de produtos e processos, dentre outros, vem sendo crescente a necessidade de profissionais altamente qualificados. O curso de especializa\u00e7\u00e3o em Ergonomia acontece na Bio Cursos desde 2010 e \u00e9 de grande valia para a regi\u00e3o e para a Institui\u00e7\u00e3o, principalmente pela integra\u00e7\u00e3o que proporciona com \u00e1reas multiprofissionais, tais como engenharia, fisioterapia, administra\u00e7\u00e3o, educa\u00e7\u00e3o f\u00edsica, medicina, terapia ocupacional, direito, psicologia, dentre outras.<\/p>\n<p>Em virtude do expressivo n\u00famero de afastamentos e acidentes do trabalho ocorridos em diversas organiza\u00e7\u00f5es nacionais e multinacionais, um grande n\u00famero de acidentados e com incapacidades funcionais s\u00e3o provenientes da n\u00e3o objetiva\u00e7\u00e3o ergon\u00f4mica. Assim como in\u00fameras perdas no processo e m\u00e1 projeta\u00e7\u00f5es de produto tamb\u00e9m o s\u00e3o. Com isso, as organiza\u00e7\u00f5es v\u00eam enfrentando uma triste realidade: um n\u00famero crescente de afastamentos, de indeniza\u00e7\u00f5es, absente\u00edsmo, descontrole por parte dos departamentos de recursos humanos, sa\u00fade e seguran\u00e7a do trabalho, e que consequentemente acarreta em preju\u00edzo, perda de moral e produtividade.<\/p>\n<p>Para colaborar na resolu\u00e7\u00e3o destes problemas, atrav\u00e9s da minimiza\u00e7\u00e3o, elimina\u00e7\u00e3o e controle de itens em ergonomia, o mercado atual necessita cada vez mais da forma\u00e7\u00e3o de especialistas na \u00e1rea.<\/p>\n","protected":false},"excerpt":{"rendered":"<p>Devido ao n\u00famero grande de empresas na regi\u00e3o de Manaus e \u00e0 crescente necessidade de procedimentos especiais, tais como avalia\u00e7\u00f5es ergon\u00f4micas, programas preventivos e corretivos, melhoria de produtos e processos, dentre outros, vem sendo crescente a necessidade de profissionais altamente qualificados. O curso de especializa\u00e7\u00e3o em Ergonomia acontece na Bio Cursos desde 2010 e \u00e9 [&hellip;]<\/p>\n","protected":false},"featured_media":7752,"comment_status":"open","ping_status":"closed","template":"","meta":[],"product_cat":[21],"product_tag":[452],"class_list":{"0":"post-6926","1":"product","2":"type-product","3":"status-publish","4":"has-post-thumbnail","6":"product_cat-pos-graduacoes","7":"product_tag-pos-graduacao-em-ergonomia","9":"first","10":"instock","11":"shipping-taxable","12":"purchasable","13":"product-type-simple"},"_links":{"self":[{"href":"https:\/\/portalbiocursos.com.br\/index.php\/wp-json\/wp\/v2\/product\/6926","targetHints":{"allow":["GET"]}}],"collection":[{"href":"https:\/\/portalbiocursos.com.br\/index.php\/wp-json\/wp\/v2\/product"}],"about":[{"href":"https:\/\/portalbiocursos.com.br\/index.php\/wp-json\/wp\/v2\/types\/product"}],"replies":[{"embeddable":true,"href":"https:\/\/portalbiocursos.com.br\/index.php\/wp-json\/wp\/v2\/comments?post=6926"}],"version-history":[{"count":1,"href":"https:\/\/portalbiocursos.com.br\/index.php\/wp-json\/wp\/v2\/product\/6926\/revisions"}],"predecessor-version":[{"id":6928,"href":"https:\/\/portalbiocursos.com.br\/index.php\/wp-json\/wp\/v2\/product\/6926\/revisions\/6928"}],"wp:featuredmedia":[{"embeddable":true,"href":"https:\/\/portalbiocursos.com.br\/index.php\/wp-json\/wp\/v2\/media\/7752"}],"wp:attachment":[{"href":"https:\/\/portalbiocursos.com.br\/index.php\/wp-json\/wp\/v2\/media?parent=6926"}],"wp:term":[{"taxonomy":"product_cat","embeddable":true,"href":"https:\/\/portalbiocursos.com.br\/index.php\/wp-json\/wp\/v2\/product_cat?post=6926"},{"taxonomy":"product_tag","embeddable":true,"href":"https:\/\/portalbiocursos.com.br\/index.php\/wp-json\/wp\/v2\/product_tag?post=6926"}],"curies":[{"name":"wp","href":"https:\/\/api.w.org\/{rel}","templated":true}]}}