{"id":68,"date":"2022-11-19T11:38:30","date_gmt":"2022-11-19T14:38:30","guid":{"rendered":"https:\/\/portalbiocursos.com.br\/?post_type=product&#038;p=68"},"modified":"2025-06-02T14:59:55","modified_gmt":"2025-06-02T17:59:55","slug":"pos-graduacao-em-biologia-estetica","status":"publish","type":"product","link":"https:\/\/portalbiocursos.com.br\/index.php\/produto\/pos-graduacao-em-biologia-estetica\/","title":{"rendered":"P\u00f3s-Gradua\u00e7\u00e3o em Biologia Est\u00e9tica Avan\u00e7ada"},"content":{"rendered":"<h3><strong>Turma 4<\/strong><\/h3>\n<h3><strong>\u00a0<\/strong><strong>Descri\u00e7\u00e3o<\/strong><\/h3>\n<p>O curso de p\u00f3s-gradua\u00e7\u00e3o <em>lato sensu\u00a0em Biologia Est\u00e9tica <\/em>est\u00e1 sendo proposto para atender \u00e0s necessidades dos profissionais, preparando, capacitando e desenvolvendo t\u00e9cnicas voltadas \u00e0 \u00e1rea da biologia est\u00e9tica com habilidade, seguran\u00e7a e compet\u00eancia. Com amplo embasamento te\u00f3rico e pr\u00e1tico para que o profissional entenda melhor os mecanismos de a\u00e7\u00e3o de cada procedimento a ser realizado.<\/p>\n<p>O profissional especializado atuar\u00e1 em cl\u00ednicas especializadas com s\u00f3lido conhecimento t\u00e9cnico e cient\u00edfico, podendo atuar como respons\u00e1vel t\u00e9cnico de estabelecimentos voltados ao setor de acordo com sua forma\u00e7\u00e3o. Com isso, pode garantir um atendimento personalizado para um p\u00fablico cada vez mais exigente, e ainda pode atuar com consultoria em cl\u00ednicas e empresas do setor.<\/p>\n<p>Os profissionais que buscam mais conhecimentos, inclusive com aprofundamento cient\u00edfico, s\u00e3o os que t\u00eam mais chance de sucesso.<\/p>\n","protected":false},"excerpt":{"rendered":"<h3><strong>Conte\u00fado Program\u00e1tico<\/strong><\/h3>\n<ul>\n<li>Anatomofisiologia e Altera\u00e7\u00f5es Dermatofisiol\u00f3gicas em Biologia Est\u00e9tica<\/li>\n<li>Avalia\u00e7\u00e3o e Semiologia em Disfun\u00e7\u00f5es em Biologia Est\u00e9tica<\/li>\n<li>Cosmetologia e Nutrac\u00eauticos em Biologia Est\u00e9tica<\/li>\n<li>Bio\u00e9tica, Biosseguran\u00e7a e Primeiros Socorros Aplicados \u00e0 Biologia Est\u00e9tica<\/li>\n<li>Ozonioterapia aplicada \u00e0 Biologia Est\u00e9tica<\/li>\n<li>Eletroterapia aplicada em Biologia Est\u00e9tica (Endermoterapia, Ultrasom, Corrente Russa, Ultracavita\u00e7\u00e3o)<\/li>\n<li>Alta Tecnologia aplicada \u00e0 Biologia Est\u00e9tica (Ondas de Choque, Radiofrequ\u00eancia, Criolip\u00f3lise e Criofrequ\u00eancia)<\/li>\n<li>Laserterapia de Baixa Pot\u00eancia e IPL (Luz Intensa Pulsada) \/Fotodepila\u00e7\u00e3o, LED e Laserterapia de Alta Pot\u00eancia em Biologia Est\u00e9tica<\/li>\n<li>Indu\u00e7\u00e3o Percut\u00e2nea de Col\u00e1geno atrav\u00e9s de Microles\u00f5es Controladas (Microagulhamento) \u2013 <u>Pr\u00e1tica Demonstrativa<\/u><\/li>\n<li>Metodologia da Pesquisa e Produ\u00e7\u00e3o Cient\u00edfica &#8211; EAD<\/li>\n<li>Nutri\u00e7\u00e3o em Biologia Est\u00e9tica<\/li>\n<li><strong>Carboxiterapia Corporal e Facial (Certifica\u00e7\u00e3o Extra)<\/strong><\/li>\n<li><strong>T\u00e9cnicas de SPA e Drenagem Linf\u00e1tica Manual (Certifica\u00e7\u00e3o Extra)<\/strong><\/li>\n<li><strong>Peelings Mec\u00e2nicos, Qu\u00edmicos e Enzim\u00e1ticos em Biologia Est\u00e9tica (Certifica\u00e7\u00e3o Extra)<\/strong><\/li>\n<li>Intradermoterapia, Intramuscular e Prescri\u00e7\u00e3o Farmacol\u00f3gica em Biologia Est\u00e9tica<\/li>\n<li>Procedimentos Est\u00e9ticos Injet\u00e1veis para Microvasos (PEIM) e Hidrolipoclasia em Biologia Est\u00e9tica \u2013 <u>Pr\u00e1tica Demonstrativa<\/u><\/li>\n<li>Procedimentos com Toxina Botul\u00ednica e Preenchimento Facial e Fios de Sustenta\u00e7\u00e3o em Biologia Est\u00e9tica \u2013 <u>Pr\u00e1tica Demonstrativa<\/u><\/li>\n<li>Ambulat\u00f3rio Pr\u00e1tico nas Disfun\u00e7\u00f5es Est\u00e9ticas Corporais e Faciais em Biologia Est\u00e9tica<\/li>\n<\/ul>\n<p><strong>Obs.: O conte\u00fado program\u00e1tico est\u00e1 sujeito a altera\u00e7\u00f5es, visando \u00e0 otimiza\u00e7\u00e3o do curso.<\/strong><\/p>\n<p>&nbsp;<\/p>\n<h3><strong>Corpo Docente<\/strong><\/h3>\n<p>&#8211; Adria Yared Sadala, Mestra (AM)<br \/>\n&#8211; Adriana Cristiano Rodrigues, Especialista (SP)<br \/>\n&#8211; Adriana Miranda Azevedo, Mestra (AM)<br \/>\n&#8211; Andrea Louren\u00e7o de Oliveira, Especialista (SP)<br \/>\n&#8211; Arainy Su\u00e9ly Antunes, Mestra (SP)<br \/>\n&#8211; Elton Ara\u00fajo da Silva, Especialista (AM)<br \/>\n&#8211; Fab\u00edola Silva Garcia Pra\u00e7a, PhD (SP)<br \/>\n&#8211; Landa Angelin Bezerra Lisboa dos Santos, Especialista (AM)<br \/>\n&#8211; Leonardo Alessandro da Silva Batista, Especialista (AM)<br \/>\n&#8211; Lidiane Rocha Mota, Mestra (SP)<br \/>\n&#8211; Michele Akemi Mishioka, Mestra (SP)<br \/>\n&#8211; Pamela Barbosa Arantes, Mestra (SP)<br \/>\n&#8211; Paula Moretto Cardoso Simionato, Mestra (SP)<br \/>\n&#8211; Rafael Lopes e Oliveira, Doutor (SP)<br \/>\n&#8211; Tais Amadio Menegat, Especialista (SP)<br \/>\n&#8211; Tatiana da Costa Jansen, Doutora (AM)<br \/>\n&#8211; Thuanny Karla Farina Moniz, Especialista (SP)<\/p>\n<p>&#8211; Demais Professores Convidados<\/p>\n<p><strong>* O corpo docente poder\u00e1 sofrer altera\u00e7\u00f5es no decorrer do curso, por\u00e9m a Bio Cursos se compromete em manter o mesmo n\u00edvel dos professores que necessitarem ser substitu\u00eddos<\/strong><\/p>\n<p><strong>\u00a0<\/strong><\/p>\n<h3>Materiais disponibilizados para as aulas<\/h3>\n<p><strong>Aparelhos Ibramed<\/strong><\/p>\n<p>&#8211; Hooke (Radiofrequ\u00eancia)<\/p>\n<p>&#8211; Heccus (Terapia Combinada)<\/p>\n<p>&#8211; Ares (Carboxiterapia)<\/p>\n<p>&#8211; Sonofocus (Lipocavitador)<\/p>\n<p>&#8211; HF (Alta Frequ\u00eancia)<\/p>\n<p>&#8211; Neurodyn 10 canais (Corrente-Russa), Neurodyn Esthetic, Neurodyn (Eletrolip\u00f3lise)<\/p>\n<p>&#8211; Neurodyn High Volt (Russa)<\/p>\n<p>&#8211; Dermotonus Slim (Vacuoterapia e Peeling Diamante)<\/p>\n<p>&#8211; Dermotonus Esthetic (Vacuoterapia, Peeling Diamante e Cristal)<\/p>\n<p>&#8211; Dermosteam (Vapor de Oz\u00f4nio)<\/p>\n<p>&#8211; Striat<\/p>\n<p>&#8211; Sonopulse (Ultrassom)<\/p>\n<p>&#8211; Laserpulse com canetas 660NM e 830NM<\/p>\n<p>&#8211; Sonopeel (Peeling Ultrass\u00f4nico)<\/p>\n<p>&#8211; Lyra (IPL)<\/p>\n<p>&#8211; Neurodyn &#8211; TENS FES PORTABLE.<\/p>\n<p>&#8211; Modellata c\/ Rack &#8211; Terapia Vibro oscilat\u00f3ria<\/p>\n<p>&#8211; Thork 1 aplic c\/ rack (Ondas de choque)<\/p>\n<p>&nbsp;<\/p>\n<h3><strong>Aparelhos KLD<\/strong><\/h3>\n<p>&#8211; Avatar CUATRO (Ultrasom de 3 MHz)<\/p>\n<p>&#8211; Avatar Esthetic (Equipamento Computadorizado de Ultracavita\u00e7\u00e3o)<\/p>\n<p>&#8211; Avatar Kavix (Equipamento Microprocessado de Ultracavita\u00e7\u00e3o)<\/p>\n<p>&#8211; Endophoton Esthetic (Fototerapia e Laserterapia)<\/p>\n<p>&#8211; Hertix Smart (Radiofrequ\u00eancia)<\/p>\n<p>&#8211; Manthus Start (Terapia Combinada)<\/p>\n<p>&#8211; Sycor (Carboxiterapia)<\/p>\n<p><strong>&#8211; <\/strong>Hertix Smart Criog\u00eanica (Crio frequ\u00eancia)<\/p>\n<p>-Hygiaplasma &#8211; (Jato de Plasma)<\/p>\n<p>&nbsp;<\/p>\n<h3><strong>Aparelhos Tonederm<\/strong><\/h3>\n<p>&#8211; Spectra Face plus (Radiofrequ\u00eancia)<\/p>\n<p>&nbsp;<\/p>\n<h3><strong>Aparelhos HTM<\/strong><\/h3>\n<p>&#8211; \u00a0Criolip\u00f3lise Beauty Shape<\/p>\n<p><strong>&#8211; <\/strong>Stimulus face Maxx (Alta frequ\u00eancia e Pelling Ultrass\u00f4nico)<\/p>\n<p>&#8211;\u00a0Dermo Crystal (Edermo e V\u00e1cuo)<\/p>\n<p>&#8211; Effect &#8211; (Radiofrequ\u00eancia)<\/p>\n<p>&#8211; H\u00edbridi (Ultrassom alta pot\u00eancia)<\/p>\n<p><strong>\u00a0<\/strong><\/p>\n<h3><strong>Aparelhos DMC<\/strong><\/h3>\n<p>&#8211; Therapy XT<\/p>\n<p>&#8211; Elite Olympus (Led Azul e Ambar\u00eas)<\/p>\n<p>-Iphoton (Basall) \u2013 LED<\/p>\n<p>&nbsp;<\/p>\n<h3><strong>Outros<\/strong><\/h3>\n<p>&#8211; New Skin (MMO)<\/p>\n<p>&#8211; Ozonioterapia (Ozonic)<\/p>\n<p>&#8211; Macas confort\u00e1veis da Legno para aulas pr\u00e1ticas<\/p>\n<p>&#8211; Cosm\u00e9ticos Adcos, Linha\u00a0Ad\u00e9lia Mendon\u00e7a, Bel Col, be Belle (Linha Ludmila Bonelli) e manipulados para protocolos e pr\u00e1ticas em sala<\/p>\n<p>&nbsp;<\/p>\n<h3><strong>Coordena\u00e7\u00e3o<\/strong><\/h3>\n<p><strong>Prof\u00ba Dr. Lu\u00eds Ferreira Monteiro Neto (SP)<\/strong><\/p>\n<ul>\n<li>Fisioterapeuta \u2013 Unisalesiano-Lins \u2013 e Educador F\u00edsico \u2013 FEFISA<\/li>\n<li>Especialista em Bases e M\u00e9todos de Avalia\u00e7\u00e3o Biomec\u00e2nica do Movimento Humano \u2013 Salesiano<\/li>\n<li>P\u00f3s-gradua\u00e7\u00e3o em Est\u00e9tica avan\u00e7ada<\/li>\n<li>Mestre em Engenharia Biom\u00e9dica \u2013 UNIVAP<\/li>\n<li>Doutor em Ci\u00eancias da Sa\u00fade \u2013 FAMERP<\/li>\n<li>Atua\u00e7\u00e3o como doc\u00eancia a mais de 24 anos<\/li>\n<li>CO-autor do CD Laserterapia para fisioterapia<\/li>\n<li>Autor do Cap\u00edtulo Realidade Virtual em Reabilita\u00e7\u00e3o do Livro Fisioterapia Neurol\u00f3gica \u2013 Manole 2011<\/li>\n<li>Autor do Cap\u00edtulo Fotogrametria computadorizada aplicada na avalia\u00e7\u00e3o facial, Livro Cicatrizes de Acne da avalia\u00e7\u00e3o ao tratamento \u2013 CR8, 2018<\/li>\n<li>Autor do Cap\u00edtulo Crochetagem Mioaponeur\u00f3tica, livro Abordagens terap\u00eauticas em sequelas de queimaduras- Est\u00e9tica Expert 2019<\/li>\n<li>Forma\u00e7\u00f5es internacionais em CMA<\/li>\n<li>Forma\u00e7\u00e3o Internacional em IASTM<\/li>\n<li>Forma\u00e7\u00e3o em Manipula\u00e7\u00e3o fascial e visceral<\/li>\n<li>Idealizador do M\u00e9todo Myofascial Release e das Marcas Ventosa Miofascial, Myotools e MioGun<\/li>\n<li>Ministra cursos na \u00e1rea de pesquisa da f\u00e1scia a mais de 14 anos<\/li>\n<\/ul>\n<p><strong>\u00a0<\/strong><\/p>\n<h3><strong>P\u00fablico-Alvo<\/strong><\/h3>\n<p>Profissionais Graduados em Biologia (licenciatura ou bacharel)<\/p>\n<p>&nbsp;<\/p>\n<h3><strong>In\u00edcio<\/strong><\/h3>\n<p>17 e 18 de Mar\u00e7o de 2023<\/p>\n<p>&nbsp;<\/p>\n<h3><strong>Hor\u00e1rios<\/strong><\/h3>\n<p>Sexta-feira: 18:00 \u00e0s 23:00<\/p>\n<p>S\u00e1bado: 08:00 \u00e0s 20:00 (com intervalo para almo\u00e7o)<\/p>\n<p><strong>\u00a0<\/strong><\/p>\n<h3><strong>Dura\u00e7\u00e3o<\/strong><\/h3>\n<p>18 m\u00f3dulos<\/p>\n<p>&nbsp;<\/p>\n<h3><strong>Carga Hor\u00e1ria<\/strong><\/h3>\n<p>360h\/aula<\/p>\n<p>&nbsp;<\/p>\n<h3><strong>Local<\/strong><\/h3>\n<p><strong>Manaus\/AM:<\/strong> Sede da Bio Cursos \u2013 Rua Rio Javari, n. 170 \u2013 Conj. Vieiralves (atr\u00e1s do McDonald&#8217;s da Av. Djalma Batista)<\/p>\n<p>&nbsp;<\/p>\n<h3><strong>Investimento<\/strong><\/h3>\n<p><strong>Taxa de matr\u00edcula: R$ 250,00<\/strong><\/p>\n<p><strong>Escolha uma das 4 op\u00e7\u00f5es de parcelamentos das mensalidades no boleto ou cart\u00e3o de cr\u00e9dito recorrente:<\/strong><\/p>\n<ul>\n<li><strong>18x R$ 790,00<\/strong><\/li>\n<li><strong>24x R$ 599,00<\/strong><\/li>\n<li><strong>30x R$ 490,00<\/strong><\/li>\n<li><strong>36x R$ 420,00<\/strong><\/li>\n<\/ul>\n<p><strong>\u00a0<\/strong><\/p>\n<p><strong>Desconto para Bi\u00f3logos registrados e regulares no sistema CFBio \/ CRBios <\/strong><\/p>\n<ul>\n<li><strong>18x R$ 715,00<\/strong><\/li>\n<li><strong>24x R$ 538,85<\/strong><\/li>\n<li><strong>30x R$ 448,50<\/strong><\/li>\n<li><strong>36x R$ 403,00<\/strong><\/li>\n<\/ul>\n<p><strong>Obs.: J\u00e1 est\u00e3o inclusos nas mensalidades acima o desconto pontualidade para o aluno que efetuar o pagamento at\u00e9 a data de vencimento do boleto<\/strong><\/p>\n<p>&nbsp;<\/p>\n<h3><strong>Documentos necess\u00e1rios<\/strong><\/h3>\n<p>Os documentos devem ser escaneados e enviados por e-mail: atendimento2@portalbiocursos.com.br<\/p>\n<ul>\n<li>CPF<\/li>\n<li>RG ou Carteira Profissional (n\u00e3o ser\u00e1 aceito CNH)<\/li>\n<li>T\u00edtulo de Eleitor<\/li>\n<li>Certid\u00e3o de Nascimento ou Casamento<\/li>\n<li>Comprovante de Resid\u00eancia atualizado<\/li>\n<li>Diploma e Hist\u00f3rico da Gradua\u00e7\u00e3o (frente e verso)<\/li>\n<li>Documento Militar (se homem)<\/li>\n<li>Foto 3&#215;4<\/li>\n<\/ul>\n<p><strong>\u00a0<\/strong><\/p>\n<h3><strong>Observa\u00e7\u00f5es<\/strong><\/h3>\n<ul>\n<li>Emiss\u00e3o de certificado por IES cadastrada junto ao Minist\u00e9rio da Educa\u00e7\u00e3o;<\/li>\n<li>A primeira mensalidade pode ser\u00e1 paga no 1\u00ba dia de aula;<\/li>\n<li>Ap\u00f3s o pagamento da primeira mensalidade, os pr\u00f3ximos vencimentos ser\u00e3o sempre no dia 30 de cada m\u00eas;<\/li>\n<li>Em caso de desist\u00eancia da P\u00f3s-Gradua\u00e7\u00e3o, n\u00e3o haver\u00e1 devolu\u00e7\u00e3o da taxa de matr\u00edcula em car\u00e1ter de despesas administrativas;<\/li>\n<li>A organiza\u00e7\u00e3o se reserva do direito de adiar ou cancelar o curso caso n\u00e3o haja o n\u00famero suficiente de participantes para sua realiza\u00e7\u00e3o;<\/li>\n<li>A Bio Cursos n\u00e3o se responsabiliza em restituir valores de transportes ou hospedagem caso o curso seja cancelado.<\/li>\n<\/ul>\n<p><strong>\u00a0<\/strong><\/p>\n<h3><strong>Informa\u00e7\u00f5es e Matr\u00edculas<\/strong><\/h3>\n<p><strong>(92) 3584-0031 \/ (92) 99331-5863 (Vivo) <\/strong><\/p>\n<p><strong>Consultora Comercial: Nathali Silva<\/strong><\/p>\n<p><a href=\"mailto:atendimento1@portalbiocursos.com.br\">atendimento1@portalbiocursos.com.br<\/a><\/p>\n<p>https:\/\/www.portalbiocursos.com.br\/<\/p>\n<p>&nbsp;<\/p>\n","protected":false},"featured_media":11467,"comment_status":"open","ping_status":"closed","template":"","meta":[],"product_cat":[21],"product_tag":[24,33,35,34,29,23,22,160,174],"class_list":{"0":"post-68","1":"product","2":"type-product","3":"status-publish","4":"has-post-thumbnail","6":"product_cat-pos-graduacoes","7":"product_tag-amazonas","8":"product_tag-biologia-estetica","9":"product_tag-biologo-esteta","10":"product_tag-biologos","11":"product_tag-estetica","12":"product_tag-manaus","13":"product_tag-pos-graduacao","14":"product_tag-pos-graduacao-biologia-estetica","15":"product_tag-pos-graduacao-em-biologia-estetica","17":"first","18":"instock","19":"shipping-taxable","20":"purchasable","21":"product-type-simple"},"_links":{"self":[{"href":"https:\/\/portalbiocursos.com.br\/index.php\/wp-json\/wp\/v2\/product\/68","targetHints":{"allow":["GET"]}}],"collection":[{"href":"https:\/\/portalbiocursos.com.br\/index.php\/wp-json\/wp\/v2\/product"}],"about":[{"href":"https:\/\/portalbiocursos.com.br\/index.php\/wp-json\/wp\/v2\/types\/product"}],"replies":[{"embeddable":true,"href":"https:\/\/portalbiocursos.com.br\/index.php\/wp-json\/wp\/v2\/comments?post=68"}],"version-history":[{"count":5,"href":"https:\/\/portalbiocursos.com.br\/index.php\/wp-json\/wp\/v2\/product\/68\/revisions"}],"predecessor-version":[{"id":11468,"href":"https:\/\/portalbiocursos.com.br\/index.php\/wp-json\/wp\/v2\/product\/68\/revisions\/11468"}],"wp:featuredmedia":[{"embeddable":true,"href":"https:\/\/portalbiocursos.com.br\/index.php\/wp-json\/wp\/v2\/media\/11467"}],"wp:attachment":[{"href":"https:\/\/portalbiocursos.com.br\/index.php\/wp-json\/wp\/v2\/media?parent=68"}],"wp:term":[{"taxonomy":"product_cat","embeddable":true,"href":"https:\/\/portalbiocursos.com.br\/index.php\/wp-json\/wp\/v2\/product_cat?post=68"},{"taxonomy":"product_tag","embeddable":true,"href":"https:\/\/portalbiocursos.com.br\/index.php\/wp-json\/wp\/v2\/product_tag?post=68"}],"curies":[{"name":"wp","href":"https:\/\/api.w.org\/{rel}","templated":true}]}}