{"id":6754,"date":"2023-11-23T15:59:43","date_gmt":"2023-11-23T18:59:43","guid":{"rendered":"https:\/\/portalbiocursos.com.br\/?post_type=product&#038;p=6754"},"modified":"2025-11-05T11:55:39","modified_gmt":"2025-11-05T14:55:39","slug":"pose-fisioneuro-stm03","status":"publish","type":"product","link":"https:\/\/portalbiocursos.com.br\/index.php\/produto\/pose-fisioneuro-stm03\/","title":{"rendered":"P\u00f3s-Gradua\u00e7\u00e3o em Fisioterapia Neurofuncional &#8211; Santar\u00e9m\/PA"},"content":{"rendered":"<p>O crescente envelhecimento da popula\u00e7\u00e3o brasileira e o aumento da expectativa de vida predisp\u00f5em cada vez mais os indiv\u00edduos \u00e0s morbidades provenientes das doen\u00e7as neurodegenerativas. Os dist\u00farbios neurol\u00f3gicos comumente causam altera\u00e7\u00f5es tempor\u00e1rias ou permanentes, que prejudicam o indiv\u00edduo em suas fun\u00e7\u00f5es di\u00e1rias e profissionais, tornando-o dependente de terceiros, levando \u00e0 grande impacto nos dom\u00ednios econ\u00f4mico, social, f\u00edsico e emocional. Diante disso, a abordagem fisioterap\u00eautica ao paciente neurol\u00f3gico necessita cada vez mais de especializa\u00e7\u00e3o e atualiza\u00e7\u00e3o baseada em evid\u00eancias cient\u00edficas. Tal abordagem espec\u00edfica torna a reabilita\u00e7\u00e3o mais eficaz, melhorando a qualidade de vida dos pacientes. Sendo assim, a Fisioterapia Neurofuncional \u00e9 um campo de atua\u00e7\u00e3o profissional em avan\u00e7o e a cria\u00e7\u00e3o de um programa de P\u00f3s-Gradua\u00e7\u00e3o nesta \u00e1rea visa suprir car\u00eancias na forma\u00e7\u00e3o de profissionais especializados, contribuindo para o desenvolvimento regional sob o ponto de vista econ\u00f4mico e social.<\/p>\n<p>O corpo docente altamente qualificado \u00e9 o diferencial desta P\u00f3s-Gradua\u00e7\u00e3o. Formado por Doutores, Mestres e Especialistas habituados a trabalhar com a Neurofuncional em seu dia-a-dia, os mesmos est\u00e3o engajados nos \u00d3rg\u00e3os, Hospitais, Cl\u00ednicas e Universidades mais importantes da \u00e1rea. Com a coordena\u00e7\u00e3o da Doutora Richelma Barbosa, a inten\u00e7\u00e3o \u00e9 tornar o aprendizado o mais pr\u00e1tico poss\u00edvel.<\/p>\n","protected":false},"excerpt":{"rendered":"<p>O crescente envelhecimento da popula\u00e7\u00e3o brasileira e o aumento da expectativa de vida predisp\u00f5em cada vez mais os indiv\u00edduos \u00e0s morbidades provenientes das doen\u00e7as neurodegenerativas. Os dist\u00farbios neurol\u00f3gicos comumente causam altera\u00e7\u00f5es tempor\u00e1rias ou permanentes, que prejudicam o indiv\u00edduo em suas fun\u00e7\u00f5es di\u00e1rias e profissionais, tornando-o dependente de terceiros, levando \u00e0 grande impacto nos dom\u00ednios econ\u00f4mico, [&hellip;]<\/p>\n","protected":false},"featured_media":7756,"comment_status":"open","ping_status":"closed","template":"","meta":[],"product_cat":[21],"product_tag":[437],"class_list":{"0":"post-6754","1":"product","2":"type-product","3":"status-publish","4":"has-post-thumbnail","6":"product_cat-pos-graduacoes","7":"product_tag-pos-graduacao-em-fisioterapia-neurofuncional-santarem-pa","9":"first","10":"instock","11":"shipping-taxable","12":"purchasable","13":"product-type-simple"},"_links":{"self":[{"href":"https:\/\/portalbiocursos.com.br\/index.php\/wp-json\/wp\/v2\/product\/6754","targetHints":{"allow":["GET"]}}],"collection":[{"href":"https:\/\/portalbiocursos.com.br\/index.php\/wp-json\/wp\/v2\/product"}],"about":[{"href":"https:\/\/portalbiocursos.com.br\/index.php\/wp-json\/wp\/v2\/types\/product"}],"replies":[{"embeddable":true,"href":"https:\/\/portalbiocursos.com.br\/index.php\/wp-json\/wp\/v2\/comments?post=6754"}],"version-history":[{"count":1,"href":"https:\/\/portalbiocursos.com.br\/index.php\/wp-json\/wp\/v2\/product\/6754\/revisions"}],"predecessor-version":[{"id":6755,"href":"https:\/\/portalbiocursos.com.br\/index.php\/wp-json\/wp\/v2\/product\/6754\/revisions\/6755"}],"wp:featuredmedia":[{"embeddable":true,"href":"https:\/\/portalbiocursos.com.br\/index.php\/wp-json\/wp\/v2\/media\/7756"}],"wp:attachment":[{"href":"https:\/\/portalbiocursos.com.br\/index.php\/wp-json\/wp\/v2\/media?parent=6754"}],"wp:term":[{"taxonomy":"product_cat","embeddable":true,"href":"https:\/\/portalbiocursos.com.br\/index.php\/wp-json\/wp\/v2\/product_cat?post=6754"},{"taxonomy":"product_tag","embeddable":true,"href":"https:\/\/portalbiocursos.com.br\/index.php\/wp-json\/wp\/v2\/product_tag?post=6754"}],"curies":[{"name":"wp","href":"https:\/\/api.w.org\/{rel}","templated":true}]}}