{"id":6751,"date":"2023-11-29T17:17:58","date_gmt":"2023-11-29T20:17:58","guid":{"rendered":"https:\/\/portalbiocursos.com.br\/?post_type=product&#038;p=6751"},"modified":"2024-02-21T09:05:07","modified_gmt":"2024-02-21T12:05:07","slug":"fisiodermatofuncional-stm","status":"publish","type":"product","link":"https:\/\/portalbiocursos.com.br\/index.php\/produto\/fisiodermatofuncional-stm\/","title":{"rendered":"P\u00f3s-Gradua\u00e7\u00e3o em Fisioterapia Dermatofuncional &#8211; Santar\u00e9m\/PA"},"content":{"rendered":"<p>A demanda de pacientes com altera\u00e7\u00f5es decorrentes dos dist\u00farbios end\u00f3crino-metab\u00f3licos, tegumentares, vasculares e de cicatriza\u00e7\u00e3o, permitiu \u00e0 Fisioterapia ampliar sua \u00e1rea de atua\u00e7\u00e3o, propondo a recupera\u00e7\u00e3o f\u00edsico-est\u00e9tico-funcional.<\/p>\n<p>A P\u00f3s-Gradua\u00e7\u00e3o em Fisioterapia Dermatofuncional tem como caracter\u00edstica m\u00f3dulos pr\u00e1ticos, voltados para o que h\u00e1 de mais atual na \u00e1rea. Por este motivo, o corpo docente \u00e9 formado por pessoas habituadas a ministrarem cursos no Brasil, atuantes em seus atendimentos cl\u00ednicos, engajadas com o que h\u00e1 de mais novo, e tamb\u00e9m por fisioterapeutas envolvidos com a pesquisa, para que a grade curricular seja a mais completa poss\u00edvel.<\/p>\n<p>As disciplinas foram elaboradas de modo a refletir as pesquisas recentes no atendimento a pessoas com disfun\u00e7\u00f5es fisiol\u00f3gicas e est\u00e9ticas na \u00e1rea da Dermatofuncional. Busca-se a maximiza\u00e7\u00e3o dos recursos t\u00e9cnicos fisioterap\u00eauticos para um bom atendimento.<\/p>\n","protected":false},"excerpt":{"rendered":"<p>A demanda de pacientes com altera\u00e7\u00f5es decorrentes dos dist\u00farbios end\u00f3crino-metab\u00f3licos, tegumentares, vasculares e de cicatriza\u00e7\u00e3o, permitiu \u00e0 Fisioterapia ampliar sua \u00e1rea de atua\u00e7\u00e3o, propondo a recupera\u00e7\u00e3o f\u00edsico-est\u00e9tico-funcional. A P\u00f3s-Gradua\u00e7\u00e3o em Fisioterapia Dermatofuncional tem como caracter\u00edstica m\u00f3dulos pr\u00e1ticos, voltados para o que h\u00e1 de mais atual na \u00e1rea. Por este motivo, o corpo docente \u00e9 formado [&hellip;]<\/p>\n","protected":false},"featured_media":7841,"comment_status":"open","ping_status":"closed","template":"","meta":[],"product_cat":[21],"product_tag":[436],"class_list":{"0":"post-6751","1":"product","2":"type-product","3":"status-publish","4":"has-post-thumbnail","6":"product_cat-pos-graduacoes","7":"product_tag-pos-graduacao-em-fisioterapia-dermatofuncional-santarem-pa","9":"first","10":"instock","11":"shipping-taxable","12":"purchasable","13":"product-type-simple"},"_links":{"self":[{"href":"https:\/\/portalbiocursos.com.br\/index.php\/wp-json\/wp\/v2\/product\/6751","targetHints":{"allow":["GET"]}}],"collection":[{"href":"https:\/\/portalbiocursos.com.br\/index.php\/wp-json\/wp\/v2\/product"}],"about":[{"href":"https:\/\/portalbiocursos.com.br\/index.php\/wp-json\/wp\/v2\/types\/product"}],"replies":[{"embeddable":true,"href":"https:\/\/portalbiocursos.com.br\/index.php\/wp-json\/wp\/v2\/comments?post=6751"}],"version-history":[{"count":3,"href":"https:\/\/portalbiocursos.com.br\/index.php\/wp-json\/wp\/v2\/product\/6751\/revisions"}],"predecessor-version":[{"id":7754,"href":"https:\/\/portalbiocursos.com.br\/index.php\/wp-json\/wp\/v2\/product\/6751\/revisions\/7754"}],"wp:featuredmedia":[{"embeddable":true,"href":"https:\/\/portalbiocursos.com.br\/index.php\/wp-json\/wp\/v2\/media\/7841"}],"wp:attachment":[{"href":"https:\/\/portalbiocursos.com.br\/index.php\/wp-json\/wp\/v2\/media?parent=6751"}],"wp:term":[{"taxonomy":"product_cat","embeddable":true,"href":"https:\/\/portalbiocursos.com.br\/index.php\/wp-json\/wp\/v2\/product_cat?post=6751"},{"taxonomy":"product_tag","embeddable":true,"href":"https:\/\/portalbiocursos.com.br\/index.php\/wp-json\/wp\/v2\/product_tag?post=6751"}],"curies":[{"name":"wp","href":"https:\/\/api.w.org\/{rel}","templated":true}]}}