{"id":6739,"date":"2023-11-14T16:14:57","date_gmt":"2023-11-14T19:14:57","guid":{"rendered":"https:\/\/portalbiocursos.com.br\/?post_type=product&#038;p=6739"},"modified":"2025-05-29T09:44:48","modified_gmt":"2025-05-29T12:44:48","slug":"posempreeposoperatorio","status":"publish","type":"product","link":"https:\/\/portalbiocursos.com.br\/index.php\/produto\/posempreeposoperatorio\/","title":{"rendered":"P\u00f3s-Gradua\u00e7\u00e3o em Pr\u00e9 e P\u00f3s-Operat\u00f3rio em Cirurgias Pl\u00e1sticas e Est\u00e9ticas"},"content":{"rendered":"<p>O mercado de est\u00e9tica \u00e9 um dos mais promissores e o que mais cresce atualmente. As cirurgias pl\u00e1sticas e est\u00e9ticas avan\u00e7aram de uma forma abrangente nos \u00faltimos anos e incorporaram os cuidados est\u00e9ticos. Visando a necessidade do Curso de P\u00f3s Gradua\u00e7\u00e3o em Pr\u00e9 e P\u00f3s Operat\u00f3rio em Cirurgias Pl\u00e1sticas e Est\u00e9ticas na cidade de Manaus, a Bio Cursos pretende especializar graduados na \u00e1rea de sa\u00fade para o exerc\u00edcio de excel\u00eancia em Pr\u00e9 e P\u00f3s Operat\u00f3rio, para atuarem com compet\u00eancia e qualifica\u00e7\u00e3o na presta\u00e7\u00e3o de servi\u00e7os, gerenciamento e doc\u00eancia, promovendo assim, a eleva\u00e7\u00e3o do padr\u00e3o de qualidade com a viv\u00eancia de novos m\u00e9todos e t\u00e9cnicas na \u00e1rea.<\/p>\n<p>Nossa P\u00f3s-Gradua\u00e7\u00e3o oferece aos profissionais locais um programa completo de disciplinas de est\u00e9tica, abrangendo amplamente aspectos ligados \u00e0s cirurgias pl\u00e1sticas, onde ir\u00e1 possibilitar os profissionais a atuarem plenamente neste vasto mercado, no desenvolvimento de protocolos e programas de tratamentos.<\/p>\n<p>A estrutura oferecida pela nossa Institui\u00e7\u00e3o para realizar as pr\u00e1ticas e aprimorar as t\u00e9cnicas, concede uma maior seguran\u00e7a e capacita\u00e7\u00e3o do aluno. Nosso curso se destaca ainda, pelo corpo docente com profissionais especializados, favorecendo a troca de informa\u00e7\u00f5es multiprofissionais, desenvolvendo nos alunos um racioc\u00ednio cl\u00ednico.<\/p>\n","protected":false},"excerpt":{"rendered":"<p>O mercado de est\u00e9tica \u00e9 um dos mais promissores e o que mais cresce atualmente. As cirurgias pl\u00e1sticas e est\u00e9ticas avan\u00e7aram de uma forma abrangente nos \u00faltimos anos e incorporaram os cuidados est\u00e9ticos. Visando a necessidade do Curso de P\u00f3s Gradua\u00e7\u00e3o em Pr\u00e9 e P\u00f3s Operat\u00f3rio em Cirurgias Pl\u00e1sticas e Est\u00e9ticas na cidade de Manaus, [&hellip;]<\/p>\n","protected":false},"featured_media":7758,"comment_status":"open","ping_status":"closed","template":"","meta":[],"product_cat":[21],"product_tag":[442],"class_list":{"0":"post-6739","1":"product","2":"type-product","3":"status-publish","4":"has-post-thumbnail","6":"product_cat-pos-graduacoes","7":"product_tag-pos-graduacao-em-pre-e-pos-operatorio-em-cirurgias-plasticas-e-esteticas","9":"first","10":"instock","11":"shipping-taxable","12":"purchasable","13":"product-type-simple"},"_links":{"self":[{"href":"https:\/\/portalbiocursos.com.br\/index.php\/wp-json\/wp\/v2\/product\/6739","targetHints":{"allow":["GET"]}}],"collection":[{"href":"https:\/\/portalbiocursos.com.br\/index.php\/wp-json\/wp\/v2\/product"}],"about":[{"href":"https:\/\/portalbiocursos.com.br\/index.php\/wp-json\/wp\/v2\/types\/product"}],"replies":[{"embeddable":true,"href":"https:\/\/portalbiocursos.com.br\/index.php\/wp-json\/wp\/v2\/comments?post=6739"}],"version-history":[{"count":2,"href":"https:\/\/portalbiocursos.com.br\/index.php\/wp-json\/wp\/v2\/product\/6739\/revisions"}],"predecessor-version":[{"id":6793,"href":"https:\/\/portalbiocursos.com.br\/index.php\/wp-json\/wp\/v2\/product\/6739\/revisions\/6793"}],"wp:featuredmedia":[{"embeddable":true,"href":"https:\/\/portalbiocursos.com.br\/index.php\/wp-json\/wp\/v2\/media\/7758"}],"wp:attachment":[{"href":"https:\/\/portalbiocursos.com.br\/index.php\/wp-json\/wp\/v2\/media?parent=6739"}],"wp:term":[{"taxonomy":"product_cat","embeddable":true,"href":"https:\/\/portalbiocursos.com.br\/index.php\/wp-json\/wp\/v2\/product_cat?post=6739"},{"taxonomy":"product_tag","embeddable":true,"href":"https:\/\/portalbiocursos.com.br\/index.php\/wp-json\/wp\/v2\/product_tag?post=6739"}],"curies":[{"name":"wp","href":"https:\/\/api.w.org\/{rel}","templated":true}]}}