{"id":60,"date":"2022-11-19T10:49:59","date_gmt":"2022-11-19T13:49:59","guid":{"rendered":"https:\/\/portalbiocursos.com.br\/?post_type=product&#038;p=60"},"modified":"2024-01-31T11:23:23","modified_gmt":"2024-01-31T14:23:23","slug":"pos-graduacao-em-fisioterapia-neurofuncional","status":"publish","type":"product","link":"https:\/\/portalbiocursos.com.br\/index.php\/produto\/pos-graduacao-em-fisioterapia-neurofuncional\/","title":{"rendered":"P\u00f3s-Gradua\u00e7\u00e3o em Fisioterapia Neurofuncional"},"content":{"rendered":"<p><strong>Turma 23<\/strong><\/p>\n<p><strong>Descri\u00e7\u00e3o<\/strong><\/p>\n<p>O crescente envelhecimento da popula\u00e7\u00e3o brasileira e o aumento da expectativa de vida predisp\u00f5em cada vez mais os indiv\u00edduos \u00e0s morbidades provenientes das doen\u00e7as neurodegenerativas. Os dist\u00farbios neurol\u00f3gicos comumente causam altera\u00e7\u00f5es tempor\u00e1rias ou permanentes, que prejudicam o indiv\u00edduo em suas fun\u00e7\u00f5es di\u00e1rias e profissionais, tornando-o dependente de terceiros, levando \u00e0 grande impacto nos dom\u00ednios econ\u00f4mico, social, f\u00edsico e emocional. Diante disso, a abordagem fisioterap\u00eautica ao paciente neurol\u00f3gico necessita cada vez mais de especializa\u00e7\u00e3o e atualiza\u00e7\u00e3o baseada em evid\u00eancias cient\u00edficas. Tal abordagem espec\u00edfica torna a reabilita\u00e7\u00e3o mais eficaz, melhorando a qualidade de vida dos pacientes. Sendo assim, a Fisioterapia Neurofuncional \u00e9 um campo de atua\u00e7\u00e3o profissional em avan\u00e7o e a cria\u00e7\u00e3o de um programa de P\u00f3s-Gradua\u00e7\u00e3o nesta \u00e1rea visa suprir car\u00eancias na forma\u00e7\u00e3o de profissionais especializados, contribuindo para o desenvolvimento regional sob o ponto de vista econ\u00f4mico e social.<\/p>\n<p>O corpo docente altamente qualificado \u00e9 o diferencial desta P\u00f3s-Gradua\u00e7\u00e3o. Formado por Doutores, Mestres e Especialistas habituados a trabalhar com a Neurofuncional em seu dia a dia, os mesmos est\u00e3o engajados nos \u00d3rg\u00e3os, Hospitais, Cl\u00ednicas e Universidades mais importantes da \u00e1rea. Com a Coordena\u00e7\u00e3o de Jos\u00e9 Vicente Martins, o Instrutor Internacional de PNF (Kabat) no Brasil, a inten\u00e7\u00e3o \u00e9 tornar o aprendizado o mais pr\u00e1tico poss\u00edvel.<\/p>\n","protected":false},"excerpt":{"rendered":"<h3><strong>Conte\u00fado Program\u00e1tico<\/strong><\/h3>\n<p><strong><em>Neuroci\u00eancias aplicada \u00e0 reabilita\u00e7\u00e3o<\/em><\/strong><\/p>\n<ul>\n<li>Plasticidade neural<\/li>\n<li>Controle motor<\/li>\n<li>Cogni\u00e7\u00e3o e mem\u00f3ria<\/li>\n<\/ul>\n<p><em><strong>Metodologia do Ensino Superior e Did\u00e1tica<\/strong><\/em><\/p>\n<p><em><strong>Semiologia Neurol\u00f3gica Aplicada \u00e0 Reabilita\u00e7\u00e3o<\/strong><\/em><\/p>\n<ul>\n<li>Avalia\u00e7\u00e3o Neurofuncional<\/li>\n<li>S\u00edndromes Neurol\u00f3gicas<\/li>\n<\/ul>\n<p><strong><em>Diagn\u00f3stico Neurofuncional\u00a0<\/em><\/strong><\/p>\n<ul>\n<li>Escalas e demais instrumentos de avalia\u00e7\u00e3o<\/li>\n<li>CIF<\/li>\n<\/ul>\n<p><em><strong>Aprendizagem Motora<\/strong><\/em><\/p>\n<ul>\n<li style=\"list-style-type: none;\"><\/li>\n<\/ul>\n<ul>\n<li>\u00a0Estrat\u00e9gias de aprendizado<\/li>\n<li>\u00a0Solu\u00e7\u00e3o de problemas em fisioterapia neurol\u00f3gica<\/li>\n<\/ul>\n<p><em><strong>Abordagens espec\u00edficas em fisioterapia neurol\u00f3gica<\/strong><\/em><\/p>\n<ul>\n<li>Dor<\/li>\n<li>Espasticidade<\/li>\n<li>Fortalecimento muscular<\/li>\n<li>Eletroterapia<\/li>\n<li>Biofeedback<\/li>\n<li>Esteira ergom\u00e9trica com suporte parcial de peso<\/li>\n<\/ul>\n<p><strong><em>Abordagem fisioterap\u00eautica p\u00f3s AVE e TCE<\/em><\/strong><\/p>\n<ul>\n<li>&#8211; Avalia\u00e7\u00f5es padronizadas<\/li>\n<li>&#8211; Condutas fisioterap\u00eauticas baseadas em evid\u00eancia<\/li>\n<\/ul>\n<p><strong><em>Abordagem fisioterap\u00eautica p\u00f3s TRM e Mielopatias<\/em><\/strong><\/p>\n<ul>\n<li>Avalia\u00e7\u00f5es padronizadas<\/li>\n<li>Condutas fisioterap\u00eauticas baseadas em evid\u00eancia<\/li>\n<\/ul>\n<p><strong><em>Abordagem fisioterap\u00eautica nas doen\u00e7as extrapiramidais e cerebelares: Doen\u00e7a de Parkinson e Ataxias Cerebelares<\/em><\/strong><\/p>\n<ul>\n<li>Avalia\u00e7\u00f5es padronizadas<\/li>\n<li>Condutas fisioterap\u00eauticas baseadas em evid\u00eancia<\/li>\n<\/ul>\n<p><strong><em>Abordagem fisioterap\u00eautica nas doen\u00e7<\/em><\/strong><strong><em>as neuromusculares: doen\u00e7as do sistema nervoso perif\u00e9rico, miopatias e doen\u00e7as do neur\u00f4nio motor<\/em><\/strong><\/p>\n<ul>\n<li>Avalia\u00e7\u00f5es padronizadas<\/li>\n<li>Condutas fisioterap\u00eauticas baseadas em evid\u00eancia<\/li>\n<\/ul>\n<p><em><strong>Abordagem da Hidroterapia em pacientes neurol\u00f3gicos (Certifica\u00e7\u00e3o Extra)<\/strong><\/em><\/p>\n<ul>\n<li>Bad Ragaz<\/li>\n<li>Halliwick<\/li>\n<\/ul>\n<p><strong><em>Abordagem da Fisioterapia nas Vestibulopatias (Reabilita\u00e7\u00e3o Vestibular) (Certifica\u00e7\u00e3o Extra)<\/em><\/strong><\/p>\n<ul>\n<li>VPPB<\/li>\n<li>Outras vestibulopatias<\/li>\n<\/ul>\n<p><em><strong>Abordagem da Facilita\u00e7\u00e3o Neuromuscular Proprioceptiva em pacientes neurol\u00f3gicos<\/strong><\/em><\/p>\n<p><em><strong>\u00d3rteses e adapta\u00e7\u00f5es para pacientes neurol\u00f3gicos (Certifica\u00e7\u00e3o Extra)<\/strong><\/em><\/p>\n<ul>\n<li>MMSS<\/li>\n<li>MMII<\/li>\n<li>Cadeira-de-rodas<\/li>\n<\/ul>\n<p><em><strong>Fala, linguagem e cogni\u00e7\u00e3o<\/strong><\/em><\/p>\n<ul>\n<li>Disartrias<\/li>\n<li>Afasias<\/li>\n<li>Avalia\u00e7\u00e3o neuropsicol\u00f3gica<\/li>\n<\/ul>\n<ul>\n<li><em><strong>Fisiologia do Exerc\u00edcio e Condicionamento F\u00edsico aplicados a pacientes neurol\u00f3gicos<\/strong><\/em><\/li>\n<li><em><strong>Abordagem fisioterap\u00eautica em Esclerose M\u00faltipla e disfun\u00e7\u00f5es cerebelares<\/strong><\/em><\/li>\n<li><em><strong>Metodologia da Pesquisa e Produ\u00e7\u00e3o Cient\u00edfica &#8211; EAD<\/strong><\/em><\/li>\n<\/ul>\n<p><em><strong>\u00a0<\/strong><\/em><strong>Obs.: O conte\u00fado program\u00e1tico est\u00e1 sujeito a altera\u00e7\u00f5es, visando \u00e0 otimiza\u00e7\u00e3o do curso.<\/strong><\/p>\n<p>&nbsp;<\/p>\n<h3><strong>Corpo Docente<\/strong><\/h3>\n<ul>\n<li>Camila Barros de Miranda, Especialista (RJ)<\/li>\n<li>Cl\u00e1udia M\u00e1rcia Nacif Drummond da Fonseca, Mestre (RJ)<\/li>\n<li>Fernanda Baseggio, Especialista (RJ)<\/li>\n<li>Gabriel Freire Miranda, Especialista (RJ)<\/li>\n<li>Jorge Alberto Moura, Especialista (RJ)<\/li>\n<li>Paulo Jos\u00e9 Mot\u00e9 Barboza, Especialista (RJ)<\/li>\n<li>Paulo Thiago de Campos Silva, Especialista (RR)<\/li>\n<li>Rafael Croitoru Azamor, Especialista (AM)<\/li>\n<li>Rafael Lopes e Oliveira, Doutor (AM)<\/li>\n<li>Renato Campos Freire J\u00fanior, Mestre (RJ)<\/li>\n<li>Solange Canavarro Ferreira, Mestre (RJ)<\/li>\n<li>Wandilson dos Santos Rodrigues Junior, Doutor (RJ)<\/li>\n<li>Wendell Leite Bernardes, Especialista (RJ)<\/li>\n<li>Demais professores convidados<\/li>\n<\/ul>\n<p><strong>Obs.:\u00a0 <\/strong><strong>O corpo docente poder\u00e1 sofrer altera\u00e7\u00f5es no decorrer do curso, por\u00e9m a Bio Cursos se compromete em manter o mesmo n\u00edvel dos professores que necessitarem ser substitu\u00eddos<\/strong><\/p>\n<p>&nbsp;<\/p>\n<h3><strong>Coordena\u00e7\u00e3o<\/strong><\/h3>\n<p><strong>Jos\u00e9 Vicente Martins, Mestre (RJ)<\/strong><\/p>\n<ul>\n<li>Fisioterapeuta<\/li>\n<li>Especialista em neurologia da motricidade pelo IBMR\/RJ<\/li>\n<li>Mestre em ci\u00eancias &#8211; \u00e1rea de atua\u00e7\u00e3o neurologia pela UFRJ<\/li>\n<li>Forma\u00e7\u00e3o completa em PNF na Europa pela IPNFA \u2013 International Proprioceptive Neuromuscular Facilitation Association<\/li>\n<li>Instrutor Internacional de PNF reconhecido pela IPNFA<\/li>\n<li>Ministrante de cursos de PNF no Brasil e no exterior<\/li>\n<li>Professor de Fisioterapia Neurol\u00f3gica da UFRJ \u2013 Universidade Federal do Rio de Janeiro<\/li>\n<li>Chefe do setor de Fisioterapia do Instituto de Neurologia Deolindo Couto<\/li>\n<li>Professor do curso de P\u00f3s-gradua\u00e7\u00e3o de Fisioterapia Ortop\u00e9dica e Neurol\u00f3gica da Atl\u00e2ntica<\/li>\n<li>S\u00f3cio propriet\u00e1rio do CIRTA \u2013 Centro Integrado de Reabilita\u00e7\u00e3o e Terapia Aqu\u00e1tica (cl\u00ednica privada)<\/li>\n<\/ul>\n<h3><\/h3>\n<h3 class=\"titulo-secao\">P\u00fablico-Alvo<\/h3>\n<p>Fisioterapeutas<\/p>\n<p>&nbsp;<\/p>\n<h3><strong>In\u00edcio<\/strong><\/h3>\n<div>\n<p>28 e 29 de Abril de 2023<\/p>\n<p>&nbsp;<\/p>\n<\/div>\n<h3><strong>Hor\u00e1rios<\/strong><\/h3>\n<p>Sexta-feira: 18:00 \u00e0s 23:00<\/p>\n<p>S\u00e1bado: 08:00 \u00e0s 20:00 (com intervalo para almo\u00e7o)<\/p>\n<p>&nbsp;<\/p>\n<h3><strong>Dura\u00e7\u00e3o<\/strong><\/h3>\n<p>18 m\u00f3dulos<\/p>\n<p>&nbsp;<\/p>\n<h3><strong>Carga Hor\u00e1ria<\/strong><\/h3>\n<p>360h\/aula<\/p>\n<p>&nbsp;<\/p>\n<h3><strong>Local<\/strong><\/h3>\n<p><strong>Manaus\/AM:<\/strong> Sede da Bio Cursos \u2013 Rua Rio Javari, n\u00ba. 170 \u2013 Conjunto Vieiralves (atr\u00e1s do McDonald&#8217;s da Av. Djalma Batista).<\/p>\n<p>&nbsp;<\/p>\n<h3><strong>Investimento<\/strong><\/h3>\n<p><strong>TAXA DE MATR\u00cdCULA: R$ 250,00<\/strong><\/p>\n<p><strong>Escolha uma das 4 op\u00e7\u00f5es de parcelamentos das mensalidades no boleto ou cart\u00e3o de cr\u00e9dito recorrente:<\/strong><\/p>\n<ul>\n<li><strong>18x R$ 640,00<\/strong><\/li>\n<li><strong>24x R$ 490,00<\/strong><\/li>\n<li><strong>30x R$ 400,00<\/strong><\/li>\n<li><strong>36x R$ 350,00<\/strong><\/li>\n<\/ul>\n<p><strong>Obs.: Est\u00e3o inclusos nas mensalidades acima o desconto pontualidade para o aluno (a) que efetuar o pagamento at\u00e9 a data de vencimento do boleto.<\/strong><\/p>\n<p>&nbsp;<\/p>\n<h3><strong>Documentos necess\u00e1rios<\/strong><\/h3>\n<p>Os documentos devem ser escaneados e enviados por e-mail: atendimento2@portalbiocursos.com.br<\/p>\n<ul>\n<li>CPF<\/li>\n<li>RG ou Carteira Profissional (n\u00e3o ser\u00e1 aceito CNH)<\/li>\n<li>T\u00edtulo de Eleitor<\/li>\n<li>Certid\u00e3o de Nascimento ou Casamento<\/li>\n<li>Comprovante de Resid\u00eancia atualizado<\/li>\n<li>Diploma<\/li>\n<li>Hist\u00f3rico da Gradua\u00e7\u00e3o<\/li>\n<li>Documento Militar (se homem)<\/li>\n<li>Foto 3&#215;4<\/li>\n<\/ul>\n<p><strong>Observa\u00e7\u00f5es<\/strong><\/p>\n<ul>\n<li>A primeira mensalidade ser\u00e1 paga no primeiro dia de aula ou na semana de in\u00edcio se for da prefer\u00eancia do aluno(a);<\/li>\n<li>Ap\u00f3s o pagamento da primeira mensalidade, os pr\u00f3ximos vencimentos ser\u00e3o sempre no dia 30 de cada m\u00eas;<\/li>\n<li>Em caso de desist\u00eancia da P\u00f3s-Gradua\u00e7\u00e3o, n\u00e3o haver\u00e1 devolu\u00e7\u00e3o da taxa de matr\u00edcula em car\u00e1ter de despesas administrativas;<\/li>\n<li>A organiza\u00e7\u00e3o se reserva do direito de adiar ou cancelar o curso caso n\u00e3o haja o n\u00famero suficiente de participantes para sua realiza\u00e7\u00e3o;<\/li>\n<li>A Bio Cursos n\u00e3o se responsabiliza em restituir valores de transportes ou hospedagem caso o curso seja cancelado;<\/li>\n<\/ul>\n<p><strong>\u00a0<\/strong><\/p>\n<h2><strong>Informa\u00e7\u00f5es e Matr\u00edculas<\/strong><\/h2>\n<p><strong>(92) 3584-0031 \/ (92) 99331-5863 (Vivo) <\/strong><\/p>\n<p><strong>Consultora Comercial: Nathali Silva<\/strong><\/p>\n<p><a href=\"mailto:atendimento1@portalbiocursos.com.br\">atendimento1@portalbiocursos.com.br<\/a><\/p>\n<p>https:\/\/www.portalbiocursos.com.br\/<\/p>\n<div><\/div>\n","protected":false},"featured_media":7742,"comment_status":"open","ping_status":"closed","template":"","meta":[],"product_cat":[21],"product_tag":[24,26,27,23,22,177,25],"class_list":{"0":"post-60","1":"product","2":"type-product","3":"status-publish","4":"has-post-thumbnail","6":"product_cat-pos-graduacoes","7":"product_tag-amazonas","8":"product_tag-fisioterapia","9":"product_tag-fisioterapia-neurofuncional","10":"product_tag-manaus","11":"product_tag-pos-graduacao","12":"product_tag-pos-graduacao-em-fisioterapia-neurofuncional","13":"product_tag-pos-graduacao-fisioterapia-neurofuncional","15":"first","16":"instock","17":"shipping-taxable","18":"purchasable","19":"product-type-simple"},"_links":{"self":[{"href":"https:\/\/portalbiocursos.com.br\/index.php\/wp-json\/wp\/v2\/product\/60","targetHints":{"allow":["GET"]}}],"collection":[{"href":"https:\/\/portalbiocursos.com.br\/index.php\/wp-json\/wp\/v2\/product"}],"about":[{"href":"https:\/\/portalbiocursos.com.br\/index.php\/wp-json\/wp\/v2\/types\/product"}],"replies":[{"embeddable":true,"href":"https:\/\/portalbiocursos.com.br\/index.php\/wp-json\/wp\/v2\/comments?post=60"}],"version-history":[{"count":6,"href":"https:\/\/portalbiocursos.com.br\/index.php\/wp-json\/wp\/v2\/product\/60\/revisions"}],"predecessor-version":[{"id":7741,"href":"https:\/\/portalbiocursos.com.br\/index.php\/wp-json\/wp\/v2\/product\/60\/revisions\/7741"}],"wp:featuredmedia":[{"embeddable":true,"href":"https:\/\/portalbiocursos.com.br\/index.php\/wp-json\/wp\/v2\/media\/7742"}],"wp:attachment":[{"href":"https:\/\/portalbiocursos.com.br\/index.php\/wp-json\/wp\/v2\/media?parent=60"}],"wp:term":[{"taxonomy":"product_cat","embeddable":true,"href":"https:\/\/portalbiocursos.com.br\/index.php\/wp-json\/wp\/v2\/product_cat?post=60"},{"taxonomy":"product_tag","embeddable":true,"href":"https:\/\/portalbiocursos.com.br\/index.php\/wp-json\/wp\/v2\/product_tag?post=60"}],"curies":[{"name":"wp","href":"https:\/\/api.w.org\/{rel}","templated":true}]}}