{"id":409,"date":"2022-12-15T11:42:17","date_gmt":"2022-12-15T14:42:17","guid":{"rendered":"https:\/\/portalbiocursos.com.br\/?post_type=product&#038;p=409"},"modified":"2025-08-14T10:38:37","modified_gmt":"2025-08-14T13:38:37","slug":"formacao-em-pilates","status":"publish","type":"product","link":"https:\/\/portalbiocursos.com.br\/index.php\/produto\/formacao-em-pilates\/","title":{"rendered":"Forma\u00e7\u00e3o em Pilates"},"content":{"rendered":"<h3><\/h3>\n<p><strong>Turma 34<\/strong><\/p>\n<p>A Forma\u00e7\u00e3o em Pilates possui uma metodologia de trabalho baseada nos princ\u00edpios b\u00e1sicos desenvolvidos por Joseph Pilates, por\u00e9m complementa-se de forma cient\u00edfica e funcional com recursos e m\u00e9todos diferenciados (Estabiliza\u00e7\u00e3o Segmentar Terap\u00eautica e Controle Motor), que possibilitam melhor controle e estabiliza\u00e7\u00e3o corporal, al\u00e9m de integrar modernos acess\u00f3rios desenvolvidos com a evolu\u00e7\u00e3o do m\u00e9todo.<\/p>\n<p>O Pilates vem adquirindo um crescimento exponencial no mundo, por\u00e9m poucos v\u00eam se preocupando em compreender biomec\u00e2nica e fisiologicamente o m\u00e9todo, tornando-se, assim, apenas um exerc\u00edcio. Nossa preocupa\u00e7\u00e3o \u00e9 conhecer de forma aprofundada cada exerc\u00edcio al\u00e9m de suas indica\u00e7\u00f5es, precau\u00e7\u00f5es e contraindica\u00e7\u00f5es.<\/p>\n","protected":false},"excerpt":{"rendered":"<p><strong>FORMA\u00c7\u00c3O EM PILATES<\/strong><\/p>\n<p><strong>Curso de Aperfei\u00e7oamento Profissional em Pilates<\/strong><\/p>\n<p><strong>Turma 38<\/strong><\/p>\n<p><strong>Descri\u00e7\u00e3o:<\/strong><\/p>\n<p>A Forma\u00e7\u00e3o em Pilates possui uma metodologia de trabalho baseada nos princ\u00edpios b\u00e1sicos desenvolvidos por Joseph Pilates, no qual ir\u00e1 capacitar o aluno a usar de forma coerente e segura a metodologia de acordo com as necessidades do seu paciente\/cliente.<\/p>\n<p>O Pilates vem adquirindo um crescimento exponencial no mundo, tanto por fisioterapeutas que buscam aplicar no \u00e2mbito da reabilita\u00e7\u00e3o, quanto por profissionais de educa\u00e7\u00e3o f\u00edsica, que utilizam no treinamento esportivo. Nossa preocupa\u00e7\u00e3o \u00e9 proporcionar de forma aprofundada, para ambos os profissionais, o conhecimento adequado de cada exerc\u00edcio, bem como suas indica\u00e7\u00f5es, precau\u00e7\u00f5es e contraindica\u00e7\u00f5es.<\/p>\n<p><strong>Conte\u00fado Program\u00e1tico:<\/strong><\/p>\n<p>&#8211; Defini\u00e7\u00e3o do M\u00e9todo e Hist\u00f3ria de Joseph Pilates;<\/p>\n<p>&#8211; Regulamenta\u00e7\u00e3o do Pilates no Brasil;<br \/>\n&#8211; Princ\u00edpios e Fundamentos do M\u00e9todo Pilates;<br \/>\n&#8211; Biomec\u00e2nica da respira\u00e7\u00e3o;<br \/>\n&#8211; Evid\u00eancias cient\u00edficas do M\u00e9todo Pilates;<br \/>\n&#8211; Indica\u00e7\u00f5es, precau\u00e7\u00f5es e contraindica\u00e7\u00e3o do Pilates;<\/p>\n<p>&#8211; Avalia\u00e7\u00e3o funcional;<\/p>\n<p>&#8211; Pilates solo e acess\u00f3rios;<br \/>\n&#8211; Pilates nos aparelhos: Cadillac, Reformer, Ladder Barrel, Chair e Spine Corrector\/mini Barrel;<\/p>\n<p>&#8211; Metodologia e planejamento de aula individual e em grupo;<\/p>\n<p>&#8211; Pr\u00e1tica dos Exerc\u00edcios de Intensidade Leve, Moderada e Avan\u00e7ada;<\/p>\n<p>&#8211; Empreendedorismo no Pilates (Como montar seu studio\/clinica regulamentado segundo o Crefito;<\/p>\n<p>&#8211; Planejamento estrat\u00e9gico, gest\u00e3o e administra\u00e7\u00e3o; Marketing pessoal).<\/p>\n<p><strong>P\u00fablico-Alvo:<\/strong> Fisioterapeutas, profissionais de Educa\u00e7\u00e3o F\u00edsica e acad\u00eamicos das respectivas \u00e1reas a partir do 4\u00ba per\u00edodo.<\/p>\n<p><strong>Est\u00e1gio: <\/strong><\/p>\n<p>20h\/a de est\u00e1gio supervisionado<\/p>\n<p><strong>Carga Hor\u00e1ria Total:<\/strong> 100h\/aula<\/p>\n<p><strong>\u00a0<\/strong><\/p>\n<p><strong>\u00a0<\/strong><\/p>\n<p><strong>Documentos necess\u00e1rios:<\/strong><\/p>\n<ul>\n<li>2 C\u00f3pias do CPF<\/li>\n<li>2 C\u00f3pias do RG ou Carteira Profissional (n\u00e3o ser\u00e1 aceito CNH)<\/li>\n<li>2 C\u00f3pias da Certid\u00e3o de Nascimento ou Casamento<\/li>\n<li>2 C\u00f3pias do Comprovante de Resid\u00eancia<\/li>\n<li>2 C\u00f3pias do Diploma ou declara\u00e7\u00e3o de matr\u00edcula com comprova\u00e7\u00e3o do per\u00edodo;<\/li>\n<li>(apresentar o documento original para confer\u00eancia)<\/li>\n<li>2 C\u00f3pias Hist\u00f3rico da Gradua\u00e7\u00e3o (apresentar o documento original para confer\u00eancia)<\/li>\n<li>2 Fotos 3&#215;4<\/li>\n<\/ul>\n<p><strong>Datas: <\/strong><\/p>\n<p>I M\u00f3dulo: 21,22 e 23 de Mar\u00e7o de 2025 (sex, s\u00e1b e dom)<\/p>\n<p>II M\u00f3dulo: 28,29 e 30 de Mar\u00e7o de 2025 (sex, s\u00e1b e dom)<\/p>\n<p>Estagio: a combinar com o professor<\/p>\n<p><strong>Hor\u00e1rios: <\/strong><\/p>\n<p>I e II M\u00f3dulo:<br \/>\nSexta: 15h \u00e0s 22h<br \/>\nS\u00e1bado e Domingo: 08h \u00e0s 12h \u2013 14h \u00e0s 18h<\/p>\n<p><strong>Local: <\/strong><strong>Manaus-AM:<\/strong> Amazoncorpus \u2013 Sa\u00fade &amp; Bem-estar (Rua Rio Juru\u00e1, 75 \u2013 Nossa Senhora das Gra\u00e7as<\/p>\n<p><strong>Ministrante: <\/strong><strong>Alex Kimura &#8211; (AM)<\/strong><\/p>\n<p>Fisioterapeuta<\/p>\n<p>Treinador Oficial Five Konzept<\/p>\n<p>P\u00f3s-Graduado em Acupuntura<br \/>\nP\u00f3s-Graduado em Terapia Intensiva<br \/>\nP\u00f3s-Graduado em Ortopedia e Traumatologia<br \/>\nForma\u00e7\u00e3o em Terapia Manual: Quiropraxia B\u00e1sica e Avan\u00e7ada, M\u00e9todo Mailtland, Conceito Mulligan, Crochetagem, Forma\u00e7\u00e3o em Dry Needling, Kinesio Taping (KT1, KT2 e KT3), Dynamic Taping<br \/>\nForma\u00e7\u00e3o em Terapia Postural: Pilates, RPG (Souchard), Iso Stretching, Five Konzept.<\/p>\n<p><strong>Investimento: <\/strong>\u00c0 vista R$ 2.190,00<\/p>\n<ul>\n<li>5% de Desconto para alunos que no momento da matr\u00edcula estiverem cursando P\u00f3s-Gradua\u00e7\u00e3o na Bio Cursos: R$ 2.080,50<\/li>\n<li>At\u00e9 12x SEM JUROS nos cart\u00f5es<\/li>\n<\/ul>\n<p>&nbsp;<\/p>\n<p><strong>Observa\u00e7\u00f5es:<\/strong><\/p>\n<p>&#8211; Em caso de desist\u00eancia do curso, n\u00e3o haver\u00e1 devolu\u00e7\u00e3o de valor pago, sendo cobrado 20% de multa do valor contratado em car\u00e1ter de despesas administrativas;<\/p>\n<p>&#8211; A organiza\u00e7\u00e3o se reserva do direito de adiar ou cancelar o curso caso n\u00e3o haja o n\u00famero suficiente de participantes para sua realiza\u00e7\u00e3o;<\/p>\n<p>&#8211; A Bio Cursos n\u00e3o se responsabiliza em restituir valores de transportes ou hospedagem caso o curso seja cancelado;<\/p>\n<p>&nbsp;<\/p>\n<p><strong>Informa\u00e7\u00f5es e Matr\u00edculas<\/strong><\/p>\n<p><strong>(92) 3584-0031 \/ (92) 992258508 (WhatsApp)<\/strong><\/p>\n<p><strong>Consultor Comercial: Filipe Nobre <\/strong><\/p>\n<p><a href=\"mailto:atendimento@portalbiocursos.com.br\">atendimento@portalbiocursos.com.br<\/a><\/p>\n<p>&nbsp;<\/p>\n<p>As matr\u00edculas tamb\u00e9m poder\u00e3o ser efetuadas por dep\u00f3sito\/transfer\u00eancia para uma das contas abaixo ou PIX para a conta da Caixa ou Banco Inter (ap\u00f3s o pagamento enviar o comprovante via E-mail ou WhatsApp):<\/p>\n<p>&nbsp;<\/p>\n<table width=\"564\">\n<tbody>\n<tr>\n<td width=\"185\"><strong>Chave PIX: <\/strong><\/p>\n<p>272.865.438-73<\/p>\n<p><strong>CAIXA<\/strong><\/p>\n<p>Ag\u00eancia: 2897<\/p>\n<p>Tipo de conta: 001<\/p>\n<p>Conta Corrente: 00001377-5<\/p>\n<p>Andr\u00e9 Barbosa Rigato<\/p>\n<p>CPF: 272.865.438-73<\/td>\n<td width=\"191\"><strong>INTER<\/strong><\/p>\n<p>Chave Pix:<\/p>\n<p>10.208.028\/0001-72<\/p>\n<p>Andr\u00e9 Barbosa Rigato Cursos<\/td>\n<td width=\"188\"><strong>BANCO DO BRASIL<\/strong><\/p>\n<p>Ag\u00eancia: 1197-5<\/p>\n<p>Conta Corrente: 48.340-0<\/p>\n<p>Bio Cursos<\/td>\n<\/tr>\n<\/tbody>\n<\/table>\n<p>&nbsp;<\/p>\n","protected":false},"featured_media":7646,"comment_status":"open","ping_status":"closed","template":"","meta":[],"product_cat":[72],"product_tag":[93,79,51,26,77,23,78],"class_list":{"0":"post-409","1":"product","2":"type-product","3":"status-publish","4":"has-post-thumbnail","6":"product_cat-cursos","7":"product_tag-curso-de-extensao","8":"product_tag-cursodepilates","9":"product_tag-fisioterapeutas","10":"product_tag-fisioterapia","11":"product_tag-formacaoempilates","12":"product_tag-manaus","13":"product_tag-pilates","15":"first","16":"instock","17":"shipping-taxable","18":"purchasable","19":"product-type-simple"},"_links":{"self":[{"href":"https:\/\/portalbiocursos.com.br\/index.php\/wp-json\/wp\/v2\/product\/409","targetHints":{"allow":["GET"]}}],"collection":[{"href":"https:\/\/portalbiocursos.com.br\/index.php\/wp-json\/wp\/v2\/product"}],"about":[{"href":"https:\/\/portalbiocursos.com.br\/index.php\/wp-json\/wp\/v2\/types\/product"}],"replies":[{"embeddable":true,"href":"https:\/\/portalbiocursos.com.br\/index.php\/wp-json\/wp\/v2\/comments?post=409"}],"version-history":[{"count":5,"href":"https:\/\/portalbiocursos.com.br\/index.php\/wp-json\/wp\/v2\/product\/409\/revisions"}],"predecessor-version":[{"id":10175,"href":"https:\/\/portalbiocursos.com.br\/index.php\/wp-json\/wp\/v2\/product\/409\/revisions\/10175"}],"wp:featuredmedia":[{"embeddable":true,"href":"https:\/\/portalbiocursos.com.br\/index.php\/wp-json\/wp\/v2\/media\/7646"}],"wp:attachment":[{"href":"https:\/\/portalbiocursos.com.br\/index.php\/wp-json\/wp\/v2\/media?parent=409"}],"wp:term":[{"taxonomy":"product_cat","embeddable":true,"href":"https:\/\/portalbiocursos.com.br\/index.php\/wp-json\/wp\/v2\/product_cat?post=409"},{"taxonomy":"product_tag","embeddable":true,"href":"https:\/\/portalbiocursos.com.br\/index.php\/wp-json\/wp\/v2\/product_tag?post=409"}],"curies":[{"name":"wp","href":"https:\/\/api.w.org\/{rel}","templated":true}]}}