{"id":403,"date":"2022-12-15T11:31:36","date_gmt":"2022-12-15T14:31:36","guid":{"rendered":"https:\/\/portalbiocursos.com.br\/?post_type=product&#038;p=403"},"modified":"2026-02-19T15:39:27","modified_gmt":"2026-02-19T18:39:27","slug":"acupuntura-no-controle-da-dor","status":"publish","type":"product","link":"https:\/\/portalbiocursos.com.br\/index.php\/produto\/acupuntura-no-controle-da-dor\/","title":{"rendered":"Acupuntura no Controle da Dor"},"content":{"rendered":"<h3>Descri\u00e7\u00e3o<\/h3>\n<p>A dor pode ser descrita como uma resposta fisiol\u00f3gica normal, predita e decorrente de um est\u00edmulo mec\u00e2nico, t\u00e9rmico ou qu\u00edmico associado com cirurgia ou uma doen\u00e7a aguda e, assim, caracterizada como uma resposta sensorial. Enquanto esta defini\u00e7\u00e3o relaciona-a a mudan\u00e7as objetivas, aquela proposta pela IASP (<em>InternationalAssociation for StudyofPain<\/em>) inclui elementos de subjetividade, descrevendo-a a dor como &#8220;Uma experi\u00eancia sensorial e emocional desagrad\u00e1vel associada a uma les\u00e3o tecidual real ou potencial, ou descrita nos termos dessa les\u00e3o&#8221;. Dor, todavia, \u00e9 uma experi\u00eancia pessoal e subjetiva que pode apenas ser sentida pelo sofredor.<\/p>\n<p><em>&#8220;O efeito da Acupuntura comprovado por exames de resson\u00e2ncia&#8221;<\/em><\/p>\n<p>Estudos recentes com Resson\u00e2ncia Magn\u00e9tica Funcional vem demonstrando um dos poss\u00edveis mecanismos de a\u00e7\u00e3o da acupuntura no tratamento de dor: a inativa\u00e7\u00e3o e modula\u00e7\u00e3o de certas \u00e1reas cerebrais relacionadas \u00e0 dor cr\u00f4nica e suas consequ\u00eancias.<\/p>\n<p>Pesquisadores vem encontrando evid\u00eancias de mecanismos neurais envolvidos na a\u00e7\u00e3o da acupuntura na dor, afetando n\u00e3o apenas a atividade cerebral, mas modulando tamb\u00e9m as sinapses e conex\u00f5es nervosas. Estudos documentam a resposta cerebral a est\u00edmulos de alguns pontos de acupuntura, envolvidos na regi\u00e3o cortical e subcortical.<\/p>\n","protected":false},"excerpt":{"rendered":"<p><strong>ACUPUNTURA NO CONTROLE DA DOR <\/strong><\/p>\n<p><strong>Turma 7 <\/strong><\/p>\n<p>&nbsp;<\/p>\n<p><strong>Descri\u00e7\u00e3o: <\/strong><\/p>\n<p>Dor pode ser descrita como uma resposta fisiol\u00f3gica normal, predita e decorrente de um est\u00edmulo mec\u00e2nico, t\u00e9rmico ou qu\u00edmico associado com cirurgia ou uma doen\u00e7a aguda e, assim, caracterizada como uma resposta sensorial. Enquanto esta defini\u00e7\u00e3o relaciona-a a mudan\u00e7as objetivas, aquela proposta pela IASP (<em>InternationalAssociation for StudyofPain<\/em>) inclui elementos de subjetividade, descrevendo-a a dor como \u201cUma experi\u00eancia sensorial e emocional desagrad\u00e1vel associada a uma les\u00e3o tecidual real ou potencial, ou descrita nos termos dessa les\u00e3o\u201d. Dor, todavia, \u00e9 uma experi\u00eancia pessoal e subjetiva que pode apenas ser sentida pelo sofredor.<\/p>\n<p><em>\u201cO efeito da Acupuntura comprovado por exames de resson\u00e2ncia\u201d <\/em><\/p>\n<p>Estudos recentes com Resson\u00e2ncia Magn\u00e9tica Funcional vem demonstrando um dos poss\u00edveis mecanismos de a\u00e7\u00e3o da acupuntura no tratamento de dor: a inativa\u00e7\u00e3o e modula\u00e7\u00e3o de certas \u00e1reas cerebrais relacionadas \u00e0 dor cr\u00f4nica e suas consequ\u00eancias.<\/p>\n<p>Pesquisadores vem encontrando evid\u00eancias de mecanismos neurais envolvidos na a\u00e7\u00e3o da acupuntura na dor, afetando n\u00e3o apenas a atividade cerebral, mas modulando tamb\u00e9m as sinapses e conex\u00f5es nervosas. Estudos documentam a resposta cerebral a est\u00edmulos de alguns pontos de acupuntura, envolvidos na regi\u00e3o cortical e subcortical.<\/p>\n<p><strong>\u00a0<\/strong><\/p>\n<p><strong>Conte\u00fado Program\u00e1tico: <\/strong><\/p>\n<ul>\n<li>Introdu\u00e7\u00e3o \u00e0 Medicina Tradicional Chinesa<\/li>\n<li>Fisiologia do Controle de Dor<\/li>\n<li>Auriculoterapia no Controle de Dor<\/li>\n<li>Craniopuntura de Yamamoto no Controle de Dor<\/li>\n<li>SANMI &#8211; Sistema de Acuponto Neutro Muscular Integrado<\/li>\n<li>Dor emocional &#8211; Protocolos de Tratamento<\/li>\n<\/ul>\n<p>&nbsp;<\/p>\n<p><strong>P\u00fablico-alvo:<\/strong><\/p>\n<p>Graduados e acad\u00eamicos da Area da Sa\u00fade a partir do 4\u00ba per\u00edodo<\/p>\n<p>&nbsp;<\/p>\n<p><strong>Carga Hor\u00e1ria:<\/strong><\/p>\n<p>30h\/aula<\/p>\n<p>&nbsp;<\/p>\n<p><strong>Datas: <\/strong><\/p>\n<p>25,26 e 27 de abril de 2025<\/p>\n<p><strong>\u00a0<\/strong><\/p>\n<p><strong>Hor\u00e1rios: <\/strong><\/p>\n<p>Sexta: 14h \u00e0s 22h, S\u00e1bado e Domingo: 08h \u00e0s 12h \/ 14h \u00e0s 18h<\/p>\n<p>&nbsp;<\/p>\n<p><strong>Local: <\/strong><strong>\u00a0<\/strong><\/p>\n<p><strong>Manaus-AM:<\/strong> PR\u00c9DIO ANEXO &#8211; Bio Cursos &#8211; Rua Rio I\u00c7\u00c1 n\u00ba 501 &#8211; Vieiralves &#8211; ao lado do Residencial Carol III &#8211; acesso pela rua Jo\u00e3o Val\u00e9rio com as lojas ABC e Irestore na esquina.<\/p>\n<p><strong>\u00a0<\/strong><\/p>\n<p><strong>Ministrante: Fernando Macedo Carvalho (GO)<\/strong><strong>\u00a0 <\/strong><\/p>\n<ul>\n<li>Graduado em educa\u00e7\u00e3o f\u00edsica.<\/li>\n<li>Forma\u00e7\u00e3o em acupuntura no Brasil e na China.<\/li>\n<li>Membro da WSAS. (World Federation of Acupuncture-Moxibustion Societies).<\/li>\n<li>Est\u00e1gio nos principais hospitais da China. Professor da Biocursos Manaus.<\/li>\n<\/ul>\n<p><strong>\u00a0<\/strong><\/p>\n<p><strong>Investimento: <\/strong><\/p>\n<p>\u00c0 vista: R$ 980,00<\/p>\n<ul>\n<li>5% de Desconto para alunos que no momento da matr\u00edcula estiverem cursando P\u00f3sGradua\u00e7\u00e3o na Bio Cursos: R$ 931,00.<\/li>\n<li>At\u00e9 12x SEM JUROS nos cart\u00f5es<\/li>\n<\/ul>\n<p>&nbsp;<\/p>\n<p><strong>Observa\u00e7\u00f5es: <\/strong><\/p>\n<ul>\n<li>Em caso de desist\u00eancia do curso, n\u00e3o haver\u00e1 devolu\u00e7\u00e3o de valor pago, sendo cobrado 20% do valor contratado em car\u00e1ter de despesas administrativas.<\/li>\n<li>A organiza\u00e7\u00e3o se reserva do direito de adiar ou cancelar o curso caso n\u00e3o haja o n\u00famero suficiente de participantes para sua realiza\u00e7\u00e3o.<\/li>\n<li>A Bio Cursos n\u00e3o se responsabiliza em restituir valores de transportes ou hospedagem caso o curso seja cancelado.<\/li>\n<\/ul>\n<p><strong>\u00a0<\/strong><\/p>\n<p><strong>Informa\u00e7\u00f5es e Matr\u00edculas:<\/strong><\/p>\n<p><strong>(92) 3584-0031 \/ (92) 99225-8508 (WhatsApp) <\/strong><\/p>\n<p><strong>Consultor Comercial: Filipe Nobre\u00a0 <\/strong>atendimento@portalbiocursos.com.br<\/p>\n<p>&nbsp;<\/p>\n<p>As matr\u00edculas podem ser efetuadas por dep\u00f3sito\/transfer\u00eancia para uma das contas abaixo (no caso desta op\u00e7\u00e3o o comprovante dever\u00e1 ser enviado por E-mail ou WhatsApp):<\/p>\n<p>&nbsp;<\/p>\n<table width=\"564\">\n<tbody>\n<tr>\n<td width=\"185\"><strong>Chave PIX:\u00a0 <\/strong><\/p>\n<p>272.865.438-73<\/p>\n<p><strong>CAIXA <\/strong><\/p>\n<p>Ag\u00eancia: 2897<\/p>\n<p>Tipo de conta: 001<\/p>\n<p>Conta Corrente: 00001377-5<\/p>\n<p>Andr\u00e9 Barbosa Rigato<\/p>\n<p>CPF: 272.865.438-73<\/td>\n<td width=\"191\"><strong>BRADESCO <\/strong><\/p>\n<p>Ag\u00eancia: 38<\/p>\n<p>Conta Corrente: 13541-0<\/p>\n<p>Andr\u00e9 Barbosa Rigato<\/p>\n<p>CPF: 272.865.438-73<\/td>\n<td width=\"188\"><strong>BANCO DO BRASIL <\/strong><\/p>\n<p>Ag\u00eancia: 1197-5<\/p>\n<p>Conta Corrente: 48.340-0 Bio Cursos<\/td>\n<\/tr>\n<\/tbody>\n<\/table>\n<p>&nbsp;<\/p>\n","protected":false},"featured_media":7654,"comment_status":"open","ping_status":"closed","template":"","meta":[],"product_cat":[72],"product_tag":[649],"class_list":{"0":"post-403","1":"product","2":"type-product","3":"status-publish","4":"has-post-thumbnail","6":"product_cat-cursos","7":"product_tag-acupuntura-no-controle-da-dor","9":"first","10":"instock","11":"shipping-taxable","12":"purchasable","13":"product-type-simple"},"_links":{"self":[{"href":"https:\/\/portalbiocursos.com.br\/index.php\/wp-json\/wp\/v2\/product\/403","targetHints":{"allow":["GET"]}}],"collection":[{"href":"https:\/\/portalbiocursos.com.br\/index.php\/wp-json\/wp\/v2\/product"}],"about":[{"href":"https:\/\/portalbiocursos.com.br\/index.php\/wp-json\/wp\/v2\/types\/product"}],"replies":[{"embeddable":true,"href":"https:\/\/portalbiocursos.com.br\/index.php\/wp-json\/wp\/v2\/comments?post=403"}],"version-history":[{"count":4,"href":"https:\/\/portalbiocursos.com.br\/index.php\/wp-json\/wp\/v2\/product\/403\/revisions"}],"predecessor-version":[{"id":6955,"href":"https:\/\/portalbiocursos.com.br\/index.php\/wp-json\/wp\/v2\/product\/403\/revisions\/6955"}],"wp:featuredmedia":[{"embeddable":true,"href":"https:\/\/portalbiocursos.com.br\/index.php\/wp-json\/wp\/v2\/media\/7654"}],"wp:attachment":[{"href":"https:\/\/portalbiocursos.com.br\/index.php\/wp-json\/wp\/v2\/media?parent=403"}],"wp:term":[{"taxonomy":"product_cat","embeddable":true,"href":"https:\/\/portalbiocursos.com.br\/index.php\/wp-json\/wp\/v2\/product_cat?post=403"},{"taxonomy":"product_tag","embeddable":true,"href":"https:\/\/portalbiocursos.com.br\/index.php\/wp-json\/wp\/v2\/product_tag?post=403"}],"curies":[{"name":"wp","href":"https:\/\/api.w.org\/{rel}","templated":true}]}}