{"id":401,"date":"2022-12-15T11:10:08","date_gmt":"2022-12-15T14:10:08","guid":{"rendered":"https:\/\/portalbiocursos.com.br\/?post_type=product&#038;p=401"},"modified":"2024-02-01T11:52:07","modified_gmt":"2024-02-01T14:52:07","slug":"pos-graduacao-em-saude-estetica-boa-vista-rr","status":"publish","type":"product","link":"https:\/\/portalbiocursos.com.br\/index.php\/produto\/pos-graduacao-em-saude-estetica-boa-vista-rr\/","title":{"rendered":"P\u00f3s-Gradua\u00e7\u00e3o em Sa\u00fade Est\u00e9tica Avan\u00e7ada &#8211; Boa Vista\/RR"},"content":{"rendered":"<p><strong>\u00a0<\/strong><strong>Turma 6<\/strong><\/p>\n<p><strong>Descri\u00e7\u00e3o<\/strong><\/p>\n<div>O curso de p\u00f3s-gradua\u00e7\u00e3o lato sensu em Sa\u00fade Est\u00e9tica est\u00e1 sendo proposto para atender \u00e0s necessidades dos profissionais, preparando, capacitando e desenvolvendo t\u00e9cnicas voltadas \u00e0 \u00e1rea da sa\u00fade est\u00e9tica com habilidade, seguran\u00e7a e compet\u00eancia. Com amplo embasamento te\u00f3rico e pr\u00e1tico para que o profissional entenda melhor os mecanismos de a\u00e7\u00e3o de cada procedimento a ser realizado.<\/div>\n<div><\/div>\n<div>O profissional especializado atuar\u00e1 em cl\u00ednicas especializadas com s\u00f3lido conhecimento t\u00e9cnico e cient\u00edfico, podendo atuar como respons\u00e1vel t\u00e9cnico de estabelecimentos voltados ao setor de acordo com sua forma\u00e7\u00e3o. Com isso, pode garantir um atendimento personalizado para um p\u00fablico cada vez mais exigente, e ainda pode atuar com consultoria em cl\u00ednicas e empresas do setor.<\/div>\n<div><\/div>\n<div>Os profissionais que buscam mais conhecimentos, inclusive com aprofundamento cient\u00edfico, s\u00e3o os que t\u00eam mais chance de sucesso.<\/div>\n<div>\n<p>O acesso \u00e0 educa\u00e7\u00e3o \u00e9 assegurado por Constitui\u00e7\u00e3o Federal, Lei de Diretrizes e Bases da Educa\u00e7\u00e3o Nacional e pelo MEC. Entretanto, o direito ao exerc\u00edcio profissional \u00e9 dado por um conselho de classe.<\/p>\n<p>At\u00e9 o presente momento nas profiss\u00f5es da \u00e1rea da sa\u00fade cada conselho de classe da sa\u00fade tem suas pr\u00f3prias regulamenta\u00e7\u00f5es. Algumas profiss\u00f5es reconhecem a est\u00e9tica como campo de atua\u00e7\u00e3o e outras podem n\u00e3o reconhecer.<\/p>\n<p>A apresenta\u00e7\u00e3o da Titula\u00e7\u00e3o de Especialista em Sa\u00fade Est\u00e9tica para estes casos n\u00e3o garante habilita\u00e7\u00e3o e provavelmente tal profissional ter\u00e1 de atuar sob a responsabilidade t\u00e9cnica de outro profissional habilitado.<\/p>\n<\/div>\n","protected":false},"excerpt":{"rendered":"<h3 class=\"titulo-secao\">Conte\u00fado Program\u00e1tico<\/h3>\n<div>\n<div>\u2022 Anatomofisiologia e Altera\u00e7\u00f5es Dermatofisiol\u00f3gicas em Sa\u00fade Est\u00e9tica<\/div>\n<div>\u2022 Avalia\u00e7\u00e3o e Semiologia em Disfun\u00e7\u00f5es em Sa\u00fade Est\u00e9tica<\/div>\n<div>\u2022 Cosmetologia e Nutrac\u00eauticos em Sa\u00fade Est\u00e9tica<\/div>\n<div>\u2022 Bio\u00e9tica, Biosseguran\u00e7a e Primeiros Socorros Aplicados \u00e0 Sa\u00fade Est\u00e9tica<\/div>\n<div>\u2022Ozonioterapia aplicada \u00e0 Sa\u00fade Est\u00e9tica<\/div>\n<div>\u2022Eletroterapia aplicada em Sa\u00fade Est\u00e9tica (Endermoterapia, Ultrasom, Corrente Russa, Ultracavita\u00e7\u00e3o)<\/div>\n<div>\u2022 Alta Tecnologia aplicada \u00e0 Sa\u00fade Est\u00e9tica (Ondas de Choque, Radiofrequ\u00eancia, Criolip\u00f3lise e Criofrequ\u00eancia)<\/div>\n<div>\u2022 Laserterapia de Baixa Pot\u00eancia e IPL (Luz Intensa Pulsada) \/Fotodepila\u00e7\u00e3o, LED e Laserterapia de Alta Pot\u00eancia em Sa\u00fade Est\u00e9tica<\/div>\n<div>\u2022 Indu\u00e7\u00e3o Percut\u00e2nea de Col\u00e1geno atrav\u00e9s de Microles\u00f5es Controladas (Microagulhamento) \u2013 Pr\u00e1tica Demonstrativa<\/div>\n<div>\u2022 Metodologia da Pesquisa e Produ\u00e7\u00e3o Cient\u00edfica- EAD<\/div>\n<div>\u2022 Nutri\u00e7\u00e3o em Sa\u00fade Est\u00e9tica<\/div>\n<div>\u2022 Carboxiterapia Corporal e Facial \u2013 Pr\u00e1tica Demonstrativa<\/div>\n<div>\u2022<b>T\u00e9cnicas de SPA<\/b><b>(Certifica\u00e7\u00e3o Extra)<\/b><\/div>\n<div>\u2022<b>Drenagem Linf\u00e1tica Manual (Certifica\u00e7\u00e3o Extra)<\/b><\/div>\n<div>\u2022<b>Peelings Mec\u00e2nicos, Qu\u00edmicos e Enzim\u00e1ticos em Sa\u00fade Est\u00e9tica (Certifica\u00e7\u00e3o Extra)<\/b><\/div>\n<div>\u2022 Farmacologia em Intradermoterapia, Intramuscular e Prescri\u00e7\u00e3o em Sa\u00fade Est\u00e9tica<\/div>\n<div>\u2022 Procedimentos Est\u00e9ticos Injet\u00e1veis para Microvasos (PEIM) e Hidrolipoclasia em Sa\u00fade Est\u00e9tica \u2013 Pr\u00e1tica Demonstrativa<\/div>\n<div>\u2022 Procedimentos com Toxina Botul\u00ednica e Preenchimento Facial e Fios de Sustenta\u00e7\u00e3o em Sa\u00fade Est\u00e9tica \u2013 Pr\u00e1tica Demonstrativa<\/div>\n<div><\/div>\n<div>Obs.: O conte\u00fado program\u00e1tico est\u00e1 sujeito a altera\u00e7\u00f5es, visando \u00e0 otimiza\u00e7\u00e3o do curso<\/div>\n<\/div>\n<div><\/div>\n<div>\n<h3>P\u00fablico-Alvo<\/h3>\n<p>Biom\u00e9dicos, Bi\u00f3logos, Enfermeiros, Farmac\u00eauticos, Fisioterapeutas, M\u00e9dicos e Tecn\u00f3logos em Est\u00e9tica<\/p>\n<h3>Carga Hor\u00e1ria<\/h3>\n<p>360h\/aula<\/p>\n<h3>Datas<\/h3>\n<p>05 e 06 de Maio de 2023<\/p>\n<h3>Hor\u00e1rios<\/h3>\n<p>Sexta-feira: 18:00 \u00e0s 23:00<br \/>\nS\u00e1bado: 08:00 \u00e0s 20:00 (com intervalo para almo\u00e7o)<\/p>\n<\/div>\n<h3>Corpo Docente<\/h3>\n<p>&#8211; Adria Yared Sadala, Mestra (AM)<br \/>\n&#8211; Adriana Cristiano Rodrigues, Especialista (SP)<br \/>\n&#8211; Adriana Miranda Azevedo, Mestra (AM)<br \/>\n&#8211; Andrea Louren\u00e7o de Oliveira, Especialista (SP)<br \/>\n&#8211; Arainy Su\u00e9ly Antunes, Mestra (SP)<br \/>\n&#8211; Elton Ara\u00fajo da Silva, Especialista (AM)<br \/>\n&#8211; Fab\u00edola Silva Garcia Pra\u00e7a, PhD (SP)<br \/>\n&#8211; Landa Angelin Bezerra Lisboa dos Santos, Especialista (AM)<br \/>\n&#8211; Leonardo Alessandro da Silva Batista, Especialista (AM)<br \/>\n&#8211; Lidiane Rocha Mota, Mestra (SP)<br \/>\n&#8211; Michele Akemi Mishioka, Mestra (SP)<br \/>\n&#8211; Pamela Barbosa Arantes, Mestra (SP)<br \/>\n&#8211; Paula Moretto Cardoso Simionato, Mestra (SP)<br \/>\n&#8211; Rafael Lopes e Oliveira, Doutor (SP)<br \/>\n&#8211; Tais Amadio Menegat, Especialista (SP)<br \/>\n&#8211; Tatiana da Costa Jansen, Doutora (AM)<br \/>\n&#8211; Thuanny Karla Farina Moniz, Especialista (SP)<\/p>\n<p>&#8211; Demais Professores Convidados<\/p>\n<p>Obs.: O corpo docente poder\u00e1 sofrer altera\u00e7\u00f5es no decorrer do curso, por\u00e9m a Bio Cursos se compromete em manter o mesmo n\u00edvel dos professores que necessitarem ser substitu\u00eddos<\/p>\n<h3>Coordena\u00e7\u00e3o<\/h3>\n<p><strong>Prof\u00ba Dr. Lu\u00eds Ferreira Monteiro Neto (SP)<\/strong><\/p>\n<ul>\n<li>Fisioterapeuta \u2013 Unisalesiano-Lins \u2013 e Educador F\u00edsico \u2013 FEFISA<\/li>\n<li>Especialista em Bases e M\u00e9todos de Avalia\u00e7\u00e3o Biomec\u00e2nica do Movimento Humano \u2013 Salesiano<\/li>\n<li>P\u00f3s-gradua\u00e7\u00e3o em Est\u00e9tica avan\u00e7ada<\/li>\n<li>Mestre em Engenharia Biom\u00e9dica \u2013 UNIVAP<\/li>\n<li>Doutor em Ci\u00eancias da Sa\u00fade \u2013 FAMERP<\/li>\n<li>Atua\u00e7\u00e3o como doc\u00eancia a mais de 24 anos<\/li>\n<li>CO-autor do CD Laserterapia para fisioterapia<\/li>\n<li>Autor do Cap\u00edtulo Realidade Virtual em Reabilita\u00e7\u00e3o do Livro Fisioterapia Neurol\u00f3gica \u2013 Manole 2011<\/li>\n<li>Autor do Cap\u00edtulo Fotogrametria computadorizada aplicada na avalia\u00e7\u00e3o facial, Livro Cicatrizes de Acne da avalia\u00e7\u00e3o ao tratamento \u2013 CR8, 2018<\/li>\n<li>Autor do Cap\u00edtulo Crochetagem Mioaponeur\u00f3tica, livro Abordagens terap\u00eauticas em sequelas de queimaduras- Est\u00e9tica Expert 2019<\/li>\n<li>Forma\u00e7\u00f5es internacionais em CMA<\/li>\n<li>Forma\u00e7\u00e3o Internacional em IASTM<\/li>\n<li>Forma\u00e7\u00e3o em Manipula\u00e7\u00e3o fascial e visceral<\/li>\n<li>Idealizador do M\u00e9todo Myofascial Release e das Marcas Ventosa Miofascial, Myotools e MioGun<\/li>\n<li>Ministra cursos na \u00e1rea de pesquisa da f\u00e1scia a mais de 14 anos<\/li>\n<\/ul>\n<h3>Dura\u00e7\u00e3o<\/h3>\n<p>18 m\u00f3dulos<\/p>\n<h3>Local<\/h3>\n<p>Boa Vista\/RR<\/p>\n<h3>Documentos Necess\u00e1rios<\/h3>\n<p>&#8211; CPF<\/p>\n<p>&#8211; RG ou Carteira Profissional (n\u00e3o ser\u00e1 aceito CNH)<\/p>\n<p>&#8211; T\u00edtulo de Eleitor<\/p>\n<p>&#8211; Certid\u00e3o de Nascimento ou Casamento<\/p>\n<p>&#8211; Comprovante de Resid\u00eancia atualizado<\/p>\n<p>&#8211; Diploma e Hist\u00f3rico da Gradua\u00e7\u00e3o (frente e verso)<\/p>\n<p>&#8211; Documento Militar (se homem)<\/p>\n<p>&#8211; Foto 3&#215;4<\/p>\n<p><strong>Os documentos devem ser escaneados e enviados por e mail:atendimento2@portalbiocursos.com.br<\/strong><\/p>\n<p><strong>Observa\u00e7\u00f5es<\/strong><br \/>\n\u2022 Emiss\u00e3o de certificado por IES cadastrada junto ao Minist\u00e9rio da Educa\u00e7\u00e3o;<br \/>\n\u2022 Os vencimentos das mensalidades ser\u00e3o sempre no dia 30 de cada m\u00eas;<br \/>\n\u2022 Em caso de desist\u00eancia da P\u00f3s-Gradua\u00e7\u00e3o, n\u00e3o haver\u00e1 devolu\u00e7\u00e3o da taxa de matr\u00edcula em car\u00e1ter de despesas administrativas;<br \/>\n\u2022 A organiza\u00e7\u00e3o se reserva do direito de adiar ou cancelar o curso caso n\u00e3o haja o n\u00famero suficiente de participantes para sua realiza\u00e7\u00e3o;<\/p>\n<p>. A Bio Cursos n\u00e3o se responsabiliza em restituir valores de transportes ou hospedagem caso o curso seja cancelado.<\/p>\n<h3>Informa\u00e7\u00f5es e Matr\u00edculas<\/h3>\n<p>(92) 3584-0031 \/ (92) 98130-4434<\/p>\n<p><strong>Consultora Comercial: Jessika Gomes<\/strong><\/p>\n<p>Link direto para WhatsApp:<a href=\"https:\/\/bit.ly\/consultorajessika\" data-ft=\"{\" data-lynx-mode=\"asynclazy\" data-lynx-uri=\"https:\/\/l.facebook.com\/l.php?u=https%3A%2F%2Fbit.ly%2Fconsultorajessika&amp;h=AT3kUVCdF6jKENp9O-SR4t_Mi72BEb91Q-Yrp_lBxV5J1cWFWQtFzVanNdssusVvJBt3d_NVV03vBSjE0SY6fPpx2iUH-Gizu9TRNOQhpK76GIT_o_toSc7sqFazD4eODnCoadeHAppk-IqBnNtrI1E\">https:\/\/bit.ly\/consultorajessika<\/a><\/p>\n<p>contato@portalbiocursos.com.br<\/p>\n","protected":false},"featured_media":7769,"comment_status":"open","ping_status":"closed","template":"","meta":[],"product_cat":[21],"product_tag":[24,29,23,22,162,32],"class_list":{"0":"post-401","1":"product","2":"type-product","3":"status-publish","4":"has-post-thumbnail","6":"product_cat-pos-graduacoes","7":"product_tag-amazonas","8":"product_tag-estetica","9":"product_tag-manaus","10":"product_tag-pos-graduacao","11":"product_tag-pos-graduacao-em-saude-estetica-boa-vista-rr","12":"product_tag-saude-estetica","14":"first","15":"instock","16":"shipping-taxable","17":"purchasable","18":"product-type-simple"},"_links":{"self":[{"href":"https:\/\/portalbiocursos.com.br\/index.php\/wp-json\/wp\/v2\/product\/401","targetHints":{"allow":["GET"]}}],"collection":[{"href":"https:\/\/portalbiocursos.com.br\/index.php\/wp-json\/wp\/v2\/product"}],"about":[{"href":"https:\/\/portalbiocursos.com.br\/index.php\/wp-json\/wp\/v2\/types\/product"}],"replies":[{"embeddable":true,"href":"https:\/\/portalbiocursos.com.br\/index.php\/wp-json\/wp\/v2\/comments?post=401"}],"version-history":[{"count":3,"href":"https:\/\/portalbiocursos.com.br\/index.php\/wp-json\/wp\/v2\/product\/401\/revisions"}],"predecessor-version":[{"id":6619,"href":"https:\/\/portalbiocursos.com.br\/index.php\/wp-json\/wp\/v2\/product\/401\/revisions\/6619"}],"wp:featuredmedia":[{"embeddable":true,"href":"https:\/\/portalbiocursos.com.br\/index.php\/wp-json\/wp\/v2\/media\/7769"}],"wp:attachment":[{"href":"https:\/\/portalbiocursos.com.br\/index.php\/wp-json\/wp\/v2\/media?parent=401"}],"wp:term":[{"taxonomy":"product_cat","embeddable":true,"href":"https:\/\/portalbiocursos.com.br\/index.php\/wp-json\/wp\/v2\/product_cat?post=401"},{"taxonomy":"product_tag","embeddable":true,"href":"https:\/\/portalbiocursos.com.br\/index.php\/wp-json\/wp\/v2\/product_tag?post=401"}],"curies":[{"name":"wp","href":"https:\/\/api.w.org\/{rel}","templated":true}]}}