{"id":3542,"date":"2023-06-29T10:30:29","date_gmt":"2023-06-29T13:30:29","guid":{"rendered":"https:\/\/portalbiocursos.com.br\/?post_type=product&#038;p=3542"},"modified":"2026-05-15T16:07:55","modified_gmt":"2026-05-15T19:07:55","slug":"pos-graduacao-em-fisioterapia-em-terapia-intensiva-santarem-pa","status":"publish","type":"product","link":"https:\/\/portalbiocursos.com.br\/index.php\/produto\/pos-graduacao-em-fisioterapia-em-terapia-intensiva-santarem-pa\/","title":{"rendered":"P\u00f3s-Gradua\u00e7\u00e3o em Fisioterapia em Terapia Intensiva &#8211; Santar\u00e9m\/PA"},"content":{"rendered":"<p>Com o implemento da Resolu\u00e7\u00e3o ANVISA (RDC n\u00ba 137, atualizada em de 8 de fevereiro de 2017), tornou-se necess\u00e1rio, para cada 10 leitos de UTI, a presen\u00e7a de 01 Fisioterapeuta com Forma\u00e7\u00e3o e Informa\u00e7\u00f5es Espec\u00edficas da \u00e1rea para executar o tratamento de pacientes criticamente enfermos, sendo estes, atualmente denominados Fisioterapeutas Intensivistas (FI), que atuam sob regime de Plant\u00f5es em diferentes turnos.<\/p>\n<p>Com a obrigatoriedade deste quadro nas Unidades de Terapia Intensiva (UTI), o campo de trabalho para a classe Fisioterap\u00eautica Intensivista (FI) est\u00e1 em forte expans\u00e3o, exigindo de tais profissionais conhecimentos gerais e espec\u00edficos, al\u00e9m de um forte embasamento cl\u00ednico e determinadas particularidades.<\/p>\n<p>Neste contexto, a Bio Cursos, mantendo a mesma qualidade pela qual j\u00e1 \u00e9 reconhecida, renova a sua P\u00f3s-Gradua\u00e7\u00e3o Lato Sensu em Fisioterapia Intensiva, trazendo a Santar\u00e9m um Corpo Docente formado por Mestres e Doutores, muitos com forte participa\u00e7\u00e3o na ASSOBRAFIR, experi\u00eancias e viv\u00eancias em diversas e renomadas UTIs, al\u00e9m de pesquisadores da \u00e1rea.<\/p>\n","protected":false},"excerpt":{"rendered":"<p>Com o implemento da Resolu\u00e7\u00e3o ANVISA (RDC n\u00ba 137, atualizada em de 8 de fevereiro de 2017), tornou-se necess\u00e1rio, para cada 10 leitos de UTI, a presen\u00e7a de 01 Fisioterapeuta com Forma\u00e7\u00e3o e Informa\u00e7\u00f5es Espec\u00edficas da \u00e1rea para executar o tratamento de pacientes criticamente enfermos, sendo estes, atualmente denominados Fisioterapeutas Intensivistas (FI), que atuam sob [&hellip;]<\/p>\n","protected":false},"featured_media":7762,"comment_status":"open","ping_status":"closed","template":"","meta":[],"product_cat":[21],"product_tag":[282],"class_list":{"0":"post-3542","1":"product","2":"type-product","3":"status-publish","4":"has-post-thumbnail","6":"product_cat-pos-graduacoes","7":"product_tag-pos-graduacao-em-fisioterapia-em-terapia-intensiva-santarem-pa","9":"first","10":"instock","11":"shipping-taxable","12":"purchasable","13":"product-type-simple"},"_links":{"self":[{"href":"https:\/\/portalbiocursos.com.br\/index.php\/wp-json\/wp\/v2\/product\/3542","targetHints":{"allow":["GET"]}}],"collection":[{"href":"https:\/\/portalbiocursos.com.br\/index.php\/wp-json\/wp\/v2\/product"}],"about":[{"href":"https:\/\/portalbiocursos.com.br\/index.php\/wp-json\/wp\/v2\/types\/product"}],"replies":[{"embeddable":true,"href":"https:\/\/portalbiocursos.com.br\/index.php\/wp-json\/wp\/v2\/comments?post=3542"}],"version-history":[{"count":1,"href":"https:\/\/portalbiocursos.com.br\/index.php\/wp-json\/wp\/v2\/product\/3542\/revisions"}],"predecessor-version":[{"id":3545,"href":"https:\/\/portalbiocursos.com.br\/index.php\/wp-json\/wp\/v2\/product\/3542\/revisions\/3545"}],"wp:featuredmedia":[{"embeddable":true,"href":"https:\/\/portalbiocursos.com.br\/index.php\/wp-json\/wp\/v2\/media\/7762"}],"wp:attachment":[{"href":"https:\/\/portalbiocursos.com.br\/index.php\/wp-json\/wp\/v2\/media?parent=3542"}],"wp:term":[{"taxonomy":"product_cat","embeddable":true,"href":"https:\/\/portalbiocursos.com.br\/index.php\/wp-json\/wp\/v2\/product_cat?post=3542"},{"taxonomy":"product_tag","embeddable":true,"href":"https:\/\/portalbiocursos.com.br\/index.php\/wp-json\/wp\/v2\/product_tag?post=3542"}],"curies":[{"name":"wp","href":"https:\/\/api.w.org\/{rel}","templated":true}]}}