{"id":3540,"date":"2023-06-29T10:23:42","date_gmt":"2023-06-29T13:23:42","guid":{"rendered":"https:\/\/portalbiocursos.com.br\/?post_type=product&#038;p=3540"},"modified":"2024-02-27T12:02:32","modified_gmt":"2024-02-27T15:02:32","slug":"fisioterapia-em-ortopedia-e-traumatologia-terapia-manual-santarem-pa","status":"publish","type":"product","link":"https:\/\/portalbiocursos.com.br\/index.php\/produto\/fisioterapia-em-ortopedia-e-traumatologia-terapia-manual-santarem-pa\/","title":{"rendered":"Fisioterapia em Ortopedia e Traumatologia \u2013 Terapia Manual (Santar\u00e9m\/PA)"},"content":{"rendered":"<p>A P\u00f3s-Gradua\u00e7\u00e3o em Ortopedia, Traumatologia e Terapia Manual \u00e9 voltada para suprir a lacuna que a Gradua\u00e7\u00e3o geralmente n\u00e3o preenche na forma\u00e7\u00e3o dos alunos. A Especializa\u00e7\u00e3o Lato Sensu d\u00e1 grande relev\u00e2ncia ao trabalho do Fisioterapeuta em seu papel de Reabilita\u00e7\u00e3o na \u00e1rea de Ortopedia e Traumatologia, como o grande profissional do movimento humano, abrindo um leque de novidades e experi\u00eancias antes n\u00e3o conhecidas ou n\u00e3o vivenciadas em salas de aula. A proposta da P\u00f3s \u00e9 realmente direcionar o profissional para que ele tenha sucesso em seus atendimentos.<\/p>\n<p>O enfoque ser\u00e1 no que se tem utilizado nas rotinas de atendimento para a avalia\u00e7\u00e3o e o tratamento das patologias ortop\u00e9dicas somada a algumas t\u00e9cnicas da Terapia Manual. As aulas pr\u00e1ticas permitir\u00e3o o desenvolvimento de habilidades como: avaliar, programar objetivos e executar condutas fisioterap\u00eauticas. Ser\u00e3o abordados os principais m\u00e9todos de tratamento.<\/p>\n","protected":false},"excerpt":{"rendered":"<p>A P\u00f3s-Gradua\u00e7\u00e3o em Ortopedia, Traumatologia e Terapia Manual \u00e9 voltada para suprir a lacuna que a Gradua\u00e7\u00e3o geralmente n\u00e3o preenche na forma\u00e7\u00e3o dos alunos. A Especializa\u00e7\u00e3o Lato Sensu d\u00e1 grande relev\u00e2ncia ao trabalho do Fisioterapeuta em seu papel de Reabilita\u00e7\u00e3o na \u00e1rea de Ortopedia e Traumatologia, como o grande profissional do movimento humano, abrindo um [&hellip;]<\/p>\n","protected":false},"featured_media":7763,"comment_status":"open","ping_status":"closed","template":"","meta":[],"product_cat":[21],"product_tag":[281,22],"class_list":{"0":"post-3540","1":"product","2":"type-product","3":"status-publish","4":"has-post-thumbnail","6":"product_cat-pos-graduacoes","7":"product_tag-fisioterapia-em-ortopedia-e-traumatologia-terapia-manual-santarem-pa","8":"product_tag-pos-graduacao","10":"first","11":"instock","12":"shipping-taxable","13":"purchasable","14":"product-type-simple"},"_links":{"self":[{"href":"https:\/\/portalbiocursos.com.br\/index.php\/wp-json\/wp\/v2\/product\/3540","targetHints":{"allow":["GET"]}}],"collection":[{"href":"https:\/\/portalbiocursos.com.br\/index.php\/wp-json\/wp\/v2\/product"}],"about":[{"href":"https:\/\/portalbiocursos.com.br\/index.php\/wp-json\/wp\/v2\/types\/product"}],"replies":[{"embeddable":true,"href":"https:\/\/portalbiocursos.com.br\/index.php\/wp-json\/wp\/v2\/comments?post=3540"}],"version-history":[{"count":2,"href":"https:\/\/portalbiocursos.com.br\/index.php\/wp-json\/wp\/v2\/product\/3540\/revisions"}],"predecessor-version":[{"id":3543,"href":"https:\/\/portalbiocursos.com.br\/index.php\/wp-json\/wp\/v2\/product\/3540\/revisions\/3543"}],"wp:featuredmedia":[{"embeddable":true,"href":"https:\/\/portalbiocursos.com.br\/index.php\/wp-json\/wp\/v2\/media\/7763"}],"wp:attachment":[{"href":"https:\/\/portalbiocursos.com.br\/index.php\/wp-json\/wp\/v2\/media?parent=3540"}],"wp:term":[{"taxonomy":"product_cat","embeddable":true,"href":"https:\/\/portalbiocursos.com.br\/index.php\/wp-json\/wp\/v2\/product_cat?post=3540"},{"taxonomy":"product_tag","embeddable":true,"href":"https:\/\/portalbiocursos.com.br\/index.php\/wp-json\/wp\/v2\/product_tag?post=3540"}],"curies":[{"name":"wp","href":"https:\/\/api.w.org\/{rel}","templated":true}]}}