{"id":347,"date":"2022-12-03T10:43:03","date_gmt":"2022-12-03T13:43:03","guid":{"rendered":"https:\/\/portalbiocursos.com.br\/?post_type=product&#038;p=347"},"modified":"2024-02-01T11:53:41","modified_gmt":"2024-02-01T14:53:41","slug":"pos-graduacao-em-fisioterapia-em-terapia-intensiva","status":"publish","type":"product","link":"https:\/\/portalbiocursos.com.br\/index.php\/produto\/pos-graduacao-em-fisioterapia-em-terapia-intensiva\/","title":{"rendered":"P\u00f3s-Gradua\u00e7\u00e3o em Fisioterapia em Terapia Intensiva"},"content":{"rendered":"<p><strong>Turma 24<\/strong><\/p>\n<p><strong>Descri\u00e7\u00e3o\u00a0\u00a0\u00a0\u00a0\u00a0\u00a0\u00a0\u00a0\u00a0\u00a0\u00a0\u00a0\u00a0\u00a0\u00a0\u00a0\u00a0\u00a0\u00a0 <\/strong><\/p>\n<p>Com o implemento da Resolu\u00e7\u00e3o ANVISA (RDC n\u00ba 137, atualizada em de 8 de fevereiro de 2017), tornou-se necess\u00e1rio, para cada 10 leitos de UTI, a presen\u00e7a de 01 Fisioterapeuta com Forma\u00e7\u00e3o e Informa\u00e7\u00f5es Espec\u00edficas da \u00e1rea para executar o tratamento de pacientes criticamente enfermos, sendo estes, atualmente denominados Fisioterapeutas Intensivistas (FI), que atuam sob regime de Plant\u00f5es em diferentes turnos.<\/p>\n<p>Com a obrigatoriedade deste quadro nas Unidades de Terapia Intensiva <em>(UTI)<\/em>, o campo de trabalho para a classe Fisioterap\u00eautica Intensivista <em>(FI)<\/em> est\u00e1 em forte expans\u00e3o, exigindo de tais profissionais conhecimentos gerais e espec\u00edficos, al\u00e9m de um forte embasamento cl\u00ednico e determinadas particularidades.<\/p>\n<p>Neste contexto, a Bio Cursos<strong>, <\/strong>mantendo a mesma qualidade pela qual j\u00e1 \u00e9 reconhecida<strong>, <\/strong>renova a sua P\u00f3s-Gradua\u00e7\u00e3o Lato Sensu em Fisioterapia Intensiva<u>,<\/u> trazendo a Manaus um Corpo Docente formado por <em>Mestres e Doutores<\/em>, muitos com forte participa\u00e7\u00e3o na ASSOBRAFIR, experi\u00eancias e viv\u00eancias em diversas e renomadas UTIs, al\u00e9m de pesquisadores da \u00e1rea.<\/p>\n","protected":false},"excerpt":{"rendered":"<p><strong>Conte\u00fado Program\u00e1tico<\/strong><\/p>\n<ul>\n<li>Fundamentos da Terapia Intensiva (UTI)<\/li>\n<li>Bases Farmacol\u00f3gicas e Intera\u00e7\u00f5es Medicamentosas<\/li>\n<li>Diagn\u00f3stico por Imagens e Interpreta\u00e7\u00e3o de Exames Laboratoriais<\/li>\n<li>Urg\u00eancia e Emerg\u00eancia<\/li>\n<li>Metodologia da Pesquisa e Produ\u00e7\u00e3o Cient\u00edfica &#8211; EAD<\/li>\n<li>Monitoriza\u00e7\u00e3o Cardiorrespirat\u00f3ria e Suporte Ventilat\u00f3rio em Pediatria e Neonatologia<\/li>\n<li>Abordagem Fisioterap\u00eautica em Terapia Intensiva Aplicada as Disfun\u00e7\u00f5es Neurol\u00f3gicas e Nefrol\u00f3gicas;<\/li>\n<li>Abordagem Fisioterap\u00eautica em Terapia Intensiva Aplicada as Disfun\u00e7\u00f5es Pneumol\u00f3gicas<\/li>\n<li>Abordagem Fisioterap\u00eautica em Terapia Intensiva Aplicada as Disfun\u00e7\u00f5es Cl\u00ednicas e Cir\u00fargicas Gerais<\/li>\n<li>Recursos Manuais e Instrumentais Especiais de Fisioterapia em Terapia Intensiva Pedi\u00e1trica e Neonatal<\/li>\n<li>Avalia\u00e7\u00e3o (Proped\u00eautica e Semiologia Geral) a beira do Leito e Princ\u00edpios B\u00e1sicos da Monitoriza\u00e7\u00e3o do Paciente Cr\u00edtico em UTI<\/li>\n<li>Recursos Manuais e Instrumentais de Fisioterapia Respirat\u00f3ria e Cinesioterapia;<\/li>\n<li>Abordagem Fisioterap\u00eautica em Terapia Intensiva Aplicada as Disfun\u00e7\u00f5es Cardiovasculares<\/li>\n<li>T\u00f3picos de Cl\u00ednica M\u00e9dica Especializada<\/li>\n<li>Suporte Ventilat\u00f3rio I<\/li>\n<li>Suporte Ventilat\u00f3rio II<\/li>\n<li><strong>Est\u00e1gio Supervisionado Opcional \u2013 20 horas (Local: Hospital Pronto Socorro 28 de Agosto \u2013 Manaus\/AM)<\/strong><\/li>\n<\/ul>\n<p><strong>\u00a0<\/strong><\/p>\n<p><strong>Obs.: O conte\u00fado program\u00e1tico est\u00e1 sujeito a altera\u00e7\u00f5es, visando \u00e0 otimiza\u00e7\u00e3o do curso.<\/strong><\/p>\n<p>&nbsp;<\/p>\n<p><strong>Corpo Docente:\u00a0\u00a0\u00a0\u00a0\u00a0\u00a0\u00a0\u00a0\u00a0\u00a0\u00a0\u00a0\u00a0\u00a0\u00a0\u00a0\u00a0\u00a0\u00a0 <\/strong><\/p>\n<p>&#8211; Camila Miriam Suemi Sato, Mestre e Doutorando(AM).<\/p>\n<p>&#8211; Denilson Veras, Mestre (AM).<\/p>\n<p>&#8211; Jeronimo Correia Barbosa Neto, Especialista ASSOBRAFIR, Mestre (AM), S\u00f3cio Diretor da Pulmocor Manaus.<\/p>\n<p>&#8211; Kleber Prado Liberal Rodrigues, Mestre e Doutorando (AM)<\/p>\n<p>&#8211; Marcos Giovanni Santos Carvalho, Mestre e Doutorando, Presidente da Regional ASSOBRAFIR (AM)<\/p>\n<p>&#8211; Paulo Vin\u00edcius Barros Pereira de S\u00e1, Especialista (AM)<\/p>\n<p>&#8211; Roberta Lins Gon\u00e7alves, Doutora, Especialista pela ASSOBRAFIR.<\/p>\n<p>&#8211; Robson Fernandes de Lima Filho, Especialista (AM)<\/p>\n<p>&#8211; Tha\u00eds Sant\u2019Anna, Doutora (AM) e Especialista ASSOBRAFIR, Diretora Cient\u00edfica da ASSOBRAFIR ( AM).<\/p>\n<p>&#8211; Demais professores convidados<\/p>\n<p>&nbsp;<\/p>\n<p><strong>Obs.: O corpo docente poder\u00e1 sofrer altera\u00e7\u00f5es no decorrer do curso, por\u00e9m a Bio Cursos se compromete em manter o mesmo n\u00edvel dos professores que necessitarem ser substitu\u00eddos.<\/strong><\/p>\n<p><strong>\u00a0<\/strong><\/p>\n<p><strong>Coordena\u00e7\u00e3o<\/strong><\/p>\n<p><strong>Jo\u00e3o Paulo Ribeiro, Mestre (AM)<\/strong><\/p>\n<ul>\n<li>Graduado em Fisioterapia pelo Centro Universit\u00e1rio Claretiano de Batatais-SP<\/li>\n<li>Mestre em Ci\u00eancias da Sa\u00fade pela Universidade Federal do Amazonas<\/li>\n<li>P\u00f3s-Gradua\u00e7\u00e3o em Acupuntura (Instituto Paulista de Estudos Sist\u00eamicos) Aprimoramento em Fisioterapia Respirat\u00f3ria em Unidade de Terapia Intensiva Adulto da Santa Casa de Miseric\u00f3rdia de Passos-MG<\/li>\n<li>P\u00f3s-Gradua\u00e7\u00e3o em Fisioterapia em Terapia Intensiva (Faculdade \u00c1vila)<\/li>\n<li>Especialista em Terapia Intensiva Adulto pelo Conselho Federal de Fisioterapia e Terapia Ocupacional e ASSOBRAFIR<\/li>\n<li>P\u00f3s-Gradua\u00e7\u00e3o em Forma\u00e7\u00e3o de Professores para o Ensino Superior (Universidade Paulista)<\/li>\n<li>Fez parte do grupo de Oficial Fisioterapeuta da For\u00e7a A\u00e9rea Brasileira (FAB-VII COMAR) e foi docente do Curso de gradua\u00e7\u00e3o em Fisioterapia da Universidade Paulista, onde atuou tamb\u00e9m como Professor convidado da P\u00f3s-Gradua\u00e7\u00e3o desta mesma institui\u00e7\u00e3o<\/li>\n<li>Atualmente trabalha nas Unidades de Terapia Intensiva Adulto nos Hospitais Santa J\u00falia, Maternidade Balbina Mestrinho -SUSAM e no Hospital Universit\u00e1rio Get\u00falio Vargas (UFAM)<\/li>\n<li>Coordenador e Professor do curso de P\u00f3s-Gradua\u00e7\u00e3o em Fisioterapia em Terapia Intensiva (FaSerra &#8211; Bio Cursos\/AM)<\/li>\n<li>\u00a0S\u00f3cio da Associa\u00e7\u00e3o Brasileira de Fisioterapia Cardiorrespirat\u00f3ria e Fisioterapia em Terapia Intensiva (ASSOBRAFIR)<\/li>\n<li>Diretor Tesoureiro da Regional Amazonas ASSOBRAFIR<\/li>\n<\/ul>\n<p>&nbsp;<\/p>\n<p><strong>P\u00fablico-Alvo<\/strong><\/p>\n<p>Fisioterapeutas<\/p>\n<p><strong>\u00a0<\/strong><\/p>\n<p><strong>In\u00edcio<\/strong><\/p>\n<p>16, 17, 18 e 19 de Janeiro de 2023<\/p>\n<p><strong>\u00a0<\/strong><\/p>\n<p><strong>Hor\u00e1rios<\/strong><\/p>\n<p>Segunda a quinta-feira: 19h \u00e0s 23h<\/p>\n<p>(1x por m\u00eas)<\/p>\n<p>&nbsp;<\/p>\n<p><strong>Carga Hor\u00e1ria<\/strong><\/p>\n<p>368 horas\/aula<\/p>\n<p>&nbsp;<\/p>\n<p>&nbsp;<\/p>\n<p><strong>Dura\u00e7\u00e3o<\/strong><\/p>\n<p>16 m\u00f3dulos<\/p>\n<p>&nbsp;<\/p>\n<p><strong>Local<\/strong><\/p>\n<p><strong>Manaus\/AM<\/strong><strong> &#8211;<\/strong> Sede da Bio Cursos \u2013 R. Rio Javari, 170 \u2013 Conj. Vieiralves (atr\u00e1s do McDonald&#8217;s da Av. Djalma Batista)<\/p>\n<p>&nbsp;<\/p>\n<p><strong>Investimento<\/strong><\/p>\n<p><strong>TAXA DE MATR\u00cdCULA: R$ 250,00<\/strong><\/p>\n<p>&nbsp;<\/p>\n<p><strong>Escolha uma das 4 op\u00e7\u00f5es de parcelamento das mensalidades no boleto ou cart\u00e3o de cr\u00e9dito recorrente:<\/strong><\/p>\n<ul>\n<li><strong>18x R$ 490,00<\/strong><\/li>\n<li><strong>24x R$ 370,00<\/strong><\/li>\n<li><strong>30x R$ 298,00<\/strong><\/li>\n<li><strong>36x R$ 249,00<\/strong><\/li>\n<\/ul>\n<p>&nbsp;<\/p>\n<p>Obs.: J\u00e1 est\u00e3o inclusos nas mensalidades acima o desconto pontualidade para o aluno (a) que efetuar o pagamento at\u00e9 a data de vencimento do boleto.<\/p>\n<p>&nbsp;<\/p>\n<p><strong>Documentos necess\u00e1rios<\/strong><\/p>\n<p>Os documentos devem ser escaneados e enviados por e-mail: atendimento2@portalbiocursos.com.br<\/p>\n<ul>\n<li>CPF<\/li>\n<li>RG ou Carteira Profissional (n\u00e3o ser\u00e1 aceito CNH)<\/li>\n<li>T\u00edtulo de Eleitor<\/li>\n<li>Certid\u00e3o de Nascimento ou Casamento<\/li>\n<li>Comprovante de Resid\u00eancia atualizado<\/li>\n<li>Diploma<\/li>\n<li>Hist\u00f3rico da Gradua\u00e7\u00e3o<\/li>\n<li>Documento Militar (se homem)<\/li>\n<li>Foto 3&#215;4<\/li>\n<\/ul>\n<p><strong>\u00a0<\/strong><\/p>\n<p><strong>Observa\u00e7\u00f5es<\/strong><\/p>\n<ul>\n<li>Emiss\u00e3o de certificado por IES cadastrada junto ao Minist\u00e9rio da Educa\u00e7\u00e3o;<\/li>\n<li>A primeira mensalidade pode ser\u00e1 paga no 1\u00ba dia de aula;<\/li>\n<li>Ap\u00f3s o pagamento da primeira mensalidade, os pr\u00f3ximos vencimentos ser\u00e3o sempre no dia 30 de cada m\u00eas;<\/li>\n<li>Em caso de desist\u00eancia da P\u00f3s-Gradua\u00e7\u00e3o, n\u00e3o haver\u00e1 devolu\u00e7\u00e3o da taxa de matr\u00edcula em car\u00e1ter de despesas administrativas;<\/li>\n<li>A organiza\u00e7\u00e3o se reserva do direito de adiar ou cancelar o curso caso n\u00e3o haja o n\u00famero suficiente de participantes para sua realiza\u00e7\u00e3o;<\/li>\n<li>A Bio Cursos n\u00e3o se responsabiliza em restituir valores de transportes ou hospedagem caso o curso seja cancelado.<\/li>\n<\/ul>\n<p><strong>\u00a0<\/strong><\/p>\n<p><strong>Informa\u00e7\u00f5es e Matr\u00edculas<\/strong><\/p>\n<p><strong>(92) 3584-0031 \/ (92) 99331-5863 (Vivo) <\/strong><\/p>\n<p><strong>Consultora Comercial: Nathali Silva<\/strong><\/p>\n<p><a href=\"mailto:atendimento1@portalbiocursos.com.br\">atendimento1@portalbiocursos.com.br<\/a><\/p>\n<p>https:\/\/www.portalbiocursos.com.br\/<\/p>\n","protected":false},"featured_media":7770,"comment_status":"open","ping_status":"closed","template":"","meta":[],"product_cat":[21],"product_tag":[26,70,22,163,71],"class_list":{"0":"post-347","1":"product","2":"type-product","3":"status-publish","4":"has-post-thumbnail","6":"product_cat-pos-graduacoes","7":"product_tag-fisioterapia","8":"product_tag-fisioterapia-em-terapia-intensiva","9":"product_tag-pos-graduacao","10":"product_tag-pos-graduacao-em-fisioterapia-em-terapia-intensiva","11":"product_tag-terapia-intensiva","13":"first","14":"instock","15":"virtual","16":"purchasable","17":"product-type-simple"},"_links":{"self":[{"href":"https:\/\/portalbiocursos.com.br\/index.php\/wp-json\/wp\/v2\/product\/347","targetHints":{"allow":["GET"]}}],"collection":[{"href":"https:\/\/portalbiocursos.com.br\/index.php\/wp-json\/wp\/v2\/product"}],"about":[{"href":"https:\/\/portalbiocursos.com.br\/index.php\/wp-json\/wp\/v2\/types\/product"}],"replies":[{"embeddable":true,"href":"https:\/\/portalbiocursos.com.br\/index.php\/wp-json\/wp\/v2\/comments?post=347"}],"version-history":[{"count":4,"href":"https:\/\/portalbiocursos.com.br\/index.php\/wp-json\/wp\/v2\/product\/347\/revisions"}],"predecessor-version":[{"id":361,"href":"https:\/\/portalbiocursos.com.br\/index.php\/wp-json\/wp\/v2\/product\/347\/revisions\/361"}],"wp:featuredmedia":[{"embeddable":true,"href":"https:\/\/portalbiocursos.com.br\/index.php\/wp-json\/wp\/v2\/media\/7770"}],"wp:attachment":[{"href":"https:\/\/portalbiocursos.com.br\/index.php\/wp-json\/wp\/v2\/media?parent=347"}],"wp:term":[{"taxonomy":"product_cat","embeddable":true,"href":"https:\/\/portalbiocursos.com.br\/index.php\/wp-json\/wp\/v2\/product_cat?post=347"},{"taxonomy":"product_tag","embeddable":true,"href":"https:\/\/portalbiocursos.com.br\/index.php\/wp-json\/wp\/v2\/product_tag?post=347"}],"curies":[{"name":"wp","href":"https:\/\/api.w.org\/{rel}","templated":true}]}}