{"id":345,"date":"2022-12-03T10:33:05","date_gmt":"2022-12-03T13:33:05","guid":{"rendered":"https:\/\/portalbiocursos.com.br\/?post_type=product&#038;p=345"},"modified":"2025-12-10T13:16:57","modified_gmt":"2025-12-10T16:16:57","slug":"pos-graduacao-em-fisioterapia-em-gerontologia","status":"publish","type":"product","link":"https:\/\/portalbiocursos.com.br\/index.php\/produto\/pos-graduacao-em-fisioterapia-em-gerontologia\/","title":{"rendered":"P\u00f3s-Gradua\u00e7\u00e3o em Fisioterapia em Gerontologia"},"content":{"rendered":"<p><strong>Turma 06<\/strong><\/p>\n<p><strong>Descri\u00e7\u00e3o<\/strong><\/p>\n<p>O crescente envelhecimento da popula\u00e7\u00e3o brasileira e o aumento da expectativa de vida predisp\u00f5em cada vez mais os indiv\u00edduos \u00e0s morbidades provenientes das doen\u00e7as cr\u00f4nico-degenerativas. O pr\u00f3prio processo de envelhecimento comumente causa altera\u00e7\u00f5es tempor\u00e1rias ou permanentes, que prejudicam o indiv\u00edduo em suas fun\u00e7\u00f5es quer seja em atividades instrumentais de vida di\u00e1ria, como tamb\u00e9m nas atividades b\u00e1sicas, tornando-o dependente de terceiros, o que leva a grande impacto nos dom\u00ednios econ\u00f4mico, social, f\u00edsico e emocional.<\/p>\n<p>Diante disso, a abordagem fisioterap\u00eautica ao paciente geri\u00e1trico necessita cada vez mais de especializa\u00e7\u00e3o e atualiza\u00e7\u00e3o baseada em evid\u00eancias cient\u00edficas. Tal abordagem espec\u00edfica torna a reabilita\u00e7\u00e3o mais eficaz, melhorando a qualidade de vida dos idosos. Sendo assim, a Fisioterapia em Gerontologia \u00e9 um campo de atua\u00e7\u00e3o profissional em avan\u00e7o e a cria\u00e7\u00e3o de um programa de P\u00f3s-Gradua\u00e7\u00e3o nesta \u00e1rea visa suprir car\u00eancias na forma\u00e7\u00e3o de profissionais especializados, contribuindo para o desenvolvimento regional sob o ponto de vista econ\u00f4mico e social.<\/p>\n<p>A P\u00f3s-Gradua\u00e7\u00e3o tem como objetivo proporcionar um conhecimento amplo sobre o processo de envelhecimento, sobre as caracter\u00edsticas da fase final do ciclo de vida e seus determinantes biopsicossocial, caracterizando a ci\u00eancia do envelhecimento com atua\u00e7\u00f5es interdisciplinares, com a\u00e7\u00f5es preventivas e de planejamento para melhoria da independ\u00eancia e qualidade de vida.<\/p>\n","protected":false},"excerpt":{"rendered":"<p><strong>Conte\u00fado Program\u00e1tico<\/strong><\/p>\n<ul>\n<li>Conceitos B\u00e1sicos e Aspectos Funcionais do Envelhecimento<\/li>\n<li>Aprendizagem, Controle Motor e Envelhecimento<\/li>\n<li>Aspectos Sociais e Psicol\u00f3gicos do Envelhecimento<\/li>\n<li>Avalia\u00e7\u00e3o Multidimensional do Idoso<\/li>\n<li>Estimula\u00e7\u00e3o Cognitiva em Idosos<\/li>\n<li>Nutri\u00e7\u00e3o e Envelhecimento<\/li>\n<li>T\u00e9cnicas Orientais da Medicina Tradicional Chinesa em Gerontologia<\/li>\n<li>Fisioterapia em Uroginecologia e nas Disfun\u00e7\u00f5es do Assoalho P\u00e9lvico de Idosos<\/li>\n<li>Fisioterapia Traumato-Ortop\u00e9dica Funcional em Idosos com \u00eanfase em Terapia Manual<\/li>\n<li>Fisioterapia Neurofuncional em Idosos<\/li>\n<li>Metodologia da Pesquisa &#8211; EAD<\/li>\n<li>M\u00e9todo Pilates e sua Influ\u00eancia na Capacidade Funcional do Idoso<\/li>\n<li><strong>Treinamento Funcional em Idosos\u00a0(certifica\u00e7\u00e3o extra)<\/strong><\/li>\n<li><strong>Fisioterapia Aqu\u00e1tica em Gerontologia\u00a0(certifica\u00e7\u00e3o extra)<\/strong><\/li>\n<li>Fisioterapia Pneumofuncional em Idosos<\/li>\n<li>Fisioterapia Cardiovascular em Gerontologia<\/li>\n<li>Modula\u00e7\u00e3o da Dor no Processo de Envelhecimento <strong>(certifica\u00e7\u00e3o extra)<\/strong><\/li>\n<li>Recursos Eletrotermofototerap\u00eauticos no tratamento de idosos<\/li>\n<\/ul>\n<p><strong>\u00a0<\/strong><\/p>\n<p><strong>Obs.: O conte\u00fado program\u00e1tico est\u00e1 sujeito a altera\u00e7\u00f5es, visando \u00e0 otimiza\u00e7\u00e3o do curso.<\/strong><\/p>\n<p><strong>\u00a0<\/strong><\/p>\n<p><strong>Corpo Docente<\/strong><\/p>\n<ul>\n<li>Agnelo Weber de Oliveira Rocha, Doutor (AM)<\/li>\n<li>Carolina Maria Baima Zafino, Especialista (AM)<\/li>\n<li>Dennys Ricardo Duarte dos Santos, Especialista (AM)<\/li>\n<li>Den\u00edlson Veras, Mestre (AM)<\/li>\n<li>Erika Gomes Alves, Mestra (AM)<\/li>\n<li>F\u00e1bio Oliveira Maciel, Doutor (AM)<\/li>\n<li>Jaisson Agne Estr\u00e1zulas, Mestre (AM)<\/li>\n<li>J\u00e9ssica Farias Macedo, Especialista (AM)<\/li>\n<li>Jean Carlos Constantino Silva, Mestre (AM)<\/li>\n<li>Juliana Albuquerque Baltar, Doutora (AM)<\/li>\n<li>Josiel Gomes Ribeiro, Mestre (AM)<\/li>\n<li>Luhan Ammy Andrade Pican\u00e7o, Mestre (AM)<\/li>\n<li>Paulo Vinicius Barros Pereira de S\u00e1, Especialista (AM)<\/li>\n<\/ul>\n<p>&nbsp;<\/p>\n<p><strong>Obs.:\u00a0 <\/strong><strong>O corpo docente poder\u00e1 sofrer altera\u00e7\u00f5es no decorrer do curso, por\u00e9m a Bio Cursos se compromete em manter o mesmo n\u00edvel dos professores que necessitarem ser substitu\u00eddos.<\/strong><\/p>\n<p>&nbsp;<\/p>\n<p><strong>Coordena\u00e7\u00e3o<\/strong><\/p>\n<p><strong>Luhan Ammy Andrade Pican\u00e7o, Mestre (AM)<\/strong><\/p>\n<ul>\n<li>Graduado em Fisioterapia pela Universidade Federal do Amazonas &#8211; UFAM (2016)<\/li>\n<li>Mestre em Ci\u00eancias da Sa\u00fade pela Universidade Federal do Amazonas &#8211; UFAM (2019)<\/li>\n<li>P\u00f3s-graduado em Biomec\u00e2nica pela Universidade do Estado do Amazonas &#8211; UEA (2019)<\/li>\n<li>Especialista em Sa\u00fade P\u00fablica com \u00canfase em Estrat\u00e9gia Sa\u00fade da Fam\u00edlia &#8211; UEA (2020)<\/li>\n<li>Membro do Grupo de Pesquisa Atividade f\u00edsica e reabilita\u00e7\u00e3o para grupos especiais e Grupo de Pesquisa Estudo do Desempenho Humano &#8211; UFAM<\/li>\n<li>Membro do Laborat\u00f3rio de Estudo em Desempenho Humano &#8211; LEDEHU\/UFAM<\/li>\n<li>Professor Auxiliar na Universidade Est\u00e1cio de S\u00e1<\/li>\n<\/ul>\n<p>&nbsp;<\/p>\n<p><strong>P\u00fablico-alvo<\/strong><\/p>\n<p>Fisioterapeutas<\/p>\n<p>&nbsp;<\/p>\n<p><strong>Carga Hor\u00e1ria<\/strong><\/p>\n<p>360h\/aula<\/p>\n<p>&nbsp;<\/p>\n<p><strong>In\u00edcio<\/strong><\/p>\n<p>27 e 28 de Janeiro de 2023<\/p>\n<p>&nbsp;<\/p>\n<p><strong>Dura\u00e7\u00e3o<\/strong><\/p>\n<p>18 m\u00f3dulos<\/p>\n<p>&nbsp;<\/p>\n<p><strong>Hor\u00e1rios<\/strong><\/p>\n<p>Sexta-feira: 18:00 \u00e0s 23:00<\/p>\n<p>S\u00e1bado: 08:00 \u00e0s 20:00 (com intervalo para almo\u00e7o)<\/p>\n<p>&nbsp;<\/p>\n<p><strong>Local<\/strong><\/p>\n<p><strong>Manaus\/AM:<\/strong> Sede da Bio Cursos \u2013 Rua Rio Javari, n. 170 \u2013 Conj. Vieiralves (atr\u00e1s do McDonald&#8217;s da Av. Djalma Batista)<\/p>\n<p>&nbsp;<\/p>\n<p><strong>Investimento<\/strong><\/p>\n<p><strong>TAXA DE MATR\u00cdCULA: R$ 250,00<\/strong><\/p>\n<p>&nbsp;<\/p>\n<p><strong>Escolha uma das 4 op\u00e7\u00f5es de parcelamentos das mensalidades no boleto ou cart\u00e3o de cr\u00e9dito recorrente:<\/strong><\/p>\n<ul>\n<li><strong>18x R$ 640,00<\/strong><\/li>\n<li><strong>24x R$ 490,00<\/strong><\/li>\n<li><strong>30x R$ 400,00<\/strong><\/li>\n<li><strong>36x R$ 350,00<\/strong><\/li>\n<\/ul>\n<p>&nbsp;<\/p>\n<p>Obs.: J\u00e1 est\u00e3o inclusos nas mensalidades acima o desconto pontualidade para o aluno (a) que efetuar o pagamento at\u00e9 a data de vencimento do boleto<\/p>\n<p>&nbsp;<\/p>\n<p><strong>Documentos necess\u00e1rios<\/strong><\/p>\n<p>Os documentos devem ser escaneados e enviados por e-mail: atendimento2@portalbiocursos.com.br<\/p>\n<ul>\n<li>CPF<\/li>\n<li>RG ou Carteira Profissional (n\u00e3o ser\u00e1 aceito CNH)<\/li>\n<li>T\u00edtulo de Eleitor<\/li>\n<li>Certid\u00e3o de Nascimento ou Casamento<\/li>\n<li>Comprovante de Resid\u00eancia atualizado<\/li>\n<li>Diploma e Hist\u00f3rico da Gradua\u00e7\u00e3o (frente e verso)<\/li>\n<li>Documento Militar (se homem)<\/li>\n<li>Foto 3&#215;4<\/li>\n<\/ul>\n<p>&nbsp;<\/p>\n<p><strong>Observa\u00e7\u00f5es<\/strong><\/p>\n<ul>\n<li>Emiss\u00e3o de certificado por IES cadastrada junto ao Minist\u00e9rio da Educa\u00e7\u00e3o;<\/li>\n<li>Os vencimentos das mensalidades ser\u00e3o sempre no dia 30 de cada m\u00eas;<\/li>\n<li>Em caso de desist\u00eancia da P\u00f3s-Gradua\u00e7\u00e3o, n\u00e3o haver\u00e1 devolu\u00e7\u00e3o da taxa de matr\u00edcula em car\u00e1ter de despesas administrativas;<\/li>\n<li>A organiza\u00e7\u00e3o se reserva do direito de adiar ou cancelar o curso caso n\u00e3o haja o n\u00famero suficiente de participantes para sua realiza\u00e7\u00e3o;<\/li>\n<li>A Bio Cursos n\u00e3o se responsabiliza em restituir valores de transportes ou hospedagem caso o curso seja cancelado.<\/li>\n<\/ul>\n<p><strong>\u00a0<\/strong><\/p>\n<p><strong>Informa\u00e7\u00f5es e Matr\u00edculas<\/strong><\/p>\n<p><strong>(92) 3584-0031 \/ (92) 98130-4434 (Vivo) <\/strong><\/p>\n<p><strong>Consultora Comercial: Jessika Gomes<\/strong><\/p>\n<p><a href=\"mailto:contato@portalbiocursos.com.br\">contato@portalbiocursos.com.br<\/a><\/p>\n<p><a href=\"https:\/\/www.portalbiocursos.com.br\/\">https:\/\/www.portalbiocursos.com.br\/<\/a><\/p>\n","protected":false},"featured_media":7771,"comment_status":"open","ping_status":"closed","template":"","meta":[],"product_cat":[21],"product_tag":[24,26,68,69,67,23,22,164],"class_list":{"0":"post-345","1":"product","2":"type-product","3":"status-publish","4":"has-post-thumbnail","6":"product_cat-pos-graduacoes","7":"product_tag-amazonas","8":"product_tag-fisioterapia","9":"product_tag-fisioterapia-em-gerontologia","10":"product_tag-fisioterapia-gerontologica","11":"product_tag-gerontologia","12":"product_tag-manaus","13":"product_tag-pos-graduacao","14":"product_tag-pos-graduacao-em-fisioterapia-em-gerontologia","16":"first","17":"instock","18":"shipping-taxable","19":"purchasable","20":"product-type-simple"},"_links":{"self":[{"href":"https:\/\/portalbiocursos.com.br\/index.php\/wp-json\/wp\/v2\/product\/345","targetHints":{"allow":["GET"]}}],"collection":[{"href":"https:\/\/portalbiocursos.com.br\/index.php\/wp-json\/wp\/v2\/product"}],"about":[{"href":"https:\/\/portalbiocursos.com.br\/index.php\/wp-json\/wp\/v2\/types\/product"}],"replies":[{"embeddable":true,"href":"https:\/\/portalbiocursos.com.br\/index.php\/wp-json\/wp\/v2\/comments?post=345"}],"version-history":[{"count":4,"href":"https:\/\/portalbiocursos.com.br\/index.php\/wp-json\/wp\/v2\/product\/345\/revisions"}],"predecessor-version":[{"id":7026,"href":"https:\/\/portalbiocursos.com.br\/index.php\/wp-json\/wp\/v2\/product\/345\/revisions\/7026"}],"wp:featuredmedia":[{"embeddable":true,"href":"https:\/\/portalbiocursos.com.br\/index.php\/wp-json\/wp\/v2\/media\/7771"}],"wp:attachment":[{"href":"https:\/\/portalbiocursos.com.br\/index.php\/wp-json\/wp\/v2\/media?parent=345"}],"wp:term":[{"taxonomy":"product_cat","embeddable":true,"href":"https:\/\/portalbiocursos.com.br\/index.php\/wp-json\/wp\/v2\/product_cat?post=345"},{"taxonomy":"product_tag","embeddable":true,"href":"https:\/\/portalbiocursos.com.br\/index.php\/wp-json\/wp\/v2\/product_tag?post=345"}],"curies":[{"name":"wp","href":"https:\/\/api.w.org\/{rel}","templated":true}]}}