{"id":343,"date":"2022-12-03T10:09:55","date_gmt":"2022-12-03T13:09:55","guid":{"rendered":"https:\/\/portalbiocursos.com.br\/?post_type=product&#038;p=343"},"modified":"2024-02-01T11:59:52","modified_gmt":"2024-02-01T14:59:52","slug":"pos-graduacao-em-reabilitacao-em-ortopedia-e-traumatologia-com-enfase-em-terapia-manual","status":"publish","type":"product","link":"https:\/\/portalbiocursos.com.br\/index.php\/produto\/pos-graduacao-em-reabilitacao-em-ortopedia-e-traumatologia-com-enfase-em-terapia-manual\/","title":{"rendered":"P\u00f3s-Gradua\u00e7\u00e3o em Reabilita\u00e7\u00e3o em Ortopedia e Traumatologia com \u00canfase em Terapia Manual"},"content":{"rendered":"<p><strong>Turma 36<br \/>\n<\/strong><br \/>\n<strong>Descri\u00e7\u00e3o<br \/>\n<\/strong><br \/>\nA P\u00f3s-Gradua\u00e7\u00e3o em Ortopedia e Traumatologia traz como objeto principal o enfoque em Terapia Manual, tornando o curso muito mais interessante e pr\u00e1tico. Conhecer as diversas t\u00e9cnicas de Terapia Manual \u00e9 atualmente uma exig\u00eancia para que o fisioterapeuta que atua na \u00e1rea de Ortopedia se destaque no mercado de trabalho. A proposta da P\u00f3s \u00e9 realmente<br \/>\ndirecionar o profissional para que ele tenha sucesso em seus atendimentos.<\/p>\n<p>O enfoque ser\u00e1 no que se tem utilizado nas rotinas de atendimento para a avalia\u00e7\u00e3o e o tratamento das patologias ortop\u00e9dicas. As aulas pr\u00e1ticas permitir\u00e3o o desenvolvimento de habilidades como: avaliar, programar objetivos e executar condutas fisioterap\u00eauticas. Ser\u00e3o abordados os principais m\u00e9todos de tratamento. Aliados \u00e0 grande experi\u00eancia de nossos professores e a estrutura f\u00edsica de excel\u00eancia da Bio Cursos, o resultado s\u00f3 poderia ser mais de uma dezena de cursos montados e profissionais preparados para a teoria e a pr\u00e1tica.<\/p>\n","protected":false},"excerpt":{"rendered":"<h3>Conte\u00fado Program\u00e1tico<\/h3>\n<ul style=\"font-weight: 400;\">\n<li>Anatomia e Anatomia Palpat\u00f3ria para Fisioterapeutas<\/li>\n<li><strong>Avalia\u00e7\u00e3o Postural por Fotogrametria Computadorizada (Certifica\u00e7\u00e3o Extra)<\/strong><\/li>\n<li><strong>Bandagem Funcional nas Disfun\u00e7\u00f5es Ortotraum\u00e1ticas (Certifica\u00e7\u00e3o Extra)<\/strong><\/li>\n<li><strong>Estabiliza\u00e7\u00e3o Segmentar Vertebral (Certifica\u00e7\u00e3o Extra)<\/strong><\/li>\n<li>Conceito Maitland aplicado aos Membros Superiores e Inferiores<\/li>\n<li>Crochetagem Mio-Aponeur\u00f3tica<\/li>\n<li>Dry Needling<\/li>\n<li>Metodologia da Pesquisa e Produ\u00e7\u00e3o Cient\u00edfica &#8211; EAD<\/li>\n<li>Mobiliza\u00e7\u00e3o Miofascial Manual<\/li>\n<li>Mobiliza\u00e7\u00e3o Miofascial por Instrumento<\/li>\n<li>Mobiliza\u00e7\u00e3o Neural<\/li>\n<li>Osteopatia I &#8211; Aplicada nas Les\u00f5es Ortop\u00e9dicas<\/li>\n<li>Osteopatia II &#8211; nas Disfun\u00e7\u00f5es da Coluna Vertebral<\/li>\n<li>Osteopatia III &#8211; Aplicada nas Disfun\u00e7\u00f5es de Sacro<\/li>\n<li>Quiropraxia aplicada em Ortopedia e Traumatologia<\/li>\n<li>Recursos Fisioterap\u00eauticos em Ortopedia e Traumatologia<\/li>\n<li>Avalia\u00e7\u00e3o e Testes Ortop\u00e9dicos<\/li>\n<li>DTM (Disfun\u00e7\u00f5es Tempero Mandibulares)<\/li>\n<\/ul>\n<p>Obs.: O conte\u00fado program\u00e1tico est\u00e1 sujeito a altera\u00e7\u00f5es, visando \u00e0 otimiza\u00e7\u00e3o do curso<\/p>\n<p>&nbsp;<\/p>\n<section class=\"container mb\">\n<article class=\"bg-branco publico-alvo left\">\n<h1 class=\"titulo-secao\">P\u00fablico-Alvo<\/h1>\n<div>Fisioterapeutas<\/div>\n<\/article>\n<article class=\"bg-branco carga-horaria right\">\n<h1 class=\"titulo-secao\">Carga Hor\u00e1ria<\/h1>\n<p><time>360h\/aula<\/time><\/p>\n<\/article>\n<\/section>\n<section class=\"container mb\">\n<article class=\"bg-branco datas left\">\n<h1 class=\"titulo-secao\">Datas<\/h1>\n<p><time>27 e 28 de Janeiro de 2023<\/time><\/p>\n<\/article>\n<article class=\"bg-branco horarios right\">\n<h1 class=\"titulo-secao\">Hor\u00e1rios<\/h1>\n<div>Sexta-feira: 18:00 \u00e0s 23:00<\/div>\n<div>S\u00e1bado: 08:00 \u00e0s 20:00 (com intervalo para almo\u00e7o)<\/div>\n<div><\/div>\n<\/article>\n<\/section>\n<div>\n<h3>Corpo Docente<\/h3>\n<ul>\n<li>Alisson Gustavo Braz, Mestre (SP)<\/li>\n<li>Carmen F\u00e1tima Prada de Freitas, Especialista (SP)<\/li>\n<li>Fernando Borges Ferreira, Mestre (SP)<\/li>\n<li>Luis Ferreira Monteiro Neto, Doutor (SP)<\/li>\n<li>Marcos Antonio Pereira Brito, Mestre (SP)<\/li>\n<li>Nivaldo Antonio Parizotto, Doutor, PhD em Harvard \/ Boston (USA) (SP)<\/li>\n<li>Thiago Aparecido Alves, Especialista (SP)<\/li>\n<li>Demais professores convidados<\/li>\n<\/ul>\n<p>Obs.: O corpo docente poder\u00e1 sofrer altera\u00e7\u00f5es no decorrer do curso, por\u00e9m a Bio Cursos se compromete em manter o mesmo n\u00edvel dos professores que necessitarem ser substitu\u00eddos<\/p>\n<h3>Coordena\u00e7\u00e3o<\/h3>\n<p>&nbsp;<\/p>\n<p><strong>Prof\u00ba Dr. Lu\u00eds Ferreira Monteiro Neto (SP)<\/strong><\/p>\n<ul>\n<li>Fisioterapeuta \u2013 Unisalesiano-Lins \u2013 e Educador F\u00edsico \u2013 FEFISA<\/li>\n<li>Especialista em Bases e M\u00e9todos de Avalia\u00e7\u00e3o Biomec\u00e2nica do Movimento Humano \u2013 Salesiano<\/li>\n<li>P\u00f3s-gradua\u00e7\u00e3o em Est\u00e9tica avan\u00e7ada<\/li>\n<li>Mestre em Engenharia Biom\u00e9dica \u2013 UNIVAP<\/li>\n<li>Doutor em Ci\u00eancias da Sa\u00fade \u2013 FAMERP<\/li>\n<li>Atua\u00e7\u00e3o como doc\u00eancia a mais de 24 anos<\/li>\n<li>CO-autor do CD Laserterapia para fisioterapia<\/li>\n<li>Autor do Cap\u00edtulo Realidade Virtual em Reabilita\u00e7\u00e3o do Livro Fisioterapia Neurol\u00f3gica \u2013 Manole 2011<\/li>\n<li>Autor do Cap\u00edtulo Fotogrametria computadorizada aplicada na avalia\u00e7\u00e3o facial, Livro Cicatrizes de Acne da avalia\u00e7\u00e3o ao tratamento \u2013 CR8, 2018<\/li>\n<li>Autor do Cap\u00edtulo Crochetagem Mioaponeur\u00f3tica, livro Abordagens terap\u00eauticas em sequelas de queimaduras- Est\u00e9tica Expert 2019<\/li>\n<li>Forma\u00e7\u00f5es internacionais em CMA<\/li>\n<li>Forma\u00e7\u00e3o Internacional em IASTM<\/li>\n<li>Forma\u00e7\u00e3o em Manipula\u00e7\u00e3o fascial e visceral<\/li>\n<li>Idealizador do M\u00e9todo Myofascial Release e das Marcas Ventosa Miofascial, Myotools e MioGun<\/li>\n<li>Ministra cursos na \u00e1rea de pesquisa da f\u00e1scia a mais de 14 anos<\/li>\n<\/ul>\n<h3>Dura\u00e7\u00e3o<\/h3>\n<p>18 m\u00f3dulos<\/p>\n<\/div>\n<div><\/div>\n<div>\n<h3>Local<\/h3>\n<p>Sede da Bio Cursos \u2013 R. Rio Javari, 170 \u2013 Conj. Vieiralves \u2013 Manaus-AM (atr\u00e1s do McDonald&#8217;s da Av. Djalma Batista)<\/p>\n<\/div>\n<div><\/div>\n<div>\n<h3>Documentos Necess\u00e1rios<\/h3>\n<p>&#8211; CPF<\/p>\n<p>&#8211; RG ou Carteira Profissional (n\u00e3o ser\u00e1 aceito CNH)<\/p>\n<p>&#8211; T\u00edtulo de Eleitor<\/p>\n<p>&#8211; Certid\u00e3o de Nascimento ou Casamento<\/p>\n<p>&#8211; Comprovante de Resid\u00eancia atualizado<\/p>\n<p>&#8211; Diploma e Hist\u00f3rico da Gradua\u00e7\u00e3o (frente e verso)<\/p>\n<p>&#8211; Documento Militar (se homem)<\/p>\n<p>&#8211; Foto 3&#215;4<\/p>\n<p><strong>Os documentos devem ser escaneados e enviados por e mail:atendimento2@portalbiocursos.com.br<\/strong><\/p>\n<p><strong>Observa\u00e7\u00f5es<\/strong><br \/>\n\u2022 Emiss\u00e3o de certificado por IES cadastrada junto ao Minist\u00e9rio da Educa\u00e7\u00e3o;<br \/>\n\u2022 Os vencimentos das mensalidades ser\u00e3o sempre no dia 30 de cada m\u00eas;<br \/>\n\u2022 Em caso de desist\u00eancia da P\u00f3s-Gradua\u00e7\u00e3o, n\u00e3o haver\u00e1 devolu\u00e7\u00e3o da taxa de matr\u00edcula em car\u00e1ter de despesas administrativas;<br \/>\n\u2022 A organiza\u00e7\u00e3o se reserva do direito de adiar ou cancelar o curso caso n\u00e3o haja o n\u00famero suficiente de participantes para sua realiza\u00e7\u00e3<br \/>\n.\u00a0 A Bio Cursos n\u00e3o se responsabiliza em restituir valores de transportes ou hospedagem caso o curso seja cancelado.<\/p>\n<\/div>\n<h3>Informa\u00e7\u00f5es e Matr\u00edculas<\/h3>\n<p>(92) 3584-0031\/(92) 99331-5863<\/p>\n<p><strong>Consultora Comercial: Nathali Silva<\/strong><\/p>\n<p>Link direto para WhatsApp:<a href=\"https:\/\/api.whatsapp.com\/send?phone=5592993315863&amp;text=consultoraNathali\">https:\/\/whats.link\/consultoranathali<\/a><\/p>\n<p><a href=\"mailto:atendimento1@portalbiocursos.com.br\">atendimento1@portalbiocursos.com.br<\/a><\/p>\n<section class=\"container mb\">\n<div><\/div>\n<article class=\"bg-branco horarios right\">\n<div><\/div>\n<\/article>\n<\/section>\n","protected":false},"featured_media":7773,"comment_status":"open","ping_status":"closed","template":"","meta":[],"product_cat":[21],"product_tag":[26,65,22,165,66,64,63],"class_list":{"0":"post-343","1":"product","2":"type-product","3":"status-publish","4":"has-post-thumbnail","6":"product_cat-pos-graduacoes","7":"product_tag-fisioterapia","8":"product_tag-ortopedia","9":"product_tag-pos-graduacao","10":"product_tag-pos-graduacao-em-reabilitacao-em-ortopedia-e-traumatologia-com-enfase-em-terapia-manual","11":"product_tag-reabilitacao","12":"product_tag-reabilitacao-em-ortopedia","13":"product_tag-terapia-manual","15":"first","16":"instock","17":"shipping-taxable","18":"purchasable","19":"product-type-simple"},"_links":{"self":[{"href":"https:\/\/portalbiocursos.com.br\/index.php\/wp-json\/wp\/v2\/product\/343","targetHints":{"allow":["GET"]}}],"collection":[{"href":"https:\/\/portalbiocursos.com.br\/index.php\/wp-json\/wp\/v2\/product"}],"about":[{"href":"https:\/\/portalbiocursos.com.br\/index.php\/wp-json\/wp\/v2\/types\/product"}],"replies":[{"embeddable":true,"href":"https:\/\/portalbiocursos.com.br\/index.php\/wp-json\/wp\/v2\/comments?post=343"}],"version-history":[{"count":3,"href":"https:\/\/portalbiocursos.com.br\/index.php\/wp-json\/wp\/v2\/product\/343\/revisions"}],"predecessor-version":[{"id":1473,"href":"https:\/\/portalbiocursos.com.br\/index.php\/wp-json\/wp\/v2\/product\/343\/revisions\/1473"}],"wp:featuredmedia":[{"embeddable":true,"href":"https:\/\/portalbiocursos.com.br\/index.php\/wp-json\/wp\/v2\/media\/7773"}],"wp:attachment":[{"href":"https:\/\/portalbiocursos.com.br\/index.php\/wp-json\/wp\/v2\/media?parent=343"}],"wp:term":[{"taxonomy":"product_cat","embeddable":true,"href":"https:\/\/portalbiocursos.com.br\/index.php\/wp-json\/wp\/v2\/product_cat?post=343"},{"taxonomy":"product_tag","embeddable":true,"href":"https:\/\/portalbiocursos.com.br\/index.php\/wp-json\/wp\/v2\/product_tag?post=343"}],"curies":[{"name":"wp","href":"https:\/\/api.w.org\/{rel}","templated":true}]}}