{"id":340,"date":"2022-12-03T09:29:03","date_gmt":"2022-12-03T12:29:03","guid":{"rendered":"https:\/\/portalbiocursos.com.br\/?post_type=product&#038;p=340"},"modified":"2024-02-01T12:08:10","modified_gmt":"2024-02-01T15:08:10","slug":"pos-graduacao-saude-estetica-santarem-pa","status":"publish","type":"product","link":"https:\/\/portalbiocursos.com.br\/index.php\/produto\/pos-graduacao-saude-estetica-santarem-pa\/","title":{"rendered":"P\u00f3s-Gradua\u00e7\u00e3o em Sa\u00fade Est\u00e9tica Avan\u00e7ada &#8211; Santar\u00e9m\/PA"},"content":{"rendered":"<p><strong>\u00a0<\/strong><strong>Turma 8\u00a0<\/strong><\/p>\n<p><strong>Descri\u00e7\u00e3o<\/strong><\/p>\n<p>O curso de p\u00f3s-gradua\u00e7\u00e3o <em>lato sensu\u00a0<\/em>em Sa\u00fade Est\u00e9tica est\u00e1 sendo proposto para atender \u00e0s necessidades dos profissionais, preparando, capacitando e desenvolvendo t\u00e9cnicas voltadas \u00e0 \u00e1rea da sa\u00fade est\u00e9tica com habilidade, seguran\u00e7a e compet\u00eancia. Com amplo embasamento te\u00f3rico e pr\u00e1tico para que o profissional entenda melhor os mecanismos de a\u00e7\u00e3o de cada procedimento a ser realizado.<\/p>\n<p>O profissional especializado atuar\u00e1 em cl\u00ednicas especializadas com s\u00f3lido conhecimento t\u00e9cnico e cient\u00edfico, podendo atuar como respons\u00e1vel t\u00e9cnico de estabelecimentos voltados ao setor de acordo com sua forma\u00e7\u00e3o. Com isso, pode garantir um atendimento personalizado para um p\u00fablico cada vez mais exigente, e ainda pode atuar com consultoria em cl\u00ednicas e empresas do setor.<\/p>\n<p>Os profissionais que buscam mais conhecimentos, inclusive com aprofundamento cient\u00edfico, s\u00e3o os que t\u00eam mais chance de sucesso.<\/p>\n","protected":false},"excerpt":{"rendered":"<p><strong>Conte\u00fado Program\u00e1tico<\/strong><\/p>\n<ul>\n<li>Anatomofisiologia e altera\u00e7\u00f5es Dermatofisiol\u00f3gicas em Sa\u00fade Est\u00e9tica<\/li>\n<li>Avalia\u00e7\u00e3o e Semiologia em Disfun\u00e7\u00f5es em Sa\u00fade Est\u00e9tica<\/li>\n<li>Cosmetologia e Nutrac\u00eauticos em Sa\u00fade Est\u00e9tica<\/li>\n<li>Bio\u00e9tica, Biosseguran\u00e7a e Primeiros Socorros aplicados \u00e0 Sa\u00fade Est\u00e9tica<\/li>\n<li>Ozonioterapia aplicada \u00e0 Sa\u00fade Est\u00e9tica<\/li>\n<li>Eletroterapia aplicada em Sa\u00fade Este\u0301tica (Endermoterapia, Ultrasom, Corrente Russa, Ultracavita\u00e7\u00e3o)<\/li>\n<li>Alta Tecnologia aplicada \u00e0 Sa\u00fade Est\u00e9tica (Ondas de Choque, Radiofrequ\u00eancia, Criolip\u00f3lise e Criofrequ\u00eancia)<\/li>\n<li>Laserterapia de Baixa Pot\u00eancia e IPL (Luz Intensa Pulsada) \/Fotodepila\u00e7\u00e3o, LED e Laserterapia de Alta Pot\u00eancia em Sa\u00fade Est\u00e9tica<\/li>\n<li>Indu\u00e7\u00e3o Percut\u00e2nea de Col\u00e1geno atrav\u00e9s de Microles\u00f5es Controladas (Microagulhamento) \u2013 <u>Pr\u00e1tica Demonstrativa<\/u><\/li>\n<li>Metodologia da Pesquisa e Produ\u00e7\u00e3o Cient\u00edfica &#8211; EAD<\/li>\n<li>Nutri\u00e7\u00e3o em Sa\u00fade Est\u00e9tica<\/li>\n<li>Carboxiterapia Corporal e Facial<\/li>\n<li><strong>T\u00e9cnicas de SPA (Certifica\u00e7\u00e3o Extra)<\/strong><\/li>\n<li><strong>Drenagem Linf\u00e1tica Manual (Certifica\u00e7\u00e3o Extra)<\/strong><\/li>\n<li><strong>Peelings Mec\u00e2nicos, Qu\u00edmicos e Enzim\u00e1ticos em Sa\u00fade Est\u00e9tica (Certifica\u00e7\u00e3o Extra)<\/strong><\/li>\n<li>Intradermoterapia, Intramuscular e Prescri\u00e7\u00e3o Farmacol\u00f3gica em Sa\u00fade Est\u00e9tica<\/li>\n<li>Procedimentos Est\u00e9ticos Injet\u00e1veis para Microvasos (PEIM) e Hidrolipoclasia em Sa\u00fade Est\u00e9tica \u2013 <u>Pr\u00e1tica Demonstrativa<\/u><\/li>\n<li>Procedimentos com Toxina Botul\u00ednica e Preenchimento Facial e Fios de Sustenta\u00e7\u00e3o em Sa\u00fade Est\u00e9tica \u2013 <u>Pr\u00e1tica Demonstrativa<\/u><\/li>\n<\/ul>\n<p><strong>Obs.: O conte\u00fado program\u00e1tico est\u00e1 sujeito a altera\u00e7\u00f5es, visando \u00e0 otimiza\u00e7\u00e3o do curso<\/strong><\/p>\n<p>&nbsp;<\/p>\n<p><strong>Corpo Docente<\/strong><\/p>\n<p>&#8211; Alessandra Couto de Camargo Ferreira, Mestra (PA)<\/p>\n<p>&#8211; Claudil\u00e9ia Pereira Galv\u00e3o, Mestra (PA)<\/p>\n<p>&#8211; Celival da Silva Oliveira, Especialista (AM)<\/p>\n<p>&#8211; Elton Ara\u00fajo da Silva, Especialista (AM)<\/p>\n<p>&#8211; Kellen Cristina Portela de Andrade, Especialista (PA)<\/p>\n<p>&#8211; Leonardo Alessandro da Silva Batista, Especialista (AM)<\/p>\n<p>&#8211; Lilianne de Oliveira Queiroz, Especialista (PA)<\/p>\n<p>&#8211; M\u00e1rcia Kamila Silva de Souza, Especialista (AM)<\/p>\n<p>&#8211; Mirna Brito Malcher Pedroso, Mestra (PA)<\/p>\n<p>&#8211; Demais Professores Convidados<\/p>\n<p>&nbsp;<\/p>\n<p><strong>Obs.:<\/strong><strong> O corpo docente poder\u00e1 sofrer altera\u00e7\u00f5es no decorrer do curso, por\u00e9m a Bio Cursos se compromete em manter o mesmo n\u00edvel dos professores que necessitarem ser substitu\u00eddos<\/strong><\/p>\n<p><strong>Coordena\u00e7\u00e3o<\/strong><\/p>\n<p><strong>Prof\u00ba Dr. Lu\u00eds Ferreira Monteiro Neto (SP)<\/strong><\/p>\n<ul>\n<li>Fisioterapeuta \u2013 Unisalesiano-Lins \u2013 e Educador F\u00edsico \u2013 FEFISA<\/li>\n<li>Especialista em Bases e M\u00e9todos de Avalia\u00e7\u00e3o Biomec\u00e2nica do Movimento Humano \u2013 Salesiano<\/li>\n<li>P\u00f3s-gradua\u00e7\u00e3o em Est\u00e9tica avan\u00e7ada<\/li>\n<li>Mestre em Engenharia Biom\u00e9dica \u2013 UNIVAP<\/li>\n<li>Doutor em Ci\u00eancias da Sa\u00fade \u2013 FAMERP<\/li>\n<li>Atua\u00e7\u00e3o como doc\u00eancia a mais de 24 anos<\/li>\n<li>CO-autor do CD Laserterapia para fisioterapia<\/li>\n<li>Autor do Cap\u00edtulo Realidade Virtual em Reabilita\u00e7\u00e3o do Livro Fisioterapia Neurol\u00f3gica \u2013 Manole 2011<\/li>\n<li>Autor do Cap\u00edtulo Fotogrametria computadorizada aplicada na avalia\u00e7\u00e3o facial, Livro Cicatrizes de Acne da avalia\u00e7\u00e3o ao tratamento \u2013 CR8, 2018<\/li>\n<li>Autor do Cap\u00edtulo Crochetagem Mioaponeur\u00f3tica, livro Abordagens terap\u00eauticas em sequelas de queimaduras- Est\u00e9tica Expert 2019<\/li>\n<li>Forma\u00e7\u00f5es internacionais em CMA<\/li>\n<li>Forma\u00e7\u00e3o Internacional em IASTM<\/li>\n<li>Forma\u00e7\u00e3o em Manipula\u00e7\u00e3o fascial e visceral<\/li>\n<li>Idealizador do M\u00e9todo Myofascial Release e das Marcas Ventosa Miofascial, Myotools e MioGun<\/li>\n<li>Ministra cursos na \u00e1rea de pesquisa da f\u00e1scia a mais de 14 anos<\/li>\n<\/ul>\n<p><strong>\u00a0<\/strong><\/p>\n<p><strong>P\u00fablico-Alvo<\/strong><\/p>\n<p>Bi\u00f3logos, Biom\u00e9dicos, Enfermeiros, Farmac\u00eauticos, Fisioterapeutas, M\u00e9dicos e Tecn\u00f3logos em Est\u00e9tica<\/p>\n<p>&nbsp;<\/p>\n<p><strong>Hor\u00e1rios<\/strong><\/p>\n<p>Sexta-feira: 18:00 \u00e0s 23:00<\/p>\n<p>S\u00e1bado: 08:00 \u00e0s 20:00 (com intervalo para almo\u00e7o)<\/p>\n<p><strong>\u00a0<\/strong><\/p>\n<p><strong>Dura\u00e7\u00e3o<\/strong><\/p>\n<p>18 m\u00f3dulos<\/p>\n<p>&nbsp;<\/p>\n<p><strong>Carga Hor\u00e1ria<\/strong><\/p>\n<p>360h\/aula<\/p>\n<p>&nbsp;<\/p>\n<p><strong>Local<\/strong><\/p>\n<p><strong>SANTAR\u00c9M\/PA<\/strong><\/p>\n<p>&nbsp;<\/p>\n<p><strong>Investimento<\/strong><\/p>\n<p><strong>TAXA DE MATR\u00cdCULA: R$ 250,00<\/strong><\/p>\n<p><strong>\u00a0<\/strong><\/p>\n<p><strong>Escolha uma das 4 op\u00e7\u00f5es de parcelamento (boleto) das mensalidades ou cart\u00e3o de cr\u00e9dito recorrente: <\/strong><\/p>\n<ul>\n<li><strong>18x R$ 940,00<\/strong><\/li>\n<li><strong>24x R$ 710,00<\/strong><\/li>\n<li><strong>30x R$ 570,00<\/strong><\/li>\n<li><strong>36x R$ 490,00<\/strong><\/li>\n<\/ul>\n<p><strong>\u00a0<\/strong><\/p>\n<p>Obs.: J\u00e1 est\u00e3o inclusos nas mensalidades acima o desconto pontualidade para o aluno (a) que efetuar o pagamento at\u00e9 a data de vencimento do boleto<\/p>\n<p>&nbsp;<\/p>\n<p>&nbsp;<\/p>\n<p><strong>Documentos necess\u00e1rios<\/strong><\/p>\n<p>Os documentos devem ser escaneados e enviados por e-mail: atendimento2@portalbiocursos.com.br<\/p>\n<ul>\n<li>CPF<\/li>\n<li>RG ou Carteira Profissional (n\u00e3o ser\u00e1 aceito CNH)<\/li>\n<li>T\u00edtulo de Eleitor<\/li>\n<li>Certid\u00e3o de Nascimento ou Casamento<\/li>\n<li>Comprovante de Resid\u00eancia atualizado<\/li>\n<li>Diploma e Hist\u00f3rico da Gradua\u00e7\u00e3o (frente e verso)<\/li>\n<li>Documento Militar (se homem)<\/li>\n<li>Foto 3&#215;4<\/li>\n<\/ul>\n<p>&nbsp;<\/p>\n<p><strong>Observa\u00e7\u00f5es<\/strong><\/p>\n<ul>\n<li>Emiss\u00e3o de certificado por IES cadastrada junto ao Minist\u00e9rio da Educa\u00e7\u00e3o;<\/li>\n<li>Os vencimentos das mensalidades ser\u00e3o sempre no dia 30 de cada m\u00eas;<\/li>\n<li>Em caso de desist\u00eancia da P\u00f3s-Gradua\u00e7\u00e3o, n\u00e3o haver\u00e1 devolu\u00e7\u00e3o da taxa de matr\u00edcula em car\u00e1ter de despesas administrativas;<\/li>\n<li>A organiza\u00e7\u00e3o se reserva do direito de adiar ou cancelar o curso caso n\u00e3o haja o n\u00famero suficiente de participantes para sua realiza\u00e7\u00e3o;<\/li>\n<li>A Bio Cursos n\u00e3o se responsabiliza em restituir valores de transportes ou hospedagem caso o curso seja cancelado.<\/li>\n<\/ul>\n<p><strong>\u00a0<\/strong><\/p>\n<p><strong>Informa\u00e7\u00f5es e Matr\u00edculas<\/strong><\/p>\n<p><strong>(92) 3584-0031 \/ (92) 98130-4434 (Vivo) <\/strong><\/p>\n<p><strong>Consultora Comercial: Jessika Gomes<\/strong><\/p>\n<p><a href=\"mailto:contato@portalbiocursos.com.br\">contato@portalbiocursos.com.br<\/a><\/p>\n<p><a href=\"https:\/\/www.portalbiocursos.com.br\/?u=pos-graduacao\/turmas\">https:\/\/www.portalbiocursos.com.br\/?u=pos-graduacao\/turmas<\/a><\/p>\n","protected":false},"featured_media":7777,"comment_status":"open","ping_status":"closed","template":"","meta":[],"product_cat":[21],"product_tag":[24,29,155,23,22,168,167,166,32],"class_list":{"0":"post-340","1":"product","2":"type-product","3":"status-publish","4":"has-post-thumbnail","6":"product_cat-pos-graduacoes","7":"product_tag-amazonas","8":"product_tag-estetica","9":"product_tag-estetica-santarem","10":"product_tag-manaus","11":"product_tag-pos-graduacao","12":"product_tag-pos-graduacao-em-saude-estetica-santarem-pa","13":"product_tag-santarem","14":"product_tag-saude","15":"product_tag-saude-estetica","17":"first","18":"instock","19":"shipping-taxable","20":"purchasable","21":"product-type-simple"},"_links":{"self":[{"href":"https:\/\/portalbiocursos.com.br\/index.php\/wp-json\/wp\/v2\/product\/340","targetHints":{"allow":["GET"]}}],"collection":[{"href":"https:\/\/portalbiocursos.com.br\/index.php\/wp-json\/wp\/v2\/product"}],"about":[{"href":"https:\/\/portalbiocursos.com.br\/index.php\/wp-json\/wp\/v2\/types\/product"}],"replies":[{"embeddable":true,"href":"https:\/\/portalbiocursos.com.br\/index.php\/wp-json\/wp\/v2\/comments?post=340"}],"version-history":[{"count":5,"href":"https:\/\/portalbiocursos.com.br\/index.php\/wp-json\/wp\/v2\/product\/340\/revisions"}],"predecessor-version":[{"id":6620,"href":"https:\/\/portalbiocursos.com.br\/index.php\/wp-json\/wp\/v2\/product\/340\/revisions\/6620"}],"wp:featuredmedia":[{"embeddable":true,"href":"https:\/\/portalbiocursos.com.br\/index.php\/wp-json\/wp\/v2\/media\/7777"}],"wp:attachment":[{"href":"https:\/\/portalbiocursos.com.br\/index.php\/wp-json\/wp\/v2\/media?parent=340"}],"wp:term":[{"taxonomy":"product_cat","embeddable":true,"href":"https:\/\/portalbiocursos.com.br\/index.php\/wp-json\/wp\/v2\/product_cat?post=340"},{"taxonomy":"product_tag","embeddable":true,"href":"https:\/\/portalbiocursos.com.br\/index.php\/wp-json\/wp\/v2\/product_tag?post=340"}],"curies":[{"name":"wp","href":"https:\/\/api.w.org\/{rel}","templated":true}]}}