{"id":3245,"date":"2023-06-20T16:33:22","date_gmt":"2023-06-20T19:33:22","guid":{"rendered":"https:\/\/portalbiocursos.com.br\/?post_type=product&#038;p=3245"},"modified":"2024-02-21T09:21:24","modified_gmt":"2024-02-21T12:21:24","slug":"pos-graduacao-em-biologia-estetica-santarem-pa","status":"publish","type":"product","link":"https:\/\/portalbiocursos.com.br\/index.php\/produto\/pos-graduacao-em-biologia-estetica-santarem-pa\/","title":{"rendered":"P\u00f3s-Gradua\u00e7\u00e3o em Biologia Est\u00e9tica Avan\u00e7ada &#8211; Santar\u00e9m\/PA"},"content":{"rendered":"<p>O curso de p\u00f3s-gradua\u00e7\u00e3o\u00a0<em>lato sensu\u00a0em Biologia Est\u00e9tica <\/em>est\u00e1 sendo proposto para atender \u00e0s necessidades dos profissionais, preparando, capacitando e desenvolvendo t\u00e9cnicas voltadas \u00e0 \u00e1rea da biologia est\u00e9tica com habilidade, seguran\u00e7a e compet\u00eancia. Com amplo embasamento te\u00f3rico e pr\u00e1tico para que o profissional entenda melhor os mecanismos de a\u00e7\u00e3o de cada procedimento a ser realizado.<\/p>\n<p>O profissional especializado atuar\u00e1 em cl\u00ednicas especializadas com s\u00f3lido conhecimento t\u00e9cnico e cient\u00edfico, podendo atuar como respons\u00e1vel t\u00e9cnico de estabelecimentos voltados ao setor de acordo com sua forma\u00e7\u00e3o. Com isso, pode garantir um atendimento personalizado para um p\u00fablico cada vez mais exigente, e ainda pode atuar com consultoria em cl\u00ednicas e empresas do setor.<\/p>\n<p>Os profissionais que buscam mais conhecimentos, inclusive com aprofundamento cient\u00edfico, s\u00e3o os que t\u00eam mais chance de sucesso.<\/p>\n","protected":false},"excerpt":{"rendered":"<p>O curso de p\u00f3s-gradua\u00e7\u00e3o\u00a0lato sensu\u00a0em Biologia Est\u00e9tica est\u00e1 sendo proposto para atender \u00e0s necessidades dos profissionais, preparando, capacitando e desenvolvendo t\u00e9cnicas voltadas \u00e0 \u00e1rea da biologia est\u00e9tica com habilidade, seguran\u00e7a e compet\u00eancia. Com amplo embasamento te\u00f3rico e pr\u00e1tico para que o profissional entenda melhor os mecanismos de a\u00e7\u00e3o de cada procedimento a ser realizado. O [&hellip;]<\/p>\n","protected":false},"featured_media":7844,"comment_status":"open","ping_status":"closed","template":"","meta":[],"product_cat":[21],"product_tag":[33,22,268],"class_list":{"0":"post-3245","1":"product","2":"type-product","3":"status-publish","4":"has-post-thumbnail","6":"product_cat-pos-graduacoes","7":"product_tag-biologia-estetica","8":"product_tag-pos-graduacao","9":"product_tag-pos-graduacao-em-biologia-estetica-santarem-pa","11":"first","12":"instock","13":"shipping-taxable","14":"purchasable","15":"product-type-simple"},"_links":{"self":[{"href":"https:\/\/portalbiocursos.com.br\/index.php\/wp-json\/wp\/v2\/product\/3245","targetHints":{"allow":["GET"]}}],"collection":[{"href":"https:\/\/portalbiocursos.com.br\/index.php\/wp-json\/wp\/v2\/product"}],"about":[{"href":"https:\/\/portalbiocursos.com.br\/index.php\/wp-json\/wp\/v2\/types\/product"}],"replies":[{"embeddable":true,"href":"https:\/\/portalbiocursos.com.br\/index.php\/wp-json\/wp\/v2\/comments?post=3245"}],"version-history":[{"count":3,"href":"https:\/\/portalbiocursos.com.br\/index.php\/wp-json\/wp\/v2\/product\/3245\/revisions"}],"predecessor-version":[{"id":6618,"href":"https:\/\/portalbiocursos.com.br\/index.php\/wp-json\/wp\/v2\/product\/3245\/revisions\/6618"}],"wp:featuredmedia":[{"embeddable":true,"href":"https:\/\/portalbiocursos.com.br\/index.php\/wp-json\/wp\/v2\/media\/7844"}],"wp:attachment":[{"href":"https:\/\/portalbiocursos.com.br\/index.php\/wp-json\/wp\/v2\/media?parent=3245"}],"wp:term":[{"taxonomy":"product_cat","embeddable":true,"href":"https:\/\/portalbiocursos.com.br\/index.php\/wp-json\/wp\/v2\/product_cat?post=3245"},{"taxonomy":"product_tag","embeddable":true,"href":"https:\/\/portalbiocursos.com.br\/index.php\/wp-json\/wp\/v2\/product_tag?post=3245"}],"curies":[{"name":"wp","href":"https:\/\/api.w.org\/{rel}","templated":true}]}}