{"id":241,"date":"2022-11-21T17:12:32","date_gmt":"2022-11-21T20:12:32","guid":{"rendered":"https:\/\/portalbiocursos.com.br\/?post_type=product&#038;p=241"},"modified":"2024-02-01T12:22:19","modified_gmt":"2024-02-01T15:22:19","slug":"pos-graduacao-em-fisioterapia-dermatofuncional","status":"publish","type":"product","link":"https:\/\/portalbiocursos.com.br\/index.php\/produto\/pos-graduacao-em-fisioterapia-dermatofuncional\/","title":{"rendered":"P\u00f3s-Gradua\u00e7\u00e3o em Fisioterapia Dermatofuncional"},"content":{"rendered":"<h3><strong>Turma 26<\/strong><\/h3>\n<h3><strong>Descri\u00e7\u00e3o<\/strong><\/h3>\n<p>A demanda de pacientes com altera\u00e7\u00f5es decorrentes dos dist\u00farbios end\u00f3crino-metab\u00f3licos, tegumentares, vasculares e de cicatriza\u00e7\u00e3o, permitiu \u00e0 Fisioterapia ampliar sua \u00e1rea de atua\u00e7\u00e3o, propondo a recupera\u00e7\u00e3o f\u00edsico-est\u00e9tico-funcional.<\/p>\n<p>A P\u00f3s-Gradua\u00e7\u00e3o em Fisioterapia Dermatofuncional tem como caracter\u00edstica m\u00f3dulos pr\u00e1ticos, voltados para o que h\u00e1 de mais atual na \u00e1rea. Por este motivo, o corpo docente \u00e9 formado por pessoas habituadas a ministrarem cursos no Brasil, atuantes em seus atendimentos cl\u00ednicos, engajadas com o que h\u00e1 de mais novo, e tamb\u00e9m por fisioterapeutas envolvidos com a pesquisa, para que a grade curricular seja a mais completa poss\u00edvel.<\/p>\n<p>As disciplinas foram elaboradas de modo a refletir as pesquisas recentes no atendimento a pessoas com disfun\u00e7\u00f5es fisiol\u00f3gicas e est\u00e9ticas na \u00e1rea da Dermatofuncional. Busca-se a maximiza\u00e7\u00e3o dos recursos t\u00e9cnicos fisioterap\u00eauticos para um bom atendimento.<\/p>\n","protected":false},"excerpt":{"rendered":"<h3><strong>Conte\u00fado Program\u00e1tico<\/strong><\/h3>\n<ul>\n<li>Anatomia e Avalia\u00e7\u00e3o aplicadas \u00e0 Dermatofuncional<\/li>\n<li>Dermatologia Patol\u00f3gica<\/li>\n<li>Laserterapia e LED na Est\u00e9tica<strong> (Certifica\u00e7\u00e3o Extra)<\/strong><\/li>\n<li>Recursos avan\u00e7ados da Eletroterapia aplicados \u00e0 Dermatofuncional<\/li>\n<li>Intradermoterapia Pressurizada \u2013\u00a0<strong><u>Pr\u00e1tica Demonstrativa<\/u><\/strong><\/li>\n<li>Bio\u00e9tica, Biosseguran\u00e7a e Primeiros Socorros Aplicados \u00e0 Dermato-funcional<\/li>\n<li>Peelings F\u00edsico e Qu\u00edmico: Facial e Corporal<\/li>\n<li>Par\u00e2metros de Eletroterapia em Pr\u00e9 e P\u00f3s-Operat\u00f3rios<\/li>\n<li>Fisioterapia Dermatofuncional em Queimados e Primeiros Socorros<\/li>\n<li>Carboxiterapia no Tratamento Facial e Corporal &#8211; <u>Pr\u00e1tica demonstrativa<\/u>;<\/li>\n<li>Drenagem Linf\u00e1tica <strong>(Certifica\u00e7\u00e3o Extra)<\/strong><\/li>\n<li>Bases de Cosmetologia e Formula\u00e7\u00e3o Cosm\u00e9tica para Fisioterapeutas <strong>(Certifica\u00e7\u00e3o Extra)<\/strong><\/li>\n<li>Acupuntura Aplicada a Est\u00e9tica<\/li>\n<li>Jato de Plasma e Eletrocaut\u00e9rio<strong> \u2013 <u>Pr\u00e1tica Demonstrativa<\/u><\/strong><\/li>\n<li>Indu\u00e7\u00e3o Percut\u00e2nea de Col\u00e1geno atrav\u00e9s de Microles\u00f5es Controladas<strong> \u2013 <u>Pr\u00e1tica Demonstrativa<\/u><\/strong><\/li>\n<li>Ozonioterapia aplicada \u00e0 Dermatofuncional<\/li>\n<li>Est\u00e9tica \u00cdntima<\/li>\n<li>Metodologia da Pesquisa e Produ\u00e7\u00e3o Cient\u00edfica &#8211; EAD<\/li>\n<\/ul>\n<p><strong>Obs.: O conte\u00fado program\u00e1tico est\u00e1 sujeito a altera\u00e7\u00f5es, visando \u00e0 otimiza\u00e7\u00e3o do curso.<\/strong><\/p>\n<p>&nbsp;<\/p>\n<p><strong>Corpo Docente:<\/strong><\/p>\n<p>&#8211; Aline Pedro de Melo Yamamoto, Mestra (SP)<\/p>\n<p>&#8211; \u00c1dria Yared Sadala, Mestranda (AM)<\/p>\n<p>&#8211; Fernando Borges Ferreira, Mestre (SP)<\/p>\n<p>&#8211; Fernando Macedo Carvalho, Especialista (GO)<\/p>\n<p>&#8211; Landa Angelin Bezerra Lisboa dos Santos, Especialista (AM)<\/p>\n<p>&#8211; Lu\u00eds Ferreira Monteiro Neto, Doutor (SP)<\/p>\n<p>&#8211; Michele Akemi Nishioka, Mestre (SP)<\/p>\n<p>&#8211; Paola Karynne Pinheiro Monteiro, Mestra (SP)<\/p>\n<p>&#8211; Rafael Lopes e Oliveira, Doutor (AM)<\/p>\n<p>&#8211; Tais Amadio Menegat, Especialista (SP)<\/p>\n<p>&#8211; Tatiana da Costa Jansen, Doutora (AM)<\/p>\n<p>&#8211; Demais Professores Convidados<\/p>\n<p>&nbsp;<\/p>\n<p><strong>Obs.:<\/strong><strong> O corpo docente poder\u00e1 sofrer altera\u00e7\u00f5es no decorrer do curso, por\u00e9m a Bio Cursos se compromete em manter o mesmo n\u00edvel dos professores que necessitarem ser substitu\u00eddos<\/strong><\/p>\n<h3>Materiais disponibilizados para as aulas<\/h3>\n<p><strong>Aparelhos Ibramed<\/strong><\/p>\n<p>&#8211; Hooke (Radiofrequ\u00eancia)<\/p>\n<p>&#8211; Heccus (Terapia Combinada)<\/p>\n<p>&#8211; Ares (Carboxiterapia)<\/p>\n<p>&#8211; Sonofocus (Lipocavitador)<\/p>\n<p>&#8211; HF (Alta Frequ\u00eancia)<\/p>\n<p>&#8211; Neurodyn 10 canais (Corrente-Russa), Neurodyn Esthetic, Neurodyn (Eletrolip\u00f3lise)<\/p>\n<p>&#8211; Neurodyn High Volt (Russa)<\/p>\n<p>&#8211; Dermotonus Slim (Vacuoterapia e Peeling Diamante)<\/p>\n<p>&#8211; Dermotonus Esthetic (Vacuoterapia, Peeling Diamante e Cristal)<\/p>\n<p>&#8211; Dermosteam (Vapor de Oz\u00f4nio)<\/p>\n<p>&#8211; Striat<\/p>\n<p>&#8211; Sonopulse (Ultrassom)<\/p>\n<p>&#8211; Laserpulse com canetas 660NM e 830NM<\/p>\n<p>&#8211; Sonopeel (Peeling Ultrass\u00f4nico)<\/p>\n<p>&#8211; Lyra (IPL)<\/p>\n<p>&#8211; Neurodyn &#8211; TENS FES PORTABLE.<\/p>\n<p>&#8211; Modellata c\/ Rack &#8211; Terapia Vibro oscilat\u00f3ria<\/p>\n<p>&#8211; Thork 1 aplic c\/ rack (Ondas de choque)<\/p>\n<p>&nbsp;<\/p>\n<p><strong>Aparelhos KLD<\/strong><\/p>\n<p>&#8211; Avatar CUATRO (Ultrasom de 3 MHz)<\/p>\n<p>&#8211; Avatar Esthetic (Equipamento Computadorizado de Ultracavita\u00e7\u00e3o)<\/p>\n<p>&#8211; Avatar Kavix (Equipamento Microprocessado de Ultracavita\u00e7\u00e3o)<\/p>\n<p>&#8211; Endophoton Esthetic (Fototerapia e Laserterapia)<\/p>\n<p>&#8211; Hertix Smart (Radiofrequ\u00eancia)<\/p>\n<p>&#8211; Manthus Start (Terapia Combinada)<\/p>\n<p>&#8211; Sycor (Carboxiterapia)<\/p>\n<p><strong>&#8211; <\/strong>Hertix Smart Criog\u00eanica (Crio frequ\u00eancia)<\/p>\n<p>-Hygiaplasma &#8211; (Jato de Plasma)<\/p>\n<p>&nbsp;<\/p>\n<p><strong>Aparelhos Tonederm<\/strong><\/p>\n<p>&#8211; Spectra Face plus (Radiofrequ\u00eancia)<\/p>\n<p>&nbsp;<\/p>\n<p><strong>Aparelhos HTM<\/strong><\/p>\n<p>&#8211; \u00a0Criolip\u00f3lise Beauty Shape<\/p>\n<p><strong>&#8211; <\/strong>Stimulus face Maxx (Alta frequ\u00eancia e Pelling Ultrass\u00f4nico)<\/p>\n<p>&#8211;\u00a0Dermo Crystal (Edermo e V\u00e1cuo)<\/p>\n<p>&#8211; Effect &#8211; (Radiofrequ\u00eancia)<\/p>\n<p>&#8211; H\u00edbridi (Ultrassom alta pot\u00eancia)<\/p>\n<p><strong>\u00a0<\/strong><\/p>\n<p><strong>Aparelhos DMC<\/strong><\/p>\n<p>&#8211; Therapy XT<\/p>\n<p>&#8211; Elite Olympus (Led Azul e Ambar\u00eas)<\/p>\n<p>-Iphoton (Basall) \u2013 LED<\/p>\n<p>&nbsp;<\/p>\n<p><strong>Outros<\/strong><\/p>\n<p>&#8211; New Skin (MMO)<\/p>\n<p>&#8211; Ozonioterapia (Ozonic)<\/p>\n<p>&#8211; Macas confort\u00e1veis da Legno para aulas pr\u00e1ticas<\/p>\n<p>&#8211; Cosm\u00e9ticos Adcos, Bel Col, be Belle (Linha Ludmila Bonelli) e manipulados para protocolos e pr\u00e1ticas em sala<\/p>\n<p><strong>\u00a0<\/strong><\/p>\n<h3><strong>Coordena\u00e7\u00e3o<\/strong><\/h3>\n<h3><strong>Prof\u00ba Dr. Lu\u00eds Ferreira Monteiro Neto (SP)<\/strong><\/h3>\n<ul>\n<li>Fisioterapeuta \u2013 Unisalesiano-Lins \u2013 e Educador F\u00edsico \u2013 FEFISA<\/li>\n<li>Especialista em Bases e M\u00e9todos de Avalia\u00e7\u00e3o Biomec\u00e2nica do Movimento Humano \u2013 Salesiano<\/li>\n<li>P\u00f3s-gradua\u00e7\u00e3o em Est\u00e9tica avan\u00e7ada<\/li>\n<li>Mestre em Engenharia Biom\u00e9dica \u2013 UNIVAP<\/li>\n<li>Doutor em Ci\u00eancias da Sa\u00fade \u2013 FAMERP<\/li>\n<li>Atua\u00e7\u00e3o como doc\u00eancia a mais de 24 anos<\/li>\n<li>CO-autor do CD Laserterapia para fisioterapia<\/li>\n<li>Autor do Cap\u00edtulo Realidade Virtual em Reabilita\u00e7\u00e3o do Livro Fisioterapia Neurol\u00f3gica \u2013 Manole 2011<\/li>\n<li>Autor do Cap\u00edtulo Fotogrametria computadorizada aplicada na avalia\u00e7\u00e3o facial, Livro Cicatrizes de Acne da avalia\u00e7\u00e3o ao tratamento \u2013 CR8, 2018<\/li>\n<li>Autor do Cap\u00edtulo Crochetagem Mioaponeur\u00f3tica, livro Abordagens terap\u00eauticas em sequelas de queimaduras- Est\u00e9tica Expert 2019<\/li>\n<li>Forma\u00e7\u00f5es internacionais em CMA<\/li>\n<li>Forma\u00e7\u00e3o Internacional em IASTM<\/li>\n<li>Forma\u00e7\u00e3o em Manipula\u00e7\u00e3o fascial e visceral<\/li>\n<li>Idealizador do M\u00e9todo Myofascial Release e das Marcas Ventosa Miofascial, Myotools e MioGun<\/li>\n<li>Ministra cursos na \u00e1rea de pesquisa da f\u00e1scia a mais de 14 anos<\/li>\n<\/ul>\n<h3><strong>P\u00fablico-Alvo<\/strong><\/h3>\n<p>Fisioterapeutas<\/p>\n<h3><strong>In\u00edcio<\/strong><\/h3>\n<p>10 e 11 de Fevereiro 2023<\/p>\n<h3><strong>Hor\u00e1rios<\/strong><\/h3>\n<p>Sexta-feira: 18:00 \u00e0s 23:00<\/p>\n<p>S\u00e1bado: 08:00 \u00e0s 20:00 (com intervalo para almo\u00e7o)<\/p>\n<h3><strong>Dura\u00e7\u00e3o<\/strong><\/h3>\n<p>18 m\u00f3dulos<\/p>\n<h3><strong>Carga Hor\u00e1ria<\/strong><\/h3>\n<p>360h\/aula<\/p>\n<h3><strong>Local<\/strong><\/h3>\n<p><strong>Manaus\/AM:<\/strong> Sede da Bio Cursos \u2013 Rua Rio Javari, n. 170 \u2013 Conj. Vieiralves (atr\u00e1s do McDonald&#8217;s da Av. Djalma Batista)<\/p>\n<p>&nbsp;<\/p>\n<h3><strong>Investimento<\/strong><\/h3>\n<p><strong>TAXA DE MATR\u00cdCULA: R$ 250,00<\/strong><\/p>\n<p><strong>Escolha uma das 4 op\u00e7\u00f5es de parcelamentos das mensalidades no boleto ou cart\u00e3o de cr\u00e9dito recorrente:<\/strong><\/p>\n<ul>\n<li><strong>18x R$ 640,00<\/strong><\/li>\n<li><strong>24x R$ 490,00<\/strong><\/li>\n<li><strong>30x R$ 400,00<\/strong><\/li>\n<li><strong>36x R$ 350,00<\/strong><\/li>\n<\/ul>\n<p>Obs.: J\u00e1 est\u00e3o inclusos nas mensalidades acima o desconto pontualidade para o aluno (a) que efetuar o pagamento at\u00e9 a data de vencimento do boleto<\/p>\n<p>&nbsp;<\/p>\n<h3><strong>Documentos necess\u00e1rios<\/strong><\/h3>\n<p>Os documentos devem ser escaneados e enviados por e-mail: atendimento2@portalbiocursos.com.br<\/p>\n<ul>\n<li>CPF<\/li>\n<li>RG ou Carteira Profissional (n\u00e3o ser\u00e1 aceito CNH)<\/li>\n<li>T\u00edtulo de Eleitor<\/li>\n<li>Certid\u00e3o de Nascimento ou Casamento<\/li>\n<li>Comprovante de Resid\u00eancia atualizado<\/li>\n<li>Diploma e Hist\u00f3rico da Gradua\u00e7\u00e3o (frente e verso)<\/li>\n<li>Documento Militar (se homem)<\/li>\n<li>Foto 3&#215;4<\/li>\n<\/ul>\n<p>&nbsp;<\/p>\n<h3><strong>Observa\u00e7\u00f5es<\/strong><\/h3>\n<ul>\n<li>Emiss\u00e3o de certificado por IES cadastrada junto ao Minist\u00e9rio da Educa\u00e7\u00e3o;<\/li>\n<li>Os vencimentos das mensalidades ser\u00e3o sempre no dia 30 de cada m\u00eas;<\/li>\n<li>Em caso de desist\u00eancia da P\u00f3s-Gradua\u00e7\u00e3o, n\u00e3o haver\u00e1 devolu\u00e7\u00e3o da taxa de matr\u00edcula em car\u00e1ter de despesas administrativas;<\/li>\n<li>A organiza\u00e7\u00e3o se reserva do direito de adiar ou cancelar o curso caso n\u00e3o haja o n\u00famero suficiente de participantes para sua realiza\u00e7\u00e3o;<\/li>\n<li>A Bio Cursos n\u00e3o se responsabiliza em restituir valores de transportes ou hospedagem caso o curso seja cancelado.<\/li>\n<\/ul>\n<p><strong>\u00a0<\/strong><\/p>\n<h2><strong>Informa\u00e7\u00f5es e Matr\u00edculas<\/strong><\/h2>\n<p><strong>(92) 3584-0031 \/ (92) 98130-4434 (Vivo) <\/strong><\/p>\n<p><strong>Consultora Comercial: Jessika Gomes<\/strong><\/p>\n<p><a href=\"mailto:contato@portalbiocursos.com.br\">contato@portalbiocursos.com.br<\/a><\/p>\n<p><a href=\"https:\/\/www.portalbiocursos.com.br\/\">https:\/\/www.portalbiocursos.com.br\/<\/a><\/p>\n<p>&nbsp;<\/p>\n","protected":false},"featured_media":7782,"comment_status":"open","ping_status":"closed","template":"","meta":[],"product_cat":[21],"product_tag":[52,51,26,49,22,170,50],"class_list":{"0":"post-241","1":"product","2":"type-product","3":"status-publish","4":"has-post-thumbnail","6":"product_cat-pos-graduacoes","7":"product_tag-dermatofuncional","8":"product_tag-fisioterapeutas","9":"product_tag-fisioterapia","10":"product_tag-fisioterapia-dermatofuncional","11":"product_tag-pos-graduacao","12":"product_tag-pos-graduacao-em-fisioterapia-dermatofuncional","13":"product_tag-pos-graduacao-fisioterapia-dermatofuncional","15":"first","16":"instock","17":"shipping-taxable","18":"purchasable","19":"product-type-simple"},"_links":{"self":[{"href":"https:\/\/portalbiocursos.com.br\/index.php\/wp-json\/wp\/v2\/product\/241","targetHints":{"allow":["GET"]}}],"collection":[{"href":"https:\/\/portalbiocursos.com.br\/index.php\/wp-json\/wp\/v2\/product"}],"about":[{"href":"https:\/\/portalbiocursos.com.br\/index.php\/wp-json\/wp\/v2\/types\/product"}],"replies":[{"embeddable":true,"href":"https:\/\/portalbiocursos.com.br\/index.php\/wp-json\/wp\/v2\/comments?post=241"}],"version-history":[{"count":3,"href":"https:\/\/portalbiocursos.com.br\/index.php\/wp-json\/wp\/v2\/product\/241\/revisions"}],"predecessor-version":[{"id":390,"href":"https:\/\/portalbiocursos.com.br\/index.php\/wp-json\/wp\/v2\/product\/241\/revisions\/390"}],"wp:featuredmedia":[{"embeddable":true,"href":"https:\/\/portalbiocursos.com.br\/index.php\/wp-json\/wp\/v2\/media\/7782"}],"wp:attachment":[{"href":"https:\/\/portalbiocursos.com.br\/index.php\/wp-json\/wp\/v2\/media?parent=241"}],"wp:term":[{"taxonomy":"product_cat","embeddable":true,"href":"https:\/\/portalbiocursos.com.br\/index.php\/wp-json\/wp\/v2\/product_cat?post=241"},{"taxonomy":"product_tag","embeddable":true,"href":"https:\/\/portalbiocursos.com.br\/index.php\/wp-json\/wp\/v2\/product_tag?post=241"}],"curies":[{"name":"wp","href":"https:\/\/api.w.org\/{rel}","templated":true}]}}