{"id":226,"date":"2022-11-21T16:56:09","date_gmt":"2022-11-21T19:56:09","guid":{"rendered":"https:\/\/portalbiocursos.com.br\/?post_type=product&#038;p=226"},"modified":"2025-11-17T14:49:18","modified_gmt":"2025-11-17T17:49:18","slug":"pos-graduacao-em-harmonizacao-facial","status":"publish","type":"product","link":"https:\/\/portalbiocursos.com.br\/index.php\/produto\/pos-graduacao-em-harmonizacao-facial\/","title":{"rendered":"P\u00f3s-Gradua\u00e7\u00e3o em Harmoniza\u00e7\u00e3o Facial"},"content":{"rendered":"<h3><strong>Turma 5<\/strong><\/h3>\n<h3><strong>Descri\u00e7\u00e3o<\/strong><\/h3>\n<p>Revolucionando o mundo da est\u00e9tica a Bio Cursos apresenta o curso de Especializa\u00e7\u00e3o em Harmoniza\u00e7\u00e3o Facial. Voltado para os profissionais da sa\u00fade e est\u00e9tica, tais como: biom\u00e9dicos, enfermeiros, farmac\u00eauticos, m\u00e9dicos e odontologistas.<\/p>\n<p>A Harmoniza\u00e7\u00e3o facial j\u00e1 \u00e9 uma realidade no mercado, e esse mercado est\u00e1 em constante crescimento, tendo procura cada vez maior entre pessoas de diversas idades e classes sociais.<\/p>\n<p>O profissional especializado atuar\u00e1 em cl\u00ednicas de est\u00e9tica com atendimentos e realiza\u00e7\u00e3o de procedimentos de harmoniza\u00e7\u00e3o facial, podendo tamb\u00e9m atuar como respons\u00e1vel t\u00e9cnico de estabelecimentos voltados ao setor de acordo com sua forma\u00e7\u00e3o e empreender no mercado de est\u00e9tica.<\/p>\n","protected":false},"excerpt":{"rendered":"<h3><strong>Conte\u00fado Program\u00e1tico<\/strong><\/h3>\n<ul>\n<li>Anatomia e Fisiologia da Pele Saud\u00e1vel e Fisiologia do Envelhecimento, da Forma\u00e7\u00e3o das Hiper e Hipo Melanoses e do Melasma<\/li>\n<li>M\u00e9todo de Avalia\u00e7\u00e3o Facial, MD-Codes e Simetria Facial<\/li>\n<li>Biosseguran\u00e7a e Intercorr\u00eancias e Solu\u00e7\u00f5es da Harmoniza\u00e7\u00e3o Facial<\/li>\n<li>Cosmetologia e Nutrac\u00eauticos na Harmoniza\u00e7\u00e3o Facial<\/li>\n<li>Ozonioterapia nas Disfun\u00e7\u00f5es Est\u00e9ticas Faciais<\/li>\n<li>Carboxiterapia nas Disfun\u00e7\u00f5es Est\u00e9ticas Faciais<\/li>\n<li>T\u00e9cnicas de Redu\u00e7\u00e3o de Papada \u2013 Lipo Natural de Papada (HLC com agulhas e pressurizada)<\/li>\n<li>Eletrocaut\u00e9rio e Jato de Plasma<\/li>\n<li>Laser, LED e Ultrassom Microfocado<\/li>\n<li>Indu\u00e7\u00e3o Percut\u00e2nea de Col\u00e1geno atrav\u00e9s de Microles\u00f5es Controladas (Microagulhamento Roller e Pen) e associados<\/li>\n<li>Concentrados Sangu\u00edneos &#8211; PRP e Plasma Gel<\/li>\n<li>Peelings Mec\u00e2nicos, Qu\u00edmicos e Enzim\u00e1ticos <strong>(Certifica\u00e7\u00e3o Extra)<\/strong><\/li>\n<li>Bioestimuladores, Intradermoterapia Convencional e Skinbooster.<\/li>\n<li>Toxina Botul\u00ednica<\/li>\n<li>Preenchimento com \u00c1cido Hialur\u00f4nico <strong>(Certifica\u00e7\u00e3o Extra)<\/strong><\/li>\n<li>Fios de Sustenta\u00e7\u00e3o <strong>(Certifica\u00e7\u00e3o Extra)<\/strong><\/li>\n<li>T\u00e9cnicas Inovadoras em Harmoniza\u00e7\u00e3o Facial (Rinomodela\u00e7\u00e3o M\u00e9todo com \u00c1cido Hialur\u00f4nico, Eyebrow Lift, Beautification, Biocollagen, Perfect Face Transex)<\/li>\n<li>Metodologia da Pesquisa e Produ\u00e7\u00e3o Cient\u00edfica &#8211; EAD<\/li>\n<\/ul>\n<p><strong>Obs.: O conte\u00fado program\u00e1tico est\u00e1 sujeito a altera\u00e7\u00f5es, visando \u00e0 otimiza\u00e7\u00e3o do curso.<\/strong><\/p>\n<p><strong>\u00a0<\/strong><\/p>\n<h3><strong>Corpo Docente<\/strong><\/h3>\n<p>&#8211; Adria Yared Sadala, Mestra (AM)<br \/>\n&#8211; Adriana Cristiano Rodrigues, Especialista (SP)<br \/>\n&#8211; Halika Groke, Especialista (SP)<br \/>\n&#8211; Paula Moretto Cardoso Simionato, Mestra (SP)<br \/>\n&#8211; Rafael Lopes e Oliveira, Doutor (AM)<br \/>\n&#8211; Tais Amadio Menegat, Especialista (SP)<br \/>\n&#8211; Thuanny Karla Farina Moniz, Especialista (SP)<\/p>\n<p>&#8211; Demais Professores Convidados<\/p>\n<p><strong>Obs.: O corpo docente poder\u00e1 sofrer altera\u00e7\u00f5es no decorrer do curso, por\u00e9m a Bio Cursos se compromete em manter o mesmo n\u00edvel dos professores que necessitarem ser substitu\u00eddos.<\/strong><\/p>\n<p>&nbsp;<\/p>\n<h3><strong>Coordena\u00e7\u00e3o<\/strong><\/h3>\n<h3><strong>Prof\u00ba Dr. Lu\u00eds Ferreira Monteiro Neto (SP)<\/strong><\/h3>\n<ul>\n<li>Fisioterapeuta \u2013 Unisalesiano-Lins \u2013 e Educador F\u00edsico \u2013 FEFISA<\/li>\n<li>Especialista em Bases e M\u00e9todos de Avalia\u00e7\u00e3o Biomec\u00e2nica do Movimento Humano \u2013 Salesiano<\/li>\n<li>P\u00f3s-gradua\u00e7\u00e3o em Est\u00e9tica avan\u00e7ada<\/li>\n<li>Mestre em Engenharia Biom\u00e9dica \u2013 UNIVAP<\/li>\n<li>Doutor em Ci\u00eancias da Sa\u00fade \u2013 FAMERP<\/li>\n<li>Atua\u00e7\u00e3o como doc\u00eancia a mais de 24 anos<\/li>\n<li>CO-autor do CD Laserterapia para fisioterapia<\/li>\n<li>Autor do Cap\u00edtulo Realidade Virtual em Reabilita\u00e7\u00e3o do Livro Fisioterapia Neurol\u00f3gica \u2013 Manole 2011<\/li>\n<li>Autor do Cap\u00edtulo Fotogrametria computadorizada aplicada na avalia\u00e7\u00e3o facial, Livro Cicatrizes de Acne da avalia\u00e7\u00e3o ao tratamento \u2013 CR8, 2018<\/li>\n<li>Autor do Cap\u00edtulo Crochetagem Mioaponeur\u00f3tica, livro Abordagens terap\u00eauticas em sequelas de queimaduras- Est\u00e9tica Expert 2019<\/li>\n<li>Forma\u00e7\u00f5es internacionais em CMA<\/li>\n<li>Forma\u00e7\u00e3o Internacional em IASTM<\/li>\n<li>Forma\u00e7\u00e3o em Manipula\u00e7\u00e3o fascial e visceral<\/li>\n<li>Idealizador do M\u00e9todo Myofascial Release e das Marcas Ventosa Miofascial, Myotools e MioGun<\/li>\n<li>Ministra cursos na \u00e1rea de pesquisa da f\u00e1scia a mais de 14 anos<\/li>\n<\/ul>\n<p><strong>\u00a0<\/strong><\/p>\n<h3><strong>P\u00fablico-Alvo<\/strong><\/h3>\n<p>Biom\u00e9dicos, Enfermeiros, Farmac\u00eauticos e M\u00e9dicos<\/p>\n<h3><strong>In\u00edcio<\/strong><\/h3>\n<p>02 e 03 de Fevereiro 2023<\/p>\n<h3><strong>Hor\u00e1rios<\/strong><\/h3>\n<p>Sexta-feira: 18:00 \u00e0s 23:00<\/p>\n<p>S\u00e1bado: 08:00 \u00e0s 20:00 (com intervalo para almo\u00e7o)<\/p>\n<h3><strong>Dura\u00e7\u00e3o<\/strong><\/h3>\n<p>18 m\u00f3dulos<\/p>\n<h3><strong>Carga Hor\u00e1ria<\/strong><\/h3>\n<p>360h\/aula<\/p>\n<h3><strong>Local<\/strong><\/h3>\n<p><strong>Manaus\/AM:<\/strong> Sede da Bio Cursos \u2013 Rua Rio Javari, n. 170 \u2013 Conj. Vieiralves (atr\u00e1s do McDonald&#8217;s da Av. Djalma Batista)<\/p>\n<h3><strong>Investimento<\/strong><\/h3>\n<p><strong>TAXA DE MATR\u00cdCULA: R$ 250,00<\/strong><\/p>\n<p><strong>Escolha uma das 4 op\u00e7\u00f5es de parcelamentos das mensalidades no boleto ou cart\u00e3o de cr\u00e9dito recorrente:<\/strong><\/p>\n<ul>\n<li><strong>18x R$ 1.270,00<\/strong><\/li>\n<li><strong>24x R$ 960,00<\/strong><\/li>\n<li><strong>30x R$ 780,00<\/strong><\/li>\n<li><strong>36x R$ 660,00<\/strong><\/li>\n<\/ul>\n<p><strong>Obs.: J\u00e1 est\u00e3o inclusos nas mensalidades acima o desconto pontualidade para o aluno que efetuar o pagamento at\u00e9 a data de vencimento do boleto<\/strong><\/p>\n<p>&nbsp;<\/p>\n<h3><strong>Documentos necess\u00e1rios<\/strong><\/h3>\n<p>Os documentos devem ser escaneados e enviados por e-mail: atendimento2@portalbiocursos.com.br<\/p>\n<ul>\n<li>CPF<\/li>\n<li>RG ou Carteira Profissional (n\u00e3o ser\u00e1 aceito CNH)<\/li>\n<li>T\u00edtulo de Eleitor<\/li>\n<li>Certid\u00e3o de Nascimento ou Casamento<\/li>\n<li>Comprovante de Resid\u00eancia atualizado<\/li>\n<li>Diploma e Hist\u00f3rico da Gradua\u00e7\u00e3o (frente e verso)<\/li>\n<li>Documento Militar (se homem)<\/li>\n<li>Foto 3&#215;4<\/li>\n<\/ul>\n<p>&nbsp;<\/p>\n<h3><strong>Observa\u00e7\u00f5es<\/strong><\/h3>\n<ul>\n<li>Emiss\u00e3o de certificado por IES cadastrada junto ao Minist\u00e9rio da Educa\u00e7\u00e3o;<\/li>\n<li>Os vencimentos das mensalidades ser\u00e3o sempre no dia 30 de cada m\u00eas;<\/li>\n<li>Em caso de desist\u00eancia da P\u00f3s-Gradua\u00e7\u00e3o, n\u00e3o haver\u00e1 devolu\u00e7\u00e3o da taxa de matr\u00edcula em car\u00e1ter de despesas administrativas;<\/li>\n<li>A organiza\u00e7\u00e3o se reserva do direito de adiar ou cancelar o curso caso n\u00e3o haja o n\u00famero suficiente de participantes para sua realiza\u00e7\u00e3o;<\/li>\n<li>A Bio Cursos n\u00e3o se responsabiliza em restituir valores de transportes ou hospedagem caso o curso seja cancelado.<\/li>\n<\/ul>\n<p><strong>\u00a0<\/strong><\/p>\n<h2><strong>Informa\u00e7\u00f5es e Matr\u00edculas<\/strong><\/h2>\n<p><strong>(92) 3584-0031 \/ (92) 98130-4434 (Vivo) <\/strong><\/p>\n<p><strong>Consultora Comercial: Jessika Gomes<\/strong><\/p>\n<p><a href=\"mailto:contato@portalbiocursos.com.br\">contato@portalbiocursos.com.br<\/a><\/p>\n<p><a href=\"https:\/\/www.portalbiocursos.com.br\/\">https:\/\/www.portalbiocursos.com.br\/<\/a><\/p>\n<p>&nbsp;<\/p>\n","protected":false},"featured_media":7783,"comment_status":"open","ping_status":"closed","template":"","meta":[],"product_cat":[21],"product_tag":[24,47,46,45,23,48,22,171],"class_list":{"0":"post-226","1":"product","2":"type-product","3":"status-publish","4":"has-post-thumbnail","6":"product_cat-pos-graduacoes","7":"product_tag-amazonas","8":"product_tag-facial","9":"product_tag-harmonizacao","10":"product_tag-harmonizacao-facial","11":"product_tag-manaus","12":"product_tag-pos","13":"product_tag-pos-graduacao","14":"product_tag-pos-graduacao-em-harmonizacao-facial","16":"first","17":"instock","18":"shipping-taxable","19":"purchasable","20":"product-type-simple"},"_links":{"self":[{"href":"https:\/\/portalbiocursos.com.br\/index.php\/wp-json\/wp\/v2\/product\/226","targetHints":{"allow":["GET"]}}],"collection":[{"href":"https:\/\/portalbiocursos.com.br\/index.php\/wp-json\/wp\/v2\/product"}],"about":[{"href":"https:\/\/portalbiocursos.com.br\/index.php\/wp-json\/wp\/v2\/types\/product"}],"replies":[{"embeddable":true,"href":"https:\/\/portalbiocursos.com.br\/index.php\/wp-json\/wp\/v2\/comments?post=226"}],"version-history":[{"count":4,"href":"https:\/\/portalbiocursos.com.br\/index.php\/wp-json\/wp\/v2\/product\/226\/revisions"}],"predecessor-version":[{"id":1356,"href":"https:\/\/portalbiocursos.com.br\/index.php\/wp-json\/wp\/v2\/product\/226\/revisions\/1356"}],"wp:featuredmedia":[{"embeddable":true,"href":"https:\/\/portalbiocursos.com.br\/index.php\/wp-json\/wp\/v2\/media\/7783"}],"wp:attachment":[{"href":"https:\/\/portalbiocursos.com.br\/index.php\/wp-json\/wp\/v2\/media?parent=226"}],"wp:term":[{"taxonomy":"product_cat","embeddable":true,"href":"https:\/\/portalbiocursos.com.br\/index.php\/wp-json\/wp\/v2\/product_cat?post=226"},{"taxonomy":"product_tag","embeddable":true,"href":"https:\/\/portalbiocursos.com.br\/index.php\/wp-json\/wp\/v2\/product_tag?post=226"}],"curies":[{"name":"wp","href":"https:\/\/api.w.org\/{rel}","templated":true}]}}