{"id":12643,"date":"2026-02-19T16:20:08","date_gmt":"2026-02-19T19:20:08","guid":{"rendered":"https:\/\/portalbiocursos.com.br\/?post_type=product&#038;p=12643"},"modified":"2026-02-19T16:20:10","modified_gmt":"2026-02-19T19:20:10","slug":"mini-residencia-harmonizacao-facial","status":"publish","type":"product","link":"https:\/\/portalbiocursos.com.br\/index.php\/produto\/mini-residencia-harmonizacao-facial\/","title":{"rendered":"Mini Resid\u00eancia Harmoniza\u00e7\u00e3o Facial"},"content":{"rendered":"","protected":false},"excerpt":{"rendered":"<p>Mini Resid\u00eancia Harmoniza\u00e7\u00e3o<br \/>\nDescri\u00e7\u00e3o:<br \/>\nA Mini Resid\u00eancia em Harmoniza\u00e7\u00e3o Facial \u00e9 uma intensiva de 60 horas,<br \/>\ndesenvolvida para profissionais que desejam elevar seu n\u00edvel t\u00e9cnico e atuar<br \/>\ncom mais seguran\u00e7a na est\u00e9tica avan\u00e7ada.<br \/>\nEm 5 dias de pr\u00e1tica e teoria aplicada, o aluno aprende Toxina Botul\u00ednica,<br \/>\nPreenchedores, Bioestimuladores, Fios de PDO e manejo de intercorr\u00eancias,<br \/>\ncom viv\u00eancia em ambulat\u00f3rio cl\u00ednico.<br \/>\nMais do que t\u00e9cnicas, a forma\u00e7\u00e3o oferece vis\u00e3o estrat\u00e9gica, planejamento<br \/>\npersonalizado e posicionamento no mercado.<br \/>\n\u00bd\u02d9\u20227\u00b8.&#8217;\/ Ideal para quem quer se destacar e aumentar seu faturamento com<br \/>\nexcel\u00eancia.<br \/>\nConte\u00fado Program\u00e1tico:<br \/>\nTOXINA BOTUL\u00cdNICA FULL FACE<br \/>\n\u27a2 An\u00e1lise facial \u2013 Mapeamento Muscular<br \/>\n\u27a2 Linguagem facial;<br \/>\n\u27a2 As linhas e formas,<br \/>\n\u27a2 Planejamentos;<br \/>\n\u27a2 Introdu\u00e7\u00e3o a toxina botul\u00ednica<br \/>\n\u27a2 Hist\u00f3rico e legisla\u00e7\u00e3o<br \/>\n\u27a2 Mecanismo de a\u00e7\u00e3o<br \/>\n\u27a2 Reconstitui\u00e7\u00e3o ( \u00e0 Seco, convencional) e armazenamento<br \/>\n\u27a2 Anatomia e Fisiologia<br \/>\n\u27a2 An\u00e1lise das express\u00f5es faciais<br \/>\n\u27a2 Din\u00e2mica no campo da toxina botul\u00ednica<br \/>\n\u27a2 Materiais para aplica\u00e7\u00e3o<br \/>\n\u27a2 T\u00e9cnicas de aplica\u00e7\u00e3o.<br \/>\n\u27a2 Manejo de efeitos adversos e complica\u00e7\u00f5es<br \/>\n\u27a2 Botox Like;<br \/>\n\u27a2 Analogia das Rugas;<br \/>\n\u27a2 Fronte (Testa),<br \/>\n\u27a2 corrugdores \u2013 Pr\u00f3cero (carinha de Bravo),<br \/>\n\u27a2 Orbiculares (P\u00e9s de Galinha),<br \/>\n\u27a2 M\u00fasculo Nasal (Linhas de coelho)<br \/>\n\u27a2 Sorriso gengival,<br \/>\n\u27a2 Fechamento de asa de nariz,<br \/>\n\u27a2 Levantamento de septo nasal,<br \/>\n\u27a2 C\u00f3digo de Barras,<br \/>\n\u27a2 Depressor da Comissura Oral (linhas de marionetes ou sorriso Triste),<br \/>\n\u27a2 Mentuais<br \/>\n\u27a2 Mandibular (Masseter)<br \/>\n\u27a2 Platisma (Efeito nefertite)<br \/>\n\u27a2 Cuidados e intercorr\u00eancias.<br \/>\nPREENCHEDORES FACIAIS<br \/>\n\u27a2 Anatomia e fisiologia Facial<br \/>\n\u27a2 Mapeamento vascular facial;<br \/>\n\u27a2 MD Codes, pontos de sustenta\u00e7\u00e3o Facial<br \/>\n\u27a2 Retiologia do \u00c1cido Hialur\u00f4nico- Diferen\u00e7a de reticula\u00e7\u00e3o<br \/>\n\u27a2 Aplica\u00e7\u00e3o com C\u00e2nula e Agulha<br \/>\n\u27a2 An\u00e1lise labial an\u00e1lise do envelhecimento da regi\u00e3o perioral<br \/>\n\u27a2 Resolu\u00e7\u00e3o de Intercorr\u00eancias<br \/>\n\u27a2 T\u00e9cnica de preenchimento Labial<br \/>\n\u27a2 labial (evers\u00e3o);<br \/>\n\u27a2 T\u00e9cnica miami lips \u00ae<br \/>\n\u27a2 T\u00e9cnica russa Preenchimento<br \/>\n\u27a2 An\u00e1lise labial an\u00e1lise do envelhecimento da regi\u00e3o perioral<br \/>\n\u27a2 Anatomia dos l\u00e1bios e regi\u00e3o perioral<br \/>\n\u27a2 Mapeamento vascular labial<br \/>\n\u27a2 T\u00e9cnica de Retroinjecao<br \/>\n\u27a2 t\u00e9cnica de Bolus<br \/>\n\u27a2 Como Resolver Intercorr\u00eancias<br \/>\n\u27a2 Contorno, Filtro e Volume<br \/>\n\u27a2 Custo vs Lucro<br \/>\n\u27a2 T\u00e9cnicas de Anestesias<br \/>\n\u27a2 Pontos de Seguran\u00e7a<br \/>\n\u27a2 Revers\u00e3o de \u00c1cido Hialur\u00f4nico<br \/>\n\u27a2 Pr\u00e1tica de todo o conte\u00fado program\u00e1tico<br \/>\n\u27a2 Olheiras,<br \/>\n\u27a2 Bigode Chin\u00eas,<br \/>\n\u27a2 Rinomodela\u00e7\u00e3o,<br \/>\n\u27a2 T\u00e9cnica de Mento<br \/>\n\u27a2 Malar e Mand\u00edbula<br \/>\nBioestimuladores de Col\u00e1geno \u2013 Hidroxiapatita e Acido Poli L L\u00e1tico<br \/>\n\u27a2 Farmacologia dos biestimuladores;<br \/>\n\u27a2 Planos de aplica\u00e7\u00e3o;<br \/>\n\u27a2 Diagn\u00f3stico cl\u00ednico:<br \/>\n\u27a2 Sulco nasolabial;<br \/>\n\u27a2 Sulco labiomentoniano;<br \/>\n\u27a2 Rugas periorbitais;<br \/>\n\u27a2 Rugas por deci\u00eancias metab\u00f3licas<br \/>\n\u27a2 Rugas por desidrata\u00e7\u00e3o.<br \/>\n\u27a2 T\u00e9cnicas de aplica\u00e7\u00e3o;<br \/>\n\u27a2 Material ideal para a aplica\u00e7\u00e3o;<br \/>\n\u27a2 Sculptra: \u00e1cido poli-l-l\u00e1ctico e suas varia\u00e7\u00f5es;<br \/>\n\u27a2 Fatores de envelhecimento cut\u00e2neo;<br \/>\n\u27a2 Indica\u00e7\u00f5es e contraindica\u00e7\u00f5es;<br \/>\n\u27a2 Reconstitui\u00e7\u00e3o\/dilui\u00e7\u00e3o do sculptra;<br \/>\n\u27a2 Associa\u00e7\u00f5es ao sculptra<br \/>\n\u27a2 Cuidados p\u00f3s procedimento<br \/>\n\u27a2 Radiesse e diamond &#8211; hidroxiapatita de c\u00e1lcio hiperdiluida para est\u00edmulo<br \/>\nd\u00e9rmico.<br \/>\n\u27a2 Ellans\u00e9 \u2022 Intercorr\u00eancia.<br \/>\nFios Faciais: PDO, Parafuso e Espiculados<br \/>\n\u27a2 Introdu\u00e7\u00e3o e hist\u00f3rico<br \/>\n\u27a2 Conceito e tipos de fios<br \/>\n\u27a2 Mecanismos de a\u00e7\u00e3o<br \/>\n\u27a2 Avalia\u00e7\u00e3o cl\u00ednica e indica\u00e7\u00f5es<br \/>\n\u27a2 Cuidados na aplica\u00e7\u00e3o e p\u00f3s tratamento<br \/>\n\u27a2 M\u00e9todos de anestesia<br \/>\n\u27a2 Diferencia\u00e7\u00e3o das t\u00e9cnicas de aplica\u00e7\u00f5es<br \/>\n\u27a2 M\u00e9todos de aplica\u00e7\u00e3o<br \/>\n\u27a2 Anatomia facial<br \/>\n\u27a2 Marca\u00e7\u00f5es e pontos de aplica\u00e7\u00e3o<br \/>\n\u27a2 Fox eyes<br \/>\n\u27a2 Tra\u00e7\u00e3o de ter\u00e7o M\u00e9dio<br \/>\n\u27a2 Contorno Mandibular<br \/>\n\u27a2 Glabela<br \/>\n\u27a2 Papada<br \/>\n\u27a2 Malar<br \/>\n\u27a2 Naso geniano<br \/>\n\u27a2 Marionete<br \/>\n\u27a2 Orbicular<br \/>\n\u27a2 Principais intercorr\u00eancias<br \/>\n\u27a2 Complica\u00e7\u00f5es e recomenda\u00e7\u00f5es<br \/>\n\u27a2 Contra-indica\u00e7\u00f5es<br \/>\n\u27a2 Aplica\u00e7\u00f5es Faciais<br \/>\nAmbulat\u00f3rio Clinico<br \/>\n\u27a2 Pr\u00e1ticas<br \/>\n.<br \/>\nP\u00fablico-Alvo:<br \/>\nAlunos a partir do 7\u00b0 per\u00edodo, Biom\u00e9dico, Enfermeiro, Esteticista, Farmac\u00eautico,<br \/>\nBi\u00f3logo, Dentista e M\u00e9dico.<br \/>\nCarga Hor\u00e1ria: 60 horas<br \/>\nDatas: 11, 12, 13, 14, 15 e 16 de Maio de 2026 (Segunda \u00e1 S\u00e1bado)<br \/>\nHor\u00e1rios: 09h \u00e0s 18h<br \/>\nLocal: Manaus-AM, Sede da Bio Cursos: R. Rio Javari, 170 \u2013 Vieiralves (atr\u00e1s<br \/>\ndo McDonald\u2019s da Av. Djalma Batista)<br \/>\nMinistrante: Celival da Silva Oliveira<br \/>\nCRBM-AM 5056<br \/>\nBiom\u00e9dico<br \/>\nEspecialista em Sa\u00fade Est\u00e9tica<br \/>\nHabilita\u00e7\u00e3o em an\u00e1lises cl\u00ednicas<br \/>\nDocente em p\u00f3s-gradua\u00e7\u00e3o e cursos de forma\u00e7\u00e3o<br \/>\nConsultor t\u00e9cnico de diversas cl\u00ednicas de est\u00e9tica em Manaus.<br \/>\nRespons\u00e1vel T\u00e9cnico na loja Bio Store<br \/>\nPropriet\u00e1rio da Cl\u00ednica de Celival Est\u00e9tica Avan\u00e7ada<br \/>\nInvestimento<br \/>\nValor \u00e0 Vista: R$ 4.000,00.<br \/>\nDesconto de 5%: Para alunos cursando p\u00f3s-gradua\u00e7\u00e3o na Bio Cursos:<br \/>\nFacilidades de Pagamento: At\u00e9 18x SEM JUROS nos cart\u00f5es<br \/>\nObserva\u00e7\u00f5es:<br \/>\n\u2022 Em caso de desist\u00eancia do curso, n\u00e3o haver\u00e1 devolu\u00e7\u00e3o do valor pago,<br \/>\nsendo aplicada uma multa de 20% do valor contratado em car\u00e1ter de<br \/>\ndespesas administrativas.<br \/>\n\u2022 A organiza\u00e7\u00e3o reserva-se o direito de adiar ou cancelar o curso caso<br \/>\nn\u00e3o haja n\u00famero suficiente de participantes.<br \/>\n\u2022 A Bio Cursos n\u00e3o se responsabiliza pela restitui\u00e7\u00e3o de valores de<br \/>\ntransporte ou hospedagem em caso de cancelamento.<br \/>\nInforma\u00e7\u00f5es e Matr\u00edculas<br \/>\n(92) 3584-0031 \/ (92) 992258508 (WhatsApp)<br \/>\nConsultora Comercial: Fernanda Seixas<br \/>\natendimento@portalbiocursos.com.br<br \/>\nAs matr\u00edculas tamb\u00e9m poder\u00e3o ser efetuadas por dep\u00f3sito\/transfer\u00eancia para<br \/>\numa das contas abaixo ou PIX para a conta da Caixa ou Banco Inter (ap\u00f3s o<br \/>\npagamento enviar o comprovante via E-mail ou WhatsApp):<br \/>\nChave PIX:<br \/>\n272.865.438-73<br \/>\nCAIXA<br \/>\nAg\u00eancia: 2897<br \/>\nTipo de conta: 001<br \/>\nConta Corrente:<br \/>\n00001377-5<br \/>\nAndr\u00e9 Barbosa Rigato<br \/>\nCPF: 272.865.438-73<br \/>\nINTER<br \/>\nChave Pix:<br \/>\n10.208.028\/0001-72<br \/>\nAndr\u00e9 Barbosa Rigato<br \/>\nCursos<br \/>\nBANCO DO BRASIL<br \/>\nAg\u00eancia: 1197-5<br \/>\nConta Corrente: 48.340-<br \/>\n0<br \/>\nBio Cursos<\/p>\n","protected":false},"featured_media":12644,"comment_status":"open","ping_status":"closed","template":"","meta":[],"product_cat":[72],"product_tag":[799],"class_list":{"0":"post-12643","1":"product","2":"type-product","3":"status-publish","4":"has-post-thumbnail","6":"product_cat-cursos","7":"product_tag-mini-residencia-harmonizacao","9":"first","10":"instock","11":"shipping-taxable","12":"purchasable","13":"product-type-simple"},"_links":{"self":[{"href":"https:\/\/portalbiocursos.com.br\/index.php\/wp-json\/wp\/v2\/product\/12643","targetHints":{"allow":["GET"]}}],"collection":[{"href":"https:\/\/portalbiocursos.com.br\/index.php\/wp-json\/wp\/v2\/product"}],"about":[{"href":"https:\/\/portalbiocursos.com.br\/index.php\/wp-json\/wp\/v2\/types\/product"}],"replies":[{"embeddable":true,"href":"https:\/\/portalbiocursos.com.br\/index.php\/wp-json\/wp\/v2\/comments?post=12643"}],"version-history":[{"count":1,"href":"https:\/\/portalbiocursos.com.br\/index.php\/wp-json\/wp\/v2\/product\/12643\/revisions"}],"predecessor-version":[{"id":12645,"href":"https:\/\/portalbiocursos.com.br\/index.php\/wp-json\/wp\/v2\/product\/12643\/revisions\/12645"}],"wp:featuredmedia":[{"embeddable":true,"href":"https:\/\/portalbiocursos.com.br\/index.php\/wp-json\/wp\/v2\/media\/12644"}],"wp:attachment":[{"href":"https:\/\/portalbiocursos.com.br\/index.php\/wp-json\/wp\/v2\/media?parent=12643"}],"wp:term":[{"taxonomy":"product_cat","embeddable":true,"href":"https:\/\/portalbiocursos.com.br\/index.php\/wp-json\/wp\/v2\/product_cat?post=12643"},{"taxonomy":"product_tag","embeddable":true,"href":"https:\/\/portalbiocursos.com.br\/index.php\/wp-json\/wp\/v2\/product_tag?post=12643"}],"curies":[{"name":"wp","href":"https:\/\/api.w.org\/{rel}","templated":true}]}}