{"id":12573,"date":"2026-01-26T17:00:31","date_gmt":"2026-01-26T20:00:31","guid":{"rendered":"https:\/\/portalbiocursos.com.br\/?post_type=product&#038;p=12573"},"modified":"2026-01-26T17:00:31","modified_gmt":"2026-01-26T20:00:31","slug":"biofeedback-eletromiografico-aplicado-a-fisioterapia-pelvica","status":"publish","type":"product","link":"https:\/\/portalbiocursos.com.br\/index.php\/produto\/biofeedback-eletromiografico-aplicado-a-fisioterapia-pelvica\/","title":{"rendered":"Biofeedback Eletromiogr\u00e1fico Aplicado \u00e0 Fisioterapia P\u00e9lvica"},"content":{"rendered":"","protected":false},"excerpt":{"rendered":"<p><strong>Biofeedback Eletromiogr\u00e1fico aplicado a fisioterapia p\u00e9lvica. <\/strong><\/p>\n<p><strong>Landa Lisboa\u00a0(CREFITO 3 &#8211; 152703-F)<\/strong><\/p>\n<ul>\n<li>\u2060\u2060Fisioterapeuta P\u00f3s Graduada em Fisioterapia P\u00e9lvica &#8211; Inspirar S\u00e3o Paulo.<\/li>\n<li>\u2060Professora na P\u00f3s Gradua\u00e7\u00e3o e Curso de extens\u00e3o<\/li>\n<li>\u2060Fisioterapeuta e propriet\u00e1ria no consult\u00f3rio \u2013 Fisioterapia P\u00e9lvica Landa Lisboa.<\/li>\n<li>\u2060 Palestrante sobre Educa\u00e7\u00e3o em sa\u00fade p\u00e9lvica da mulher, homem e crian\u00e7a.<\/li>\n<li>\u2060\u2060Membra da Associa\u00e7\u00e3o Brasileira de Uroginecologia e Assoalho P\u00e9lvico \u2013 UROGINAP, Associa\u00e7\u00e3o Brasileira de Fisioterapia em Sa\u00fade da Mulher \u2013 ABRAFISM.<\/li>\n<li>\u2060\u2060Atuou como colaboradora de pesquisa no ambulat\u00f3rio de Urologia e Andrologia UNIFESP (2024)<\/li>\n<\/ul>\n<p><strong>DATAS:<\/strong>\u00a004 e 05\/02\/26 a noite ou 08\/02\/26 o dia manh\u00e3 e tarde.<\/p>\n<p><strong>LOCAL:\u00a0<\/strong>Biocursos<\/p>\n<p><strong>Carga Hor\u00e1ria: <\/strong>10h<\/p>\n<p><strong>Conte\u00fado Program\u00e1tico<\/strong><\/p>\n<p><strong>M\u00f3dulo 1 \u2013 Fundamentos do Biofeedback Eletromiogr\u00e1fico <\/strong><\/p>\n<ul>\n<li>Conceito de biofeedback<\/li>\n<li>Biofeedback eletromiogr\u00e1fico (EMG) &#8211; Defini\u00e7\u00e3o<\/li>\n<li>Eletromiografia &#8211; Defini\u00e7\u00e3o<\/li>\n<li>Papel do biofeedback (EMG) no aprendizado muscular<\/li>\n<\/ul>\n<p><strong>M\u00f3dulo 2 \u2013 Instrumenta\u00e7\u00e3o e Par\u00e2metros do Biofeedback EMG <\/strong><\/p>\n<ul>\n<li>Tipos de eletrodo: intravaginal, intra-anal e de superf\u00edcie<\/li>\n<li>Eletrodos: caracter\u00edsticas, posicionamento e preparo do paciente<\/li>\n<li>Sinal eletromiogr\u00e1fico: amplitude, repouso, contra\u00e7\u00e3o e fadiga<\/li>\n<li>Par\u00e2metros de capta\u00e7\u00e3o e interpreta\u00e7\u00e3o do sinal EMG<\/li>\n<li>Fatores que interferem na leitura do biofeedback<\/li>\n<\/ul>\n<p><strong>M\u00f3dulo 3 \u2013 Avalia\u00e7\u00e3o dos m\u00fasculos do assoalho p\u00e9lvico com Biofeedback EMG <\/strong><\/p>\n<ul>\n<li>Avalia\u00e7\u00e3o do repouso muscular<\/li>\n<li>Avalia\u00e7\u00e3o da contra\u00e7\u00e3o volunt\u00e1ria dos MAP<\/li>\n<li>An\u00e1lise de coordena\u00e7\u00e3o, resist\u00eancia, controle motor e uso de musculatura acess\u00f3ria<\/li>\n<li>Identifica\u00e7\u00e3o de padr\u00f5es disfuncionais (hipoatividade, hiperatividade, incoordena\u00e7\u00e3o)<\/li>\n<li>Correla\u00e7\u00e3o entre achados cl\u00ednicos e sinal eletromiogr\u00e1fico<\/li>\n<li>Laudo eletromiogr\u00e1fico<\/li>\n<\/ul>\n<p><strong>M\u00f3dulo 4 \u2013 Aplica\u00e7\u00e3o Cl\u00ednica<\/strong><\/p>\n<ul>\n<li>Biofeedback EMG no treinamento de consci\u00eancia perineal<\/li>\n<li>Biofeedback EMG no fortalecimento e resist\u00eancia muscular<\/li>\n<li>Biofeedback EMG no relaxamento e downtraining<\/li>\n<li>Biofeedback EMG na pr\u00e9-contra\u00e7\u00e3o (The Knack)<\/li>\n<li>Biofeedback EMG no treino defecat\u00f3rio \u2013 rela\u00e7\u00e3o da prensa abdominal e o relaxamento dos MAPs<\/li>\n<li>Progress\u00e3o dos exerc\u00edcios &#8211; integra\u00e7\u00e3o do biofeedback EMG com exerc\u00edcios funcionais<\/li>\n<li>Limita\u00e7\u00f5es, contraindica\u00e7\u00f5es e cuidados \u00e9ticos<\/li>\n<\/ul>\n<p><strong>M\u00f3dulo 5 \u2013 Evid\u00eancia Cient\u00edfica do Biofeedback EMG nas Principais Disfun\u00e7\u00f5es P\u00e9lvicas <\/strong><\/p>\n<ul>\n<li>Disfun\u00e7\u00f5es miccionais<\/li>\n<li>Disfun\u00e7\u00f5es anorretais<\/li>\n<li>Disfun\u00e7\u00f5es sexuais<\/li>\n<\/ul>\n<p><strong>M\u00f3dulo 6 \u2013 Pr\u00e1tica Supervisionada\u00a0 <\/strong><\/p>\n<ul>\n<li>Demonstra\u00e7\u00e3o pr\u00e1tica do uso do biofeedback EMG<\/li>\n<li>Racioc\u00ednio cl\u00ednico e tomada de decis\u00e3o baseada em evid\u00eancias<\/li>\n<li>Pr\u00e1tica entre os alunos e pacientes modelo<\/li>\n<li>Relat\u00f3rio para reembolso<\/li>\n<\/ul>\n<p><strong>METODOLOGIA: <\/strong><\/p>\n<ul>\n<li>Aula expositiva.<\/li>\n<li>Demonstra\u00e7\u00f5es pr\u00e1ticas<\/li>\n<li>Pr\u00e1tica entre alunos e pacientes modelo<\/li>\n<li>Abordagem baseada em evid\u00eancias cient\u00edficas<\/li>\n<\/ul>\n<p>&nbsp;<\/p>\n<p><strong>P\u00daBLICO ALVO:<\/strong>\u00a0Profissionais e estudantes de fisioterapia.<\/p>\n<p>&nbsp;<\/p>\n","protected":false},"featured_media":12574,"comment_status":"open","ping_status":"closed","template":"","meta":[],"product_cat":[72],"product_tag":[795],"class_list":{"0":"post-12573","1":"product","2":"type-product","3":"status-publish","4":"has-post-thumbnail","6":"product_cat-cursos","7":"product_tag-biofeedback-eletromiografico-aplicado-a-fisioterapia-pelvica","9":"first","10":"instock","11":"shipping-taxable","12":"purchasable","13":"product-type-simple"},"_links":{"self":[{"href":"https:\/\/portalbiocursos.com.br\/index.php\/wp-json\/wp\/v2\/product\/12573","targetHints":{"allow":["GET"]}}],"collection":[{"href":"https:\/\/portalbiocursos.com.br\/index.php\/wp-json\/wp\/v2\/product"}],"about":[{"href":"https:\/\/portalbiocursos.com.br\/index.php\/wp-json\/wp\/v2\/types\/product"}],"replies":[{"embeddable":true,"href":"https:\/\/portalbiocursos.com.br\/index.php\/wp-json\/wp\/v2\/comments?post=12573"}],"version-history":[{"count":1,"href":"https:\/\/portalbiocursos.com.br\/index.php\/wp-json\/wp\/v2\/product\/12573\/revisions"}],"predecessor-version":[{"id":12575,"href":"https:\/\/portalbiocursos.com.br\/index.php\/wp-json\/wp\/v2\/product\/12573\/revisions\/12575"}],"wp:featuredmedia":[{"embeddable":true,"href":"https:\/\/portalbiocursos.com.br\/index.php\/wp-json\/wp\/v2\/media\/12574"}],"wp:attachment":[{"href":"https:\/\/portalbiocursos.com.br\/index.php\/wp-json\/wp\/v2\/media?parent=12573"}],"wp:term":[{"taxonomy":"product_cat","embeddable":true,"href":"https:\/\/portalbiocursos.com.br\/index.php\/wp-json\/wp\/v2\/product_cat?post=12573"},{"taxonomy":"product_tag","embeddable":true,"href":"https:\/\/portalbiocursos.com.br\/index.php\/wp-json\/wp\/v2\/product_tag?post=12573"}],"curies":[{"name":"wp","href":"https:\/\/api.w.org\/{rel}","templated":true}]}}