{"id":11458,"date":"2025-06-02T16:49:19","date_gmt":"2025-06-02T19:49:19","guid":{"rendered":"https:\/\/portalbiocursos.com.br\/?post_type=product&#038;p=11458"},"modified":"2025-06-02T16:49:20","modified_gmt":"2025-06-02T19:49:20","slug":"pos-graduacao-em-saude-estetica-duracao-de-12-meses","status":"publish","type":"product","link":"https:\/\/portalbiocursos.com.br\/index.php\/produto\/pos-graduacao-em-saude-estetica-duracao-de-12-meses\/","title":{"rendered":"P\u00f3s-Gradua\u00e7\u00e3o em Sa\u00fade Est\u00e9tica (Dura\u00e7\u00e3o de 12 meses)"},"content":{"rendered":"<p>O curso de p\u00f3s-gradua\u00e7\u00e3o lato sensu em Sa\u00fade Est\u00e9tica est\u00e1 sendo proposto para atender\u00e0s necessidades dos profissionais, preparando, capacitando e desenvolvendo t\u00e9cnicasvoltadas \u00e0 \u00e1rea da sa\u00fade est\u00e9tica com habilidade, seguran\u00e7a e compet\u00eancia. Com amploembasamento te\u00f3rico e pr\u00e1tico para que o profissional entenda melhor os mecanismos dea\u00e7\u00e3o de cada procedimento a ser realizado. O profissional especializado atuar\u00e1 em cl\u00ednicas especializadas com s\u00f3lido conhecimentot\u00e9cnico e cient\u00edfico, podendo atuar como respons\u00e1vel t\u00e9cnico de estabelecimentos voltadosao setor de acordo com sua forma\u00e7\u00e3o. Com isso, pode garantir um atendimentopersonalizado para um p\u00fablico cada vez mais exigente, e ainda pode atuar com consultoriaem cl\u00ednicas e empresas do setor. Os profissionais que buscam mais conhecimentos,inclusive com aprofundamento cient\u00edfico, s\u00e3o os que t\u00eam mais chance de sucesso.<\/p>\n<p>Dermatofisiol\u00f3gicas, Dematologia<br \/>\nPatol\u00f3gica e Semiologia Cl\u00ednica<br \/>\nBio\u00e9tica, Intercorr\u00eancias, condutas e<br \/>\nBiosseguran\u00e7a em Procedimentos Est\u00e9ticos<br \/>\nAvan\u00e7ados<br \/>\nCarboxiterapia no Tratamento Facial e<br \/>\nCorporal &#8211; Pr\u00e1tica demonstrativa<br \/>\nConcentrados Sangu\u00edneos \u2013 PRP e Plasma<br \/>\nGel em Est\u00e9tica<br \/>\nJato de Plasma e Eletrocaut\u00e9rio Aplicada \u00e0<br \/>\nEst\u00e9tica<br \/>\nLaserterapia e LED aplicada \u00e0 Est\u00e9tica<br \/>\nOzonioterapia Aplicada \u00e0 Est\u00e9tica<br \/>\nRecursos Tecnol\u00f3gicos Avan\u00e7ados<br \/>\n(Criolip\u00f3lise, Ondas de Choque,<br \/>\nRadiofrequ\u00eancia, Ultrassom e<br \/>\nMicrocorrentes)<br \/>\nTerapias Manuais: Drenagem Linf\u00e1tica<br \/>\nManual, Taping e T\u00e9cnicas de SPA<br \/>\nBases de Cosmetologia e Peelings Est\u00e9ticos eAvan\u00e7adosMicroagulhamento e Intradermoterapia deAlta Performance: Pressurizada, Convencionale Microvasos (PEIM)Harmoniza\u00e7\u00e3o Facial: Toxina Botul\u00ednica,Preenchedores, Bioestimuladores e Fios deSutenta\u00e7\u00e3oCONTE\u00daDO PROGRAM\u00c1TICOA sumila\u00e7\u00e3o da pr\u00e1tica em simuladores, mas apr\u00e1tica em humanos ser\u00e1 realizado exclusivamenteem pacientes modelo. Cada aluno poder\u00e1 levar seuspacientes modelos para suas pr\u00e1ticas. A Bio Cursoscompromete-se na capta\u00e7\u00e3o dos pacientes modelospara a pr\u00e1tica demonstrativa do professor. Quantomais paciente o aluno levar, mais ele ir\u00e1 atender. Ospacientes modelos atendidos dever\u00e3o arcar com ocusto do material dos procedimentos realizados.<\/p>\n<p>Os sal\u00e1rios podem variar dependendo de v\u00e1rios fatores, incluindo experi\u00eancia, localiza\u00e7\u00e3o e tipode empregador. No Brasil, um especialista em sa\u00fade est\u00e9tica pode receber sal\u00e1rios que variamsignificativamente. Em m\u00e9dia, no entanto, um um especialista em sa\u00fade est\u00e9tica pode ganharentre R$ 9.000 a R$ 12.000 por m\u00eas, mas esses valores s\u00e3o aproximados e podem variar. Al\u00e9m dosal\u00e1rio fixo, alguns profissionais podem receber benef\u00edcios adicionais, como b\u00f4nus, comiss\u00f5es oubenef\u00edcios de sa\u00fade, dependendo do empregador e das negocia\u00e7\u00f5es individuais. \u00c9 sempreaconselh\u00e1vel verificar as condi\u00e7\u00f5es espec\u00edficas com o empregador ou consultar pesquisassalariais atualizadas para obter informa\u00e7\u00f5es mais precisas.<\/p>\n<p>O mercado de trabalho para especialistas em sa\u00fade est\u00e9tica no Brasil \u00e9 din\u00e2mico e emcrescimento, refletindo a crescente demanda por procedimentos est\u00e9ticos e cuidados com asa\u00fade. Profissionais especializados encontram oportunidades em cl\u00ednicas de est\u00e9tica,consult\u00f3rios m\u00e9dicos e spas. A busca constante por tratamentos n\u00e3o invasivos, procedimentosest\u00e9ticos avan\u00e7ados e cuidados com a pele impulsiona a procura por esses profissionais. Al\u00e9mdisso, a incorpora\u00e7\u00e3o de tecnologias inovadoras e abordagens hol\u00edsticas \u00e0 sa\u00fade est\u00e9ticaamplia as perspectivas de atua\u00e7\u00e3o. A forma\u00e7\u00e3o cont\u00ednua e a adapta\u00e7\u00e3o \u00e0s tend\u00eancias domercado s\u00e3o cruciais para o sucesso nesse setor em evolu\u00e7\u00e3o constante.<\/p>\n","protected":false},"excerpt":{"rendered":"<p>O curso de p\u00f3s-gradua\u00e7\u00e3o lato sensu em Sa\u00fade Est\u00e9tica est\u00e1 sendo proposto para atender\u00e0s necessidades dos profissionais, preparando, capacitando e desenvolvendo t\u00e9cnicasvoltadas \u00e0 \u00e1rea da sa\u00fade est\u00e9tica com habilidade, seguran\u00e7a e compet\u00eancia. Com amploembasamento te\u00f3rico e pr\u00e1tico para que o profissional entenda melhor os mecanismos dea\u00e7\u00e3o de cada procedimento a ser realizado. O profissional especializado [&hellip;]<\/p>\n","protected":false},"featured_media":11466,"comment_status":"open","ping_status":"closed","template":"","meta":[],"product_cat":[21],"product_tag":[727],"class_list":{"0":"post-11458","1":"product","2":"type-product","3":"status-publish","4":"has-post-thumbnail","6":"product_cat-pos-graduacoes","7":"product_tag-pos-graduacao-em-saude-estetica-duracao-de-12-meses","9":"first","10":"instock","11":"shipping-taxable","12":"purchasable","13":"product-type-simple"},"_links":{"self":[{"href":"https:\/\/portalbiocursos.com.br\/index.php\/wp-json\/wp\/v2\/product\/11458","targetHints":{"allow":["GET"]}}],"collection":[{"href":"https:\/\/portalbiocursos.com.br\/index.php\/wp-json\/wp\/v2\/product"}],"about":[{"href":"https:\/\/portalbiocursos.com.br\/index.php\/wp-json\/wp\/v2\/types\/product"}],"replies":[{"embeddable":true,"href":"https:\/\/portalbiocursos.com.br\/index.php\/wp-json\/wp\/v2\/comments?post=11458"}],"version-history":[{"count":1,"href":"https:\/\/portalbiocursos.com.br\/index.php\/wp-json\/wp\/v2\/product\/11458\/revisions"}],"predecessor-version":[{"id":11460,"href":"https:\/\/portalbiocursos.com.br\/index.php\/wp-json\/wp\/v2\/product\/11458\/revisions\/11460"}],"wp:featuredmedia":[{"embeddable":true,"href":"https:\/\/portalbiocursos.com.br\/index.php\/wp-json\/wp\/v2\/media\/11466"}],"wp:attachment":[{"href":"https:\/\/portalbiocursos.com.br\/index.php\/wp-json\/wp\/v2\/media?parent=11458"}],"wp:term":[{"taxonomy":"product_cat","embeddable":true,"href":"https:\/\/portalbiocursos.com.br\/index.php\/wp-json\/wp\/v2\/product_cat?post=11458"},{"taxonomy":"product_tag","embeddable":true,"href":"https:\/\/portalbiocursos.com.br\/index.php\/wp-json\/wp\/v2\/product_tag?post=11458"}],"curies":[{"name":"wp","href":"https:\/\/api.w.org\/{rel}","templated":true}]}}