{"id":10133,"date":"2024-12-02T11:15:57","date_gmt":"2024-12-02T14:15:57","guid":{"rendered":"https:\/\/portalbiocursos.com.br\/?post_type=product&#038;p=10133"},"modified":"2024-12-02T12:21:08","modified_gmt":"2024-12-02T15:21:08","slug":"fisioterapia-em-terapia-intensiva-neonatal-e-pediatrica","status":"publish","type":"product","link":"https:\/\/portalbiocursos.com.br\/index.php\/produto\/fisioterapia-em-terapia-intensiva-neonatal-e-pediatrica\/","title":{"rendered":"Fisioterapia em Terapia Intensiva Neonatal e Pedi\u00e1trica"},"content":{"rendered":"<p>Com a implanta\u00e7\u00e3o da Portaria 930, de 10 de maio de 2012, tornou-se imprescind\u00edvel a presen\u00e7a de um Fisioterapeuta intensivista neonatal exclusivo para a cada 10 leitos ou fra\u00e7\u00e3o, em cada turno, perfazendo um per\u00edodo ininterrupto de 24 horas. Para exercer essa fun\u00e7\u00e3o, o profissional necessita de capacita\u00e7\u00e3o e forma\u00e7\u00e3o espec\u00edfica para o atendimento de crian\u00e7as e rec\u00e9m-nascidos criticamente enfermos.<\/p>\n<p>Neste contexto, a expans\u00e3o da especialidade nos campos de atua\u00e7\u00e3o nas UTIs neonatais e pedi\u00e1tricas ganharam um espa\u00e7o significativo no mercado de trabalho, exigindo cada vez mais desses profissionais conhecimentos espec\u00edficos para sua atua\u00e7\u00e3o, al\u00e9m de embasamento cient\u00edfico que norteiam suas pr\u00e1ticas.<\/p>\n<p>Com isso, a Bio Cursos P\u00f3s Gradua\u00e7\u00e3o, mantendo sua qualidade em ensino, oferece a <em>P\u00f3s-Gradua\u00e7\u00e3o em Fisioterapia em Terapia Intensiva Neonatal e Pedi\u00e1trica<\/em>, trazendo um corpo docente formado por mestres e doutores, com qualifica\u00e7\u00e3o renomada em todo territ\u00f3rio nacional. Com experi\u00eancia em doc\u00eancia e pr\u00e1tica baseada em evid\u00eancia, tornando o ensino de qualidade e excel\u00eancia.<\/p>\n","protected":false},"excerpt":{"rendered":"<p><strong>Fisioterapia em Terapia Intensiva Neonatal e Pedi\u00e1trica<\/strong><\/p>\n<p><strong>Turma 2<\/strong><\/p>\n<p><strong>\u00a0<\/strong><\/p>\n<p>Portaria MEC 1.671\/2000<\/p>\n<p><strong>Instituto de Ensino Superior Blauro Cardoso de Mattos &#8211; <\/strong><strong>FASERRA<\/strong><\/p>\n<p><strong>\u00a0<\/strong><\/p>\n<p><strong>Descri\u00e7\u00e3o\u00a0\u00a0\u00a0\u00a0\u00a0\u00a0\u00a0\u00a0\u00a0\u00a0\u00a0\u00a0\u00a0\u00a0\u00a0\u00a0\u00a0\u00a0\u00a0 <\/strong><\/p>\n<p>Com a implanta\u00e7\u00e3o da Portaria 930, de 10 de maio de 2012, tornou-se imprescind\u00edvel a presen\u00e7a de um Fisioterapeuta intensivista neonatal exclusivo para a cada 10 leitos ou fra\u00e7\u00e3o, em cada turno, perfazendo um per\u00edodo ininterrupto de 24 horas. Para exercer essa fun\u00e7\u00e3o, o profissional necessita de capacita\u00e7\u00e3o e forma\u00e7\u00e3o espec\u00edfica para o atendimento de crian\u00e7as e rec\u00e9m-nascidos criticamente enfermos.<\/p>\n<p>Neste contexto, a expans\u00e3o da especialidade nos campos de atua\u00e7\u00e3o nas UTIs neonatais e pedi\u00e1tricas ganharam um espa\u00e7o significativo no mercado de trabalho, exigindo cada vez mais desses profissionais conhecimentos espec\u00edficos para sua atua\u00e7\u00e3o, al\u00e9m de embasamento cient\u00edfico que norteiam suas pr\u00e1ticas.<\/p>\n<p>Com isso, a Bio Cursos P\u00f3s Gradua\u00e7\u00e3o, mantendo sua qualidade em ensino, oferece a <em>P\u00f3s-Gradua\u00e7\u00e3o em Fisioterapia em Terapia Intensiva Neonatal e Pedi\u00e1trica<\/em>, trazendo um corpo docente formado por mestres e doutores, com qualifica\u00e7\u00e3o renomada em todo territ\u00f3rio nacional. Com experi\u00eancia em doc\u00eancia e pr\u00e1tica baseada em evid\u00eancia, tornando o ensino de qualidade e excel\u00eancia.<\/p>\n<p><strong>\u00a0<\/strong><\/p>\n<p><strong>Conte\u00fado Program\u00e1tico<\/strong><\/p>\n<ul>\n<li>Anatomia e Fisiologia da popula\u00e7\u00e3o neonatal e pedi\u00e1trica<\/li>\n<li>Semiologia e monitoriza\u00e7\u00e3o neonatal e pedi\u00e1trica<\/li>\n<li>Fisiopatologia das afec\u00e7\u00f5es cardiorrespirat\u00f3rias neonatais e pedi\u00e1tricas<\/li>\n<li>Exames complementares em UTI Pedi\u00e1trica e neonatal<\/li>\n<li>Reabilita\u00e7\u00e3o pulmonar, cardiovascular e metab\u00f3lica <strong>(certifica\u00e7\u00e3o extra)<\/strong><\/li>\n<li>Pr\u00e1tica Baseada em Evid\u00eancia<\/li>\n<li>Assist\u00eancia ventilat\u00f3ria n\u00e3o-invasiva e oxigenoterapia em pediatria e neonatologia<\/li>\n<li>Ventila\u00e7\u00e3o mec\u00e2nica invasiva em pediatria e neonatologia<\/li>\n<li>T\u00e9cnicas manuais e instrumentais em pediatria e neonatologia <strong>(certifica\u00e7\u00e3o extra)<\/strong><\/li>\n<li>Metodologia da pesquisa cient\u00edfica<\/li>\n<li>Abordagem fisioterap\u00eautica na UTI neonatal<\/li>\n<li>Abordagem fisioterap\u00eautica na UTI pedi\u00e1trica<\/li>\n<li>Fisioterapia nas afec\u00e7\u00f5es cardiovasculares na inf\u00e2ncia <strong>(certifica\u00e7\u00e3o extra)<\/strong><\/li>\n<li>Fisioterapia na urg\u00eancia e emerg\u00eancia<\/li>\n<li>Abordagem motora na inf\u00e2ncia: Desenvolvimento neuropsicomotor, avalia\u00e7\u00e3o neuromuscular<\/li>\n<li>Abordagem fisioterap\u00eautica nas afec\u00e7\u00f5es neurol\u00f3gicas e ortop\u00e9dicas<\/li>\n<li>\u00d3rteses, pr\u00f3teses e tecnologia assistida nas disfun\u00e7\u00f5es infantis<\/li>\n<li>Recursos fisioterap\u00eauticos no \u00e2mbito hospitalar e ambulatorial<\/li>\n<li><strong>Est\u00e1gio Supervisionado Opcional \u2013 20 horas<\/strong><\/li>\n<\/ul>\n<p><strong>\u00a0<\/strong><\/p>\n<p><strong>Obs.: O conte\u00fado program\u00e1tico est\u00e1 sujeito a altera\u00e7\u00f5es, visando \u00e0 otimiza\u00e7\u00e3o do curso.<\/strong><\/p>\n<p>&nbsp;<\/p>\n<p><strong>Corpo Docente<\/strong><\/p>\n<p>&#8211; Ayrles Barbosa, Doutora (AM)<\/p>\n<p>&#8211; Fernanda lanza, Doutora (MG)<\/p>\n<p>&#8211; L\u00edvia Andrade, Doutora (PE)<\/p>\n<p>&#8211; Marcos Giovanni Santos Carvalho, Mestre, Presidente da Regional ASSOBRAFIR (AM)<\/p>\n<p>&#8211; Roberta Lins Gon\u00e7alves, Doutora, Especialista pela ASSOBRAFIR, Diretora Cientifica da Regional AM \u2013\u00a0ASSOBRAFIR (AM)<\/p>\n<p>&#8211; Rog\u00e9rio Passos, Mestre (AM)<\/p>\n<p>&#8211; Demais professores convidados<\/p>\n<p>&nbsp;<\/p>\n<p><strong>Obs.: O corpo docente poder\u00e1 sofrer altera\u00e7\u00f5es no decorrer do curso, por\u00e9m a Bio Cursos se compromete em manter o mesmo n\u00edvel dos professores que necessitarem ser substitu\u00eddos<\/strong><\/p>\n<p><strong>Coordena\u00e7\u00e3o<\/strong><\/p>\n<p><strong>Me.<\/strong> <strong>Denilson da Silva Veras (AM)<\/strong><\/p>\n<ul>\n<li>Mestre em Ci\u00eancias da Sa\u00fade \u2013 UFAM<\/li>\n<li>Especialista em fisioterapia em Terapia Intensiva Neonatal e Pedi\u00e1trica \u2013 COFFITO -Resid\u00eancia em fisioterapia em terapia intensiva neonatal \u2013 UFAM<\/li>\n<li>P\u00f3s-gradua\u00e7\u00e3o em Fisioterapia em terapia intensiva &#8211; FASERRA<\/li>\n<li>Aperfei\u00e7oamento em fisioterapia em Terapia Intensiva Neonatal \u2013 MBM<\/li>\n<li>Fisioterapeuta do Hospital Universit\u00e1rio Francisca Mendes- HUFM<\/li>\n<li>Professor da disciplina de Fisioterapia Respirat\u00f3ria e Cardiovascular \u2013 FAMETRO<\/li>\n<li>Professor da disciplina de Pediatria e neonatologia \u2013 UNIP<\/li>\n<li>Professor da disciplina de Pediatria e neonatologia \u2013 MARTHA FALC\u00c3O<\/li>\n<li>Professor substituto de Anatomia Humana- UFAM<\/li>\n<\/ul>\n<p>&nbsp;<\/p>\n<p><strong>P\u00fablico-Alvo<\/strong><\/p>\n<p>Fisioterapeutas<\/p>\n<p><strong>\u00a0<\/strong><\/p>\n<p><strong>In\u00edcio<\/strong><\/p>\n<p>14 e 15 de Mar\u00e7o 2025<\/p>\n<p><strong>\u00a0<\/strong><\/p>\n<p><strong>Hor\u00e1rios<\/strong><\/p>\n<p>Sexta-feira: 18:00 \u00e0s 23:00<br \/>\nS\u00e1bado: 08:00 \u00e0s 20:00 (com intervalo para almo\u00e7o)<\/p>\n<p>&nbsp;<\/p>\n<p><strong>Dura\u00e7\u00e3o<\/strong><\/p>\n<p>18 m\u00f3dulos<\/p>\n<p>&nbsp;<\/p>\n<p><strong>Carga Hor\u00e1ria<\/strong><\/p>\n<p>360h\/aula<\/p>\n<p>&nbsp;<\/p>\n<p><strong>Local<\/strong><\/p>\n<p><strong>Manaus\/AM<\/strong><strong> &#8211;<\/strong> Sede da Bio Cursos \u2013 R. Rio Javari, 170 \u2013 Conj. Vieiralves (atr\u00e1s do McDonald&#8217;s da Av. Djalma Batista)<\/p>\n<p>&nbsp;<\/p>\n<p>&nbsp;<\/p>\n<p><strong>Investimento<\/strong><\/p>\n<p><strong>TAXA DE MATR\u00cdCULA: R$ 250,00<\/strong><\/p>\n<p><strong>Escolha uma das 4 op\u00e7\u00f5es de parcelamentos das mensalidades no boleto:<\/strong><\/p>\n<ul>\n<li>Valor contratual em 18x R$ 970,00 com desconto pontualidade R$ 270,00 ficar\u00e1<\/li>\n<\/ul>\n<p><strong>R$ 700,00<\/strong><\/p>\n<ul>\n<li>Valor contratual em 24x R$ 740,00 com desconto pontualidade R$ 200,00 ficar\u00e1<\/li>\n<\/ul>\n<p><strong>R$ 540,00<\/strong><\/p>\n<ul>\n<li>Valor contratual em 30x R$ 650,00 com desconto pontualidade R$ 200,00 ficar\u00e1<\/li>\n<\/ul>\n<p><strong>\u00a0R$ 450,00<\/strong><\/p>\n<ul>\n<li>Valor contratual em 36x R$ 595,00 com desconto pontualidade R$ 200,00 ficar\u00e1<\/li>\n<\/ul>\n<p><strong>R$ 395,00<\/strong><\/p>\n<p>Obs.: O desconto pontualidade \u00e9 concedido para o aluno que efetuar o pagamento at\u00e9 a data de vencimento do boleto<\/p>\n<p>&nbsp;<\/p>\n<p><strong>Documentos necess\u00e1rios<\/strong><\/p>\n<p>Os documentos devem ser escaneados e enviados por e-mail: documentos@portalbiocursos.com.br<\/p>\n<ul>\n<li>CPF<\/li>\n<li>RG (n\u00e3o ser\u00e1 aceito CNH e nem carteira profissional)<\/li>\n<li>T\u00edtulo de Eleitor<\/li>\n<li>Certid\u00e3o de Nascimento ou Casamento<\/li>\n<li>Comprovante de Resid\u00eancia atualizado<\/li>\n<li>Diploma e Hist\u00f3rico da Gradua\u00e7\u00e3o (frente e verso)<\/li>\n<li>Documento Militar (se homem)<\/li>\n<li>Foto 3&#215;4<\/li>\n<\/ul>\n<p>&nbsp;<\/p>\n<p><strong>Observa\u00e7\u00f5es<\/strong><\/p>\n<ul>\n<li>Emiss\u00e3o de certificado por IES cadastrada junto ao Minist\u00e9rio da Educa\u00e7\u00e3o;<\/li>\n<li>Os vencimentos das mensalidades poder\u00e3o ser dia 10 ou 30 de cada m\u00eas;<\/li>\n<li>Em caso de desist\u00eancia da P\u00f3s-Gradua\u00e7\u00e3o, at\u00e9 sete dias da realiza\u00e7\u00e3o do pagamento da taxa de matr\u00edcula ser\u00e1 restitu\u00eddo 100% do valor da taxa, ap\u00f3s sete dias, ser\u00e1 restitu\u00eddo 30% do valor, e ap\u00f3s o in\u00edcio do primeiro m\u00f3dulo n\u00e3o haver\u00e1 devolu\u00e7\u00e3o em car\u00e1ter de despesas administrativas;<\/li>\n<li>A organiza\u00e7\u00e3o se reserva do direito de adiar ou cancelar o curso caso n\u00e3o haja o n\u00famero suficiente de participantes para sua realiza\u00e7\u00e3o;<\/li>\n<li>A Bio Cursos n\u00e3o se responsabiliza em restituir valores de transportes ou hospedagem caso o curso seja cancelado.<\/li>\n<\/ul>\n<p>&nbsp;<\/p>\n<p>&nbsp;<\/p>\n<p><strong>Informa\u00e7\u00f5es e Matr\u00edculas<\/strong><\/p>\n<p><strong>(92) 3584-0031 \/ (92) 99331-5863 (Vivo) <\/strong><\/p>\n<p><strong>Consultora Comercial: Nathali Silva<\/strong><\/p>\n<p><a href=\"mailto:atendimento1@portalbiocursos.com.br\">atendimento1@portalbiocursos.com.br<\/a><\/p>\n<p>https:\/\/www.portalbiocursos.com.br\/<\/p>\n<p>&nbsp;<\/p>\n<p>As matr\u00edculas tamb\u00e9m poder\u00e3o ser efetuadas por dep\u00f3sito\/transfer\u00eancia para uma das contas abaixo ou PIX para a conta do Banco do Brasil (ap\u00f3s o pagamento enviar o comprovante via E-mail ou WhatsApp):<\/p>\n<table width=\"549\">\n<tbody>\n<tr>\n<td width=\"180\"><strong>Chave PIX: <\/strong><\/p>\n<p>272.865.438-73<\/p>\n<p><strong>CAIXA<\/strong><\/p>\n<p>Ag\u00eancia: 2897<\/p>\n<p>Tipo de conta: 001<\/p>\n<p>Conta Corrente: 00001377-5<\/p>\n<p>Andr\u00e9 Barbosa Rigato<\/td>\n<td width=\"186\"><strong>BRADESCO<\/strong><\/p>\n<p>Ag\u00eancia: 38<\/p>\n<p>Conta Corrente: 13541-0<\/p>\n<p>Andr\u00e9 Barbosa Rigato<\/p>\n<p>CPF: 272.865.438-73<\/td>\n<td width=\"183\"><strong>BANCO DO BRASIL<\/strong><\/p>\n<p>Ag\u00eancia: 1197-5<\/p>\n<p>Conta Corrente: 48.340-0<\/p>\n<p>Bio Cursos<\/td>\n<\/tr>\n<\/tbody>\n<\/table>\n<p>&nbsp;<\/p>\n","protected":false},"featured_media":10155,"comment_status":"open","ping_status":"closed","template":"","meta":[],"product_cat":[21],"product_tag":[643],"class_list":{"0":"post-10133","1":"product","2":"type-product","3":"status-publish","4":"has-post-thumbnail","6":"product_cat-pos-graduacoes","7":"product_tag-pos-graduacao-em-fisioterapia-em-terapia-intensiva-neonatal-e-pediatrica","9":"first","10":"instock","11":"shipping-taxable","12":"purchasable","13":"product-type-simple"},"_links":{"self":[{"href":"https:\/\/portalbiocursos.com.br\/index.php\/wp-json\/wp\/v2\/product\/10133","targetHints":{"allow":["GET"]}}],"collection":[{"href":"https:\/\/portalbiocursos.com.br\/index.php\/wp-json\/wp\/v2\/product"}],"about":[{"href":"https:\/\/portalbiocursos.com.br\/index.php\/wp-json\/wp\/v2\/types\/product"}],"replies":[{"embeddable":true,"href":"https:\/\/portalbiocursos.com.br\/index.php\/wp-json\/wp\/v2\/comments?post=10133"}],"version-history":[{"count":1,"href":"https:\/\/portalbiocursos.com.br\/index.php\/wp-json\/wp\/v2\/product\/10133\/revisions"}],"predecessor-version":[{"id":10135,"href":"https:\/\/portalbiocursos.com.br\/index.php\/wp-json\/wp\/v2\/product\/10133\/revisions\/10135"}],"wp:featuredmedia":[{"embeddable":true,"href":"https:\/\/portalbiocursos.com.br\/index.php\/wp-json\/wp\/v2\/media\/10155"}],"wp:attachment":[{"href":"https:\/\/portalbiocursos.com.br\/index.php\/wp-json\/wp\/v2\/media?parent=10133"}],"wp:term":[{"taxonomy":"product_cat","embeddable":true,"href":"https:\/\/portalbiocursos.com.br\/index.php\/wp-json\/wp\/v2\/product_cat?post=10133"},{"taxonomy":"product_tag","embeddable":true,"href":"https:\/\/portalbiocursos.com.br\/index.php\/wp-json\/wp\/v2\/product_tag?post=10133"}],"curies":[{"name":"wp","href":"https:\/\/api.w.org\/{rel}","templated":true}]}}