{"id":745,"date":"2022-12-29T11:34:26","date_gmt":"2022-12-29T14:34:26","guid":{"rendered":"https:\/\/portalbiocursos.com.br\/?page_id=745"},"modified":"2023-07-18T11:49:22","modified_gmt":"2023-07-18T14:49:22","slug":"quem-somos","status":"publish","type":"page","link":"https:\/\/portalbiocursos.com.br\/index.php\/quem-somos\/","title":{"rendered":"QUEM SOMOS"},"content":{"rendered":"\t\t<div data-elementor-type=\"wp-page\" data-elementor-id=\"745\" class=\"elementor elementor-745\" data-elementor-post-type=\"page\">\n\t\t\t\t\t\t<section class=\"elementor-section elementor-top-section elementor-element elementor-element-35441a7 elementor-section-boxed elementor-section-height-default elementor-section-height-default\" data-id=\"35441a7\" data-element_type=\"section\">\n\t\t\t\t\t\t<div class=\"elementor-container elementor-column-gap-default\">\n\t\t\t\t\t<div class=\"elementor-column elementor-col-100 elementor-top-column elementor-element elementor-element-7d2e43e\" data-id=\"7d2e43e\" data-element_type=\"column\">\n\t\t\t<div class=\"elementor-widget-wrap elementor-element-populated\">\n\t\t\t\t\t\t<div class=\"elementor-element elementor-element-56ac1b2 elementor-widget elementor-widget-heading\" data-id=\"56ac1b2\" data-element_type=\"widget\" data-widget_type=\"heading.default\">\n\t\t\t\t<div class=\"elementor-widget-container\">\n\t\t\t<h2 class=\"elementor-heading-title elementor-size-large\">CONHE\u00c7A UM POUCO SOBRE NOSSA HIST\u00d3RIA<\/h2>\t\t<\/div>\n\t\t\t\t<\/div>\n\t\t\t\t\t<\/div>\n\t\t<\/div>\n\t\t\t\t\t<\/div>\n\t\t<\/section>\n\t\t\t\t<section class=\"elementor-section elementor-top-section elementor-element elementor-element-926767b elementor-section-boxed elementor-section-height-default elementor-section-height-default\" data-id=\"926767b\" data-element_type=\"section\">\n\t\t\t\t\t\t<div class=\"elementor-container elementor-column-gap-default\">\n\t\t\t\t\t<div class=\"elementor-column elementor-col-100 elementor-top-column elementor-element elementor-element-71c42d0\" data-id=\"71c42d0\" data-element_type=\"column\">\n\t\t\t<div class=\"elementor-widget-wrap elementor-element-populated\">\n\t\t\t\t\t\t<div class=\"elementor-element elementor-element-5305ef4 elementor-widget elementor-widget-text-editor\" data-id=\"5305ef4\" data-element_type=\"widget\" data-widget_type=\"text-editor.default\">\n\t\t\t\t<div class=\"elementor-widget-container\">\n\t\t\t\t\t\t\t<p>\u00a0A Bio Cursos, institui\u00e7\u00e3o dedicada ao aprimoramento profissional na \u00e1rea de sa\u00fade, teve sua funda\u00e7\u00e3o em 13 de junho de 2008, pelos idealizadores e casal, o fisioterapeuta Andr\u00e9 Rigato e a jornalista M\u00e1rcia Rigato. Com uma vis\u00e3o clara do potencial de crescimento e a necessidade de capacita\u00e7\u00e3o de profissionais de sa\u00fade na Regi\u00e3o Norte do Brasil, eles embarcaram nessa jornada com determina\u00e7\u00e3o.<\/p><p>Desde o in\u00edcio, o objetivo da Bio Cursos era claro: proporcionar aos profissionais de sa\u00fade da regi\u00e3o a oportunidade de se aprimorarem em suas respectivas \u00e1reas, oferecendo cursos de P\u00f3s-Gradua\u00e7\u00e3o e Extens\u00e3o ministrados por profissionais renomados de todo o Brasil. Acreditavam que o acesso ao conhecimento atualizado e a forma\u00e7\u00e3o de qualidade eram fundamentais para o desenvolvimento profissional dos que atuavam na \u00e1rea.<\/p><p>Com o empenho dos propriet\u00e1rios e o apoio de toda a equipe, a Bio Cursos logo conquistou seu espa\u00e7o e ganhou destaque no cen\u00e1rio educacional da Regi\u00e3o Norte. A qualidade dos cursos e p\u00f3s-gradua\u00e7\u00f5es e a excel\u00eancia no ensino foram os principais pilares que contribu\u00edram para o reconhecimento e a confian\u00e7a dos alunos.<\/p>\t\t\t\t\t\t<\/div>\n\t\t\t\t<\/div>\n\t\t\t\t\t<\/div>\n\t\t<\/div>\n\t\t\t\t\t<\/div>\n\t\t<\/section>\n\t\t\t\t<section class=\"elementor-section elementor-top-section elementor-element elementor-element-70d96c7 elementor-section-full_width elementor-section-height-default elementor-section-height-default\" data-id=\"70d96c7\" data-element_type=\"section\">\n\t\t\t\t\t\t<div class=\"elementor-container elementor-column-gap-default\">\n\t\t\t\t\t<div class=\"elementor-column elementor-col-100 elementor-top-column elementor-element elementor-element-f77dd6b\" data-id=\"f77dd6b\" data-element_type=\"column\">\n\t\t\t<div class=\"elementor-widget-wrap elementor-element-populated\">\n\t\t\t\t\t\t<div class=\"elementor-element elementor-element-c5083e4 elementor-widget elementor-widget-image\" data-id=\"c5083e4\" data-element_type=\"widget\" data-widget_type=\"image.default\">\n\t\t\t\t<div class=\"elementor-widget-container\">\n\t\t\t\t\t\t\t\t\t\t\t\t\t<img fetchpriority=\"high\" decoding=\"async\" width=\"800\" height=\"548\" src=\"https:\/\/portalbiocursos.com.br\/wp-content\/uploads\/2023\/05\/BIO-2023-1024x702.png\" class=\"attachment-large size-large wp-image-2843\" alt=\"\" srcset=\"https:\/\/portalbiocursos.com.br\/wp-content\/uploads\/2023\/05\/BIO-2023-1024x702.png 1024w, https:\/\/portalbiocursos.com.br\/wp-content\/uploads\/2023\/05\/BIO-2023-600x411.png 600w, https:\/\/portalbiocursos.com.br\/wp-content\/uploads\/2023\/05\/BIO-2023-300x206.png 300w, https:\/\/portalbiocursos.com.br\/wp-content\/uploads\/2023\/05\/BIO-2023-768x526.png 768w, https:\/\/portalbiocursos.com.br\/wp-content\/uploads\/2023\/05\/BIO-2023-1536x1053.png 1536w, https:\/\/portalbiocursos.com.br\/wp-content\/uploads\/2023\/05\/BIO-2023-2048x1404.png 2048w\" sizes=\"(max-width: 800px) 100vw, 800px\" \/>\t\t\t\t\t\t\t\t\t\t\t\t\t<\/div>\n\t\t\t\t<\/div>\n\t\t\t\t\t<\/div>\n\t\t<\/div>\n\t\t\t\t\t<\/div>\n\t\t<\/section>\n\t\t\t\t<section class=\"elementor-section elementor-top-section elementor-element elementor-element-85b1c2a elementor-section-boxed elementor-section-height-default elementor-section-height-default\" data-id=\"85b1c2a\" data-element_type=\"section\">\n\t\t\t\t\t\t<div class=\"elementor-container elementor-column-gap-default\">\n\t\t\t\t\t<div class=\"elementor-column elementor-col-100 elementor-top-column elementor-element elementor-element-778e724\" data-id=\"778e724\" data-element_type=\"column\">\n\t\t\t<div class=\"elementor-widget-wrap elementor-element-populated\">\n\t\t\t\t\t\t<div class=\"elementor-element elementor-element-3b55d78 elementor-widget elementor-widget-spacer\" data-id=\"3b55d78\" data-element_type=\"widget\" data-widget_type=\"spacer.default\">\n\t\t\t\t<div class=\"elementor-widget-container\">\n\t\t\t\t\t<div class=\"elementor-spacer\">\n\t\t\t<div class=\"elementor-spacer-inner\"><\/div>\n\t\t<\/div>\n\t\t\t\t<\/div>\n\t\t\t\t<\/div>\n\t\t\t\t\t<\/div>\n\t\t<\/div>\n\t\t\t\t\t<\/div>\n\t\t<\/section>\n\t\t\t\t<section class=\"elementor-section elementor-top-section elementor-element elementor-element-d2a2f87 elementor-section-boxed elementor-section-height-default elementor-section-height-default\" data-id=\"d2a2f87\" data-element_type=\"section\">\n\t\t\t\t\t\t<div class=\"elementor-container elementor-column-gap-default\">\n\t\t\t\t\t<div class=\"elementor-column elementor-col-50 elementor-top-column elementor-element elementor-element-a3d3ee2\" data-id=\"a3d3ee2\" data-element_type=\"column\">\n\t\t\t<div class=\"elementor-widget-wrap\">\n\t\t\t\t\t\t\t<\/div>\n\t\t<\/div>\n\t\t\t\t<div class=\"elementor-column elementor-col-50 elementor-top-column elementor-element elementor-element-4a63d53\" data-id=\"4a63d53\" data-element_type=\"column\">\n\t\t\t<div class=\"elementor-widget-wrap elementor-element-populated\">\n\t\t\t\t\t\t<div class=\"elementor-element elementor-element-e1537dc elementor-widget elementor-widget-heading\" data-id=\"e1537dc\" data-element_type=\"widget\" data-widget_type=\"heading.default\">\n\t\t\t\t<div class=\"elementor-widget-container\">\n\t\t\t<h2 class=\"elementor-heading-title elementor-size-default\">MISS\u00c3O<\/h2>\t\t<\/div>\n\t\t\t\t<\/div>\n\t\t\t\t\t<\/div>\n\t\t<\/div>\n\t\t\t\t\t<\/div>\n\t\t<\/section>\n\t\t\t\t<section class=\"elementor-section elementor-top-section elementor-element elementor-element-3c919a7 elementor-section-boxed elementor-section-height-default elementor-section-height-default\" data-id=\"3c919a7\" data-element_type=\"section\">\n\t\t\t\t\t\t<div class=\"elementor-container elementor-column-gap-default\">\n\t\t\t\t\t<div class=\"elementor-column elementor-col-50 elementor-top-column elementor-element elementor-element-8a35701\" data-id=\"8a35701\" data-element_type=\"column\">\n\t\t\t<div class=\"elementor-widget-wrap\">\n\t\t\t\t\t\t\t<\/div>\n\t\t<\/div>\n\t\t\t\t<div class=\"elementor-column elementor-col-50 elementor-top-column elementor-element elementor-element-86026ae\" data-id=\"86026ae\" data-element_type=\"column\">\n\t\t\t<div class=\"elementor-widget-wrap elementor-element-populated\">\n\t\t\t\t\t\t<div class=\"elementor-element elementor-element-bfefff9 elementor-view-default elementor-widget elementor-widget-icon\" data-id=\"bfefff9\" data-element_type=\"widget\" data-widget_type=\"icon.default\">\n\t\t\t\t<div class=\"elementor-widget-container\">\n\t\t\t\t\t<div class=\"elementor-icon-wrapper\">\n\t\t\t<div class=\"elementor-icon elementor-animation-grow\">\n\t\t\t<i aria-hidden=\"true\" class=\"fas fa-user-graduate\"><\/i>\t\t\t<\/div>\n\t\t<\/div>\n\t\t\t\t<\/div>\n\t\t\t\t<\/div>\n\t\t\t\t<div class=\"elementor-element elementor-element-19d1640 elementor-widget elementor-widget-text-editor\" data-id=\"19d1640\" data-element_type=\"widget\" data-widget_type=\"text-editor.default\">\n\t\t\t\t<div class=\"elementor-widget-container\">\n\t\t\t\t\t\t\t<p style=\"text-align: justify;\"><span style=\"color: var( --e-global-color-text ); font-family: var( --e-global-typography-text-font-family ), Sans-serif; font-weight: var( --e-global-typography-text-font-weight ); font-size: 1rem;\">Transformar o meio em que vivemos atrav\u00e9s da educa\u00e7\u00e3o, para que isso seja estendido em forma de integra\u00e7\u00e3o com a sociedade. De forma humanizada, contribuir para a melhoria da presta\u00e7\u00e3o de servi\u00e7os na \u00e1rea da sa\u00fade, atrav\u00e9s da qualifica\u00e7\u00e3o com responsabilidade. Buscar o desenvolvimento e crescimento como escola, em um ambiente onde se constr\u00f3i profissionais habilitados, apoiados em bases cient\u00edficas e pr\u00e1ticas, para que toda a popula\u00e7\u00e3o se beneficie.<\/span><\/p><p style=\"text-align: justify;\">\u00a0<\/p>\t\t\t\t\t\t<\/div>\n\t\t\t\t<\/div>\n\t\t\t\t\t<\/div>\n\t\t<\/div>\n\t\t\t\t\t<\/div>\n\t\t<\/section>\n\t\t\t\t<section class=\"elementor-section elementor-top-section elementor-element elementor-element-56001ad elementor-section-boxed elementor-section-height-default elementor-section-height-default\" data-id=\"56001ad\" data-element_type=\"section\">\n\t\t\t\t\t\t<div class=\"elementor-container elementor-column-gap-default\">\n\t\t\t\t\t<div class=\"elementor-column elementor-col-50 elementor-top-column elementor-element elementor-element-d78a994\" data-id=\"d78a994\" data-element_type=\"column\">\n\t\t\t<div class=\"elementor-widget-wrap elementor-element-populated\">\n\t\t\t\t\t\t<div class=\"elementor-element elementor-element-563cafb elementor-widget elementor-widget-heading\" data-id=\"563cafb\" data-element_type=\"widget\" data-widget_type=\"heading.default\">\n\t\t\t\t<div class=\"elementor-widget-container\">\n\t\t\t<h2 class=\"elementor-heading-title elementor-size-default\">VIS\u00c3O<\/h2>\t\t<\/div>\n\t\t\t\t<\/div>\n\t\t\t\t\t<\/div>\n\t\t<\/div>\n\t\t\t\t<div class=\"elementor-column elementor-col-50 elementor-top-column elementor-element elementor-element-7d6171a\" data-id=\"7d6171a\" data-element_type=\"column\">\n\t\t\t<div class=\"elementor-widget-wrap\">\n\t\t\t\t\t\t\t<\/div>\n\t\t<\/div>\n\t\t\t\t\t<\/div>\n\t\t<\/section>\n\t\t\t\t<section class=\"elementor-section elementor-top-section elementor-element elementor-element-af39261 elementor-section-boxed elementor-section-height-default elementor-section-height-default\" data-id=\"af39261\" data-element_type=\"section\">\n\t\t\t\t\t\t<div class=\"elementor-container elementor-column-gap-default\">\n\t\t\t\t\t<div class=\"elementor-column elementor-col-50 elementor-top-column elementor-element elementor-element-ffd8e98\" data-id=\"ffd8e98\" data-element_type=\"column\">\n\t\t\t<div class=\"elementor-widget-wrap elementor-element-populated\">\n\t\t\t\t\t\t<div class=\"elementor-element elementor-element-438c5f8 elementor-view-default elementor-widget elementor-widget-icon\" data-id=\"438c5f8\" data-element_type=\"widget\" data-widget_type=\"icon.default\">\n\t\t\t\t<div class=\"elementor-widget-container\">\n\t\t\t\t\t<div class=\"elementor-icon-wrapper\">\n\t\t\t<div class=\"elementor-icon elementor-animation-grow\">\n\t\t\t<i aria-hidden=\"true\" class=\"fas fa-bullseye\"><\/i>\t\t\t<\/div>\n\t\t<\/div>\n\t\t\t\t<\/div>\n\t\t\t\t<\/div>\n\t\t\t\t<div class=\"elementor-element elementor-element-7c8ae58 elementor-widget elementor-widget-text-editor\" data-id=\"7c8ae58\" data-element_type=\"widget\" data-widget_type=\"text-editor.default\">\n\t\t\t\t<div class=\"elementor-widget-container\">\n\t\t\t\t\t\t\t<p style=\"text-align: justify;\"><span style=\"color: var( --e-global-color-text ); font-family: var( --e-global-typography-text-font-family ), Sans-serif; font-weight: var( --e-global-typography-text-font-weight ); font-size: 1rem;\">Transformar o meio em que vivemos atrav\u00e9s da educa\u00e7\u00e3o, para que isso seja estendido em forma de integra\u00e7\u00e3o com a sociedade. De forma humanizada, contribuir para a melhoria da presta\u00e7\u00e3o de servi\u00e7os na \u00e1rea da sa\u00fade, atrav\u00e9s da qualifica\u00e7\u00e3o com responsabilidade. Buscar o desenvolvimento e crescimento como escola, em um ambiente onde se constr\u00f3i profissionais habilitados, apoiados em bases cient\u00edficas e pr\u00e1ticas, para que toda a popula\u00e7\u00e3o se beneficie.<\/span><\/p><p style=\"text-align: justify;\">\u00a0<\/p>\t\t\t\t\t\t<\/div>\n\t\t\t\t<\/div>\n\t\t\t\t\t<\/div>\n\t\t<\/div>\n\t\t\t\t<div class=\"elementor-column elementor-col-50 elementor-top-column elementor-element elementor-element-27167d1\" data-id=\"27167d1\" data-element_type=\"column\">\n\t\t\t<div class=\"elementor-widget-wrap\">\n\t\t\t\t\t\t\t<\/div>\n\t\t<\/div>\n\t\t\t\t\t<\/div>\n\t\t<\/section>\n\t\t\t\t<section class=\"elementor-section elementor-top-section elementor-element elementor-element-ffa5ca6 elementor-section-boxed elementor-section-height-default elementor-section-height-default\" data-id=\"ffa5ca6\" data-element_type=\"section\">\n\t\t\t\t\t\t<div class=\"elementor-container elementor-column-gap-default\">\n\t\t\t\t\t<div class=\"elementor-column elementor-col-50 elementor-top-column elementor-element elementor-element-2139116\" data-id=\"2139116\" data-element_type=\"column\">\n\t\t\t<div class=\"elementor-widget-wrap\">\n\t\t\t\t\t\t\t<\/div>\n\t\t<\/div>\n\t\t\t\t<div class=\"elementor-column elementor-col-50 elementor-top-column elementor-element elementor-element-3e52f8d\" data-id=\"3e52f8d\" data-element_type=\"column\">\n\t\t\t<div class=\"elementor-widget-wrap elementor-element-populated\">\n\t\t\t\t\t\t<div class=\"elementor-element elementor-element-8d1acb2 elementor-widget elementor-widget-heading\" data-id=\"8d1acb2\" data-element_type=\"widget\" data-widget_type=\"heading.default\">\n\t\t\t\t<div class=\"elementor-widget-container\">\n\t\t\t<h2 class=\"elementor-heading-title elementor-size-large\">VALORES<\/h2>\t\t<\/div>\n\t\t\t\t<\/div>\n\t\t\t\t\t<\/div>\n\t\t<\/div>\n\t\t\t\t\t<\/div>\n\t\t<\/section>\n\t\t\t\t<section class=\"elementor-section elementor-top-section elementor-element elementor-element-224283c elementor-section-boxed elementor-section-height-default elementor-section-height-default\" data-id=\"224283c\" data-element_type=\"section\">\n\t\t\t\t\t\t<div class=\"elementor-container elementor-column-gap-default\">\n\t\t\t\t\t<div class=\"elementor-column elementor-col-50 elementor-top-column elementor-element elementor-element-512c9d8\" data-id=\"512c9d8\" data-element_type=\"column\">\n\t\t\t<div class=\"elementor-widget-wrap\">\n\t\t\t\t\t\t\t<\/div>\n\t\t<\/div>\n\t\t\t\t<div class=\"elementor-column elementor-col-50 elementor-top-column elementor-element elementor-element-672c8ff\" data-id=\"672c8ff\" data-element_type=\"column\">\n\t\t\t<div class=\"elementor-widget-wrap elementor-element-populated\">\n\t\t\t\t\t\t<div class=\"elementor-element elementor-element-0a49dc9 elementor-view-default elementor-widget elementor-widget-icon\" data-id=\"0a49dc9\" data-element_type=\"widget\" data-widget_type=\"icon.default\">\n\t\t\t\t<div class=\"elementor-widget-container\">\n\t\t\t\t\t<div class=\"elementor-icon-wrapper\">\n\t\t\t<div class=\"elementor-icon elementor-animation-grow\">\n\t\t\t<i aria-hidden=\"true\" class=\"fas fa-book-reader\"><\/i>\t\t\t<\/div>\n\t\t<\/div>\n\t\t\t\t<\/div>\n\t\t\t\t<\/div>\n\t\t\t\t<div class=\"elementor-element elementor-element-5ec6ee4 elementor-widget elementor-widget-text-editor\" data-id=\"5ec6ee4\" data-element_type=\"widget\" data-widget_type=\"text-editor.default\">\n\t\t\t\t<div class=\"elementor-widget-container\">\n\t\t\t\t\t\t\t<p><span style=\"color: var( --e-global-color-text ); font-family: var( --e-global-typography-text-font-family ), Sans-serif; font-weight: var( --e-global-typography-text-font-weight ); font-size: 1rem;\">Apoiados na \u00e9tica, solidariedade, humanismo e profissionalismo, a Bio Cursos traz consigo a ideia de crescimento, mas sem perder a qualidade. \u00c9ticos, pois a Bio Cursos escolheu tra\u00e7ar o seu caminho desde o princ\u00edpio com o respeito ao aluno e colegas acima de todas as coisas. Solid\u00e1rios porque n\u00e3o poupamos esfor\u00e7os em trazer sempre o melhor corpo docente para compartilhar conhecimentos, pois sabemos da sede de saber, da necessidade que o mercado imp\u00f5e de busc\u00e1-lo, e da transforma\u00e7\u00e3o que este conhecimento gera. Para que o conhecimento transcenda o espa\u00e7o da sala de aula, a Bio Cursos tem participado ativamente de a\u00e7\u00f5es sociais, estendendo \u00e0 popula\u00e7\u00e3o os benef\u00edcios deste conhecimento.<\/span><\/p>\t\t\t\t\t\t<\/div>\n\t\t\t\t<\/div>\n\t\t\t\t\t<\/div>\n\t\t<\/div>\n\t\t\t\t\t<\/div>\n\t\t<\/section>\n\t\t\t\t<section class=\"elementor-section elementor-top-section elementor-element elementor-element-cc85f64 elementor-section-boxed elementor-section-height-default elementor-section-height-default\" data-id=\"cc85f64\" data-element_type=\"section\">\n\t\t\t\t\t\t<div class=\"elementor-container elementor-column-gap-default\">\n\t\t\t\t\t<div class=\"elementor-column elementor-col-100 elementor-top-column elementor-element elementor-element-34b4948\" data-id=\"34b4948\" data-element_type=\"column\">\n\t\t\t<div class=\"elementor-widget-wrap elementor-element-populated\">\n\t\t\t\t\t\t<div class=\"elementor-element elementor-element-92892bd elementor-widget elementor-widget-spacer\" data-id=\"92892bd\" data-element_type=\"widget\" data-widget_type=\"spacer.default\">\n\t\t\t\t<div class=\"elementor-widget-container\">\n\t\t\t\t\t<div class=\"elementor-spacer\">\n\t\t\t<div class=\"elementor-spacer-inner\"><\/div>\n\t\t<\/div>\n\t\t\t\t<\/div>\n\t\t\t\t<\/div>\n\t\t\t\t\t<\/div>\n\t\t<\/div>\n\t\t\t\t\t<\/div>\n\t\t<\/section>\n\t\t\t\t<section class=\"elementor-section elementor-top-section elementor-element elementor-element-a4a8d4e elementor-section-boxed elementor-section-height-default elementor-section-height-default\" data-id=\"a4a8d4e\" data-element_type=\"section\">\n\t\t\t\t\t\t<div class=\"elementor-container elementor-column-gap-default\">\n\t\t\t\t\t<div class=\"elementor-column elementor-col-100 elementor-top-column elementor-element elementor-element-bae1eaa\" data-id=\"bae1eaa\" data-element_type=\"column\">\n\t\t\t<div class=\"elementor-widget-wrap elementor-element-populated\">\n\t\t\t\t\t\t<div class=\"elementor-element elementor-element-eccabb9 elementor-widget elementor-widget-image\" data-id=\"eccabb9\" data-element_type=\"widget\" data-widget_type=\"image.default\">\n\t\t\t\t<div class=\"elementor-widget-container\">\n\t\t\t\t\t\t\t\t\t\t\t\t\t<img decoding=\"async\" width=\"800\" height=\"534\" src=\"https:\/\/portalbiocursos.com.br\/wp-content\/uploads\/2023\/01\/IMG_6702-1024x683.jpg\" class=\"attachment-large size-large wp-image-1132\" alt=\"\" srcset=\"https:\/\/portalbiocursos.com.br\/wp-content\/uploads\/2023\/01\/IMG_6702-1024x683.jpg 1024w, https:\/\/portalbiocursos.com.br\/wp-content\/uploads\/2023\/01\/IMG_6702-scaled-600x400.jpg 600w, https:\/\/portalbiocursos.com.br\/wp-content\/uploads\/2023\/01\/IMG_6702-300x200.jpg 300w, https:\/\/portalbiocursos.com.br\/wp-content\/uploads\/2023\/01\/IMG_6702-768x512.jpg 768w, https:\/\/portalbiocursos.com.br\/wp-content\/uploads\/2023\/01\/IMG_6702-1536x1024.jpg 1536w, https:\/\/portalbiocursos.com.br\/wp-content\/uploads\/2023\/01\/IMG_6702-2048x1365.jpg 2048w\" sizes=\"(max-width: 800px) 100vw, 800px\" \/>\t\t\t\t\t\t\t\t\t\t\t\t\t<\/div>\n\t\t\t\t<\/div>\n\t\t\t\t\t<\/div>\n\t\t<\/div>\n\t\t\t\t\t<\/div>\n\t\t<\/section>\n\t\t\t\t<section class=\"elementor-section elementor-top-section elementor-element elementor-element-a55111b elementor-section-boxed elementor-section-height-default elementor-section-height-default\" data-id=\"a55111b\" data-element_type=\"section\">\n\t\t\t\t\t\t<div class=\"elementor-container elementor-column-gap-default\">\n\t\t\t\t\t<div class=\"elementor-column elementor-col-100 elementor-top-column elementor-element elementor-element-531a738\" data-id=\"531a738\" data-element_type=\"column\">\n\t\t\t<div class=\"elementor-widget-wrap elementor-element-populated\">\n\t\t\t\t\t\t<div class=\"elementor-element elementor-element-d868d6d elementor-widget elementor-widget-text-editor\" data-id=\"d868d6d\" data-element_type=\"widget\" data-widget_type=\"text-editor.default\">\n\t\t\t\t<div class=\"elementor-widget-container\">\n\t\t\t\t\t\t\t<p>Ao longo dos anos, a Bio Cursos expandiu seus cursos e p\u00f3s-gradua\u00e7\u00f5es, abrangendo diversas \u00e1reas da sa\u00fade, como fisioterapia, est\u00e9tica, acupuntura, entre outras. A diversidade de especializa\u00e7\u00f5es permitiu atender \u00e0s demandas de profissionais de diferentes forma\u00e7\u00f5es, ampliando ainda mais o impacto positivo no setor de sa\u00fade regional.<\/p><p>Um dos diferenciais da Bio Cursos \u00e9 sua estrutura moderna e preparada para oferecer uma experi\u00eancia de aprendizado \u00fanica. Com investimentos constantes em tecnologia e infraestrutura, a Institui\u00e7\u00e3o proporciona aos alunos acesso ao que h\u00e1 de mais avan\u00e7ado em produtos e equipamentos de sa\u00fade e est\u00e9tica, criando um ambiente prop\u00edcio para o aprendizado pr\u00e1tico e qualificado.<\/p><p>A trajet\u00f3ria da Bio Cursos \u00e9 marcada por in\u00fameras hist\u00f3rias de sucesso de profissionais que passaram por suas salas de aula e tiveram suas carreiras impulsionadas pela capacita\u00e7\u00e3o adquirida.<\/p><p>Assim, a Bio Cursos se firma como uma refer\u00eancia no setor educacional da Regi\u00e3o Norte do Brasil, desempenhando um papel fundamental no crescimento e fortalecimento dos profissionais de sa\u00fade, e consequentemente, na melhoria da qualidade de vida da popula\u00e7\u00e3o atendida por esses profissionais.<\/p>\t\t\t\t\t\t<\/div>\n\t\t\t\t<\/div>\n\t\t\t\t\t<\/div>\n\t\t<\/div>\n\t\t\t\t\t<\/div>\n\t\t<\/section>\n\t\t\t\t<\/div>\n\t\t","protected":false},"excerpt":{"rendered":"<p>CONHE\u00c7A UM POUCO SOBRE NOSSA HIST\u00d3RIA \u00a0A Bio Cursos, institui\u00e7\u00e3o dedicada ao aprimoramento profissional na \u00e1rea de sa\u00fade, teve sua funda\u00e7\u00e3o em 13 de junho de 2008, pelos idealizadores e casal, o fisioterapeuta Andr\u00e9 Rigato e a jornalista M\u00e1rcia Rigato. Com uma vis\u00e3o clara do potencial de crescimento e a necessidade de capacita\u00e7\u00e3o de profissionais [&hellip;]<\/p>\n","protected":false},"author":1,"featured_media":0,"parent":0,"menu_order":0,"comment_status":"closed","ping_status":"closed","template":"","meta":{"footnotes":""},"class_list":["post-745","page","type-page","status-publish","hentry"],"_links":{"self":[{"href":"https:\/\/portalbiocursos.com.br\/index.php\/wp-json\/wp\/v2\/pages\/745","targetHints":{"allow":["GET"]}}],"collection":[{"href":"https:\/\/portalbiocursos.com.br\/index.php\/wp-json\/wp\/v2\/pages"}],"about":[{"href":"https:\/\/portalbiocursos.com.br\/index.php\/wp-json\/wp\/v2\/types\/page"}],"author":[{"embeddable":true,"href":"https:\/\/portalbiocursos.com.br\/index.php\/wp-json\/wp\/v2\/users\/1"}],"replies":[{"embeddable":true,"href":"https:\/\/portalbiocursos.com.br\/index.php\/wp-json\/wp\/v2\/comments?post=745"}],"version-history":[{"count":55,"href":"https:\/\/portalbiocursos.com.br\/index.php\/wp-json\/wp\/v2\/pages\/745\/revisions"}],"predecessor-version":[{"id":3843,"href":"https:\/\/portalbiocursos.com.br\/index.php\/wp-json\/wp\/v2\/pages\/745\/revisions\/3843"}],"wp:attachment":[{"href":"https:\/\/portalbiocursos.com.br\/index.php\/wp-json\/wp\/v2\/media?parent=745"}],"curies":[{"name":"wp","href":"https:\/\/api.w.org\/{rel}","templated":true}]}}