{"id":559,"date":"2022-12-22T17:10:03","date_gmt":"2022-12-22T20:10:03","guid":{"rendered":"https:\/\/portalbiocursos.com.br\/?page_id=559"},"modified":"2024-12-02T15:56:45","modified_gmt":"2024-12-02T18:56:45","slug":"cursos","status":"publish","type":"page","link":"https:\/\/portalbiocursos.com.br\/index.php\/cursos\/","title":{"rendered":"CURSOS"},"content":{"rendered":"\t\t<div data-elementor-type=\"wp-page\" data-elementor-id=\"559\" class=\"elementor elementor-559\" data-elementor-post-type=\"page\">\n\t\t\t\t\t\t<section class=\"elementor-section elementor-top-section elementor-element elementor-element-659b489 elementor-section-boxed elementor-section-height-default elementor-section-height-default\" data-id=\"659b489\" data-element_type=\"section\">\n\t\t\t\t\t\t<div class=\"elementor-container elementor-column-gap-default\">\n\t\t\t\t\t<div class=\"elementor-column elementor-col-100 elementor-top-column elementor-element elementor-element-df141d1\" data-id=\"df141d1\" data-element_type=\"column\">\n\t\t\t<div class=\"elementor-widget-wrap elementor-element-populated\">\n\t\t\t\t\t\t<div class=\"elementor-element elementor-element-3d65dcc elementor-widget elementor-widget-heading\" data-id=\"3d65dcc\" data-element_type=\"widget\" data-widget_type=\"heading.default\">\n\t\t\t\t<div class=\"elementor-widget-container\">\n\t\t\t<h2 class=\"elementor-heading-title elementor-size-default\"><h2 class=\"elementor-heading-title elementor-size-xxl elementor-inline-editing pen\" data-elementor-setting-key=\"title\" data-pen-placeholder=\"Digite aqui...\" style=\"line-height: 1;font-size: 47px;letter-spacing: normal\"><\/h2><h2 class=\"elementor-heading-title elementor-size-xxl elementor-inline-editing pen\" data-elementor-setting-key=\"title\" data-pen-placeholder=\"Digite aqui...\" style=\"line-height: 1;font-size: 47px\">CURSOS DE EXTENS\u00c3O<\/h2><\/h2>\t\t<\/div>\n\t\t\t\t<\/div>\n\t\t\t\t\t<\/div>\n\t\t<\/div>\n\t\t\t\t\t<\/div>\n\t\t<\/section>\n\t\t\t\t<section class=\"elementor-section elementor-top-section elementor-element elementor-element-92f1616 elementor-section-boxed elementor-section-height-default elementor-section-height-default\" data-id=\"92f1616\" data-element_type=\"section\">\n\t\t\t\t\t\t<div class=\"elementor-container elementor-column-gap-default\">\n\t\t\t\t\t<div class=\"elementor-column elementor-col-100 elementor-top-column elementor-element elementor-element-924cfaa\" data-id=\"924cfaa\" data-element_type=\"column\">\n\t\t\t<div class=\"elementor-widget-wrap elementor-element-populated\">\n\t\t\t\t\t\t<div class=\"elementor-element elementor-element-8a830e3 elementor-widget elementor-widget-heading\" data-id=\"8a830e3\" data-element_type=\"widget\" data-widget_type=\"heading.default\">\n\t\t\t\t<div class=\"elementor-widget-container\">\n\t\t\t<h2 class=\"elementor-heading-title elementor-size-default\">Cursos de curta dura\u00e7\u00e3o e com pre\u00e7os que cabem no seu bolso. <b>INSCREVA-SE!<\/b><\/h2>\t\t<\/div>\n\t\t\t\t<\/div>\n\t\t\t\t\t<\/div>\n\t\t<\/div>\n\t\t\t\t\t<\/div>\n\t\t<\/section>\n\t\t\t\t<section class=\"elementor-section elementor-top-section elementor-element elementor-element-3af3eb2 elementor-section-boxed elementor-section-height-default elementor-section-height-default\" data-id=\"3af3eb2\" data-element_type=\"section\">\n\t\t\t\t\t\t<div class=\"elementor-container elementor-column-gap-default\">\n\t\t\t\t\t<div class=\"elementor-column elementor-col-100 elementor-top-column elementor-element elementor-element-6790f59\" data-id=\"6790f59\" data-element_type=\"column\">\n\t\t\t<div class=\"elementor-widget-wrap elementor-element-populated\">\n\t\t\t\t\t\t<div class=\"elementor-element elementor-element-7ce6a29 elementor-align-center elementor-icon-list--layout-traditional elementor-list-item-link-full_width elementor-widget elementor-widget-icon-list\" data-id=\"7ce6a29\" data-element_type=\"widget\" data-widget_type=\"icon-list.default\">\n\t\t\t\t<div class=\"elementor-widget-container\">\n\t\t\t\t\t<ul class=\"elementor-icon-list-items\">\n\t\t\t\t\t\t\t<li class=\"elementor-icon-list-item\">\n\t\t\t\t\t\t\t\t\t\t\t<span class=\"elementor-icon-list-icon\">\n\t\t\t\t\t\t\t<i aria-hidden=\"true\" class=\"fas fa-map-marker-alt\"><\/i>\t\t\t\t\t\t<\/span>\n\t\t\t\t\t\t\t\t\t\t<span class=\"elementor-icon-list-text\">MANAUS\/AM<\/span>\n\t\t\t\t\t\t\t\t\t<\/li>\n\t\t\t\t\t\t<\/ul>\n\t\t\t\t<\/div>\n\t\t\t\t<\/div>\n\t\t\t\t\t<\/div>\n\t\t<\/div>\n\t\t\t\t\t<\/div>\n\t\t<\/section>\n\t\t\t\t<section class=\"elementor-section elementor-top-section elementor-element elementor-element-fc7cf3b elementor-section-boxed elementor-section-height-default elementor-section-height-default\" data-id=\"fc7cf3b\" data-element_type=\"section\">\n\t\t\t\t\t\t<div class=\"elementor-container elementor-column-gap-default\">\n\t\t\t\t\t<div class=\"elementor-column elementor-col-100 elementor-top-column elementor-element elementor-element-ae2d701\" data-id=\"ae2d701\" data-element_type=\"column\">\n\t\t\t<div class=\"elementor-widget-wrap elementor-element-populated\">\n\t\t\t\t\t\t<div class=\"elementor-element elementor-element-da936ae premium-woo-product-align-center premium-qv-hidden-yes elementor-widget elementor-widget-premium-woo-products\" data-id=\"da936ae\" data-element_type=\"widget\" data-widget_type=\"premium-woo-products.grid-1\">\n\t\t\t\t<div class=\"elementor-widget-container\">\n\t\t\t<div class=\"premium-woocommerce premium-woo-products-grid premium-woo-skin-grid-1 premium-woo-query-custom\" data-page-id=\"559\" data-skin=\"grid_1\" data-quick-view=\"\"><div class=\"premium-woo-products-inner\"><ul class=\"products columns-3\">\n\n<li class=\" post-12643 product first instock shipping-taxable purchasable product-type-simple\">\n\t<div class=\"premium-woo-product-wrapper\">\n\t\t<div class=\"premium-woo-product-thumbnail\"><a href=\"https:\/\/portalbiocursos.com.br\/index.php\/produto\/mini-residencia-harmonizacao-facial\/\" class=\"woocommerce-LoopProduct-link woocommerce-loop-product__link\"><img decoding=\"async\" src=\"https:\/\/portalbiocursos.com.br\/wp-content\/uploads\/2026\/02\/MANAUS-AM-2026-02-19T152424.955.png\" alt=\"\"><\/a><\/div><div class=\"premium-woo-products-details-wrap\"><a href=\"https:\/\/portalbiocursos.com.br\/index.php\/produto\/mini-residencia-harmonizacao-facial\/\" class=\"premium-woo-product__link\"><h2 class=\"woocommerce-loop-product__title\">Mini Resid\u00eancia Harmoniza\u00e7\u00e3o Facial<\/h2><\/a><\/div>\t<\/div>\n<\/li>\n\n<li class=\" post-12626 product  instock shipping-taxable purchasable product-type-simple\">\n\t<div class=\"premium-woo-product-wrapper\">\n\t\t<div class=\"premium-woo-product-thumbnail\"><a href=\"https:\/\/portalbiocursos.com.br\/index.php\/produto\/laser-e-eletroacupuntura-clinica-aplicacoes-terapeuticas-na-pratica-profissional\/\" class=\"woocommerce-LoopProduct-link woocommerce-loop-product__link\"><img decoding=\"async\" src=\"https:\/\/portalbiocursos.com.br\/wp-content\/uploads\/2026\/02\/MANAUS-AM-2026-02-19T130623.138.png\" alt=\"\"><\/a><\/div><div class=\"premium-woo-products-details-wrap\"><a href=\"https:\/\/portalbiocursos.com.br\/index.php\/produto\/laser-e-eletroacupuntura-clinica-aplicacoes-terapeuticas-na-pratica-profissional\/\" class=\"premium-woo-product__link\"><h2 class=\"woocommerce-loop-product__title\">Laser e Eletroacupuntura Cl\u00ednica \u2013 Aplica\u00e7\u00f5es Terap\u00eauticas na Pr\u00e1tica Profissional<\/h2><\/a><\/div>\t<\/div>\n<\/li>\n\n<li class=\" post-12611 product last instock shipping-taxable purchasable product-type-simple\">\n\t<div class=\"premium-woo-product-wrapper\">\n\t\t<div class=\"premium-woo-product-thumbnail\"><a href=\"https:\/\/portalbiocursos.com.br\/index.php\/produto\/atualizacao-clinica-em-acupuntura-raciocinio-tecnicas-e-pratica-profissional\/\" class=\"woocommerce-LoopProduct-link woocommerce-loop-product__link\"><img decoding=\"async\" src=\"https:\/\/portalbiocursos.com.br\/wp-content\/uploads\/2026\/02\/MANAUS-AM-2026-02-19T105427.528.png\" alt=\"\"><\/a><\/div><div class=\"premium-woo-products-details-wrap\"><a href=\"https:\/\/portalbiocursos.com.br\/index.php\/produto\/atualizacao-clinica-em-acupuntura-raciocinio-tecnicas-e-pratica-profissional\/\" class=\"premium-woo-product__link\"><h2 class=\"woocommerce-loop-product__title\">Atualiza\u00e7\u00e3o Cl\u00ednica em Acupuntura \u2013 Racioc\u00ednio, T\u00e9cnicas e Pr\u00e1tica Profissional<\/h2><\/a><\/div>\t<\/div>\n<\/li>\n\n<li class=\" post-12573 product first instock shipping-taxable purchasable product-type-simple\">\n\t<div class=\"premium-woo-product-wrapper\">\n\t\t<div class=\"premium-woo-product-thumbnail\"><a href=\"https:\/\/portalbiocursos.com.br\/index.php\/produto\/biofeedback-eletromiografico-aplicado-a-fisioterapia-pelvica\/\" class=\"woocommerce-LoopProduct-link woocommerce-loop-product__link\"><img decoding=\"async\" src=\"https:\/\/portalbiocursos.com.br\/wp-content\/uploads\/2026\/01\/MANAUS-AM-100.png\" alt=\"\"><\/a><\/div><div class=\"premium-woo-products-details-wrap\"><a href=\"https:\/\/portalbiocursos.com.br\/index.php\/produto\/biofeedback-eletromiografico-aplicado-a-fisioterapia-pelvica\/\" class=\"premium-woo-product__link\"><h2 class=\"woocommerce-loop-product__title\">Biofeedback Eletromiogr\u00e1fico Aplicado \u00e0 Fisioterapia P\u00e9lvica<\/h2><\/a><\/div>\t<\/div>\n<\/li>\n\n<li class=\" post-411 product  instock shipping-taxable purchasable product-type-simple\">\n\t<div class=\"premium-woo-product-wrapper\">\n\t\t<div class=\"premium-woo-product-thumbnail\"><a href=\"https:\/\/portalbiocursos.com.br\/index.php\/produto\/formacao-em-quiropraxia\/\" class=\"woocommerce-LoopProduct-link woocommerce-loop-product__link\"><img decoding=\"async\" src=\"https:\/\/portalbiocursos.com.br\/wp-content\/uploads\/2024\/01\/Prancheta-2-copiar-3-2.png\" alt=\"\"><\/a><\/div><div class=\"premium-woo-products-details-wrap\"><a href=\"https:\/\/portalbiocursos.com.br\/index.php\/produto\/formacao-em-quiropraxia\/\" class=\"premium-woo-product__link\"><h2 class=\"woocommerce-loop-product__title\">Quiropraxia<\/h2><\/a><\/div>\t<\/div>\n<\/li>\n\n<li class=\" post-409 product last instock shipping-taxable purchasable product-type-simple\">\n\t<div class=\"premium-woo-product-wrapper\">\n\t\t<div class=\"premium-woo-product-thumbnail\"><a href=\"https:\/\/portalbiocursos.com.br\/index.php\/produto\/formacao-em-pilates\/\" class=\"woocommerce-LoopProduct-link woocommerce-loop-product__link\"><img decoding=\"async\" src=\"https:\/\/portalbiocursos.com.br\/wp-content\/uploads\/2024\/01\/Prancheta-2-copiar-8-3.png\" alt=\"\"><\/a><\/div><div class=\"premium-woo-products-details-wrap\"><a href=\"https:\/\/portalbiocursos.com.br\/index.php\/produto\/formacao-em-pilates\/\" class=\"premium-woo-product__link\"><h2 class=\"woocommerce-loop-product__title\">Forma\u00e7\u00e3o em Pilates<\/h2><\/a><\/div>\t<\/div>\n<\/li>\n\n<li class=\" post-403 product first instock shipping-taxable purchasable product-type-simple\">\n\t<div class=\"premium-woo-product-wrapper\">\n\t\t<div class=\"premium-woo-product-thumbnail\"><a href=\"https:\/\/portalbiocursos.com.br\/index.php\/produto\/acupuntura-no-controle-da-dor\/\" class=\"woocommerce-LoopProduct-link woocommerce-loop-product__link\"><img decoding=\"async\" src=\"https:\/\/portalbiocursos.com.br\/wp-content\/uploads\/2024\/01\/Prancheta-2-copiar-6-2.png\" alt=\"\"><\/a><\/div><div class=\"premium-woo-products-details-wrap\"><a href=\"https:\/\/portalbiocursos.com.br\/index.php\/produto\/acupuntura-no-controle-da-dor\/\" class=\"premium-woo-product__link\"><h2 class=\"woocommerce-loop-product__title\">Acupuntura no Controle da Dor<\/h2><\/a><\/div>\t<\/div>\n<\/li>\n<\/ul>\n<\/div><\/div>\t\t<\/div>\n\t\t\t\t<\/div>\n\t\t\t\t\t<\/div>\n\t\t<\/div>\n\t\t\t\t\t<\/div>\n\t\t<\/section>\n\t\t\t\t<section class=\"elementor-section elementor-top-section elementor-element elementor-element-f91b669 elementor-section-boxed elementor-section-height-default elementor-section-height-default\" data-id=\"f91b669\" data-element_type=\"section\">\n\t\t\t\t\t\t<div class=\"elementor-container elementor-column-gap-default\">\n\t\t\t\t\t<div class=\"elementor-column elementor-col-100 elementor-top-column elementor-element elementor-element-f3194cb\" data-id=\"f3194cb\" data-element_type=\"column\">\n\t\t\t<div class=\"elementor-widget-wrap elementor-element-populated\">\n\t\t\t\t\t\t<div class=\"elementor-element elementor-element-fee9d59 elementor-widget elementor-widget-spacer\" data-id=\"fee9d59\" data-element_type=\"widget\" data-widget_type=\"spacer.default\">\n\t\t\t\t<div class=\"elementor-widget-container\">\n\t\t\t\t\t<div class=\"elementor-spacer\">\n\t\t\t<div class=\"elementor-spacer-inner\"><\/div>\n\t\t<\/div>\n\t\t\t\t<\/div>\n\t\t\t\t<\/div>\n\t\t\t\t\t<\/div>\n\t\t<\/div>\n\t\t\t\t\t<\/div>\n\t\t<\/section>\n\t\t\t\t<section class=\"elementor-section elementor-top-section elementor-element elementor-element-aebcbee elementor-section-boxed elementor-section-height-default elementor-section-height-default\" data-id=\"aebcbee\" data-element_type=\"section\">\n\t\t\t\t\t\t<div class=\"elementor-container elementor-column-gap-default\">\n\t\t\t\t\t<div class=\"elementor-column elementor-col-100 elementor-top-column elementor-element elementor-element-35e1097\" data-id=\"35e1097\" data-element_type=\"column\">\n\t\t\t<div class=\"elementor-widget-wrap elementor-element-populated\">\n\t\t\t\t\t\t<div class=\"elementor-element elementor-element-d114a29 elementor-widget elementor-widget-heading\" data-id=\"d114a29\" data-element_type=\"widget\" data-widget_type=\"heading.default\">\n\t\t\t\t<div class=\"elementor-widget-container\">\n\t\t\t<h2 class=\"elementor-heading-title elementor-size-default\"><h2 class=\"elementor-heading-title elementor-size-xxl elementor-inline-editing pen\" data-elementor-setting-key=\"title\" data-pen-placeholder=\"Digite aqui...\" style=\"line-height: 1;font-size: 47px;letter-spacing: normal\"><\/h2><h2 class=\"elementor-heading-title elementor-size-xxl elementor-inline-editing pen\" data-elementor-setting-key=\"title\" data-pen-placeholder=\"Digite aqui...\" style=\"line-height: 1;font-size: 47px\">CURSOS DE F\u00c9RIAS<\/h2><\/h2>\t\t<\/div>\n\t\t\t\t<\/div>\n\t\t\t\t\t<\/div>\n\t\t<\/div>\n\t\t\t\t\t<\/div>\n\t\t<\/section>\n\t\t\t\t<section class=\"elementor-section elementor-top-section elementor-element elementor-element-ae4ff0f elementor-section-boxed elementor-section-height-default elementor-section-height-default\" data-id=\"ae4ff0f\" data-element_type=\"section\">\n\t\t\t\t\t\t<div class=\"elementor-container elementor-column-gap-default\">\n\t\t\t\t\t<div class=\"elementor-column elementor-col-100 elementor-top-column elementor-element elementor-element-b6c784d\" data-id=\"b6c784d\" data-element_type=\"column\">\n\t\t\t<div class=\"elementor-widget-wrap elementor-element-populated\">\n\t\t\t\t\t\t<div class=\"elementor-element elementor-element-74ae18d elementor-widget elementor-widget-heading\" data-id=\"74ae18d\" data-element_type=\"widget\" data-widget_type=\"heading.default\">\n\t\t\t\t<div class=\"elementor-widget-container\">\n\t\t\t<h2 class=\"elementor-heading-title elementor-size-default\">Cursos de curta dura\u00e7\u00e3o e com pre\u00e7os que cabem no seu bolso. <b>INSCREVA-SE!<\/b><\/h2>\t\t<\/div>\n\t\t\t\t<\/div>\n\t\t\t\t\t<\/div>\n\t\t<\/div>\n\t\t\t\t\t<\/div>\n\t\t<\/section>\n\t\t\t\t<section class=\"elementor-section elementor-top-section elementor-element elementor-element-c10838f elementor-section-boxed elementor-section-height-default elementor-section-height-default\" data-id=\"c10838f\" data-element_type=\"section\">\n\t\t\t\t\t\t<div class=\"elementor-container elementor-column-gap-default\">\n\t\t\t\t\t<div class=\"elementor-column elementor-col-100 elementor-top-column elementor-element elementor-element-ba6eda0\" data-id=\"ba6eda0\" data-element_type=\"column\">\n\t\t\t<div class=\"elementor-widget-wrap elementor-element-populated\">\n\t\t\t\t\t\t<div class=\"elementor-element elementor-element-7faa9ca elementor-widget elementor-widget-heading\" data-id=\"7faa9ca\" data-element_type=\"widget\" data-widget_type=\"heading.default\">\n\t\t\t\t<div class=\"elementor-widget-container\">\n\t\t\t<h2 class=\"elementor-heading-title elementor-size-default\">EM BREVE<\/h2>\t\t<\/div>\n\t\t\t\t<\/div>\n\t\t\t\t\t<\/div>\n\t\t<\/div>\n\t\t\t\t\t<\/div>\n\t\t<\/section>\n\t\t\t\t<\/div>\n\t\t","protected":false},"excerpt":{"rendered":"<p>CURSOS DE EXTENS\u00c3O Cursos de curta dura\u00e7\u00e3o e com pre\u00e7os que cabem no seu bolso. INSCREVA-SE! MANAUS\/AM Curso Internacional do Conceito Mulligan Quiropraxia Forma\u00e7\u00e3o em Pilates CURSOS DE F\u00c9RIAS Cursos de curta dura\u00e7\u00e3o e com pre\u00e7os que cabem no seu bolso. INSCREVA-SE! EM BREVE<\/p>\n","protected":false},"author":1,"featured_media":0,"parent":0,"menu_order":0,"comment_status":"closed","ping_status":"closed","template":"","meta":{"footnotes":""},"class_list":["post-559","page","type-page","status-publish","hentry"],"_links":{"self":[{"href":"https:\/\/portalbiocursos.com.br\/index.php\/wp-json\/wp\/v2\/pages\/559","targetHints":{"allow":["GET"]}}],"collection":[{"href":"https:\/\/portalbiocursos.com.br\/index.php\/wp-json\/wp\/v2\/pages"}],"about":[{"href":"https:\/\/portalbiocursos.com.br\/index.php\/wp-json\/wp\/v2\/types\/page"}],"author":[{"embeddable":true,"href":"https:\/\/portalbiocursos.com.br\/index.php\/wp-json\/wp\/v2\/users\/1"}],"replies":[{"embeddable":true,"href":"https:\/\/portalbiocursos.com.br\/index.php\/wp-json\/wp\/v2\/comments?post=559"}],"version-history":[{"count":68,"href":"https:\/\/portalbiocursos.com.br\/index.php\/wp-json\/wp\/v2\/pages\/559\/revisions"}],"predecessor-version":[{"id":10201,"href":"https:\/\/portalbiocursos.com.br\/index.php\/wp-json\/wp\/v2\/pages\/559\/revisions\/10201"}],"wp:attachment":[{"href":"https:\/\/portalbiocursos.com.br\/index.php\/wp-json\/wp\/v2\/media?parent=559"}],"curies":[{"name":"wp","href":"https:\/\/api.w.org\/{rel}","templated":true}]}}